{"id":5059,"date":"2025-08-07T08:46:27","date_gmt":"2025-08-07T08:46:27","guid":{"rendered":"https:\/\/www.baihs.com\/?post_type=product&#038;p=5059"},"modified":"2025-08-07T08:46:27","modified_gmt":"2025-08-07T08:46:27","slug":"proline-promag-w-300","status":"publish","type":"product","link":"https:\/\/www.baihs.com\/pt\/product\/proline-promag-w-300\/","title":{"rendered":"Proline Promag W 300"},"content":{"rendered":"<p>Especifica\u00e7\u00f5es em resumo<\/p>\n<p>Erro m\u00e1ximo de medi\u00e7\u00e3o<\/p>\n<p>Fluxo de volume (padr\u00e3o): \u00b10,5 % o.r. \u00b1 1 mm\/s (0,04 in\/s)<br \/>\nFluxo de volume (op\u00e7\u00e3o): \u00b10,2 % o.r. \u00b1 2 mm\/s (0,08 in\/s), Especifica\u00e7\u00e3o plana<\/p>\n<p>&nbsp;<\/p>\n<p>Gama de medi\u00e7\u00e3o<\/p>\n<p>0,5 m3\/h a 263000 m3\/h (2,5gal\/min a 1665 Mgal\/d)<\/p>\n<p>&nbsp;<\/p>\n<p>Gama de temperaturas m\u00e9dias<\/p>\n<p>Material do revestimento de borracha dura: 0 a +80 \u00b0C (+32 a +176 \u00b0F)<br \/>\nMaterial do revestimento em poliuretano: -20 a +50 \u00b0C (-4 a +122 \u00b0F)<br \/>\nMaterial do revestimento PTFE: -20 a +90 \u00b0C (-4 a +194 \u00b0F)<\/p>\n<p>&nbsp;<\/p>\n<p>Press\u00e3o m\u00e1xima do processo<\/p>\n<p>PN 40, Classe 300, 20K<\/p>\n<p>&nbsp;<\/p>\n<p>Materiais h\u00famidos<\/p>\n<p>Revestimento: Poliuretano; borracha dura, PTFE<br \/>\nEl\u00e9ctrodos: 1.4435 (316L); Liga C22, 2.4602 (UNS N06022); T\u00e2ntalo<\/p>\n<p>&nbsp;<\/p>\n<p><a href=\"https:\/\/www.endress.com\/en\/field-instruments-overview\/flow-measurement-product-overview\/electromagnetic-flowmeter-promag-w300-5w3b?t.tabId=product-overview\">Ver todas as especifica\u00e7\u00f5es<\/a><\/p>\n<p>Dom\u00ednio de aplica\u00e7\u00e3o<\/p>\n<p>O dispositivo premium para medi\u00e7\u00e3o de \u00e1gua e \u00e1guas residuais Promag W 300 foi concebido para uma utiliza\u00e7\u00e3o fi\u00e1vel em \u00e1reas perigosas e em condi\u00e7\u00f5es adversas. O seu transmissor compacto oferece uma elevada flexibilidade em termos de funcionamento e integra\u00e7\u00e3o de sistemas: acesso por um lado, ecr\u00e3 remoto e op\u00e7\u00f5es de conetividade melhoradas. A tecnologia Heartbeat permite a fiabilidade da medi\u00e7\u00e3o e a verifica\u00e7\u00e3o da conformidade.<\/p>\n<p>&nbsp;<\/p>\n<p>O princ\u00edpio de medi\u00e7\u00e3o bidirecional \u00e9 praticamente independente da press\u00e3o, densidade, temperatura e viscosidade<\/p>\n<p>Dedicado \u00e0 medi\u00e7\u00e3o de \u00e1gua e \u00e1guas residuais industriais ou municipais<\/p>\n<p>Propriedades do dispositivo<\/p>\n<p>Aprova\u00e7\u00f5es internacionais de \u00e1gua pot\u00e1vel<\/p>\n<p>Grau de prote\u00e7\u00e3o IP68 (caixa tipo 6P)<\/p>\n<p>Aprovado para transfer\u00eancia de cust\u00f3dia para MI-001\/OIML R49<\/p>\n<p>Caixa compacta de compartimento duplo com at\u00e9 3 E\/S<\/p>\n<p>Ecr\u00e3 retroiluminado com controlo t\u00e1til e acesso WLAN<\/p>\n<p>Ecr\u00e3 remoto dispon\u00edvel<\/p>","protected":false},"excerpt":{"rendered":"<ul>\n<li>Proline Promag W 300<br \/>\nMedidor de caudal electromagn\u00e9ticoEspecialista em aplica\u00e7\u00f5es exigentes de \u00e1gua e \u00e1guas residuais com um transmissor compacto e de f\u00e1cil acesso<\/li>\n<\/ul>","protected":false},"featured_media":5060,"template":"","meta":[],"product_cat":[114,15],"product_tag":[],"product_brand":[],"class_list":["post-5059","product","type-product","status-publish","has-post-thumbnail","hentry","product_cat-flow-instruments","product_cat-endresshauser"],"yoast_head":"<!-- This site is optimized with the Yoast SEO plugin v24.9 - https:\/\/yoast.com\/wordpress\/plugins\/seo\/ -->\n<title>Proline Promag W 300 - Flow, level, liquid analysis, optical analysis, pressure, temperature measurement, software and system products<\/title>\n<meta name=\"robots\" content=\"index, follow, max-snippet:-1, max-image-preview:large, max-video-preview:-1\" \/>\n<link rel=\"canonical\" href=\"https:\/\/www.baihs.com\/pt\/produto\/proline-promag-w-300\/\" \/>\n<meta property=\"og:locale\" content=\"pt_PT\" \/>\n<meta property=\"og:type\" content=\"article\" \/>\n<meta property=\"og:title\" content=\"Proline Promag W 300 - Flow, level, liquid analysis, optical analysis, pressure, temperature measurement, software and system products\" \/>\n<meta property=\"og:description\" content=\"Proline Promag W 300 electromagnetic flowmeterSpecialist for demanding water and wastewater applications with a compact, easily accessible transmitter\" \/>\n<meta property=\"og:url\" content=\"https:\/\/www.baihs.com\/pt\/produto\/proline-promag-w-300\/\" \/>\n<meta property=\"og:site_name\" content=\"Flow, level, liquid analysis, optical analysis, pressure, temperature measurement, software and system products\" \/>\n<meta property=\"og:image\" content=\"https:\/\/www.baihs.com\/wp-content\/uploads\/2025\/08\/Proline-Promag-W-300-5W3B-with-flange-connections-for-the-water-wastewater-industry-PP01.jpg\" \/>\n\t<meta property=\"og:image:width\" content=\"240\" \/>\n\t<meta property=\"og:image:height\" content=\"321\" \/>\n\t<meta property=\"og:image:type\" content=\"image\/jpeg\" \/>\n<meta name=\"twitter:card\" content=\"summary_large_image\" \/>\n<meta name=\"twitter:label1\" content=\"Tempo estimado de leitura\" \/>\n\t<meta name=\"twitter:data1\" content=\"2 minutos\" \/>\n<script type=\"application\/ld+json\" class=\"yoast-schema-graph\">{\"@context\":\"https:\/\/schema.org\",\"@graph\":[{\"@type\":\"WebPage\",\"@id\":\"https:\/\/www.baihs.com\/product\/proline-promag-w-300\/\",\"url\":\"https:\/\/www.baihs.com\/product\/proline-promag-w-300\/\",\"name\":\"Proline Promag W 300 - Flow, level, liquid analysis, optical analysis, pressure, temperature measurement, software and system products\",\"isPartOf\":{\"@id\":\"https:\/\/www.baihs.com\/#website\"},\"primaryImageOfPage\":{\"@id\":\"https:\/\/www.baihs.com\/product\/proline-promag-w-300\/#primaryimage\"},\"image\":{\"@id\":\"https:\/\/www.baihs.com\/product\/proline-promag-w-300\/#primaryimage\"},\"thumbnailUrl\":\"https:\/\/www.baihs.com\/wp-content\/uploads\/2025\/08\/Proline-Promag-W-300-5W3B-with-flange-connections-for-the-water-wastewater-industry-PP01.jpg\",\"datePublished\":\"2025-08-07T08:46:27+00:00\",\"breadcrumb\":{\"@id\":\"https:\/\/www.baihs.com\/product\/proline-promag-w-300\/#breadcrumb\"},\"inLanguage\":\"pt-PT\",\"potentialAction\":[{\"@type\":\"ReadAction\",\"target\":[\"https:\/\/www.baihs.com\/product\/proline-promag-w-300\/\"]}]},{\"@type\":\"ImageObject\",\"inLanguage\":\"pt-PT\",\"@id\":\"https:\/\/www.baihs.com\/product\/proline-promag-w-300\/#primaryimage\",\"url\":\"https:\/\/www.baihs.com\/wp-content\/uploads\/2025\/08\/Proline-Promag-W-300-5W3B-with-flange-connections-for-the-water-wastewater-industry-PP01.jpg\",\"contentUrl\":\"https:\/\/www.baihs.com\/wp-content\/uploads\/2025\/08\/Proline-Promag-W-300-5W3B-with-flange-connections-for-the-water-wastewater-industry-PP01.jpg\",\"width\":240,\"height\":321},{\"@type\":\"BreadcrumbList\",\"@id\":\"https:\/\/www.baihs.com\/product\/proline-promag-w-300\/#breadcrumb\",\"itemListElement\":[{\"@type\":\"ListItem\",\"position\":1,\"name\":\"\u9996\u9875\",\"item\":\"https:\/\/www.baihs.com\/\"},{\"@type\":\"ListItem\",\"position\":2,\"name\":\"Product\",\"item\":\"https:\/\/www.baihs.com\/product\/\"},{\"@type\":\"ListItem\",\"position\":3,\"name\":\"Proline Promag W 300\"}]},{\"@type\":\"WebSite\",\"@id\":\"https:\/\/www.baihs.com\/#website\",\"url\":\"https:\/\/www.baihs.com\/\",\"name\":\"Endress+Hauser,PLC China supplier - Shenzhen Kolai Automation Technology Co., Ltd.\",\"description\":\"People for Process Automation offer you solutions and products in flow, level, liquid analysis, optical analysis, pressure, temperature measurement, software and system products\",\"publisher\":{\"@id\":\"https:\/\/www.baihs.com\/#organization\"},\"alternateName\":\"Endress+Hauser pH electrode,pressure transmitter,level meter,Allen Bradley,ABB,Siemens,Eaton,wika\",\"potentialAction\":[{\"@type\":\"SearchAction\",\"target\":{\"@type\":\"EntryPoint\",\"urlTemplate\":\"https:\/\/www.baihs.com\/?s={search_term_string}\"},\"query-input\":{\"@type\":\"PropertyValueSpecification\",\"valueRequired\":true,\"valueName\":\"search_term_string\"}}],\"inLanguage\":\"pt-PT\"},{\"@type\":\"Organization\",\"@id\":\"https:\/\/www.baihs.com\/#organization\",\"name\":\"CONLLY\",\"url\":\"https:\/\/www.baihs.com\/\",\"logo\":{\"@type\":\"ImageObject\",\"inLanguage\":\"pt-PT\",\"@id\":\"https:\/\/www.baihs.com\/#\/schema\/logo\/image\/\",\"url\":\"https:\/\/www.baihs.com\/wp-content\/uploads\/2025\/04\/20250427194648.jpg\",\"contentUrl\":\"https:\/\/www.baihs.com\/wp-content\/uploads\/2025\/04\/20250427194648.jpg\",\"width\":744,\"height\":157,\"caption\":\"CONLLY\"},\"image\":{\"@id\":\"https:\/\/www.baihs.com\/#\/schema\/logo\/image\/\"}}]}<\/script>\n<!-- \/ Yoast SEO plugin. -->","yoast_head_json":{"title":"Proline Promag W 300 - Flow, level, liquid analysis, optical analysis, pressure, temperature measurement, software and system products","robots":{"index":"index","follow":"follow","max-snippet":"max-snippet:-1","max-image-preview":"max-image-preview:large","max-video-preview":"max-video-preview:-1"},"canonical":"https:\/\/www.baihs.com\/pt\/produto\/proline-promag-w-300\/","og_locale":"pt_PT","og_type":"article","og_title":"Proline Promag W 300 - Flow, level, liquid analysis, optical analysis, pressure, temperature measurement, software and system products","og_description":"Proline Promag W 300 electromagnetic flowmeterSpecialist for demanding water and wastewater applications with a compact, easily accessible transmitter","og_url":"https:\/\/www.baihs.com\/pt\/produto\/proline-promag-w-300\/","og_site_name":"Flow, level, liquid analysis, optical analysis, pressure, temperature measurement, software and system products","og_image":[{"width":240,"height":321,"url":"https:\/\/www.baihs.com\/wp-content\/uploads\/2025\/08\/Proline-Promag-W-300-5W3B-with-flange-connections-for-the-water-wastewater-industry-PP01.jpg","type":"image\/jpeg"}],"twitter_card":"summary_large_image","twitter_misc":{"Tempo estimado de leitura":"2 minutos"},"schema":{"@context":"https:\/\/schema.org","@graph":[{"@type":"WebPage","@id":"https:\/\/www.baihs.com\/product\/proline-promag-w-300\/","url":"https:\/\/www.baihs.com\/product\/proline-promag-w-300\/","name":"Proline Promag W 300 - Flow, level, liquid analysis, optical analysis, pressure, temperature measurement, software and system products","isPartOf":{"@id":"https:\/\/www.baihs.com\/#website"},"primaryImageOfPage":{"@id":"https:\/\/www.baihs.com\/product\/proline-promag-w-300\/#primaryimage"},"image":{"@id":"https:\/\/www.baihs.com\/product\/proline-promag-w-300\/#primaryimage"},"thumbnailUrl":"https:\/\/www.baihs.com\/wp-content\/uploads\/2025\/08\/Proline-Promag-W-300-5W3B-with-flange-connections-for-the-water-wastewater-industry-PP01.jpg","datePublished":"2025-08-07T08:46:27+00:00","breadcrumb":{"@id":"https:\/\/www.baihs.com\/product\/proline-promag-w-300\/#breadcrumb"},"inLanguage":"pt-PT","potentialAction":[{"@type":"ReadAction","target":["https:\/\/www.baihs.com\/product\/proline-promag-w-300\/"]}]},{"@type":"ImageObject","inLanguage":"pt-PT","@id":"https:\/\/www.baihs.com\/product\/proline-promag-w-300\/#primaryimage","url":"https:\/\/www.baihs.com\/wp-content\/uploads\/2025\/08\/Proline-Promag-W-300-5W3B-with-flange-connections-for-the-water-wastewater-industry-PP01.jpg","contentUrl":"https:\/\/www.baihs.com\/wp-content\/uploads\/2025\/08\/Proline-Promag-W-300-5W3B-with-flange-connections-for-the-water-wastewater-industry-PP01.jpg","width":240,"height":321},{"@type":"BreadcrumbList","@id":"https:\/\/www.baihs.com\/product\/proline-promag-w-300\/#breadcrumb","itemListElement":[{"@type":"ListItem","position":1,"name":"\u9996\u9875","item":"https:\/\/www.baihs.com\/"},{"@type":"ListItem","position":2,"name":"Product","item":"https:\/\/www.baihs.com\/product\/"},{"@type":"ListItem","position":3,"name":"Proline Promag W 300"}]},{"@type":"WebSite","@id":"https:\/\/www.baihs.com\/#website","url":"https:\/\/www.baihs.com\/","name":"Endress+Hauser,PLC China supplier - Shenzhen Kolai Automation Technology Co., Ltd.","description":"People for Process Automation offer you solutions and products in flow, level, liquid analysis, optical analysis, pressure, temperature measurement, software and system products","publisher":{"@id":"https:\/\/www.baihs.com\/#organization"},"alternateName":"Endress+Hauser pH electrode,pressure transmitter,level meter,Allen Bradley,ABB,Siemens,Eaton,wika","potentialAction":[{"@type":"SearchAction","target":{"@type":"EntryPoint","urlTemplate":"https:\/\/www.baihs.com\/?s={search_term_string}"},"query-input":{"@type":"PropertyValueSpecification","valueRequired":true,"valueName":"search_term_string"}}],"inLanguage":"pt-PT"},{"@type":"Organization","@id":"https:\/\/www.baihs.com\/#organization","name":"CONLLY","url":"https:\/\/www.baihs.com\/","logo":{"@type":"ImageObject","inLanguage":"pt-PT","@id":"https:\/\/www.baihs.com\/#\/schema\/logo\/image\/","url":"https:\/\/www.baihs.com\/wp-content\/uploads\/2025\/04\/20250427194648.jpg","contentUrl":"https:\/\/www.baihs.com\/wp-content\/uploads\/2025\/04\/20250427194648.jpg","width":744,"height":157,"caption":"CONLLY"},"image":{"@id":"https:\/\/www.baihs.com\/#\/schema\/logo\/image\/"}}]}},"_links":{"self":[{"href":"https:\/\/www.baihs.com\/pt\/wp-json\/wp\/v2\/product\/5059","targetHints":{"allow":["GET"]}}],"collection":[{"href":"https:\/\/www.baihs.com\/pt\/wp-json\/wp\/v2\/product"}],"about":[{"href":"https:\/\/www.baihs.com\/pt\/wp-json\/wp\/v2\/types\/product"}],"wp:featuredmedia":[{"embeddable":true,"href":"https:\/\/www.baihs.com\/pt\/wp-json\/wp\/v2\/media\/5060"}],"wp:attachment":[{"href":"https:\/\/www.baihs.com\/pt\/wp-json\/wp\/v2\/media?parent=5059"}],"wp:term":[{"taxonomy":"product_cat","embeddable":true,"href":"https:\/\/www.baihs.com\/pt\/wp-json\/wp\/v2\/product_cat?post=5059"},{"taxonomy":"product_tag","embeddable":true,"href":"https:\/\/www.baihs.com\/pt\/wp-json\/wp\/v2\/product_tag?post=5059"},{"taxonomy":"product_brand","embeddable":true,"href":"https:\/\/www.baihs.com\/pt\/wp-json\/wp\/v2\/product_brand?post=5059"}],"curies":[{"name":"wp","href":"https:\/\/api.w.org\/{rel}","templated":true}]}}