{"id":4847,"date":"2025-04-23T14:07:12","date_gmt":"2025-04-23T14:07:12","guid":{"rendered":"http:\/\/www.baihs.com\/?post_type=product&#038;p=4847"},"modified":"2025-04-23T14:07:13","modified_gmt":"2025-04-23T14:07:13","slug":"micropilot-fmr43","status":"publish","type":"product","link":"https:\/\/www.baihs.com\/pt\/product\/micropilot-fmr43\/","title":{"rendered":"Micropiloto FMR43"},"content":{"rendered":"<p>Micropilot FMR43 - sensor de radar para processos higi\u00e9nicos Sensor de alto desempenho, especialmente compacto e perfeito para aplica\u00e7\u00f5es de n\u00edvel que mudam rapidamente<\/p>","protected":false},"excerpt":{"rendered":"<p>Dom\u00ednio de aplica\u00e7\u00e3o<br \/>\nO Micropilot FMR43 \u00e9 um sensor de radar de espa\u00e7o livre para medi\u00e7\u00e3o cont\u00ednua de n\u00edvel sem contacto e faz parte da Linha Compacta. A linha de produtos foi especialmente desenvolvida para aplica\u00e7\u00f5es higi\u00e9nicas e combina um design compacto com um desempenho total. O dispositivo assegura uma medi\u00e7\u00e3o fi\u00e1vel mesmo em condi\u00e7\u00f5es de processo turbulentas ou em r\u00e1pida mudan\u00e7a. Para al\u00e9m da tecnologia comprovada de 80 GHz, uma op\u00e7\u00e3o de frequ\u00eancia de 180 GHz garante a utiliza\u00e7\u00e3o mesmo em tanques de processo particularmente pequenos.<\/p>\n<p>O Micropilot FMR43 destina-se a aplica\u00e7\u00f5es em espa\u00e7o livre at\u00e9 15 m (49 p\u00e9s) e oferece uma op\u00e7\u00e3o de sensor adicional de 180 GHz para pequenas embarca\u00e7\u00f5es.<\/p>\n<p>O Micropilot FMR43 \u00e9 adequado para uma vasta gama de aplica\u00e7\u00f5es higi\u00e9nicas:<\/p>\n<p>Aplica\u00e7\u00f5es de mistura de meios viscosos e pouco condutores<\/p>\n<p>Aplica\u00e7\u00f5es de enchimento de meios viscosos<\/p>\n<p>Armazenamento de fluidos pouco condutores<\/p>\n<p>Medi\u00e7\u00e3o de n\u00edvel em tanques com densidade de meio vari\u00e1vel<\/p>","protected":false},"featured_media":4849,"template":"","meta":[],"product_cat":[112],"product_tag":[],"product_brand":[],"class_list":["post-4847","product","type-product","status-publish","has-post-thumbnail","hentry","product_cat-pressure-instruments"],"yoast_head":"<!-- This site is optimized with the Yoast SEO plugin v24.9 - https:\/\/yoast.com\/wordpress\/plugins\/seo\/ -->\n<title>Micropilot FMR43 - Flow, level, liquid analysis, optical analysis, pressure, temperature measurement, software and system products<\/title>\n<meta name=\"robots\" content=\"index, follow, max-snippet:-1, max-image-preview:large, max-video-preview:-1\" \/>\n<link rel=\"canonical\" href=\"https:\/\/www.baihs.com\/pt\/produto\/micropilot-fmr43\/\" \/>\n<meta property=\"og:locale\" content=\"pt_PT\" \/>\n<meta property=\"og:type\" content=\"article\" \/>\n<meta property=\"og:title\" content=\"Micropilot FMR43 - Flow, level, liquid analysis, optical analysis, pressure, temperature measurement, software and system products\" \/>\n<meta property=\"og:description\" content=\"Field of application The Micropilot FMR43 is a free space radar sensor for continuous non-contact level measurement and part of the Compact Line. The product line is especially developed for hygienic applications and combines a compact design with full performance. The device ensures reliable measurement even under rapidly changing or turbulent process conditions. In addition to the proven 80 GHz technology, a 180 GHz frequency option ensures the use even in particularly small process tanks.  Micropilot FMR43 is for free space applications up to 15 m (49 ft) and offers an additional 180 GHz sensor option for small vessels.  The Micropilot FMR43 is suitable for a wide range of hygienic applications:  Mixing applications of viscous and low conductive media  Filling applications of viscous media  Storage of low conductive fluids  Level measurement in tanks with changing media density\" \/>\n<meta property=\"og:url\" content=\"https:\/\/www.baihs.com\/pt\/produto\/micropilot-fmr43\/\" \/>\n<meta property=\"og:site_name\" content=\"Flow, level, liquid analysis, optical analysis, pressure, temperature measurement, software and system products\" \/>\n<meta property=\"article:modified_time\" content=\"2025-04-23T14:07:13+00:00\" \/>\n<meta property=\"og:image\" content=\"https:\/\/www.baihs.com\/wp-content\/uploads\/2025\/04\/Micropilot_FMR43_PP_07.jpg\" \/>\n\t<meta property=\"og:image:width\" content=\"240\" \/>\n\t<meta property=\"og:image:height\" content=\"321\" \/>\n\t<meta property=\"og:image:type\" content=\"image\/jpeg\" \/>\n<meta name=\"twitter:card\" content=\"summary_large_image\" \/>\n<script type=\"application\/ld+json\" class=\"yoast-schema-graph\">{\"@context\":\"https:\/\/schema.org\",\"@graph\":[{\"@type\":\"WebPage\",\"@id\":\"https:\/\/www.baihs.com\/product\/micropilot-fmr43\/\",\"url\":\"https:\/\/www.baihs.com\/product\/micropilot-fmr43\/\",\"name\":\"Micropilot FMR43 - Flow, level, liquid analysis, optical analysis, pressure, temperature measurement, software and system products\",\"isPartOf\":{\"@id\":\"https:\/\/www.baihs.com\/#website\"},\"primaryImageOfPage\":{\"@id\":\"https:\/\/www.baihs.com\/product\/micropilot-fmr43\/#primaryimage\"},\"image\":{\"@id\":\"https:\/\/www.baihs.com\/product\/micropilot-fmr43\/#primaryimage\"},\"thumbnailUrl\":\"https:\/\/www.baihs.com\/wp-content\/uploads\/2025\/04\/Micropilot_FMR43_PP_07.jpg\",\"datePublished\":\"2025-04-23T14:07:12+00:00\",\"dateModified\":\"2025-04-23T14:07:13+00:00\",\"breadcrumb\":{\"@id\":\"https:\/\/www.baihs.com\/product\/micropilot-fmr43\/#breadcrumb\"},\"inLanguage\":\"pt-PT\",\"potentialAction\":[{\"@type\":\"ReadAction\",\"target\":[\"https:\/\/www.baihs.com\/product\/micropilot-fmr43\/\"]}]},{\"@type\":\"ImageObject\",\"inLanguage\":\"pt-PT\",\"@id\":\"https:\/\/www.baihs.com\/product\/micropilot-fmr43\/#primaryimage\",\"url\":\"https:\/\/www.baihs.com\/wp-content\/uploads\/2025\/04\/Micropilot_FMR43_PP_07.jpg\",\"contentUrl\":\"https:\/\/www.baihs.com\/wp-content\/uploads\/2025\/04\/Micropilot_FMR43_PP_07.jpg\",\"width\":240,\"height\":321},{\"@type\":\"BreadcrumbList\",\"@id\":\"https:\/\/www.baihs.com\/product\/micropilot-fmr43\/#breadcrumb\",\"itemListElement\":[{\"@type\":\"ListItem\",\"position\":1,\"name\":\"\u9996\u9875\",\"item\":\"https:\/\/www.baihs.com\/\"},{\"@type\":\"ListItem\",\"position\":2,\"name\":\"Product\",\"item\":\"https:\/\/www.baihs.com\/product\/\"},{\"@type\":\"ListItem\",\"position\":3,\"name\":\"Micropilot FMR43\"}]},{\"@type\":\"WebSite\",\"@id\":\"https:\/\/www.baihs.com\/#website\",\"url\":\"https:\/\/www.baihs.com\/\",\"name\":\"Endress+Hauser,PLC China supplier - Shenzhen Kolai Automation Technology Co., Ltd.\",\"description\":\"People for Process Automation offer you solutions and products in flow, level, liquid analysis, optical analysis, pressure, temperature measurement, software and system products\",\"publisher\":{\"@id\":\"https:\/\/www.baihs.com\/#organization\"},\"alternateName\":\"Endress+Hauser pH electrode,pressure transmitter,level meter,Allen Bradley,ABB,Siemens,Eaton,wika\",\"potentialAction\":[{\"@type\":\"SearchAction\",\"target\":{\"@type\":\"EntryPoint\",\"urlTemplate\":\"https:\/\/www.baihs.com\/?s={search_term_string}\"},\"query-input\":{\"@type\":\"PropertyValueSpecification\",\"valueRequired\":true,\"valueName\":\"search_term_string\"}}],\"inLanguage\":\"pt-PT\"},{\"@type\":\"Organization\",\"@id\":\"https:\/\/www.baihs.com\/#organization\",\"name\":\"CONLLY\",\"url\":\"https:\/\/www.baihs.com\/\",\"logo\":{\"@type\":\"ImageObject\",\"inLanguage\":\"pt-PT\",\"@id\":\"https:\/\/www.baihs.com\/#\/schema\/logo\/image\/\",\"url\":\"https:\/\/www.baihs.com\/wp-content\/uploads\/2025\/04\/20250427194648.jpg\",\"contentUrl\":\"https:\/\/www.baihs.com\/wp-content\/uploads\/2025\/04\/20250427194648.jpg\",\"width\":744,\"height\":157,\"caption\":\"CONLLY\"},\"image\":{\"@id\":\"https:\/\/www.baihs.com\/#\/schema\/logo\/image\/\"}}]}<\/script>\n<!-- \/ Yoast SEO plugin. -->","yoast_head_json":{"title":"Micropilot FMR43 - Flow, level, liquid analysis, optical analysis, pressure, temperature measurement, software and system products","robots":{"index":"index","follow":"follow","max-snippet":"max-snippet:-1","max-image-preview":"max-image-preview:large","max-video-preview":"max-video-preview:-1"},"canonical":"https:\/\/www.baihs.com\/pt\/produto\/micropilot-fmr43\/","og_locale":"pt_PT","og_type":"article","og_title":"Micropilot FMR43 - Flow, level, liquid analysis, optical analysis, pressure, temperature measurement, software and system products","og_description":"Field of application The Micropilot FMR43 is a free space radar sensor for continuous non-contact level measurement and part of the Compact Line. The product line is especially developed for hygienic applications and combines a compact design with full performance. The device ensures reliable measurement even under rapidly changing or turbulent process conditions. In addition to the proven 80 GHz technology, a 180 GHz frequency option ensures the use even in particularly small process tanks.  Micropilot FMR43 is for free space applications up to 15 m (49 ft) and offers an additional 180 GHz sensor option for small vessels.  The Micropilot FMR43 is suitable for a wide range of hygienic applications:  Mixing applications of viscous and low conductive media  Filling applications of viscous media  Storage of low conductive fluids  Level measurement in tanks with changing media density","og_url":"https:\/\/www.baihs.com\/pt\/produto\/micropilot-fmr43\/","og_site_name":"Flow, level, liquid analysis, optical analysis, pressure, temperature measurement, software and system products","article_modified_time":"2025-04-23T14:07:13+00:00","og_image":[{"width":240,"height":321,"url":"https:\/\/www.baihs.com\/wp-content\/uploads\/2025\/04\/Micropilot_FMR43_PP_07.jpg","type":"image\/jpeg"}],"twitter_card":"summary_large_image","schema":{"@context":"https:\/\/schema.org","@graph":[{"@type":"WebPage","@id":"https:\/\/www.baihs.com\/product\/micropilot-fmr43\/","url":"https:\/\/www.baihs.com\/product\/micropilot-fmr43\/","name":"Micropilot FMR43 - Flow, level, liquid analysis, optical analysis, pressure, temperature measurement, software and system products","isPartOf":{"@id":"https:\/\/www.baihs.com\/#website"},"primaryImageOfPage":{"@id":"https:\/\/www.baihs.com\/product\/micropilot-fmr43\/#primaryimage"},"image":{"@id":"https:\/\/www.baihs.com\/product\/micropilot-fmr43\/#primaryimage"},"thumbnailUrl":"https:\/\/www.baihs.com\/wp-content\/uploads\/2025\/04\/Micropilot_FMR43_PP_07.jpg","datePublished":"2025-04-23T14:07:12+00:00","dateModified":"2025-04-23T14:07:13+00:00","breadcrumb":{"@id":"https:\/\/www.baihs.com\/product\/micropilot-fmr43\/#breadcrumb"},"inLanguage":"pt-PT","potentialAction":[{"@type":"ReadAction","target":["https:\/\/www.baihs.com\/product\/micropilot-fmr43\/"]}]},{"@type":"ImageObject","inLanguage":"pt-PT","@id":"https:\/\/www.baihs.com\/product\/micropilot-fmr43\/#primaryimage","url":"https:\/\/www.baihs.com\/wp-content\/uploads\/2025\/04\/Micropilot_FMR43_PP_07.jpg","contentUrl":"https:\/\/www.baihs.com\/wp-content\/uploads\/2025\/04\/Micropilot_FMR43_PP_07.jpg","width":240,"height":321},{"@type":"BreadcrumbList","@id":"https:\/\/www.baihs.com\/product\/micropilot-fmr43\/#breadcrumb","itemListElement":[{"@type":"ListItem","position":1,"name":"\u9996\u9875","item":"https:\/\/www.baihs.com\/"},{"@type":"ListItem","position":2,"name":"Product","item":"https:\/\/www.baihs.com\/product\/"},{"@type":"ListItem","position":3,"name":"Micropilot FMR43"}]},{"@type":"WebSite","@id":"https:\/\/www.baihs.com\/#website","url":"https:\/\/www.baihs.com\/","name":"Endress+Hauser,PLC China supplier - Shenzhen Kolai Automation Technology Co., Ltd.","description":"People for Process Automation offer you solutions and products in flow, level, liquid analysis, optical analysis, pressure, temperature measurement, software and system products","publisher":{"@id":"https:\/\/www.baihs.com\/#organization"},"alternateName":"Endress+Hauser pH electrode,pressure transmitter,level meter,Allen Bradley,ABB,Siemens,Eaton,wika","potentialAction":[{"@type":"SearchAction","target":{"@type":"EntryPoint","urlTemplate":"https:\/\/www.baihs.com\/?s={search_term_string}"},"query-input":{"@type":"PropertyValueSpecification","valueRequired":true,"valueName":"search_term_string"}}],"inLanguage":"pt-PT"},{"@type":"Organization","@id":"https:\/\/www.baihs.com\/#organization","name":"CONLLY","url":"https:\/\/www.baihs.com\/","logo":{"@type":"ImageObject","inLanguage":"pt-PT","@id":"https:\/\/www.baihs.com\/#\/schema\/logo\/image\/","url":"https:\/\/www.baihs.com\/wp-content\/uploads\/2025\/04\/20250427194648.jpg","contentUrl":"https:\/\/www.baihs.com\/wp-content\/uploads\/2025\/04\/20250427194648.jpg","width":744,"height":157,"caption":"CONLLY"},"image":{"@id":"https:\/\/www.baihs.com\/#\/schema\/logo\/image\/"}}]}},"_links":{"self":[{"href":"https:\/\/www.baihs.com\/pt\/wp-json\/wp\/v2\/product\/4847","targetHints":{"allow":["GET"]}}],"collection":[{"href":"https:\/\/www.baihs.com\/pt\/wp-json\/wp\/v2\/product"}],"about":[{"href":"https:\/\/www.baihs.com\/pt\/wp-json\/wp\/v2\/types\/product"}],"wp:featuredmedia":[{"embeddable":true,"href":"https:\/\/www.baihs.com\/pt\/wp-json\/wp\/v2\/media\/4849"}],"wp:attachment":[{"href":"https:\/\/www.baihs.com\/pt\/wp-json\/wp\/v2\/media?parent=4847"}],"wp:term":[{"taxonomy":"product_cat","embeddable":true,"href":"https:\/\/www.baihs.com\/pt\/wp-json\/wp\/v2\/product_cat?post=4847"},{"taxonomy":"product_tag","embeddable":true,"href":"https:\/\/www.baihs.com\/pt\/wp-json\/wp\/v2\/product_tag?post=4847"},{"taxonomy":"product_brand","embeddable":true,"href":"https:\/\/www.baihs.com\/pt\/wp-json\/wp\/v2\/product_brand?post=4847"}],"curies":[{"name":"wp","href":"https:\/\/api.w.org\/{rel}","templated":true}]}}