{"id":4798,"date":"2025-04-23T07:45:17","date_gmt":"2025-04-23T07:45:17","guid":{"rendered":"http:\/\/www.baihs.com\/?post_type=product&#038;p=4798"},"modified":"2025-05-20T13:08:49","modified_gmt":"2025-05-20T13:08:49","slug":"cps11e-aa7baa2","status":"publish","type":"product","link":"https:\/\/www.baihs.com\/pt\/product\/cps11e-aa7baa2\/","title":{"rendered":"Sensor digital de pH Memosens CPS11E"},"content":{"rendered":"<ul>\n<li>\n<h3 class=\"eh-headline-03 eh-p-b eh-m-t-xxlg\">Dom\u00ednio de aplica\u00e7\u00e3o<\/h3>\n<p class=\"eh-p-v\">O Memosens CPS11E \u00e9 o equipamento digital polivalente para processos est\u00e1veis. Mede de forma fi\u00e1vel mesmo em gamas de pH extremas ou em \u00e1reas perigosas. Gra\u00e7as \u00e0 tecnologia digital Memosens 2.0, o sensor de pH resiste \u00e0 humidade e permite a calibra\u00e7\u00e3o em laborat\u00f3rio, aumentando a seguran\u00e7a do processo e simplificando a opera\u00e7\u00e3o. O seu armazenamento alargado de dados de calibra\u00e7\u00e3o e de processo proporciona a base perfeita para a manuten\u00e7\u00e3o preditiva. Concebido para uma longa vida \u00fatil e baixa manuten\u00e7\u00e3o, o Memosens CPS11E oferece-lhe a melhor rela\u00e7\u00e3o qualidade\/pre\u00e7o.<\/p>\n<ul class=\"eh-list-01 eh-generic--list\">\n<li class=\"eh-list--item\">\n<p class=\"eh-generic--text\">Monitoriza\u00e7\u00e3o a longo prazo e monitoriza\u00e7\u00e3o de limites de processos com condi\u00e7\u00f5es de processo est\u00e1veis:<br \/>\n- Ind\u00fastria qu\u00edmica<br \/>\n- Ind\u00fastria da pasta e do papel<br \/>\n- Centrais el\u00e9ctricas (por exemplo, lavadores de gases de combust\u00e3o, \u00e1gua de alimenta\u00e7\u00e3o de caldeiras)<br \/>\n- Instala\u00e7\u00f5es de incinera\u00e7\u00e3o<\/p>\n<\/li>\n<\/ul>\n<ul class=\"eh-list-01 eh-generic--list\">\n<li class=\"eh-list--item\">\n<p class=\"eh-generic--text\">Tratamento de \u00e1gua e de \u00e1guas residuais:<br \/>\n- \u00c1gua pot\u00e1vel<br \/>\n- \u00c1gua de arrefecimento<br \/>\n- \u00c1gua de po\u00e7o<br \/>\n- Esta\u00e7\u00f5es de tratamento de \u00e1guas residuais<\/p>\n<\/li>\n<\/ul>\n<p class=\"eh-generic--text\">Com aprova\u00e7\u00f5es ATEX, IECEx, CSA C\/US, NEPSI, Jap\u00e3o, INMETRO para utiliza\u00e7\u00e3o em \u00e1reas perigosas, zonas 0, 1 e 2.<\/p>\n<\/li>\n<li>\n<h3 class=\"eh-headline-03 eh-p-b eh-m-t-xxlg\">Benef\u00edcios<\/h3>\n<ul class=\"eh-list-01 eh-generic--list\">\n<li class=\"eh-list--item\">\n<p class=\"eh-generic--text\">Pronto para IIoT: O Memosens 2.0 oferece armazenamento estendido de dados de calibra\u00e7\u00e3o e processo, permitindo uma melhor identifica\u00e7\u00e3o de tend\u00eancias e fornecendo uma base \u00e0 prova de futuro para manuten\u00e7\u00e3o preditiva e servi\u00e7os IIoT aprimorados.<\/p>\n<\/li>\n<li class=\"eh-list--item\">\n<p class=\"eh-generic--text\">Baixos custos operacionais: A calibra\u00e7\u00e3o em laborat\u00f3rio e a r\u00e1pida troca de sensores no processo resultam na minimiza\u00e7\u00e3o do tempo de paragem do processo e numa vida \u00fatil mais longa do sensor.<\/p>\n<\/li>\n<li class=\"eh-list--item\">\n<p class=\"eh-generic--text\">El\u00e9trodo robusto e de baixa manuten\u00e7\u00e3o: O longo caminho de difus\u00e3o do veneno ou a armadilha de i\u00f5es optimizada evitam o envenenamento da refer\u00eancia do el\u00e9trodo. A jun\u00e7\u00e3o de PTFE grande e repelente de sujidade protege contra a sujidade do meio.<\/p>\n<\/li>\n<li class=\"eh-list--item\">\n<p class=\"eh-generic--text\">O vidro de processo \u00e9 adequado para toda a gama de pH e est\u00e1vel \u00e0 press\u00e3o at\u00e9 17 bar (246,5 psi) absolutos. O vidro F opcional permite a aplica\u00e7\u00e3o em meios que cont\u00eam \u00e1cido fluor\u00eddrico, como banhos de grava\u00e7\u00e3o na produ\u00e7\u00e3o de semicondutores.<\/p>\n<\/li>\n<li class=\"eh-list--item\">\n<p class=\"eh-generic--text\">O armazenamento opcional melhorado de sal garante uma medi\u00e7\u00e3o fi\u00e1vel em aplica\u00e7\u00f5es de baixa condutividade, como a \u00e1gua de alimenta\u00e7\u00e3o de caldeiras.<\/p>\n<\/li>\n<li class=\"eh-list--item\">\n<p class=\"eh-generic--text\">M\u00e1xima integridade do processo atrav\u00e9s da transmiss\u00e3o de sinais indutivos sem contacto.<\/p>\n<\/li>\n<\/ul>\n<\/li>\n<\/ul>","protected":false},"excerpt":{"rendered":"<p>Liquiphant FTL41<br \/>\n\u9650\u4f4d\u5f00\u5173\u6ee1\u8db3\u57fa\u672c\u5e94\u7528\u573a\u5408\u7684\u4f7f\u7528\u8981\u6c42\uff0c\u964d\u4f4e\u4e86\u590d\u6742\u6027<\/p>","protected":false},"featured_media":5039,"template":"","meta":[],"product_cat":[120,15],"product_tag":[],"product_brand":[],"class_list":["post-4798","product","type-product","status-publish","has-post-thumbnail","hentry","product_cat-water-quality-analyzers","product_cat-endresshauser"],"yoast_head":"<!-- This site is optimized with the Yoast SEO plugin v24.9 - https:\/\/yoast.com\/wordpress\/plugins\/seo\/ -->\n<title>Digital pH sensor Memosens CPS11E - Flow, level, liquid analysis, optical analysis, pressure, temperature measurement, software and system products<\/title>\n<meta name=\"description\" content=\"Digital pH sensorMemosens CPS11E Memosens 2.0 pH electrode for standard applications in process and water &amp; wastewater industries\" \/>\n<meta name=\"robots\" content=\"index, follow, max-snippet:-1, max-image-preview:large, max-video-preview:-1\" \/>\n<link rel=\"canonical\" href=\"https:\/\/www.baihs.com\/pt\/produto\/cps11e-aa7baa2\/\" \/>\n<meta property=\"og:locale\" content=\"pt_PT\" \/>\n<meta property=\"og:type\" content=\"article\" \/>\n<meta property=\"og:title\" content=\"Digital pH sensor Memosens CPS11E - Flow, level, liquid analysis, optical analysis, pressure, temperature measurement, software and system products\" \/>\n<meta property=\"og:description\" content=\"Digital pH sensorMemosens CPS11E Memosens 2.0 pH electrode for standard applications in process and water &amp; wastewater industries\" \/>\n<meta property=\"og:url\" content=\"https:\/\/www.baihs.com\/pt\/produto\/cps11e-aa7baa2\/\" \/>\n<meta property=\"og:site_name\" content=\"Flow, level, liquid analysis, optical analysis, pressure, temperature measurement, software and system products\" \/>\n<meta property=\"article:modified_time\" content=\"2025-05-20T13:08:49+00:00\" \/>\n<meta property=\"og:image\" content=\"https:\/\/www.baihs.com\/wp-content\/uploads\/2025\/04\/CPS11E-pH-sensor-Memosens-straight.jpg\" \/>\n\t<meta property=\"og:image:width\" content=\"240\" \/>\n\t<meta property=\"og:image:height\" content=\"321\" \/>\n\t<meta property=\"og:image:type\" content=\"image\/jpeg\" \/>\n<meta name=\"twitter:card\" content=\"summary_large_image\" \/>\n<meta name=\"twitter:label1\" content=\"Tempo estimado de leitura\" \/>\n\t<meta name=\"twitter:data1\" content=\"2 minutos\" \/>\n<script type=\"application\/ld+json\" class=\"yoast-schema-graph\">{\"@context\":\"https:\/\/schema.org\",\"@graph\":[{\"@type\":\"WebPage\",\"@id\":\"https:\/\/www.baihs.com\/product\/cps11e-aa7baa2\/\",\"url\":\"https:\/\/www.baihs.com\/product\/cps11e-aa7baa2\/\",\"name\":\"Digital pH sensor Memosens CPS11E - Flow, level, liquid analysis, optical analysis, pressure, temperature measurement, software and system products\",\"isPartOf\":{\"@id\":\"https:\/\/www.baihs.com\/#website\"},\"primaryImageOfPage\":{\"@id\":\"https:\/\/www.baihs.com\/product\/cps11e-aa7baa2\/#primaryimage\"},\"image\":{\"@id\":\"https:\/\/www.baihs.com\/product\/cps11e-aa7baa2\/#primaryimage\"},\"thumbnailUrl\":\"https:\/\/www.baihs.com\/wp-content\/uploads\/2025\/04\/CPS11E-pH-sensor-Memosens-straight.jpg\",\"datePublished\":\"2025-04-23T07:45:17+00:00\",\"dateModified\":\"2025-05-20T13:08:49+00:00\",\"description\":\"Digital pH sensorMemosens CPS11E Memosens 2.0 pH electrode for standard applications in process and water & wastewater industries\",\"breadcrumb\":{\"@id\":\"https:\/\/www.baihs.com\/product\/cps11e-aa7baa2\/#breadcrumb\"},\"inLanguage\":\"pt-PT\",\"potentialAction\":[{\"@type\":\"ReadAction\",\"target\":[\"https:\/\/www.baihs.com\/product\/cps11e-aa7baa2\/\"]}]},{\"@type\":\"ImageObject\",\"inLanguage\":\"pt-PT\",\"@id\":\"https:\/\/www.baihs.com\/product\/cps11e-aa7baa2\/#primaryimage\",\"url\":\"https:\/\/www.baihs.com\/wp-content\/uploads\/2025\/04\/CPS11E-pH-sensor-Memosens-straight.jpg\",\"contentUrl\":\"https:\/\/www.baihs.com\/wp-content\/uploads\/2025\/04\/CPS11E-pH-sensor-Memosens-straight.jpg\",\"width\":240,\"height\":321},{\"@type\":\"BreadcrumbList\",\"@id\":\"https:\/\/www.baihs.com\/product\/cps11e-aa7baa2\/#breadcrumb\",\"itemListElement\":[{\"@type\":\"ListItem\",\"position\":1,\"name\":\"\u9996\u9875\",\"item\":\"https:\/\/www.baihs.com\/\"},{\"@type\":\"ListItem\",\"position\":2,\"name\":\"Product\",\"item\":\"https:\/\/www.baihs.com\/product\/\"},{\"@type\":\"ListItem\",\"position\":3,\"name\":\"Digital pH sensor Memosens CPS11E\"}]},{\"@type\":\"WebSite\",\"@id\":\"https:\/\/www.baihs.com\/#website\",\"url\":\"https:\/\/www.baihs.com\/\",\"name\":\"Endress+Hauser,PLC China supplier - Shenzhen Kolai Automation Technology Co., Ltd.\",\"description\":\"People for Process Automation offer you solutions and products in flow, level, liquid analysis, optical analysis, pressure, temperature measurement, software and system products\",\"publisher\":{\"@id\":\"https:\/\/www.baihs.com\/#organization\"},\"alternateName\":\"Endress+Hauser pH electrode,pressure transmitter,level meter,Allen Bradley,ABB,Siemens,Eaton,wika\",\"potentialAction\":[{\"@type\":\"SearchAction\",\"target\":{\"@type\":\"EntryPoint\",\"urlTemplate\":\"https:\/\/www.baihs.com\/?s={search_term_string}\"},\"query-input\":{\"@type\":\"PropertyValueSpecification\",\"valueRequired\":true,\"valueName\":\"search_term_string\"}}],\"inLanguage\":\"pt-PT\"},{\"@type\":\"Organization\",\"@id\":\"https:\/\/www.baihs.com\/#organization\",\"name\":\"CONLLY\",\"url\":\"https:\/\/www.baihs.com\/\",\"logo\":{\"@type\":\"ImageObject\",\"inLanguage\":\"pt-PT\",\"@id\":\"https:\/\/www.baihs.com\/#\/schema\/logo\/image\/\",\"url\":\"https:\/\/www.baihs.com\/wp-content\/uploads\/2025\/04\/20250427194648.jpg\",\"contentUrl\":\"https:\/\/www.baihs.com\/wp-content\/uploads\/2025\/04\/20250427194648.jpg\",\"width\":744,\"height\":157,\"caption\":\"CONLLY\"},\"image\":{\"@id\":\"https:\/\/www.baihs.com\/#\/schema\/logo\/image\/\"}}]}<\/script>\n<!-- \/ Yoast SEO plugin. -->","yoast_head_json":{"title":"Digital pH sensor Memosens CPS11E - Flow, level, liquid analysis, optical analysis, pressure, temperature measurement, software and system products","description":"Digital pH sensorMemosens CPS11E Memosens 2.0 pH electrode for standard applications in process and water & wastewater industries","robots":{"index":"index","follow":"follow","max-snippet":"max-snippet:-1","max-image-preview":"max-image-preview:large","max-video-preview":"max-video-preview:-1"},"canonical":"https:\/\/www.baihs.com\/pt\/produto\/cps11e-aa7baa2\/","og_locale":"pt_PT","og_type":"article","og_title":"Digital pH sensor Memosens CPS11E - Flow, level, liquid analysis, optical analysis, pressure, temperature measurement, software and system products","og_description":"Digital pH sensorMemosens CPS11E Memosens 2.0 pH electrode for standard applications in process and water & wastewater industries","og_url":"https:\/\/www.baihs.com\/pt\/produto\/cps11e-aa7baa2\/","og_site_name":"Flow, level, liquid analysis, optical analysis, pressure, temperature measurement, software and system products","article_modified_time":"2025-05-20T13:08:49+00:00","og_image":[{"width":240,"height":321,"url":"https:\/\/www.baihs.com\/wp-content\/uploads\/2025\/04\/CPS11E-pH-sensor-Memosens-straight.jpg","type":"image\/jpeg"}],"twitter_card":"summary_large_image","twitter_misc":{"Tempo estimado de leitura":"2 minutos"},"schema":{"@context":"https:\/\/schema.org","@graph":[{"@type":"WebPage","@id":"https:\/\/www.baihs.com\/product\/cps11e-aa7baa2\/","url":"https:\/\/www.baihs.com\/product\/cps11e-aa7baa2\/","name":"Digital pH sensor Memosens CPS11E - Flow, level, liquid analysis, optical analysis, pressure, temperature measurement, software and system products","isPartOf":{"@id":"https:\/\/www.baihs.com\/#website"},"primaryImageOfPage":{"@id":"https:\/\/www.baihs.com\/product\/cps11e-aa7baa2\/#primaryimage"},"image":{"@id":"https:\/\/www.baihs.com\/product\/cps11e-aa7baa2\/#primaryimage"},"thumbnailUrl":"https:\/\/www.baihs.com\/wp-content\/uploads\/2025\/04\/CPS11E-pH-sensor-Memosens-straight.jpg","datePublished":"2025-04-23T07:45:17+00:00","dateModified":"2025-05-20T13:08:49+00:00","description":"Digital pH sensorMemosens CPS11E Memosens 2.0 pH electrode for standard applications in process and water & wastewater industries","breadcrumb":{"@id":"https:\/\/www.baihs.com\/product\/cps11e-aa7baa2\/#breadcrumb"},"inLanguage":"pt-PT","potentialAction":[{"@type":"ReadAction","target":["https:\/\/www.baihs.com\/product\/cps11e-aa7baa2\/"]}]},{"@type":"ImageObject","inLanguage":"pt-PT","@id":"https:\/\/www.baihs.com\/product\/cps11e-aa7baa2\/#primaryimage","url":"https:\/\/www.baihs.com\/wp-content\/uploads\/2025\/04\/CPS11E-pH-sensor-Memosens-straight.jpg","contentUrl":"https:\/\/www.baihs.com\/wp-content\/uploads\/2025\/04\/CPS11E-pH-sensor-Memosens-straight.jpg","width":240,"height":321},{"@type":"BreadcrumbList","@id":"https:\/\/www.baihs.com\/product\/cps11e-aa7baa2\/#breadcrumb","itemListElement":[{"@type":"ListItem","position":1,"name":"\u9996\u9875","item":"https:\/\/www.baihs.com\/"},{"@type":"ListItem","position":2,"name":"Product","item":"https:\/\/www.baihs.com\/product\/"},{"@type":"ListItem","position":3,"name":"Digital pH sensor Memosens CPS11E"}]},{"@type":"WebSite","@id":"https:\/\/www.baihs.com\/#website","url":"https:\/\/www.baihs.com\/","name":"Endress+Hauser,PLC China supplier - Shenzhen Kolai Automation Technology Co., Ltd.","description":"People for Process Automation offer you solutions and products in flow, level, liquid analysis, optical analysis, pressure, temperature measurement, software and system products","publisher":{"@id":"https:\/\/www.baihs.com\/#organization"},"alternateName":"Endress+Hauser pH electrode,pressure transmitter,level meter,Allen Bradley,ABB,Siemens,Eaton,wika","potentialAction":[{"@type":"SearchAction","target":{"@type":"EntryPoint","urlTemplate":"https:\/\/www.baihs.com\/?s={search_term_string}"},"query-input":{"@type":"PropertyValueSpecification","valueRequired":true,"valueName":"search_term_string"}}],"inLanguage":"pt-PT"},{"@type":"Organization","@id":"https:\/\/www.baihs.com\/#organization","name":"CONLLY","url":"https:\/\/www.baihs.com\/","logo":{"@type":"ImageObject","inLanguage":"pt-PT","@id":"https:\/\/www.baihs.com\/#\/schema\/logo\/image\/","url":"https:\/\/www.baihs.com\/wp-content\/uploads\/2025\/04\/20250427194648.jpg","contentUrl":"https:\/\/www.baihs.com\/wp-content\/uploads\/2025\/04\/20250427194648.jpg","width":744,"height":157,"caption":"CONLLY"},"image":{"@id":"https:\/\/www.baihs.com\/#\/schema\/logo\/image\/"}}]}},"_links":{"self":[{"href":"https:\/\/www.baihs.com\/pt\/wp-json\/wp\/v2\/product\/4798","targetHints":{"allow":["GET"]}}],"collection":[{"href":"https:\/\/www.baihs.com\/pt\/wp-json\/wp\/v2\/product"}],"about":[{"href":"https:\/\/www.baihs.com\/pt\/wp-json\/wp\/v2\/types\/product"}],"wp:featuredmedia":[{"embeddable":true,"href":"https:\/\/www.baihs.com\/pt\/wp-json\/wp\/v2\/media\/5039"}],"wp:attachment":[{"href":"https:\/\/www.baihs.com\/pt\/wp-json\/wp\/v2\/media?parent=4798"}],"wp:term":[{"taxonomy":"product_cat","embeddable":true,"href":"https:\/\/www.baihs.com\/pt\/wp-json\/wp\/v2\/product_cat?post=4798"},{"taxonomy":"product_tag","embeddable":true,"href":"https:\/\/www.baihs.com\/pt\/wp-json\/wp\/v2\/product_tag?post=4798"},{"taxonomy":"product_brand","embeddable":true,"href":"https:\/\/www.baihs.com\/pt\/wp-json\/wp\/v2\/product_brand?post=4798"}],"curies":[{"name":"wp","href":"https:\/\/api.w.org\/{rel}","templated":true}]}}