{"id":4794,"date":"2025-04-23T07:44:36","date_gmt":"2025-04-23T07:44:36","guid":{"rendered":"http:\/\/www.baihs.com\/?post_type=product&#038;p=4794"},"modified":"2025-05-20T13:12:22","modified_gmt":"2025-05-20T13:12:22","slug":"1-channel-transmitter-liquiline-cm42b","status":"publish","type":"product","link":"https:\/\/www.baihs.com\/pt\/product\/1-channel-transmitter-liquiline-cm42b\/","title":{"rendered":"Transmissor de 1 canal Liquiline CM42B"},"content":{"rendered":"<h3 class=\"eh-headline-03 eh-p-b eh-m-t-xxlg\">Especifica\u00e7\u00f5es em resumo<\/h3>\n<ul class=\"eh-result-list eh-product-info-category--items\">\n<li class=\"eh-product-info-category--item eh-p-v\">\n<div class=\"eh-grid eh-grid--no-spacing\">\n<div class=\"eh-cell eh-cell--12-col\">\n<h4 class=\"eh-headline--04 eh-font-bold eh-p-b-2\">Entrada<\/h4>\n<\/div>\n<div class=\"eh-cell eh-cell--12-col\">\n<p>Transmissor de um canal para Memosens e anal\u00f3gico (pH, ORP, condutividade)<\/p>\n<\/div>\n<\/div>\n<\/li>\n<li class=\"eh-product-info-category--item eh-p-v\">\n<div class=\"eh-grid eh-grid--no-spacing\">\n<div class=\"eh-cell eh-cell--12-col\">\n<h4 class=\"eh-headline--04 eh-font-bold eh-p-b-2\">Sa\u00edda \/ comunica\u00e7\u00e3o<\/h4>\n<\/div>\n<div class=\"eh-cell eh-cell--12-col\">\n<p>4 a 20 mA, HART (opcional), segunda sa\u00edda adicional poss\u00edvel; comunica\u00e7\u00e3o HART, tamb\u00e9m ativ\u00e1vel posteriormente<\/p>\n<\/div>\n<\/div>\n<\/li>\n<li class=\"eh-product-info-category--item eh-p-v\">\n<div class=\"eh-grid eh-grid--no-spacing\">\n<div class=\"eh-cell eh-cell--12-col\">\n<h4 class=\"eh-headline--04 eh-font-bold eh-p-b-2\">Prote\u00e7\u00e3o contra a entrada<\/h4>\n<\/div>\n<div class=\"eh-cell eh-cell--12-col\">\n<p>Alojamento no terreno:<br \/>\nIP66\/67 (IEC 60529)<br \/>\nNEMA 4X (UL 50E)<br \/>\nCaixa para calha DIN: IP20<\/p>\n<h3 class=\"eh-headline-03 eh-p-b eh-m-t-xxlg\">Dom\u00ednio de aplica\u00e7\u00e3o<\/h3>\n<p class=\"eh-p-v\">O Liquiline CM42B fornece uma medi\u00e7\u00e3o precisa e fi\u00e1vel de pH, ORP, condutividade ou oxig\u00e9nio em aplica\u00e7\u00f5es de processo exigentes. Beneficie da sua opera\u00e7\u00e3o e configura\u00e7\u00e3o local intuitiva e utilize a sua interface Bluetooth e a aplica\u00e7\u00e3o SmartBlue para obter uma vis\u00e3o geral detalhada do ponto de medi\u00e7\u00e3o nos seus dispositivos m\u00f3veis. A comunica\u00e7\u00e3o Bluetooth \u00e9 protegida por um conceito \u00fanico. N\u00e3o h\u00e1 necessidade de se preocupar com intrusos. Diferentes vers\u00f5es de dispositivos permitem uma adapta\u00e7\u00e3o flex\u00edvel a todos os requisitos de instala\u00e7\u00e3o.<\/p>\n<div class=\"eh-p-b-lg\"><\/div>\n<div class=\"eh-rich-content-content\" data-cs-pcueid=\"546Dve\">\n<p class=\"eh-generic--text\">O transmissor Liquiline CM42B \u00e9 adequado para aplica\u00e7\u00f5es de processo exigentes nas seguintes ind\u00fastrias<\/p>\n<ul class=\"eh-list-01 eh-generic--list\">\n<li class=\"eh-list--item\">\n<p class=\"eh-generic--text\">Qu\u00edmica<\/p>\n<\/li>\n<li class=\"eh-list--item\">\n<p class=\"eh-generic--text\">Alimenta\u00e7\u00e3o e bebidas<\/p>\n<\/li>\n<li class=\"eh-list--item\">\n<p class=\"eh-generic--text\">Ci\u00eancias da vida<\/p>\n<\/li>\n<li class=\"eh-list--item\">\n<p class=\"eh-generic--text\">Energia e pot\u00eancia<\/p>\n<\/li>\n<li class=\"eh-list--item\">\n<p class=\"eh-generic--text\">Petr\u00f3leo e g\u00e1s<\/p>\n<\/li>\n<li class=\"eh-list--item\">\n<p class=\"eh-generic--text\">Minas, minerais e metais<\/p>\n<\/li>\n<\/ul>\n<p class=\"eh-generic--text\">Com as suas aprova\u00e7\u00f5es internacionais de prote\u00e7\u00e3o contra explos\u00f5es, tais como IECEx, ATEX, C\/US IS Cl. I div 1 e CHN-Ex, o transmissor \u00e9 adequado para \u00e1reas perigosas.<\/p>\n<h3 class=\"eh-headline-03 eh-p-b eh-m-t-xxlg\">Benef\u00edcios<\/h3>\n<ul class=\"eh-list-01 eh-generic--list\">\n<li class=\"eh-list--item\" data-cs-pcueid=\"DETNnf\">\n<p class=\"eh-generic--text\"><strong>Opera\u00e7\u00e3o e configura\u00e7\u00e3o c\u00f3modas:<\/strong>\u00a0O conceito de opera\u00e7\u00e3o intuitivo torna o comissionamento e a configura\u00e7\u00e3o no local f\u00e1ceis e r\u00e1pidos. A liga\u00e7\u00e3o Bluetooth e a aplica\u00e7\u00e3o SmartBlue fornecem uma vis\u00e3o geral do ponto de medi\u00e7\u00e3o no seu smartphone ou tablet.<\/p>\n<\/li>\n<li class=\"eh-list--item\" data-cs-pcueid=\"U61Mty\">\n<p class=\"eh-generic--text\"><strong>Seguran\u00e7a \u00fanica<\/strong>: A liga\u00e7\u00e3o Bluetooth possui um conceito de seguran\u00e7a \u00fanico que impede a intrus\u00e3o e permite uma gest\u00e3o sofisticada das fun\u00e7\u00f5es do pessoal operacional. Beneficia de uma seguran\u00e7a externa e interna.<\/p>\n<\/li>\n<li class=\"eh-list--item\" data-cs-pcueid=\"XgskJ2\">\n<p class=\"eh-generic--text\"><strong>Adequado para todos os ambientes de processo:<\/strong>\u00a0O transmissor est\u00e1 dispon\u00edvel na vers\u00e3o em a\u00e7o inoxid\u00e1vel, pl\u00e1stico ou calha DIN. Basta selecionar a vers\u00e3o adequada para o integrar num skid, utiliz\u00e1-lo em ambientes higi\u00e9nicos ou aplic\u00e1-lo em \u00e1reas perigosas.<\/p>\n<\/li>\n<li class=\"eh-list--item\" data-cs-pcueid=\"OAZVlM\">\n<p class=\"eh-generic--text\"><strong>Aumento da seguran\u00e7a do processo e do tempo de atividade:<\/strong>\u00a0A tecnologia Memosens proporciona-lhe uma transmiss\u00e3o de dados digital segura e uma elevada disponibilidade dos valores medidos. O Plug &amp; Play de sensores pr\u00e9-calibrados reduz o tempo de paragem do processo para calibra\u00e7\u00e3o.<\/p>\n<\/li>\n<li class=\"eh-list--item\" data-cs-pcueid=\"1Lm1Ip\">\n<p class=\"eh-generic--text\"><strong>Integra\u00e7\u00e3o perfeita do sistema:<\/strong>\u00a0O Liquiline CM42B oferece comunica\u00e7\u00e3o HART com certifica\u00e7\u00e3o HCF, o que torna a integra\u00e7\u00e3o no seu sistema de controlo de processos f\u00e1cil e segura.<\/p>\n<\/li>\n<\/ul>\n<\/div>\n<\/div>\n<\/div>\n<\/li>\n<\/ul>","protected":false},"excerpt":{"rendered":"<p>Specs at a glance Input One channel transmitter for Memosens and analog (pH, ORP, conductivity) Output \/ communication 4 to 20 mA, HART (optional), additional second output possible; HART communication, also later activatable Ingress protection Field housing: IP66\/67 (IEC 60529) &hellip; <a href=\"https:\/\/www.baihs.com\/pt\/product\/1-channel-transmitter-liquiline-cm42b\/\">Ler mais<\/a><\/p>","protected":false},"featured_media":5042,"template":"","meta":[],"product_cat":[120,15],"product_tag":[],"product_brand":[],"class_list":["post-4794","product","type-product","status-publish","has-post-thumbnail","hentry","product_cat-water-quality-analyzers","product_cat-endresshauser"],"yoast_head":"<!-- This site is optimized with the Yoast SEO plugin v24.9 - https:\/\/yoast.com\/wordpress\/plugins\/seo\/ -->\n<title>1-channel transmitter Liquiline CM42B - Flow, level, liquid analysis, optical analysis, pressure, temperature measurement, software and system products<\/title>\n<meta name=\"description\" content=\"Two-wire field device for hazardous and non-hazardous areas and hygienic applications in chemical, life sciences and food &amp; beverage industries\" \/>\n<meta name=\"robots\" content=\"index, follow, max-snippet:-1, max-image-preview:large, max-video-preview:-1\" \/>\n<link rel=\"canonical\" href=\"https:\/\/www.baihs.com\/pt\/produto\/1-channel-transmitter-liquiline-cm42b\/\" \/>\n<meta property=\"og:locale\" content=\"pt_PT\" \/>\n<meta property=\"og:type\" content=\"article\" \/>\n<meta property=\"og:title\" content=\"1-channel transmitter Liquiline CM42B - Flow, level, liquid analysis, optical analysis, pressure, temperature measurement, software and system products\" \/>\n<meta property=\"og:description\" content=\"Two-wire field device for hazardous and non-hazardous areas and hygienic applications in chemical, life sciences and food &amp; beverage industries\" \/>\n<meta property=\"og:url\" content=\"https:\/\/www.baihs.com\/pt\/produto\/1-channel-transmitter-liquiline-cm42b\/\" \/>\n<meta property=\"og:site_name\" content=\"Flow, level, liquid analysis, optical analysis, pressure, temperature measurement, software and system products\" \/>\n<meta property=\"article:modified_time\" content=\"2025-05-20T13:12:22+00:00\" \/>\n<meta property=\"og:image\" content=\"https:\/\/www.baihs.com\/wp-content\/uploads\/2025\/04\/CM42B-field-housing-plastic.jpg\" \/>\n\t<meta property=\"og:image:width\" content=\"240\" \/>\n\t<meta property=\"og:image:height\" content=\"321\" \/>\n\t<meta property=\"og:image:type\" content=\"image\/jpeg\" \/>\n<meta name=\"twitter:card\" content=\"summary_large_image\" \/>\n<meta name=\"twitter:label1\" content=\"Tempo estimado de leitura\" \/>\n\t<meta name=\"twitter:data1\" content=\"2 minutos\" \/>\n<script type=\"application\/ld+json\" class=\"yoast-schema-graph\">{\"@context\":\"https:\/\/schema.org\",\"@graph\":[{\"@type\":\"WebPage\",\"@id\":\"https:\/\/www.baihs.com\/product\/1-channel-transmitter-liquiline-cm42b\/\",\"url\":\"https:\/\/www.baihs.com\/product\/1-channel-transmitter-liquiline-cm42b\/\",\"name\":\"1-channel transmitter Liquiline CM42B - Flow, level, liquid analysis, optical analysis, pressure, temperature measurement, software and system products\",\"isPartOf\":{\"@id\":\"https:\/\/www.baihs.com\/#website\"},\"primaryImageOfPage\":{\"@id\":\"https:\/\/www.baihs.com\/product\/1-channel-transmitter-liquiline-cm42b\/#primaryimage\"},\"image\":{\"@id\":\"https:\/\/www.baihs.com\/product\/1-channel-transmitter-liquiline-cm42b\/#primaryimage\"},\"thumbnailUrl\":\"https:\/\/www.baihs.com\/wp-content\/uploads\/2025\/04\/CM42B-field-housing-plastic.jpg\",\"datePublished\":\"2025-04-23T07:44:36+00:00\",\"dateModified\":\"2025-05-20T13:12:22+00:00\",\"description\":\"Two-wire field device for hazardous and non-hazardous areas and hygienic applications in chemical, life sciences and food & beverage industries\",\"breadcrumb\":{\"@id\":\"https:\/\/www.baihs.com\/product\/1-channel-transmitter-liquiline-cm42b\/#breadcrumb\"},\"inLanguage\":\"pt-PT\",\"potentialAction\":[{\"@type\":\"ReadAction\",\"target\":[\"https:\/\/www.baihs.com\/product\/1-channel-transmitter-liquiline-cm42b\/\"]}]},{\"@type\":\"ImageObject\",\"inLanguage\":\"pt-PT\",\"@id\":\"https:\/\/www.baihs.com\/product\/1-channel-transmitter-liquiline-cm42b\/#primaryimage\",\"url\":\"https:\/\/www.baihs.com\/wp-content\/uploads\/2025\/04\/CM42B-field-housing-plastic.jpg\",\"contentUrl\":\"https:\/\/www.baihs.com\/wp-content\/uploads\/2025\/04\/CM42B-field-housing-plastic.jpg\",\"width\":240,\"height\":321},{\"@type\":\"BreadcrumbList\",\"@id\":\"https:\/\/www.baihs.com\/product\/1-channel-transmitter-liquiline-cm42b\/#breadcrumb\",\"itemListElement\":[{\"@type\":\"ListItem\",\"position\":1,\"name\":\"\u9996\u9875\",\"item\":\"https:\/\/www.baihs.com\/\"},{\"@type\":\"ListItem\",\"position\":2,\"name\":\"Product\",\"item\":\"https:\/\/www.baihs.com\/product\/\"},{\"@type\":\"ListItem\",\"position\":3,\"name\":\"1-channel transmitter Liquiline CM42B\"}]},{\"@type\":\"WebSite\",\"@id\":\"https:\/\/www.baihs.com\/#website\",\"url\":\"https:\/\/www.baihs.com\/\",\"name\":\"Endress+Hauser,PLC China supplier - Shenzhen Kolai Automation Technology Co., Ltd.\",\"description\":\"People for Process Automation offer you solutions and products in flow, level, liquid analysis, optical analysis, pressure, temperature measurement, software and system products\",\"publisher\":{\"@id\":\"https:\/\/www.baihs.com\/#organization\"},\"alternateName\":\"Endress+Hauser pH electrode,pressure transmitter,level meter,Allen Bradley,ABB,Siemens,Eaton,wika\",\"potentialAction\":[{\"@type\":\"SearchAction\",\"target\":{\"@type\":\"EntryPoint\",\"urlTemplate\":\"https:\/\/www.baihs.com\/?s={search_term_string}\"},\"query-input\":{\"@type\":\"PropertyValueSpecification\",\"valueRequired\":true,\"valueName\":\"search_term_string\"}}],\"inLanguage\":\"pt-PT\"},{\"@type\":\"Organization\",\"@id\":\"https:\/\/www.baihs.com\/#organization\",\"name\":\"CONLLY\",\"url\":\"https:\/\/www.baihs.com\/\",\"logo\":{\"@type\":\"ImageObject\",\"inLanguage\":\"pt-PT\",\"@id\":\"https:\/\/www.baihs.com\/#\/schema\/logo\/image\/\",\"url\":\"https:\/\/www.baihs.com\/wp-content\/uploads\/2025\/04\/20250427194648.jpg\",\"contentUrl\":\"https:\/\/www.baihs.com\/wp-content\/uploads\/2025\/04\/20250427194648.jpg\",\"width\":744,\"height\":157,\"caption\":\"CONLLY\"},\"image\":{\"@id\":\"https:\/\/www.baihs.com\/#\/schema\/logo\/image\/\"}}]}<\/script>\n<!-- \/ Yoast SEO plugin. -->","yoast_head_json":{"title":"1-channel transmitter Liquiline CM42B - Flow, level, liquid analysis, optical analysis, pressure, temperature measurement, software and system products","description":"Two-wire field device for hazardous and non-hazardous areas and hygienic applications in chemical, life sciences and food & beverage industries","robots":{"index":"index","follow":"follow","max-snippet":"max-snippet:-1","max-image-preview":"max-image-preview:large","max-video-preview":"max-video-preview:-1"},"canonical":"https:\/\/www.baihs.com\/pt\/produto\/1-channel-transmitter-liquiline-cm42b\/","og_locale":"pt_PT","og_type":"article","og_title":"1-channel transmitter Liquiline CM42B - Flow, level, liquid analysis, optical analysis, pressure, temperature measurement, software and system products","og_description":"Two-wire field device for hazardous and non-hazardous areas and hygienic applications in chemical, life sciences and food & beverage industries","og_url":"https:\/\/www.baihs.com\/pt\/produto\/1-channel-transmitter-liquiline-cm42b\/","og_site_name":"Flow, level, liquid analysis, optical analysis, pressure, temperature measurement, software and system products","article_modified_time":"2025-05-20T13:12:22+00:00","og_image":[{"width":240,"height":321,"url":"https:\/\/www.baihs.com\/wp-content\/uploads\/2025\/04\/CM42B-field-housing-plastic.jpg","type":"image\/jpeg"}],"twitter_card":"summary_large_image","twitter_misc":{"Tempo estimado de leitura":"2 minutos"},"schema":{"@context":"https:\/\/schema.org","@graph":[{"@type":"WebPage","@id":"https:\/\/www.baihs.com\/product\/1-channel-transmitter-liquiline-cm42b\/","url":"https:\/\/www.baihs.com\/product\/1-channel-transmitter-liquiline-cm42b\/","name":"1-channel transmitter Liquiline CM42B - Flow, level, liquid analysis, optical analysis, pressure, temperature measurement, software and system products","isPartOf":{"@id":"https:\/\/www.baihs.com\/#website"},"primaryImageOfPage":{"@id":"https:\/\/www.baihs.com\/product\/1-channel-transmitter-liquiline-cm42b\/#primaryimage"},"image":{"@id":"https:\/\/www.baihs.com\/product\/1-channel-transmitter-liquiline-cm42b\/#primaryimage"},"thumbnailUrl":"https:\/\/www.baihs.com\/wp-content\/uploads\/2025\/04\/CM42B-field-housing-plastic.jpg","datePublished":"2025-04-23T07:44:36+00:00","dateModified":"2025-05-20T13:12:22+00:00","description":"Two-wire field device for hazardous and non-hazardous areas and hygienic applications in chemical, life sciences and food & beverage industries","breadcrumb":{"@id":"https:\/\/www.baihs.com\/product\/1-channel-transmitter-liquiline-cm42b\/#breadcrumb"},"inLanguage":"pt-PT","potentialAction":[{"@type":"ReadAction","target":["https:\/\/www.baihs.com\/product\/1-channel-transmitter-liquiline-cm42b\/"]}]},{"@type":"ImageObject","inLanguage":"pt-PT","@id":"https:\/\/www.baihs.com\/product\/1-channel-transmitter-liquiline-cm42b\/#primaryimage","url":"https:\/\/www.baihs.com\/wp-content\/uploads\/2025\/04\/CM42B-field-housing-plastic.jpg","contentUrl":"https:\/\/www.baihs.com\/wp-content\/uploads\/2025\/04\/CM42B-field-housing-plastic.jpg","width":240,"height":321},{"@type":"BreadcrumbList","@id":"https:\/\/www.baihs.com\/product\/1-channel-transmitter-liquiline-cm42b\/#breadcrumb","itemListElement":[{"@type":"ListItem","position":1,"name":"\u9996\u9875","item":"https:\/\/www.baihs.com\/"},{"@type":"ListItem","position":2,"name":"Product","item":"https:\/\/www.baihs.com\/product\/"},{"@type":"ListItem","position":3,"name":"1-channel transmitter Liquiline CM42B"}]},{"@type":"WebSite","@id":"https:\/\/www.baihs.com\/#website","url":"https:\/\/www.baihs.com\/","name":"Endress+Hauser,PLC China supplier - Shenzhen Kolai Automation Technology Co., Ltd.","description":"People for Process Automation offer you solutions and products in flow, level, liquid analysis, optical analysis, pressure, temperature measurement, software and system products","publisher":{"@id":"https:\/\/www.baihs.com\/#organization"},"alternateName":"Endress+Hauser pH electrode,pressure transmitter,level meter,Allen Bradley,ABB,Siemens,Eaton,wika","potentialAction":[{"@type":"SearchAction","target":{"@type":"EntryPoint","urlTemplate":"https:\/\/www.baihs.com\/?s={search_term_string}"},"query-input":{"@type":"PropertyValueSpecification","valueRequired":true,"valueName":"search_term_string"}}],"inLanguage":"pt-PT"},{"@type":"Organization","@id":"https:\/\/www.baihs.com\/#organization","name":"CONLLY","url":"https:\/\/www.baihs.com\/","logo":{"@type":"ImageObject","inLanguage":"pt-PT","@id":"https:\/\/www.baihs.com\/#\/schema\/logo\/image\/","url":"https:\/\/www.baihs.com\/wp-content\/uploads\/2025\/04\/20250427194648.jpg","contentUrl":"https:\/\/www.baihs.com\/wp-content\/uploads\/2025\/04\/20250427194648.jpg","width":744,"height":157,"caption":"CONLLY"},"image":{"@id":"https:\/\/www.baihs.com\/#\/schema\/logo\/image\/"}}]}},"_links":{"self":[{"href":"https:\/\/www.baihs.com\/pt\/wp-json\/wp\/v2\/product\/4794","targetHints":{"allow":["GET"]}}],"collection":[{"href":"https:\/\/www.baihs.com\/pt\/wp-json\/wp\/v2\/product"}],"about":[{"href":"https:\/\/www.baihs.com\/pt\/wp-json\/wp\/v2\/types\/product"}],"wp:featuredmedia":[{"embeddable":true,"href":"https:\/\/www.baihs.com\/pt\/wp-json\/wp\/v2\/media\/5042"}],"wp:attachment":[{"href":"https:\/\/www.baihs.com\/pt\/wp-json\/wp\/v2\/media?parent=4794"}],"wp:term":[{"taxonomy":"product_cat","embeddable":true,"href":"https:\/\/www.baihs.com\/pt\/wp-json\/wp\/v2\/product_cat?post=4794"},{"taxonomy":"product_tag","embeddable":true,"href":"https:\/\/www.baihs.com\/pt\/wp-json\/wp\/v2\/product_tag?post=4794"},{"taxonomy":"product_brand","embeddable":true,"href":"https:\/\/www.baihs.com\/pt\/wp-json\/wp\/v2\/product_brand?post=4794"}],"curies":[{"name":"wp","href":"https:\/\/api.w.org\/{rel}","templated":true}]}}