{"id":4792,"date":"2025-04-23T07:44:00","date_gmt":"2025-04-23T07:44:00","guid":{"rendered":"http:\/\/www.baihs.com\/?post_type=product&#038;p=4792"},"modified":"2025-05-20T13:15:23","modified_gmt":"2025-05-20T13:15:23","slug":"flow-assembly-flowfit-cpa25","status":"publish","type":"product","link":"https:\/\/www.baihs.com\/pt\/product\/flow-assembly-flowfit-cpa25\/","title":{"rendered":"Conjunto de fluxo Flowfit CPA25"},"content":{"rendered":"<h3 class=\"eh-headline-03 eh-p-b eh-m-t-xxlg\">Especifica\u00e7\u00f5es em resumo<\/h3>\n<ul class=\"eh-result-list eh-product-info-category--items\">\n<li class=\"eh-product-info-category--item eh-p-v\">\n<div class=\"eh-grid eh-grid--no-spacing\">\n<div class=\"eh-cell eh-cell--12-col\">\n<h4 class=\"eh-headline--04 eh-font-bold eh-p-b-2\">Temperatura do processo<\/h4>\n<\/div>\n<div class=\"eh-cell eh-cell--12-col\">\n<p>0 a 80\u00b0C<br \/>\n(32 a 176\u00b0F)<\/p>\n<\/div>\n<\/div>\n<\/li>\n<li class=\"eh-product-info-category--item eh-p-v\">\n<div class=\"eh-grid eh-grid--no-spacing\">\n<div class=\"eh-cell eh-cell--12-col\">\n<h4 class=\"eh-headline--04 eh-font-bold eh-p-b-2\">Press\u00e3o do processo<\/h4>\n<\/div>\n<div class=\"eh-cell eh-cell--12-col\">\n<p>max. 6 bar a 20\u00b0C<br \/>\n(87 psi a 68\u00b0F)<\/p>\n<h3 class=\"eh-headline-03 eh-p-b eh-m-t-xxlg\">Dom\u00ednio de aplica\u00e7\u00e3o<\/h3>\n<p class=\"eh-p-v\">O conjunto de caudal Flowfit CPA25 foi concebido para a realiza\u00e7\u00e3o de pontos de medi\u00e7\u00e3o no tratamento de \u00e1gua e de \u00e1guas residuais e em processos industriais auxiliares. Oferece espa\u00e7o para tr\u00eas sensores e \u00e9 capaz de prolongar a sua vida \u00fatil, mantendo-os h\u00famidos mesmo quando o fluxo \u00e9 interrompido. O conjunto em si tamb\u00e9m \u00e9 dur\u00e1vel gra\u00e7as ao polipropileno resistente \u00e0 corros\u00e3o. Com Flowfit obt\u00e9m o produto certo exatamente para as suas aplica\u00e7\u00f5es standard.<\/p>\n<div class=\"eh-p-b-lg\">O Flowfit CPA25 pode ser utilizado em muitas aplica\u00e7\u00f5es em processos auxiliares industriais, bem como no tratamento de \u00e1gua e de \u00e1guas residuais. Destina-se a ser utilizado nas seguintes aplica\u00e7\u00f5es, entre outras:<\/div>\n<div class=\"eh-rich-content-content\">\n<ul class=\"eh-list-01 eh-generic--list\">\n<li class=\"eh-list--item\">\n<p class=\"eh-generic--text\">\u00c1gua pot\u00e1vel<\/p>\n<\/li>\n<li class=\"eh-list--item\">\n<p class=\"eh-generic--text\">Tratamento de \u00e1gua e de \u00e1guas residuais<\/p>\n<\/li>\n<li class=\"eh-list--item\">\n<p class=\"eh-generic--text\">Circuitos de arrefecimento a \u00e1gua<\/p>\n<\/li>\n<li class=\"eh-list--item\">\n<p class=\"eh-generic--text\">Instala\u00e7\u00f5es de osmose<\/p>\n<\/li>\n<\/ul>\n<p class=\"eh-generic--text\">\u00c9 adequado para utiliza\u00e7\u00e3o com press\u00f5es at\u00e9 6 bar.<\/p>\n<h3 class=\"eh-headline-03 eh-p-b eh-m-t-xxlg\">Benef\u00edcios<\/h3>\n<ul class=\"eh-list-01 eh-generic--list\">\n<li class=\"eh-list--item\">\n<p class=\"eh-generic--text\">Conjunto compacto com tr\u00eas ranhuras para sensores Pg 13.5.<\/p>\n<\/li>\n<li class=\"eh-list--item\">\n<p class=\"eh-generic--text\">Geometria de fluxo especial para obter um fluxo fi\u00e1vel e est\u00e1vel<br \/>\nvalores medidos a partir dos sensores instalados.<\/p>\n<\/li>\n<li class=\"eh-list--item\">\n<p class=\"eh-generic--text\">Perfil de tipo sif\u00e3o para proteger os sensores da secagem<br \/>\ndurante a paragem da f\u00e1brica.<\/p>\n<\/li>\n<li class=\"eh-list--item\">\n<p class=\"eh-generic--text\">A tampa de servi\u00e7o facilita a limpeza dos sensores e<br \/>\nmontagem.<\/p>\n<\/li>\n<li class=\"eh-list--item\">\n<p class=\"eh-generic--text\">Calibra\u00e7\u00e3o dos sensores para verificar o seu funcionamento<br \/>\npode ocorrer corretamente durante a instala\u00e7\u00e3o.<\/p>\n<\/li>\n<\/ul>\n<\/div>\n<\/div>\n<\/div>\n<\/li>\n<\/ul>","protected":false},"excerpt":{"rendered":"<p>Specs at a glance Process temperature 0 to 80\u00b0C (32 to 176\u00b0F) Process pressure max. 6 bar at 20\u00b0C (87 psi at 68\u00b0F) Field of application The Flowfit CPA25 flow assembly is designed for the realization of measuring points in &hellip; <a href=\"https:\/\/www.baihs.com\/pt\/product\/flow-assembly-flowfit-cpa25\/\">Ler mais<\/a><\/p>","protected":false},"featured_media":5046,"template":"","meta":[],"product_cat":[120,15],"product_tag":[],"product_brand":[],"class_list":["post-4792","product","type-product","status-publish","has-post-thumbnail","hentry","product_cat-water-quality-analyzers","product_cat-endresshauser"],"yoast_head":"<!-- This site is optimized with the Yoast SEO plugin v24.9 - https:\/\/yoast.com\/wordpress\/plugins\/seo\/ -->\n<title>Flow assembly Flowfit CPA25 - Flow, level, liquid analysis, optical analysis, pressure, temperature measurement, software and system products<\/title>\n<meta name=\"description\" content=\"Universal assembly for the water and wastewater industry and industrial auxiliary processes.\" \/>\n<meta name=\"robots\" content=\"index, follow, max-snippet:-1, max-image-preview:large, max-video-preview:-1\" \/>\n<link rel=\"canonical\" href=\"https:\/\/www.baihs.com\/pt\/produto\/flow-assembly-flowfit-cpa25\/\" \/>\n<meta property=\"og:locale\" content=\"pt_PT\" \/>\n<meta property=\"og:type\" content=\"article\" \/>\n<meta property=\"og:title\" content=\"Flow assembly Flowfit CPA25 - Flow, level, liquid analysis, optical analysis, pressure, temperature measurement, software and system products\" \/>\n<meta property=\"og:description\" content=\"Universal assembly for the water and wastewater industry and industrial auxiliary processes.\" \/>\n<meta property=\"og:url\" content=\"https:\/\/www.baihs.com\/pt\/produto\/flow-assembly-flowfit-cpa25\/\" \/>\n<meta property=\"og:site_name\" content=\"Flow, level, liquid analysis, optical analysis, pressure, temperature measurement, software and system products\" \/>\n<meta property=\"article:modified_time\" content=\"2025-05-20T13:15:23+00:00\" \/>\n<meta property=\"og:image\" content=\"https:\/\/www.baihs.com\/wp-content\/uploads\/2025\/04\/CPA25_s_Stack03_C_001_LowRes.jpg\" \/>\n\t<meta property=\"og:image:width\" content=\"240\" \/>\n\t<meta property=\"og:image:height\" content=\"321\" \/>\n\t<meta property=\"og:image:type\" content=\"image\/jpeg\" \/>\n<meta name=\"twitter:card\" content=\"summary_large_image\" \/>\n<meta name=\"twitter:label1\" content=\"Tempo estimado de leitura\" \/>\n\t<meta name=\"twitter:data1\" content=\"2 minutos\" \/>\n<script type=\"application\/ld+json\" class=\"yoast-schema-graph\">{\"@context\":\"https:\/\/schema.org\",\"@graph\":[{\"@type\":\"WebPage\",\"@id\":\"https:\/\/www.baihs.com\/product\/flow-assembly-flowfit-cpa25\/\",\"url\":\"https:\/\/www.baihs.com\/product\/flow-assembly-flowfit-cpa25\/\",\"name\":\"Flow assembly Flowfit CPA25 - Flow, level, liquid analysis, optical analysis, pressure, temperature measurement, software and system products\",\"isPartOf\":{\"@id\":\"https:\/\/www.baihs.com\/#website\"},\"primaryImageOfPage\":{\"@id\":\"https:\/\/www.baihs.com\/product\/flow-assembly-flowfit-cpa25\/#primaryimage\"},\"image\":{\"@id\":\"https:\/\/www.baihs.com\/product\/flow-assembly-flowfit-cpa25\/#primaryimage\"},\"thumbnailUrl\":\"https:\/\/www.baihs.com\/wp-content\/uploads\/2025\/04\/CPA25_s_Stack03_C_001_LowRes.jpg\",\"datePublished\":\"2025-04-23T07:44:00+00:00\",\"dateModified\":\"2025-05-20T13:15:23+00:00\",\"description\":\"Universal assembly for the water and wastewater industry and industrial auxiliary processes.\",\"breadcrumb\":{\"@id\":\"https:\/\/www.baihs.com\/product\/flow-assembly-flowfit-cpa25\/#breadcrumb\"},\"inLanguage\":\"pt-PT\",\"potentialAction\":[{\"@type\":\"ReadAction\",\"target\":[\"https:\/\/www.baihs.com\/product\/flow-assembly-flowfit-cpa25\/\"]}]},{\"@type\":\"ImageObject\",\"inLanguage\":\"pt-PT\",\"@id\":\"https:\/\/www.baihs.com\/product\/flow-assembly-flowfit-cpa25\/#primaryimage\",\"url\":\"https:\/\/www.baihs.com\/wp-content\/uploads\/2025\/04\/CPA25_s_Stack03_C_001_LowRes.jpg\",\"contentUrl\":\"https:\/\/www.baihs.com\/wp-content\/uploads\/2025\/04\/CPA25_s_Stack03_C_001_LowRes.jpg\",\"width\":240,\"height\":321},{\"@type\":\"BreadcrumbList\",\"@id\":\"https:\/\/www.baihs.com\/product\/flow-assembly-flowfit-cpa25\/#breadcrumb\",\"itemListElement\":[{\"@type\":\"ListItem\",\"position\":1,\"name\":\"\u9996\u9875\",\"item\":\"https:\/\/www.baihs.com\/\"},{\"@type\":\"ListItem\",\"position\":2,\"name\":\"Product\",\"item\":\"https:\/\/www.baihs.com\/product\/\"},{\"@type\":\"ListItem\",\"position\":3,\"name\":\"Flow assembly Flowfit CPA25\"}]},{\"@type\":\"WebSite\",\"@id\":\"https:\/\/www.baihs.com\/#website\",\"url\":\"https:\/\/www.baihs.com\/\",\"name\":\"Endress+Hauser,PLC China supplier - Shenzhen Kolai Automation Technology Co., Ltd.\",\"description\":\"People for Process Automation offer you solutions and products in flow, level, liquid analysis, optical analysis, pressure, temperature measurement, software and system products\",\"publisher\":{\"@id\":\"https:\/\/www.baihs.com\/#organization\"},\"alternateName\":\"Endress+Hauser pH electrode,pressure transmitter,level meter,Allen Bradley,ABB,Siemens,Eaton,wika\",\"potentialAction\":[{\"@type\":\"SearchAction\",\"target\":{\"@type\":\"EntryPoint\",\"urlTemplate\":\"https:\/\/www.baihs.com\/?s={search_term_string}\"},\"query-input\":{\"@type\":\"PropertyValueSpecification\",\"valueRequired\":true,\"valueName\":\"search_term_string\"}}],\"inLanguage\":\"pt-PT\"},{\"@type\":\"Organization\",\"@id\":\"https:\/\/www.baihs.com\/#organization\",\"name\":\"CONLLY\",\"url\":\"https:\/\/www.baihs.com\/\",\"logo\":{\"@type\":\"ImageObject\",\"inLanguage\":\"pt-PT\",\"@id\":\"https:\/\/www.baihs.com\/#\/schema\/logo\/image\/\",\"url\":\"https:\/\/www.baihs.com\/wp-content\/uploads\/2025\/04\/20250427194648.jpg\",\"contentUrl\":\"https:\/\/www.baihs.com\/wp-content\/uploads\/2025\/04\/20250427194648.jpg\",\"width\":744,\"height\":157,\"caption\":\"CONLLY\"},\"image\":{\"@id\":\"https:\/\/www.baihs.com\/#\/schema\/logo\/image\/\"}}]}<\/script>\n<!-- \/ Yoast SEO plugin. -->","yoast_head_json":{"title":"Flow assembly Flowfit CPA25 - Flow, level, liquid analysis, optical analysis, pressure, temperature measurement, software and system products","description":"Universal assembly for the water and wastewater industry and industrial auxiliary processes.","robots":{"index":"index","follow":"follow","max-snippet":"max-snippet:-1","max-image-preview":"max-image-preview:large","max-video-preview":"max-video-preview:-1"},"canonical":"https:\/\/www.baihs.com\/pt\/produto\/flow-assembly-flowfit-cpa25\/","og_locale":"pt_PT","og_type":"article","og_title":"Flow assembly Flowfit CPA25 - Flow, level, liquid analysis, optical analysis, pressure, temperature measurement, software and system products","og_description":"Universal assembly for the water and wastewater industry and industrial auxiliary processes.","og_url":"https:\/\/www.baihs.com\/pt\/produto\/flow-assembly-flowfit-cpa25\/","og_site_name":"Flow, level, liquid analysis, optical analysis, pressure, temperature measurement, software and system products","article_modified_time":"2025-05-20T13:15:23+00:00","og_image":[{"width":240,"height":321,"url":"https:\/\/www.baihs.com\/wp-content\/uploads\/2025\/04\/CPA25_s_Stack03_C_001_LowRes.jpg","type":"image\/jpeg"}],"twitter_card":"summary_large_image","twitter_misc":{"Tempo estimado de leitura":"2 minutos"},"schema":{"@context":"https:\/\/schema.org","@graph":[{"@type":"WebPage","@id":"https:\/\/www.baihs.com\/product\/flow-assembly-flowfit-cpa25\/","url":"https:\/\/www.baihs.com\/product\/flow-assembly-flowfit-cpa25\/","name":"Flow assembly Flowfit CPA25 - Flow, level, liquid analysis, optical analysis, pressure, temperature measurement, software and system products","isPartOf":{"@id":"https:\/\/www.baihs.com\/#website"},"primaryImageOfPage":{"@id":"https:\/\/www.baihs.com\/product\/flow-assembly-flowfit-cpa25\/#primaryimage"},"image":{"@id":"https:\/\/www.baihs.com\/product\/flow-assembly-flowfit-cpa25\/#primaryimage"},"thumbnailUrl":"https:\/\/www.baihs.com\/wp-content\/uploads\/2025\/04\/CPA25_s_Stack03_C_001_LowRes.jpg","datePublished":"2025-04-23T07:44:00+00:00","dateModified":"2025-05-20T13:15:23+00:00","description":"Universal assembly for the water and wastewater industry and industrial auxiliary processes.","breadcrumb":{"@id":"https:\/\/www.baihs.com\/product\/flow-assembly-flowfit-cpa25\/#breadcrumb"},"inLanguage":"pt-PT","potentialAction":[{"@type":"ReadAction","target":["https:\/\/www.baihs.com\/product\/flow-assembly-flowfit-cpa25\/"]}]},{"@type":"ImageObject","inLanguage":"pt-PT","@id":"https:\/\/www.baihs.com\/product\/flow-assembly-flowfit-cpa25\/#primaryimage","url":"https:\/\/www.baihs.com\/wp-content\/uploads\/2025\/04\/CPA25_s_Stack03_C_001_LowRes.jpg","contentUrl":"https:\/\/www.baihs.com\/wp-content\/uploads\/2025\/04\/CPA25_s_Stack03_C_001_LowRes.jpg","width":240,"height":321},{"@type":"BreadcrumbList","@id":"https:\/\/www.baihs.com\/product\/flow-assembly-flowfit-cpa25\/#breadcrumb","itemListElement":[{"@type":"ListItem","position":1,"name":"\u9996\u9875","item":"https:\/\/www.baihs.com\/"},{"@type":"ListItem","position":2,"name":"Product","item":"https:\/\/www.baihs.com\/product\/"},{"@type":"ListItem","position":3,"name":"Flow assembly Flowfit CPA25"}]},{"@type":"WebSite","@id":"https:\/\/www.baihs.com\/#website","url":"https:\/\/www.baihs.com\/","name":"Endress+Hauser,PLC China supplier - Shenzhen Kolai Automation Technology Co., Ltd.","description":"People for Process Automation offer you solutions and products in flow, level, liquid analysis, optical analysis, pressure, temperature measurement, software and system products","publisher":{"@id":"https:\/\/www.baihs.com\/#organization"},"alternateName":"Endress+Hauser pH electrode,pressure transmitter,level meter,Allen Bradley,ABB,Siemens,Eaton,wika","potentialAction":[{"@type":"SearchAction","target":{"@type":"EntryPoint","urlTemplate":"https:\/\/www.baihs.com\/?s={search_term_string}"},"query-input":{"@type":"PropertyValueSpecification","valueRequired":true,"valueName":"search_term_string"}}],"inLanguage":"pt-PT"},{"@type":"Organization","@id":"https:\/\/www.baihs.com\/#organization","name":"CONLLY","url":"https:\/\/www.baihs.com\/","logo":{"@type":"ImageObject","inLanguage":"pt-PT","@id":"https:\/\/www.baihs.com\/#\/schema\/logo\/image\/","url":"https:\/\/www.baihs.com\/wp-content\/uploads\/2025\/04\/20250427194648.jpg","contentUrl":"https:\/\/www.baihs.com\/wp-content\/uploads\/2025\/04\/20250427194648.jpg","width":744,"height":157,"caption":"CONLLY"},"image":{"@id":"https:\/\/www.baihs.com\/#\/schema\/logo\/image\/"}}]}},"_links":{"self":[{"href":"https:\/\/www.baihs.com\/pt\/wp-json\/wp\/v2\/product\/4792","targetHints":{"allow":["GET"]}}],"collection":[{"href":"https:\/\/www.baihs.com\/pt\/wp-json\/wp\/v2\/product"}],"about":[{"href":"https:\/\/www.baihs.com\/pt\/wp-json\/wp\/v2\/types\/product"}],"wp:featuredmedia":[{"embeddable":true,"href":"https:\/\/www.baihs.com\/pt\/wp-json\/wp\/v2\/media\/5046"}],"wp:attachment":[{"href":"https:\/\/www.baihs.com\/pt\/wp-json\/wp\/v2\/media?parent=4792"}],"wp:term":[{"taxonomy":"product_cat","embeddable":true,"href":"https:\/\/www.baihs.com\/pt\/wp-json\/wp\/v2\/product_cat?post=4792"},{"taxonomy":"product_tag","embeddable":true,"href":"https:\/\/www.baihs.com\/pt\/wp-json\/wp\/v2\/product_tag?post=4792"},{"taxonomy":"product_brand","embeddable":true,"href":"https:\/\/www.baihs.com\/pt\/wp-json\/wp\/v2\/product_brand?post=4792"}],"curies":[{"name":"wp","href":"https:\/\/api.w.org\/{rel}","templated":true}]}}