{"id":4789,"date":"2025-04-23T07:43:29","date_gmt":"2025-04-23T07:43:29","guid":{"rendered":"http:\/\/www.baihs.com\/?post_type=product&#038;p=4789"},"modified":"2025-05-20T13:18:58","modified_gmt":"2025-05-20T13:18:58","slug":"digital-ph-sensor-memosens-cps61e","status":"publish","type":"product","link":"https:\/\/www.baihs.com\/pt\/product\/digital-ph-sensor-memosens-cps61e\/","title":{"rendered":"Sensor digital de pH Memosens CPS61E"},"content":{"rendered":"<h3 class=\"eh-headline-03 eh-p-b eh-m-t-xxlg\">Especifica\u00e7\u00f5es em resumo<\/h3>\n<ul class=\"eh-result-list eh-product-info-category--items\">\n<li class=\"eh-product-info-category--item eh-p-v\">\n<div class=\"eh-grid eh-grid--no-spacing\">\n<div class=\"eh-cell eh-cell--12-col\">\n<h4 class=\"eh-headline--04 eh-font-bold eh-p-b-2\">Gama de medi\u00e7\u00e3o<\/h4>\n<\/div>\n<div class=\"eh-cell eh-cell--12-col\">\n<p>pH: 0 a 14<\/p>\n<\/div>\n<\/div>\n<\/li>\n<li class=\"eh-product-info-category--item eh-p-v\">\n<div class=\"eh-grid eh-grid--no-spacing\">\n<div class=\"eh-cell eh-cell--12-col\">\n<h4 class=\"eh-headline--04 eh-font-bold eh-p-b-2\">Temperatura do processo<\/h4>\n<\/div>\n<div class=\"eh-cell eh-cell--12-col\">\n<p>Aplica\u00e7\u00e3o N:<br \/>\n0 a 100 \u00b0C (32 a 212 \u00b0F)<br \/>\nAt\u00e9 140 \u00b0C (284 \u00b0F) para esteriliza\u00e7\u00e3o<\/p>\n<\/div>\n<\/div>\n<\/li>\n<li class=\"eh-product-info-category--item eh-p-v\">\n<div class=\"eh-grid eh-grid--no-spacing\">\n<div class=\"eh-cell eh-cell--12-col\">\n<h4 class=\"eh-headline--04 eh-font-bold eh-p-b-2\">Press\u00e3o do processo<\/h4>\n<\/div>\n<div class=\"eh-cell eh-cell--12-col\">\n<p>Aplica\u00e7\u00e3o M: 0,8 a 14 bar (11,6 a 203 psi) absolutos<br \/>\nAplica\u00e7\u00e3o N: 0,8 a 7 bar (11,6 a 101,5 psi) absolutos<\/p>\n<h3 class=\"eh-headline-03 eh-p-b eh-m-t-xxlg\">Dom\u00ednio de aplica\u00e7\u00e3o<\/h3>\n<p class=\"eh-p-v\">Mantenha o valor do pH na faixa ideal e maximize o rendimento do seu produto com o Memosens CPS61E. O seu design robusto e a estabilidade a longo prazo garantem valores de medi\u00e7\u00e3o extremamente precisos e reproduz\u00edveis, mesmo ap\u00f3s CIP\/SIP ou autoclavagem. O CPS61E possui tecnologia digital Memosens 2.0, oferecendo armazenamento estendido de dados de calibra\u00e7\u00e3o e processo para manuten\u00e7\u00e3o preditiva. O sensor resiste \u00e0 humidade e permite a calibra\u00e7\u00e3o em laborat\u00f3rio, melhorando a integridade do processo e aumentando o tempo de funcionamento do processo.<\/p>\n<div class=\"eh-p-b-lg\"><\/div>\n<div class=\"eh-rich-content-content\">\n<p class=\"eh-generic--text\">O Memosens CPS61E mede o pH em:<\/p>\n<ul class=\"eh-list-01 eh-generic--list\">\n<li class=\"eh-list--item\">\n<p class=\"eh-generic--text\">Ind\u00fastrias biotecnol\u00f3gica e farmac\u00eautica<br \/>\n- Bioreactores\/fermentadores: controlo de processos na produ\u00e7\u00e3o de enzimas<br \/>\n- Bioreactores\/fermentadores: controlo do crescimento da cultura<\/p>\n<\/li>\n<li class=\"eh-list--item\">\n<p class=\"eh-generic--text\">Alimenta\u00e7\u00e3o e bebidas<br \/>\n- Aplica\u00e7\u00f5es CIP\/SIP<\/p>\n<\/li>\n<\/ul>\n<p class=\"eh-generic--text\">Com aprova\u00e7\u00f5es ATEX, IECEx, CSA C\/US, NEPSI, Jap\u00e3o, INMETRO para utiliza\u00e7\u00e3o em \u00e1reas perigosas, zonas 0, 1 e 2.<\/p>\n<p class=\"eh-generic--text\">Est\u00e1 dispon\u00edvel um certificado farmac\u00eautico de conformidade com o n\u00famero de s\u00e9rie do sensor especificado.<\/p>\n<h3 class=\"eh-headline-03 eh-p-b eh-m-t-xxlg\">Benef\u00edcios<\/h3>\n<ul class=\"eh-list-01 eh-generic--list\">\n<li class=\"eh-list--item\">\n<p class=\"eh-generic--text\">O Memosens 2.0 oferece armazenamento estendido de dados de calibra\u00e7\u00e3o e processo, permitindo uma melhor identifica\u00e7\u00e3o de tend\u00eancias e fornecendo uma base \u00e0 prova de futuro para manuten\u00e7\u00e3o preditiva e servi\u00e7os IIoT aprimorados.<\/p>\n<\/li>\n<li class=\"eh-list--item\">\n<p class=\"eh-generic--text\">A precis\u00e3o e reprodutibilidade excepcionais do sensor ajudam-no a manter o valor do pH no intervalo ideal para um rendimento m\u00e1ximo do produto.<\/p>\n<\/li>\n<li class=\"eh-list--item\">\n<p class=\"eh-generic--text\">Uma membrana de vidro especial e um sistema de refer\u00eancia tornam o sensor resistente a CIP\/SIP e a autoclavagem (at\u00e9 140\u00b0C\/284\u00b0F), oferecendo uma estabilidade m\u00e1xima a longo prazo.<\/p>\n<\/li>\n<li class=\"eh-list--item\">\n<p class=\"eh-generic--text\">O sensor protege a qualidade do seu produto gra\u00e7as \u00e0 sua biocompatibilidade certificada de acordo com a USP classe VI, \u00e0 conformidade das partes h\u00famidas com a FDA, \u00e0 conformidade com a norma VO 1935\/2004, \u00e0 aus\u00eancia de citotoxicidade, bioreactividade ou materiais de origem animal.<\/p>\n<\/li>\n<li class=\"eh-list--item\">\n<p class=\"eh-generic--text\">Simplifique a manuten\u00e7\u00e3o do CPS61E com o software Memobase Plus que armazena e documenta automaticamente todos os dados relevantes do sensor e do processo.<\/p>\n<\/li>\n<li class=\"eh-list--item\">\n<p class=\"eh-generic--text\">M\u00e1xima seguran\u00e7a do processo atrav\u00e9s da transmiss\u00e3o de sinais indutivos sem contacto<\/p>\n<\/li>\n<li class=\"eh-list--item\">\n<p class=\"eh-generic--text\">Custos operacionais reduzidos gra\u00e7as \u00e0 minimiza\u00e7\u00e3o do tempo de paragem do processo e ao aumento da vida \u00fatil do sensor.<\/p>\n<\/li>\n<\/ul>\n<\/div>\n<\/div>\n<\/div>\n<\/li>\n<\/ul>","protected":false},"excerpt":{"rendered":"<p>O valor do pH de um l\u00edquido pode ser calculado utilizando o princ\u00edpio da medi\u00e7\u00e3o potenciom\u00e9trica. Este v\u00eddeo mostra do que se trata e como funciona este princ\u00edpio de medi\u00e7\u00e3o.<\/p>","protected":false},"featured_media":5049,"template":"","meta":[],"product_cat":[120,15],"product_tag":[],"product_brand":[],"class_list":["post-4789","product","type-product","status-publish","has-post-thumbnail","hentry","product_cat-water-quality-analyzers","product_cat-endresshauser"],"yoast_head":"<!-- This site is optimized with the Yoast SEO plugin v24.9 - https:\/\/yoast.com\/wordpress\/plugins\/seo\/ -->\n<title>Digital pH sensor Memosens CPS61E - Flow, level, liquid analysis, optical analysis, pressure, temperature measurement, software and system products<\/title>\n<meta name=\"description\" content=\"Memosens 2.0 glass sensor for the food &amp; beverage industry and for bioreactors in biotech industry\" \/>\n<meta name=\"robots\" content=\"index, follow, max-snippet:-1, max-image-preview:large, max-video-preview:-1\" \/>\n<link rel=\"canonical\" href=\"https:\/\/www.baihs.com\/pt\/produto\/digital-ph-sensor-memosens-cps61e\/\" \/>\n<meta property=\"og:locale\" content=\"pt_PT\" \/>\n<meta property=\"og:type\" content=\"article\" \/>\n<meta property=\"og:title\" content=\"Digital pH sensor Memosens CPS61E - Flow, level, liquid analysis, optical analysis, pressure, temperature measurement, software and system products\" \/>\n<meta property=\"og:description\" content=\"Memosens 2.0 glass sensor for the food &amp; beverage industry and for bioreactors in biotech industry\" \/>\n<meta property=\"og:url\" content=\"https:\/\/www.baihs.com\/pt\/produto\/digital-ph-sensor-memosens-cps61e\/\" \/>\n<meta property=\"og:site_name\" content=\"Flow, level, liquid analysis, optical analysis, pressure, temperature measurement, software and system products\" \/>\n<meta property=\"article:modified_time\" content=\"2025-05-20T13:18:58+00:00\" \/>\n<meta property=\"og:image\" content=\"https:\/\/www.baihs.com\/wp-content\/uploads\/2025\/04\/CPS61E-digital-ph-sensor.jpg\" \/>\n\t<meta property=\"og:image:width\" content=\"240\" \/>\n\t<meta property=\"og:image:height\" content=\"321\" \/>\n\t<meta property=\"og:image:type\" content=\"image\/jpeg\" \/>\n<meta name=\"twitter:card\" content=\"summary_large_image\" \/>\n<meta name=\"twitter:label1\" content=\"Tempo estimado de leitura\" \/>\n\t<meta name=\"twitter:data1\" content=\"2 minutos\" \/>\n<script type=\"application\/ld+json\" class=\"yoast-schema-graph\">{\"@context\":\"https:\/\/schema.org\",\"@graph\":[{\"@type\":\"WebPage\",\"@id\":\"https:\/\/www.baihs.com\/product\/digital-ph-sensor-memosens-cps61e\/\",\"url\":\"https:\/\/www.baihs.com\/product\/digital-ph-sensor-memosens-cps61e\/\",\"name\":\"Digital pH sensor Memosens CPS61E - Flow, level, liquid analysis, optical analysis, pressure, temperature measurement, software and system products\",\"isPartOf\":{\"@id\":\"https:\/\/www.baihs.com\/#website\"},\"primaryImageOfPage\":{\"@id\":\"https:\/\/www.baihs.com\/product\/digital-ph-sensor-memosens-cps61e\/#primaryimage\"},\"image\":{\"@id\":\"https:\/\/www.baihs.com\/product\/digital-ph-sensor-memosens-cps61e\/#primaryimage\"},\"thumbnailUrl\":\"https:\/\/www.baihs.com\/wp-content\/uploads\/2025\/04\/CPS61E-digital-ph-sensor.jpg\",\"datePublished\":\"2025-04-23T07:43:29+00:00\",\"dateModified\":\"2025-05-20T13:18:58+00:00\",\"description\":\"Memosens 2.0 glass sensor for the food & beverage industry and for bioreactors in biotech industry\",\"breadcrumb\":{\"@id\":\"https:\/\/www.baihs.com\/product\/digital-ph-sensor-memosens-cps61e\/#breadcrumb\"},\"inLanguage\":\"pt-PT\",\"potentialAction\":[{\"@type\":\"ReadAction\",\"target\":[\"https:\/\/www.baihs.com\/product\/digital-ph-sensor-memosens-cps61e\/\"]}]},{\"@type\":\"ImageObject\",\"inLanguage\":\"pt-PT\",\"@id\":\"https:\/\/www.baihs.com\/product\/digital-ph-sensor-memosens-cps61e\/#primaryimage\",\"url\":\"https:\/\/www.baihs.com\/wp-content\/uploads\/2025\/04\/CPS61E-digital-ph-sensor.jpg\",\"contentUrl\":\"https:\/\/www.baihs.com\/wp-content\/uploads\/2025\/04\/CPS61E-digital-ph-sensor.jpg\",\"width\":240,\"height\":321},{\"@type\":\"BreadcrumbList\",\"@id\":\"https:\/\/www.baihs.com\/product\/digital-ph-sensor-memosens-cps61e\/#breadcrumb\",\"itemListElement\":[{\"@type\":\"ListItem\",\"position\":1,\"name\":\"\u9996\u9875\",\"item\":\"https:\/\/www.baihs.com\/\"},{\"@type\":\"ListItem\",\"position\":2,\"name\":\"Product\",\"item\":\"https:\/\/www.baihs.com\/product\/\"},{\"@type\":\"ListItem\",\"position\":3,\"name\":\"Digital pH sensor Memosens CPS61E\"}]},{\"@type\":\"WebSite\",\"@id\":\"https:\/\/www.baihs.com\/#website\",\"url\":\"https:\/\/www.baihs.com\/\",\"name\":\"Endress+Hauser,PLC China supplier - Shenzhen Kolai Automation Technology Co., Ltd.\",\"description\":\"People for Process Automation offer you solutions and products in flow, level, liquid analysis, optical analysis, pressure, temperature measurement, software and system products\",\"publisher\":{\"@id\":\"https:\/\/www.baihs.com\/#organization\"},\"alternateName\":\"Endress+Hauser pH electrode,pressure transmitter,level meter,Allen Bradley,ABB,Siemens,Eaton,wika\",\"potentialAction\":[{\"@type\":\"SearchAction\",\"target\":{\"@type\":\"EntryPoint\",\"urlTemplate\":\"https:\/\/www.baihs.com\/?s={search_term_string}\"},\"query-input\":{\"@type\":\"PropertyValueSpecification\",\"valueRequired\":true,\"valueName\":\"search_term_string\"}}],\"inLanguage\":\"pt-PT\"},{\"@type\":\"Organization\",\"@id\":\"https:\/\/www.baihs.com\/#organization\",\"name\":\"CONLLY\",\"url\":\"https:\/\/www.baihs.com\/\",\"logo\":{\"@type\":\"ImageObject\",\"inLanguage\":\"pt-PT\",\"@id\":\"https:\/\/www.baihs.com\/#\/schema\/logo\/image\/\",\"url\":\"https:\/\/www.baihs.com\/wp-content\/uploads\/2025\/04\/20250427194648.jpg\",\"contentUrl\":\"https:\/\/www.baihs.com\/wp-content\/uploads\/2025\/04\/20250427194648.jpg\",\"width\":744,\"height\":157,\"caption\":\"CONLLY\"},\"image\":{\"@id\":\"https:\/\/www.baihs.com\/#\/schema\/logo\/image\/\"}}]}<\/script>\n<!-- \/ Yoast SEO plugin. -->","yoast_head_json":{"title":"Digital pH sensor Memosens CPS61E - Flow, level, liquid analysis, optical analysis, pressure, temperature measurement, software and system products","description":"Memosens 2.0 glass sensor for the food & beverage industry and for bioreactors in biotech industry","robots":{"index":"index","follow":"follow","max-snippet":"max-snippet:-1","max-image-preview":"max-image-preview:large","max-video-preview":"max-video-preview:-1"},"canonical":"https:\/\/www.baihs.com\/pt\/produto\/digital-ph-sensor-memosens-cps61e\/","og_locale":"pt_PT","og_type":"article","og_title":"Digital pH sensor Memosens CPS61E - Flow, level, liquid analysis, optical analysis, pressure, temperature measurement, software and system products","og_description":"Memosens 2.0 glass sensor for the food & beverage industry and for bioreactors in biotech industry","og_url":"https:\/\/www.baihs.com\/pt\/produto\/digital-ph-sensor-memosens-cps61e\/","og_site_name":"Flow, level, liquid analysis, optical analysis, pressure, temperature measurement, software and system products","article_modified_time":"2025-05-20T13:18:58+00:00","og_image":[{"width":240,"height":321,"url":"https:\/\/www.baihs.com\/wp-content\/uploads\/2025\/04\/CPS61E-digital-ph-sensor.jpg","type":"image\/jpeg"}],"twitter_card":"summary_large_image","twitter_misc":{"Tempo estimado de leitura":"2 minutos"},"schema":{"@context":"https:\/\/schema.org","@graph":[{"@type":"WebPage","@id":"https:\/\/www.baihs.com\/product\/digital-ph-sensor-memosens-cps61e\/","url":"https:\/\/www.baihs.com\/product\/digital-ph-sensor-memosens-cps61e\/","name":"Digital pH sensor Memosens CPS61E - Flow, level, liquid analysis, optical analysis, pressure, temperature measurement, software and system products","isPartOf":{"@id":"https:\/\/www.baihs.com\/#website"},"primaryImageOfPage":{"@id":"https:\/\/www.baihs.com\/product\/digital-ph-sensor-memosens-cps61e\/#primaryimage"},"image":{"@id":"https:\/\/www.baihs.com\/product\/digital-ph-sensor-memosens-cps61e\/#primaryimage"},"thumbnailUrl":"https:\/\/www.baihs.com\/wp-content\/uploads\/2025\/04\/CPS61E-digital-ph-sensor.jpg","datePublished":"2025-04-23T07:43:29+00:00","dateModified":"2025-05-20T13:18:58+00:00","description":"Memosens 2.0 glass sensor for the food & beverage industry and for bioreactors in biotech industry","breadcrumb":{"@id":"https:\/\/www.baihs.com\/product\/digital-ph-sensor-memosens-cps61e\/#breadcrumb"},"inLanguage":"pt-PT","potentialAction":[{"@type":"ReadAction","target":["https:\/\/www.baihs.com\/product\/digital-ph-sensor-memosens-cps61e\/"]}]},{"@type":"ImageObject","inLanguage":"pt-PT","@id":"https:\/\/www.baihs.com\/product\/digital-ph-sensor-memosens-cps61e\/#primaryimage","url":"https:\/\/www.baihs.com\/wp-content\/uploads\/2025\/04\/CPS61E-digital-ph-sensor.jpg","contentUrl":"https:\/\/www.baihs.com\/wp-content\/uploads\/2025\/04\/CPS61E-digital-ph-sensor.jpg","width":240,"height":321},{"@type":"BreadcrumbList","@id":"https:\/\/www.baihs.com\/product\/digital-ph-sensor-memosens-cps61e\/#breadcrumb","itemListElement":[{"@type":"ListItem","position":1,"name":"\u9996\u9875","item":"https:\/\/www.baihs.com\/"},{"@type":"ListItem","position":2,"name":"Product","item":"https:\/\/www.baihs.com\/product\/"},{"@type":"ListItem","position":3,"name":"Digital pH sensor Memosens CPS61E"}]},{"@type":"WebSite","@id":"https:\/\/www.baihs.com\/#website","url":"https:\/\/www.baihs.com\/","name":"Endress+Hauser,PLC China supplier - Shenzhen Kolai Automation Technology Co., Ltd.","description":"People for Process Automation offer you solutions and products in flow, level, liquid analysis, optical analysis, pressure, temperature measurement, software and system products","publisher":{"@id":"https:\/\/www.baihs.com\/#organization"},"alternateName":"Endress+Hauser pH electrode,pressure transmitter,level meter,Allen Bradley,ABB,Siemens,Eaton,wika","potentialAction":[{"@type":"SearchAction","target":{"@type":"EntryPoint","urlTemplate":"https:\/\/www.baihs.com\/?s={search_term_string}"},"query-input":{"@type":"PropertyValueSpecification","valueRequired":true,"valueName":"search_term_string"}}],"inLanguage":"pt-PT"},{"@type":"Organization","@id":"https:\/\/www.baihs.com\/#organization","name":"CONLLY","url":"https:\/\/www.baihs.com\/","logo":{"@type":"ImageObject","inLanguage":"pt-PT","@id":"https:\/\/www.baihs.com\/#\/schema\/logo\/image\/","url":"https:\/\/www.baihs.com\/wp-content\/uploads\/2025\/04\/20250427194648.jpg","contentUrl":"https:\/\/www.baihs.com\/wp-content\/uploads\/2025\/04\/20250427194648.jpg","width":744,"height":157,"caption":"CONLLY"},"image":{"@id":"https:\/\/www.baihs.com\/#\/schema\/logo\/image\/"}}]}},"_links":{"self":[{"href":"https:\/\/www.baihs.com\/pt\/wp-json\/wp\/v2\/product\/4789","targetHints":{"allow":["GET"]}}],"collection":[{"href":"https:\/\/www.baihs.com\/pt\/wp-json\/wp\/v2\/product"}],"about":[{"href":"https:\/\/www.baihs.com\/pt\/wp-json\/wp\/v2\/types\/product"}],"wp:featuredmedia":[{"embeddable":true,"href":"https:\/\/www.baihs.com\/pt\/wp-json\/wp\/v2\/media\/5049"}],"wp:attachment":[{"href":"https:\/\/www.baihs.com\/pt\/wp-json\/wp\/v2\/media?parent=4789"}],"wp:term":[{"taxonomy":"product_cat","embeddable":true,"href":"https:\/\/www.baihs.com\/pt\/wp-json\/wp\/v2\/product_cat?post=4789"},{"taxonomy":"product_tag","embeddable":true,"href":"https:\/\/www.baihs.com\/pt\/wp-json\/wp\/v2\/product_tag?post=4789"},{"taxonomy":"product_brand","embeddable":true,"href":"https:\/\/www.baihs.com\/pt\/wp-json\/wp\/v2\/product_brand?post=4789"}],"curies":[{"name":"wp","href":"https:\/\/api.w.org\/{rel}","templated":true}]}}