{"id":5068,"date":"2025-10-09T14:05:28","date_gmt":"2025-10-09T14:05:28","guid":{"rendered":"https:\/\/www.baihs.com\/?post_type=product&#038;p=5068"},"modified":"2025-10-09T14:05:50","modified_gmt":"2025-10-09T14:05:50","slug":"cpm223-mr0005-2","status":"publish","type":"product","link":"https:\/\/www.baihs.com\/fr\/product\/cpm223-mr0005-2\/","title":{"rendered":"CPM223-MR0005"},"content":{"rendered":"<p>Liquisys CPM223-MR0005 est un transmetteur de pH\/ORP standard pour tous les capteurs analogiques et num\u00e9riques Memosens. Il am\u00e9liore votre s\u00e9curit\u00e9 op\u00e9rationnelle gr\u00e2ce \u00e0 des contr\u00f4les continus de plausibilit\u00e9, de processus et de capteurs. Choisissez parmi de nombreux modules mat\u00e9riels et logiciels, tels que les relais ou la communication par bus de terrain, pour l'adapter exactement \u00e0 votre t\u00e2che de mesure. Cette modularit\u00e9 vous permet \u00e9galement de mettre \u00e0 jour le transmetteur \u00e0 tout moment. Un menu simple et un \u00e9talonnage en deux points rendent la configuration et l'utilisation rapides et faciles.<\/p>\n<p><img loading=\"lazy\" decoding=\"async\" class=\"alignleft wp-image-5070 size-full\" src=\"https:\/\/www.baihs.com\/wp-content\/uploads\/2025\/10\/CPM223-MR0005.png\" alt=\"\" width=\"799\" height=\"440\" srcset=\"https:\/\/www.baihs.com\/wp-content\/uploads\/2025\/10\/CPM223-MR0005.png 799w, https:\/\/www.baihs.com\/wp-content\/uploads\/2025\/10\/CPM223-MR0005-300x165.png 300w, https:\/\/www.baihs.com\/wp-content\/uploads\/2025\/10\/CPM223-MR0005-768x423.png 768w, https:\/\/www.baihs.com\/wp-content\/uploads\/2025\/10\/CPM223-MR0005-18x10.png 18w, https:\/\/www.baihs.com\/wp-content\/uploads\/2025\/10\/CPM223-MR0005-600x330.png 600w\" sizes=\"auto, (max-width: 799px) 100vw, 799px\" \/><\/p>\n<p>&nbsp;<\/p>","protected":false},"excerpt":{"rendered":"<p>Transmetteur de pH\/ORP<br \/>\nLiquisys CPM223<br \/>\nAppareil compact pour tous les secteurs d'activit\u00e9<\/p>","protected":false},"featured_media":5069,"template":"","meta":[],"product_cat":[15],"product_tag":[],"product_brand":[],"class_list":["post-5068","product","type-product","status-publish","has-post-thumbnail","hentry","product_cat-endresshauser"],"yoast_head":"<!-- This site is optimized with the Yoast SEO plugin v24.9 - https:\/\/yoast.com\/wordpress\/plugins\/seo\/ -->\n<title>CPM223-MR0005 - Flow, level, liquid analysis, optical analysis, pressure, temperature measurement, software and system products<\/title>\n<meta name=\"description\" content=\"pH\/ORP transmitterLiquisys CPM223-MR0005 Compact panel device for all industries\" \/>\n<meta name=\"robots\" content=\"index, follow, max-snippet:-1, max-image-preview:large, max-video-preview:-1\" \/>\n<link rel=\"canonical\" href=\"https:\/\/www.baihs.com\/fr\/produit\/cpm223-mr0005-2\/\" \/>\n<meta property=\"og:locale\" content=\"fr_FR\" \/>\n<meta property=\"og:type\" content=\"article\" \/>\n<meta property=\"og:title\" content=\"CPM223-MR0005 - Flow, level, liquid analysis, optical analysis, pressure, temperature measurement, software and system products\" \/>\n<meta property=\"og:description\" content=\"pH\/ORP transmitterLiquisys CPM223-MR0005 Compact panel device for all industries\" \/>\n<meta property=\"og:url\" content=\"https:\/\/www.baihs.com\/fr\/produit\/cpm223-mr0005-2\/\" \/>\n<meta property=\"og:site_name\" content=\"Flow, level, liquid analysis, optical analysis, pressure, temperature measurement, software and system products\" \/>\n<meta property=\"article:modified_time\" content=\"2025-10-09T14:05:50+00:00\" \/>\n<meta property=\"og:image\" content=\"https:\/\/www.baihs.com\/wp-content\/uploads\/2025\/10\/CPM223.jpg\" \/>\n\t<meta property=\"og:image:width\" content=\"240\" \/>\n\t<meta property=\"og:image:height\" content=\"321\" \/>\n\t<meta property=\"og:image:type\" content=\"image\/jpeg\" \/>\n<meta name=\"twitter:card\" content=\"summary_large_image\" \/>\n<meta name=\"twitter:label1\" content=\"Dur\u00e9e de lecture estim\u00e9e\" \/>\n\t<meta name=\"twitter:data1\" content=\"1 minute\" \/>\n<script type=\"application\/ld+json\" class=\"yoast-schema-graph\">{\"@context\":\"https:\/\/schema.org\",\"@graph\":[{\"@type\":\"WebPage\",\"@id\":\"https:\/\/www.baihs.com\/product\/cpm223-mr0005-2\/\",\"url\":\"https:\/\/www.baihs.com\/product\/cpm223-mr0005-2\/\",\"name\":\"CPM223-MR0005 - Flow, level, liquid analysis, optical analysis, pressure, temperature measurement, software and system products\",\"isPartOf\":{\"@id\":\"https:\/\/www.baihs.com\/#website\"},\"primaryImageOfPage\":{\"@id\":\"https:\/\/www.baihs.com\/product\/cpm223-mr0005-2\/#primaryimage\"},\"image\":{\"@id\":\"https:\/\/www.baihs.com\/product\/cpm223-mr0005-2\/#primaryimage\"},\"thumbnailUrl\":\"https:\/\/www.baihs.com\/wp-content\/uploads\/2025\/10\/CPM223.jpg\",\"datePublished\":\"2025-10-09T14:05:28+00:00\",\"dateModified\":\"2025-10-09T14:05:50+00:00\",\"description\":\"pH\/ORP transmitterLiquisys CPM223-MR0005 Compact panel device for all industries\",\"breadcrumb\":{\"@id\":\"https:\/\/www.baihs.com\/product\/cpm223-mr0005-2\/#breadcrumb\"},\"inLanguage\":\"fr-FR\",\"potentialAction\":[{\"@type\":\"ReadAction\",\"target\":[\"https:\/\/www.baihs.com\/product\/cpm223-mr0005-2\/\"]}]},{\"@type\":\"ImageObject\",\"inLanguage\":\"fr-FR\",\"@id\":\"https:\/\/www.baihs.com\/product\/cpm223-mr0005-2\/#primaryimage\",\"url\":\"https:\/\/www.baihs.com\/wp-content\/uploads\/2025\/10\/CPM223.jpg\",\"contentUrl\":\"https:\/\/www.baihs.com\/wp-content\/uploads\/2025\/10\/CPM223.jpg\",\"width\":240,\"height\":321},{\"@type\":\"BreadcrumbList\",\"@id\":\"https:\/\/www.baihs.com\/product\/cpm223-mr0005-2\/#breadcrumb\",\"itemListElement\":[{\"@type\":\"ListItem\",\"position\":1,\"name\":\"\u9996\u9875\",\"item\":\"https:\/\/www.baihs.com\/\"},{\"@type\":\"ListItem\",\"position\":2,\"name\":\"Product\",\"item\":\"https:\/\/www.baihs.com\/product\/\"},{\"@type\":\"ListItem\",\"position\":3,\"name\":\"CPM223-MR0005\"}]},{\"@type\":\"WebSite\",\"@id\":\"https:\/\/www.baihs.com\/#website\",\"url\":\"https:\/\/www.baihs.com\/\",\"name\":\"Endress+Hauser,PLC China supplier - Shenzhen Kolai Automation Technology Co., Ltd.\",\"description\":\"People for Process Automation offer you solutions and products in flow, level, liquid analysis, optical analysis, pressure, temperature measurement, software and system products\",\"publisher\":{\"@id\":\"https:\/\/www.baihs.com\/#organization\"},\"alternateName\":\"Endress+Hauser pH electrode,pressure transmitter,level meter,Allen Bradley,ABB,Siemens,Eaton,wika\",\"potentialAction\":[{\"@type\":\"SearchAction\",\"target\":{\"@type\":\"EntryPoint\",\"urlTemplate\":\"https:\/\/www.baihs.com\/?s={search_term_string}\"},\"query-input\":{\"@type\":\"PropertyValueSpecification\",\"valueRequired\":true,\"valueName\":\"search_term_string\"}}],\"inLanguage\":\"fr-FR\"},{\"@type\":\"Organization\",\"@id\":\"https:\/\/www.baihs.com\/#organization\",\"name\":\"CONLLY\",\"url\":\"https:\/\/www.baihs.com\/\",\"logo\":{\"@type\":\"ImageObject\",\"inLanguage\":\"fr-FR\",\"@id\":\"https:\/\/www.baihs.com\/#\/schema\/logo\/image\/\",\"url\":\"https:\/\/www.baihs.com\/wp-content\/uploads\/2025\/04\/20250427194648.jpg\",\"contentUrl\":\"https:\/\/www.baihs.com\/wp-content\/uploads\/2025\/04\/20250427194648.jpg\",\"width\":744,\"height\":157,\"caption\":\"CONLLY\"},\"image\":{\"@id\":\"https:\/\/www.baihs.com\/#\/schema\/logo\/image\/\"}}]}<\/script>\n<!-- \/ Yoast SEO plugin. -->","yoast_head_json":{"title":"CPM223-MR0005 - Flow, level, liquid analysis, optical analysis, pressure, temperature measurement, software and system products","description":"pH\/ORP transmitterLiquisys CPM223-MR0005 Compact panel device for all industries","robots":{"index":"index","follow":"follow","max-snippet":"max-snippet:-1","max-image-preview":"max-image-preview:large","max-video-preview":"max-video-preview:-1"},"canonical":"https:\/\/www.baihs.com\/fr\/produit\/cpm223-mr0005-2\/","og_locale":"fr_FR","og_type":"article","og_title":"CPM223-MR0005 - Flow, level, liquid analysis, optical analysis, pressure, temperature measurement, software and system products","og_description":"pH\/ORP transmitterLiquisys CPM223-MR0005 Compact panel device for all industries","og_url":"https:\/\/www.baihs.com\/fr\/produit\/cpm223-mr0005-2\/","og_site_name":"Flow, level, liquid analysis, optical analysis, pressure, temperature measurement, software and system products","article_modified_time":"2025-10-09T14:05:50+00:00","og_image":[{"width":240,"height":321,"url":"https:\/\/www.baihs.com\/wp-content\/uploads\/2025\/10\/CPM223.jpg","type":"image\/jpeg"}],"twitter_card":"summary_large_image","twitter_misc":{"Dur\u00e9e de lecture estim\u00e9e":"1 minute"},"schema":{"@context":"https:\/\/schema.org","@graph":[{"@type":"WebPage","@id":"https:\/\/www.baihs.com\/product\/cpm223-mr0005-2\/","url":"https:\/\/www.baihs.com\/product\/cpm223-mr0005-2\/","name":"CPM223-MR0005 - Flow, level, liquid analysis, optical analysis, pressure, temperature measurement, software and system products","isPartOf":{"@id":"https:\/\/www.baihs.com\/#website"},"primaryImageOfPage":{"@id":"https:\/\/www.baihs.com\/product\/cpm223-mr0005-2\/#primaryimage"},"image":{"@id":"https:\/\/www.baihs.com\/product\/cpm223-mr0005-2\/#primaryimage"},"thumbnailUrl":"https:\/\/www.baihs.com\/wp-content\/uploads\/2025\/10\/CPM223.jpg","datePublished":"2025-10-09T14:05:28+00:00","dateModified":"2025-10-09T14:05:50+00:00","description":"pH\/ORP transmitterLiquisys CPM223-MR0005 Compact panel device for all industries","breadcrumb":{"@id":"https:\/\/www.baihs.com\/product\/cpm223-mr0005-2\/#breadcrumb"},"inLanguage":"fr-FR","potentialAction":[{"@type":"ReadAction","target":["https:\/\/www.baihs.com\/product\/cpm223-mr0005-2\/"]}]},{"@type":"ImageObject","inLanguage":"fr-FR","@id":"https:\/\/www.baihs.com\/product\/cpm223-mr0005-2\/#primaryimage","url":"https:\/\/www.baihs.com\/wp-content\/uploads\/2025\/10\/CPM223.jpg","contentUrl":"https:\/\/www.baihs.com\/wp-content\/uploads\/2025\/10\/CPM223.jpg","width":240,"height":321},{"@type":"BreadcrumbList","@id":"https:\/\/www.baihs.com\/product\/cpm223-mr0005-2\/#breadcrumb","itemListElement":[{"@type":"ListItem","position":1,"name":"\u9996\u9875","item":"https:\/\/www.baihs.com\/"},{"@type":"ListItem","position":2,"name":"Product","item":"https:\/\/www.baihs.com\/product\/"},{"@type":"ListItem","position":3,"name":"CPM223-MR0005"}]},{"@type":"WebSite","@id":"https:\/\/www.baihs.com\/#website","url":"https:\/\/www.baihs.com\/","name":"Endress+Hauser,PLC China supplier - Shenzhen Kolai Automation Technology Co., Ltd.","description":"People for Process Automation offer you solutions and products in flow, level, liquid analysis, optical analysis, pressure, temperature measurement, software and system products","publisher":{"@id":"https:\/\/www.baihs.com\/#organization"},"alternateName":"Endress+Hauser pH electrode,pressure transmitter,level meter,Allen Bradley,ABB,Siemens,Eaton,wika","potentialAction":[{"@type":"SearchAction","target":{"@type":"EntryPoint","urlTemplate":"https:\/\/www.baihs.com\/?s={search_term_string}"},"query-input":{"@type":"PropertyValueSpecification","valueRequired":true,"valueName":"search_term_string"}}],"inLanguage":"fr-FR"},{"@type":"Organization","@id":"https:\/\/www.baihs.com\/#organization","name":"CONLLY","url":"https:\/\/www.baihs.com\/","logo":{"@type":"ImageObject","inLanguage":"fr-FR","@id":"https:\/\/www.baihs.com\/#\/schema\/logo\/image\/","url":"https:\/\/www.baihs.com\/wp-content\/uploads\/2025\/04\/20250427194648.jpg","contentUrl":"https:\/\/www.baihs.com\/wp-content\/uploads\/2025\/04\/20250427194648.jpg","width":744,"height":157,"caption":"CONLLY"},"image":{"@id":"https:\/\/www.baihs.com\/#\/schema\/logo\/image\/"}}]}},"_links":{"self":[{"href":"https:\/\/www.baihs.com\/fr\/wp-json\/wp\/v2\/product\/5068","targetHints":{"allow":["GET"]}}],"collection":[{"href":"https:\/\/www.baihs.com\/fr\/wp-json\/wp\/v2\/product"}],"about":[{"href":"https:\/\/www.baihs.com\/fr\/wp-json\/wp\/v2\/types\/product"}],"wp:featuredmedia":[{"embeddable":true,"href":"https:\/\/www.baihs.com\/fr\/wp-json\/wp\/v2\/media\/5069"}],"wp:attachment":[{"href":"https:\/\/www.baihs.com\/fr\/wp-json\/wp\/v2\/media?parent=5068"}],"wp:term":[{"taxonomy":"product_cat","embeddable":true,"href":"https:\/\/www.baihs.com\/fr\/wp-json\/wp\/v2\/product_cat?post=5068"},{"taxonomy":"product_tag","embeddable":true,"href":"https:\/\/www.baihs.com\/fr\/wp-json\/wp\/v2\/product_tag?post=5068"},{"taxonomy":"product_brand","embeddable":true,"href":"https:\/\/www.baihs.com\/fr\/wp-json\/wp\/v2\/product_brand?post=5068"}],"curies":[{"name":"wp","href":"https:\/\/api.w.org\/{rel}","templated":true}]}}