{"id":5059,"date":"2025-08-07T08:46:27","date_gmt":"2025-08-07T08:46:27","guid":{"rendered":"https:\/\/www.baihs.com\/?post_type=product&#038;p=5059"},"modified":"2025-08-07T08:46:27","modified_gmt":"2025-08-07T08:46:27","slug":"proline-promag-w-300","status":"publish","type":"product","link":"https:\/\/www.baihs.com\/fr\/product\/proline-promag-w-300\/","title":{"rendered":"Proline Promag W 300"},"content":{"rendered":"<p>Les sp\u00e9cifications en un coup d'\u0153il<\/p>\n<p>Erreur de mesure maximale<\/p>\n<p>D\u00e9bit volum\u00e9trique (standard) : \u00b10,5 % en ordre de marche \u00b1 1 mm\/s (0,04 in\/s)<br \/>\nD\u00e9bit volum\u00e9trique (option) : \u00b10,2 % en ordre de marche \u00b12 mm\/s (0,08 in\/s), Flat Spec<\/p>\n<p>&nbsp;<\/p>\n<p>Plage de mesure<\/p>\n<p>0,5 m3\/h \u00e0 263000 m3\/h (2,5gal\/min \u00e0 1665 Mgal\/d)<\/p>\n<p>&nbsp;<\/p>\n<p>Plage de temp\u00e9rature moyenne<\/p>\n<p>Mat\u00e9riau du rev\u00eatement caoutchouc dur : 0 \u00e0 +80 \u00b0C (+32 \u00e0 +176 \u00b0F)<br \/>\nMat\u00e9riau du rev\u00eatement polyur\u00e9thane : -20 \u00e0 +50 \u00b0C (-4 \u00e0 +122 \u00b0F)<br \/>\nMat\u00e9riau du rev\u00eatement PTFE : -20 \u00e0 +90 \u00b0C (-4 \u00e0 +194 \u00b0F)<\/p>\n<p>&nbsp;<\/p>\n<p>Pression de traitement max.<\/p>\n<p>PN 40, Classe 300, 20K<\/p>\n<p>&nbsp;<\/p>\n<p>Mat\u00e9riaux en contact avec le sol<\/p>\n<p>Rev\u00eatement : Polyur\u00e9thane ; caoutchouc dur, PTFE<br \/>\n\u00c9lectrodes : 1.4435 (316L) ; alliage C22, 2.4602 (UNS N06022) ; tantale<\/p>\n<p>&nbsp;<\/p>\n<p><a href=\"https:\/\/www.endress.com\/en\/field-instruments-overview\/flow-measurement-product-overview\/electromagnetic-flowmeter-promag-w300-5w3b?t.tabId=product-overview\">Voir toutes les sp\u00e9cifications<\/a><\/p>\n<p>Champ d'application<\/p>\n<p>L'appareil haut de gamme pour la mesure de l'eau et des eaux us\u00e9es Promag W 300 a \u00e9t\u00e9 con\u00e7u pour une utilisation fiable en zone dangereuse et dans des conditions difficiles. Son transmetteur compact offre une grande flexibilit\u00e9 en termes de fonctionnement et d'int\u00e9gration du syst\u00e8me : acc\u00e8s d'un seul c\u00f4t\u00e9, affichage \u00e0 distance et options de connectivit\u00e9 am\u00e9lior\u00e9es. La technologie Heartbeat assure la fiabilit\u00e9 des mesures et la v\u00e9rification de la conformit\u00e9.<\/p>\n<p>&nbsp;<\/p>\n<p>Le principe de mesure bidirectionnelle est pratiquement ind\u00e9pendant de la pression, de la densit\u00e9, de la temp\u00e9rature et de la viscosit\u00e9.<\/p>\n<p>D\u00e9di\u00e9 \u00e0 la mesure des eaux industrielles ou municipales et des eaux us\u00e9es<\/p>\n<p>Propri\u00e9t\u00e9s de l'appareil<\/p>\n<p>Agr\u00e9ments internationaux pour l'eau potable<\/p>\n<p>Degr\u00e9 de protection IP68 (bo\u00eetier de type 6P)<\/p>\n<p>Approuv\u00e9 pour le transfert de garde \u00e0 MI-001\/OIML R49<\/p>\n<p>Bo\u00eetier compact \u00e0 deux compartiments avec jusqu'\u00e0 3 E\/S<\/p>\n<p>\u00c9cran r\u00e9tro\u00e9clair\u00e9 avec commande tactile et acc\u00e8s WLAN<\/p>\n<p>Affichage \u00e0 distance disponible<\/p>","protected":false},"excerpt":{"rendered":"<ul>\n<li>Proline Promag W 300<br \/>\nD\u00e9bitm\u00e8tre \u00e9lectromagn\u00e9tiqueSp\u00e9cialiste des applications exigeantes dans le domaine de l'eau et des eaux us\u00e9es, avec un transmetteur compact et facilement accessible<\/li>\n<\/ul>","protected":false},"featured_media":5060,"template":"","meta":[],"product_cat":[114,15],"product_tag":[],"product_brand":[],"class_list":["post-5059","product","type-product","status-publish","has-post-thumbnail","hentry","product_cat-flow-instruments","product_cat-endresshauser"],"yoast_head":"<!-- This site is optimized with the Yoast SEO plugin v24.9 - https:\/\/yoast.com\/wordpress\/plugins\/seo\/ -->\n<title>Proline Promag W 300 - Flow, level, liquid analysis, optical analysis, pressure, temperature measurement, software and system products<\/title>\n<meta name=\"robots\" content=\"index, follow, max-snippet:-1, max-image-preview:large, max-video-preview:-1\" \/>\n<link rel=\"canonical\" href=\"https:\/\/www.baihs.com\/fr\/produit\/proline-promag-w-300\/\" \/>\n<meta property=\"og:locale\" content=\"fr_FR\" \/>\n<meta property=\"og:type\" content=\"article\" \/>\n<meta property=\"og:title\" content=\"Proline Promag W 300 - Flow, level, liquid analysis, optical analysis, pressure, temperature measurement, software and system products\" \/>\n<meta property=\"og:description\" content=\"Proline Promag W 300 electromagnetic flowmeterSpecialist for demanding water and wastewater applications with a compact, easily accessible transmitter\" \/>\n<meta property=\"og:url\" content=\"https:\/\/www.baihs.com\/fr\/produit\/proline-promag-w-300\/\" \/>\n<meta property=\"og:site_name\" content=\"Flow, level, liquid analysis, optical analysis, pressure, temperature measurement, software and system products\" \/>\n<meta property=\"og:image\" content=\"https:\/\/www.baihs.com\/wp-content\/uploads\/2025\/08\/Proline-Promag-W-300-5W3B-with-flange-connections-for-the-water-wastewater-industry-PP01.jpg\" \/>\n\t<meta property=\"og:image:width\" content=\"240\" \/>\n\t<meta property=\"og:image:height\" content=\"321\" \/>\n\t<meta property=\"og:image:type\" content=\"image\/jpeg\" \/>\n<meta name=\"twitter:card\" content=\"summary_large_image\" \/>\n<meta name=\"twitter:label1\" content=\"Dur\u00e9e de lecture estim\u00e9e\" \/>\n\t<meta name=\"twitter:data1\" content=\"2 minutes\" \/>\n<script type=\"application\/ld+json\" class=\"yoast-schema-graph\">{\"@context\":\"https:\/\/schema.org\",\"@graph\":[{\"@type\":\"WebPage\",\"@id\":\"https:\/\/www.baihs.com\/product\/proline-promag-w-300\/\",\"url\":\"https:\/\/www.baihs.com\/product\/proline-promag-w-300\/\",\"name\":\"Proline Promag W 300 - Flow, level, liquid analysis, optical analysis, pressure, temperature measurement, software and system products\",\"isPartOf\":{\"@id\":\"https:\/\/www.baihs.com\/#website\"},\"primaryImageOfPage\":{\"@id\":\"https:\/\/www.baihs.com\/product\/proline-promag-w-300\/#primaryimage\"},\"image\":{\"@id\":\"https:\/\/www.baihs.com\/product\/proline-promag-w-300\/#primaryimage\"},\"thumbnailUrl\":\"https:\/\/www.baihs.com\/wp-content\/uploads\/2025\/08\/Proline-Promag-W-300-5W3B-with-flange-connections-for-the-water-wastewater-industry-PP01.jpg\",\"datePublished\":\"2025-08-07T08:46:27+00:00\",\"breadcrumb\":{\"@id\":\"https:\/\/www.baihs.com\/product\/proline-promag-w-300\/#breadcrumb\"},\"inLanguage\":\"fr-FR\",\"potentialAction\":[{\"@type\":\"ReadAction\",\"target\":[\"https:\/\/www.baihs.com\/product\/proline-promag-w-300\/\"]}]},{\"@type\":\"ImageObject\",\"inLanguage\":\"fr-FR\",\"@id\":\"https:\/\/www.baihs.com\/product\/proline-promag-w-300\/#primaryimage\",\"url\":\"https:\/\/www.baihs.com\/wp-content\/uploads\/2025\/08\/Proline-Promag-W-300-5W3B-with-flange-connections-for-the-water-wastewater-industry-PP01.jpg\",\"contentUrl\":\"https:\/\/www.baihs.com\/wp-content\/uploads\/2025\/08\/Proline-Promag-W-300-5W3B-with-flange-connections-for-the-water-wastewater-industry-PP01.jpg\",\"width\":240,\"height\":321},{\"@type\":\"BreadcrumbList\",\"@id\":\"https:\/\/www.baihs.com\/product\/proline-promag-w-300\/#breadcrumb\",\"itemListElement\":[{\"@type\":\"ListItem\",\"position\":1,\"name\":\"\u9996\u9875\",\"item\":\"https:\/\/www.baihs.com\/\"},{\"@type\":\"ListItem\",\"position\":2,\"name\":\"Product\",\"item\":\"https:\/\/www.baihs.com\/product\/\"},{\"@type\":\"ListItem\",\"position\":3,\"name\":\"Proline Promag W 300\"}]},{\"@type\":\"WebSite\",\"@id\":\"https:\/\/www.baihs.com\/#website\",\"url\":\"https:\/\/www.baihs.com\/\",\"name\":\"Endress+Hauser,PLC China supplier - Shenzhen Kolai Automation Technology Co., Ltd.\",\"description\":\"People for Process Automation offer you solutions and products in flow, level, liquid analysis, optical analysis, pressure, temperature measurement, software and system products\",\"publisher\":{\"@id\":\"https:\/\/www.baihs.com\/#organization\"},\"alternateName\":\"Endress+Hauser pH electrode,pressure transmitter,level meter,Allen Bradley,ABB,Siemens,Eaton,wika\",\"potentialAction\":[{\"@type\":\"SearchAction\",\"target\":{\"@type\":\"EntryPoint\",\"urlTemplate\":\"https:\/\/www.baihs.com\/?s={search_term_string}\"},\"query-input\":{\"@type\":\"PropertyValueSpecification\",\"valueRequired\":true,\"valueName\":\"search_term_string\"}}],\"inLanguage\":\"fr-FR\"},{\"@type\":\"Organization\",\"@id\":\"https:\/\/www.baihs.com\/#organization\",\"name\":\"CONLLY\",\"url\":\"https:\/\/www.baihs.com\/\",\"logo\":{\"@type\":\"ImageObject\",\"inLanguage\":\"fr-FR\",\"@id\":\"https:\/\/www.baihs.com\/#\/schema\/logo\/image\/\",\"url\":\"https:\/\/www.baihs.com\/wp-content\/uploads\/2025\/04\/20250427194648.jpg\",\"contentUrl\":\"https:\/\/www.baihs.com\/wp-content\/uploads\/2025\/04\/20250427194648.jpg\",\"width\":744,\"height\":157,\"caption\":\"CONLLY\"},\"image\":{\"@id\":\"https:\/\/www.baihs.com\/#\/schema\/logo\/image\/\"}}]}<\/script>\n<!-- \/ Yoast SEO plugin. -->","yoast_head_json":{"title":"Proline Promag W 300 - Flow, level, liquid analysis, optical analysis, pressure, temperature measurement, software and system products","robots":{"index":"index","follow":"follow","max-snippet":"max-snippet:-1","max-image-preview":"max-image-preview:large","max-video-preview":"max-video-preview:-1"},"canonical":"https:\/\/www.baihs.com\/fr\/produit\/proline-promag-w-300\/","og_locale":"fr_FR","og_type":"article","og_title":"Proline Promag W 300 - Flow, level, liquid analysis, optical analysis, pressure, temperature measurement, software and system products","og_description":"Proline Promag W 300 electromagnetic flowmeterSpecialist for demanding water and wastewater applications with a compact, easily accessible transmitter","og_url":"https:\/\/www.baihs.com\/fr\/produit\/proline-promag-w-300\/","og_site_name":"Flow, level, liquid analysis, optical analysis, pressure, temperature measurement, software and system products","og_image":[{"width":240,"height":321,"url":"https:\/\/www.baihs.com\/wp-content\/uploads\/2025\/08\/Proline-Promag-W-300-5W3B-with-flange-connections-for-the-water-wastewater-industry-PP01.jpg","type":"image\/jpeg"}],"twitter_card":"summary_large_image","twitter_misc":{"Dur\u00e9e de lecture estim\u00e9e":"2 minutes"},"schema":{"@context":"https:\/\/schema.org","@graph":[{"@type":"WebPage","@id":"https:\/\/www.baihs.com\/product\/proline-promag-w-300\/","url":"https:\/\/www.baihs.com\/product\/proline-promag-w-300\/","name":"Proline Promag W 300 - Flow, level, liquid analysis, optical analysis, pressure, temperature measurement, software and system products","isPartOf":{"@id":"https:\/\/www.baihs.com\/#website"},"primaryImageOfPage":{"@id":"https:\/\/www.baihs.com\/product\/proline-promag-w-300\/#primaryimage"},"image":{"@id":"https:\/\/www.baihs.com\/product\/proline-promag-w-300\/#primaryimage"},"thumbnailUrl":"https:\/\/www.baihs.com\/wp-content\/uploads\/2025\/08\/Proline-Promag-W-300-5W3B-with-flange-connections-for-the-water-wastewater-industry-PP01.jpg","datePublished":"2025-08-07T08:46:27+00:00","breadcrumb":{"@id":"https:\/\/www.baihs.com\/product\/proline-promag-w-300\/#breadcrumb"},"inLanguage":"fr-FR","potentialAction":[{"@type":"ReadAction","target":["https:\/\/www.baihs.com\/product\/proline-promag-w-300\/"]}]},{"@type":"ImageObject","inLanguage":"fr-FR","@id":"https:\/\/www.baihs.com\/product\/proline-promag-w-300\/#primaryimage","url":"https:\/\/www.baihs.com\/wp-content\/uploads\/2025\/08\/Proline-Promag-W-300-5W3B-with-flange-connections-for-the-water-wastewater-industry-PP01.jpg","contentUrl":"https:\/\/www.baihs.com\/wp-content\/uploads\/2025\/08\/Proline-Promag-W-300-5W3B-with-flange-connections-for-the-water-wastewater-industry-PP01.jpg","width":240,"height":321},{"@type":"BreadcrumbList","@id":"https:\/\/www.baihs.com\/product\/proline-promag-w-300\/#breadcrumb","itemListElement":[{"@type":"ListItem","position":1,"name":"\u9996\u9875","item":"https:\/\/www.baihs.com\/"},{"@type":"ListItem","position":2,"name":"Product","item":"https:\/\/www.baihs.com\/product\/"},{"@type":"ListItem","position":3,"name":"Proline Promag W 300"}]},{"@type":"WebSite","@id":"https:\/\/www.baihs.com\/#website","url":"https:\/\/www.baihs.com\/","name":"Endress+Hauser,PLC China supplier - Shenzhen Kolai Automation Technology Co., Ltd.","description":"People for Process Automation offer you solutions and products in flow, level, liquid analysis, optical analysis, pressure, temperature measurement, software and system products","publisher":{"@id":"https:\/\/www.baihs.com\/#organization"},"alternateName":"Endress+Hauser pH electrode,pressure transmitter,level meter,Allen Bradley,ABB,Siemens,Eaton,wika","potentialAction":[{"@type":"SearchAction","target":{"@type":"EntryPoint","urlTemplate":"https:\/\/www.baihs.com\/?s={search_term_string}"},"query-input":{"@type":"PropertyValueSpecification","valueRequired":true,"valueName":"search_term_string"}}],"inLanguage":"fr-FR"},{"@type":"Organization","@id":"https:\/\/www.baihs.com\/#organization","name":"CONLLY","url":"https:\/\/www.baihs.com\/","logo":{"@type":"ImageObject","inLanguage":"fr-FR","@id":"https:\/\/www.baihs.com\/#\/schema\/logo\/image\/","url":"https:\/\/www.baihs.com\/wp-content\/uploads\/2025\/04\/20250427194648.jpg","contentUrl":"https:\/\/www.baihs.com\/wp-content\/uploads\/2025\/04\/20250427194648.jpg","width":744,"height":157,"caption":"CONLLY"},"image":{"@id":"https:\/\/www.baihs.com\/#\/schema\/logo\/image\/"}}]}},"_links":{"self":[{"href":"https:\/\/www.baihs.com\/fr\/wp-json\/wp\/v2\/product\/5059","targetHints":{"allow":["GET"]}}],"collection":[{"href":"https:\/\/www.baihs.com\/fr\/wp-json\/wp\/v2\/product"}],"about":[{"href":"https:\/\/www.baihs.com\/fr\/wp-json\/wp\/v2\/types\/product"}],"wp:featuredmedia":[{"embeddable":true,"href":"https:\/\/www.baihs.com\/fr\/wp-json\/wp\/v2\/media\/5060"}],"wp:attachment":[{"href":"https:\/\/www.baihs.com\/fr\/wp-json\/wp\/v2\/media?parent=5059"}],"wp:term":[{"taxonomy":"product_cat","embeddable":true,"href":"https:\/\/www.baihs.com\/fr\/wp-json\/wp\/v2\/product_cat?post=5059"},{"taxonomy":"product_tag","embeddable":true,"href":"https:\/\/www.baihs.com\/fr\/wp-json\/wp\/v2\/product_tag?post=5059"},{"taxonomy":"product_brand","embeddable":true,"href":"https:\/\/www.baihs.com\/fr\/wp-json\/wp\/v2\/product_brand?post=5059"}],"curies":[{"name":"wp","href":"https:\/\/api.w.org\/{rel}","templated":true}]}}