{"id":5056,"date":"2025-08-07T08:17:54","date_gmt":"2025-08-07T08:17:54","guid":{"rendered":"https:\/\/www.baihs.com\/?post_type=product&#038;p=5056"},"modified":"2025-08-07T08:18:47","modified_gmt":"2025-08-07T08:18:47","slug":"proline-promag-h-100-electromagnetic-flowmeter","status":"publish","type":"product","link":"https:\/\/www.baihs.com\/fr\/product\/proline-promag-h-100-electromagnetic-flowmeter\/","title":{"rendered":"D\u00e9bitm\u00e8tre \u00e9lectromagn\u00e9tique Proline Promag H 100"},"content":{"rendered":"<p>Les sp\u00e9cifications en un coup d'\u0153il<\/p>\n<p>Erreur de mesure maximale<\/p>\n<p>D\u00e9bit volum\u00e9trique (standard) : \u00b10,5 % en ordre de marche \u00b1 1 mm\/s (0,04 in\/s)<br \/>\nD\u00e9bit volum\u00e9trique (option) \u00b10,2 % en ordre de marche \u00b1 2 mm\/s (0,08 in\/s)<\/p>\n<p>&nbsp;<\/p>\n<p>Plage de mesure<\/p>\n<p>0,06 dm\u00b3\/min \u00e0 600 m\u00b3\/h (0,015 \u00e0 2650 gal\/min)<\/p>\n<p>&nbsp;<\/p>\n<p>Plage de temp\u00e9rature moyenne<\/p>\n<p>De -20 \u00e0 +150 \u00b0C (de -4 \u00e0 +302 \u00b0F)<\/p>\n<p>&nbsp;<\/p>\n<p>Pression de traitement max.<\/p>\n<p>PN 40, Classe 150, 20K<\/p>\n<p>&nbsp;<\/p>\n<p>Mat\u00e9riaux en contact avec le sol<\/p>\n<p>Doublure : PFA<br \/>\n\u00c9lectrodes : 1.4435 (316L) ; alliage C22, 2.4602 (UNS N06022) ; tantale ; platine<br \/>\nRaccords : acier inoxydable, 1.4404 (F316L) ; PVDF ; manchon adh\u00e9sif en PVC<br \/>\nJoints : Joint torique (EPDM, FKM, Kalrez), joint moul\u00e9 aseptique (EPDM, FKM, silicone)<br \/>\nAnneaux de mise \u00e0 la terre : acier inoxydable, 1.4435 (316L) ; alliage C22, 2.4602 (UNS N06022) ; tantale<\/p>\n<p>&nbsp;<\/p>\n<p>Avantages<\/p>\n<p>Mesure multivariable du d\u00e9bit, de la temp\u00e9rature et de la conductivit\u00e9<\/p>\n<p>Concept d'installation flexible - nombreux raccords de processus hygi\u00e9niques<\/p>\n<p>Mesure de d\u00e9bit \u00e9conome en \u00e9nergie - pas de perte de pression due au r\u00e9tr\u00e9cissement de la section transversale<\/p>\n<p>Transmetteur peu encombrant - toutes les fonctionnalit\u00e9s dans un encombrement minimal<\/p>\n<p>Fonctionnement local permettant de gagner du temps sans logiciel ni mat\u00e9riel suppl\u00e9mentaire - serveur web int\u00e9gr\u00e9<\/p>\n<p>V\u00e9rification int\u00e9gr\u00e9e - Heartbeat Technology<\/p>\n<p>Sans entretien - pas de pi\u00e8ces mobiles<\/p>\n<p>&nbsp;<\/p>\n<p>&nbsp;<\/p>\n<p>&nbsp;<\/p>","protected":false},"excerpt":{"rendered":"<p>D\u00e9bitm\u00e8tre \u00e9lectromagn\u00e9tique Proline Promag H 100<\/p>\n<p>Le sp\u00e9cialiste des applications hygi\u00e9niques avec un transmetteur ultra-compact<\/p>","protected":false},"featured_media":5057,"template":"","meta":[],"product_cat":[114,15],"product_tag":[],"product_brand":[],"class_list":["post-5056","product","type-product","status-publish","has-post-thumbnail","hentry","product_cat-flow-instruments","product_cat-endresshauser"],"yoast_head":"<!-- This site is optimized with the Yoast SEO plugin v24.9 - https:\/\/yoast.com\/wordpress\/plugins\/seo\/ -->\n<title>Proline Promag H 100 electromagnetic flowmeter - Flow, level, liquid analysis, optical analysis, pressure, temperature measurement, software and system products<\/title>\n<meta name=\"robots\" content=\"index, follow, max-snippet:-1, max-image-preview:large, max-video-preview:-1\" \/>\n<link rel=\"canonical\" href=\"https:\/\/www.baihs.com\/fr\/produit\/proline-promag-h-100-electromagnetic-flowmeter\/\" \/>\n<meta property=\"og:locale\" content=\"fr_FR\" \/>\n<meta property=\"og:type\" content=\"article\" \/>\n<meta property=\"og:title\" content=\"Proline Promag H 100 electromagnetic flowmeter - Flow, level, liquid analysis, optical analysis, pressure, temperature measurement, software and system products\" \/>\n<meta property=\"og:description\" content=\"Proline Promag H 100\u00a0electromagnetic flowmeter  The specialist for hygienic applications with an ultra-compact transmitter\" \/>\n<meta property=\"og:url\" content=\"https:\/\/www.baihs.com\/fr\/produit\/proline-promag-h-100-electromagnetic-flowmeter\/\" \/>\n<meta property=\"og:site_name\" content=\"Flow, level, liquid analysis, optical analysis, pressure, temperature measurement, software and system products\" \/>\n<meta property=\"article:modified_time\" content=\"2025-08-07T08:18:47+00:00\" \/>\n<meta property=\"og:image\" content=\"https:\/\/www.baihs.com\/wp-content\/uploads\/2025\/08\/Proline-Promag-H-100-_-5H1B-with-Tri-Clamp-connections-for-the-food-and-beverages-and-life-sciences-industries-PP01.jpg\" \/>\n\t<meta property=\"og:image:width\" content=\"240\" \/>\n\t<meta property=\"og:image:height\" content=\"321\" \/>\n\t<meta property=\"og:image:type\" content=\"image\/jpeg\" \/>\n<meta name=\"twitter:card\" content=\"summary_large_image\" \/>\n<meta name=\"twitter:label1\" content=\"Dur\u00e9e de lecture estim\u00e9e\" \/>\n\t<meta name=\"twitter:data1\" content=\"2 minutes\" \/>\n<script type=\"application\/ld+json\" class=\"yoast-schema-graph\">{\"@context\":\"https:\/\/schema.org\",\"@graph\":[{\"@type\":\"WebPage\",\"@id\":\"https:\/\/www.baihs.com\/product\/proline-promag-h-100-electromagnetic-flowmeter\/\",\"url\":\"https:\/\/www.baihs.com\/product\/proline-promag-h-100-electromagnetic-flowmeter\/\",\"name\":\"Proline Promag H 100 electromagnetic flowmeter - Flow, level, liquid analysis, optical analysis, pressure, temperature measurement, software and system products\",\"isPartOf\":{\"@id\":\"https:\/\/www.baihs.com\/#website\"},\"primaryImageOfPage\":{\"@id\":\"https:\/\/www.baihs.com\/product\/proline-promag-h-100-electromagnetic-flowmeter\/#primaryimage\"},\"image\":{\"@id\":\"https:\/\/www.baihs.com\/product\/proline-promag-h-100-electromagnetic-flowmeter\/#primaryimage\"},\"thumbnailUrl\":\"https:\/\/www.baihs.com\/wp-content\/uploads\/2025\/08\/Proline-Promag-H-100-_-5H1B-with-Tri-Clamp-connections-for-the-food-and-beverages-and-life-sciences-industries-PP01.jpg\",\"datePublished\":\"2025-08-07T08:17:54+00:00\",\"dateModified\":\"2025-08-07T08:18:47+00:00\",\"breadcrumb\":{\"@id\":\"https:\/\/www.baihs.com\/product\/proline-promag-h-100-electromagnetic-flowmeter\/#breadcrumb\"},\"inLanguage\":\"fr-FR\",\"potentialAction\":[{\"@type\":\"ReadAction\",\"target\":[\"https:\/\/www.baihs.com\/product\/proline-promag-h-100-electromagnetic-flowmeter\/\"]}]},{\"@type\":\"ImageObject\",\"inLanguage\":\"fr-FR\",\"@id\":\"https:\/\/www.baihs.com\/product\/proline-promag-h-100-electromagnetic-flowmeter\/#primaryimage\",\"url\":\"https:\/\/www.baihs.com\/wp-content\/uploads\/2025\/08\/Proline-Promag-H-100-_-5H1B-with-Tri-Clamp-connections-for-the-food-and-beverages-and-life-sciences-industries-PP01.jpg\",\"contentUrl\":\"https:\/\/www.baihs.com\/wp-content\/uploads\/2025\/08\/Proline-Promag-H-100-_-5H1B-with-Tri-Clamp-connections-for-the-food-and-beverages-and-life-sciences-industries-PP01.jpg\",\"width\":240,\"height\":321},{\"@type\":\"BreadcrumbList\",\"@id\":\"https:\/\/www.baihs.com\/product\/proline-promag-h-100-electromagnetic-flowmeter\/#breadcrumb\",\"itemListElement\":[{\"@type\":\"ListItem\",\"position\":1,\"name\":\"\u9996\u9875\",\"item\":\"https:\/\/www.baihs.com\/\"},{\"@type\":\"ListItem\",\"position\":2,\"name\":\"Product\",\"item\":\"https:\/\/www.baihs.com\/product\/\"},{\"@type\":\"ListItem\",\"position\":3,\"name\":\"Proline Promag H 100 electromagnetic flowmeter\"}]},{\"@type\":\"WebSite\",\"@id\":\"https:\/\/www.baihs.com\/#website\",\"url\":\"https:\/\/www.baihs.com\/\",\"name\":\"Endress+Hauser,PLC China supplier - Shenzhen Kolai Automation Technology Co., Ltd.\",\"description\":\"People for Process Automation offer you solutions and products in flow, level, liquid analysis, optical analysis, pressure, temperature measurement, software and system products\",\"publisher\":{\"@id\":\"https:\/\/www.baihs.com\/#organization\"},\"alternateName\":\"Endress+Hauser pH electrode,pressure transmitter,level meter,Allen Bradley,ABB,Siemens,Eaton,wika\",\"potentialAction\":[{\"@type\":\"SearchAction\",\"target\":{\"@type\":\"EntryPoint\",\"urlTemplate\":\"https:\/\/www.baihs.com\/?s={search_term_string}\"},\"query-input\":{\"@type\":\"PropertyValueSpecification\",\"valueRequired\":true,\"valueName\":\"search_term_string\"}}],\"inLanguage\":\"fr-FR\"},{\"@type\":\"Organization\",\"@id\":\"https:\/\/www.baihs.com\/#organization\",\"name\":\"CONLLY\",\"url\":\"https:\/\/www.baihs.com\/\",\"logo\":{\"@type\":\"ImageObject\",\"inLanguage\":\"fr-FR\",\"@id\":\"https:\/\/www.baihs.com\/#\/schema\/logo\/image\/\",\"url\":\"https:\/\/www.baihs.com\/wp-content\/uploads\/2025\/04\/20250427194648.jpg\",\"contentUrl\":\"https:\/\/www.baihs.com\/wp-content\/uploads\/2025\/04\/20250427194648.jpg\",\"width\":744,\"height\":157,\"caption\":\"CONLLY\"},\"image\":{\"@id\":\"https:\/\/www.baihs.com\/#\/schema\/logo\/image\/\"}}]}<\/script>\n<!-- \/ Yoast SEO plugin. -->","yoast_head_json":{"title":"Proline Promag H 100 electromagnetic flowmeter - Flow, level, liquid analysis, optical analysis, pressure, temperature measurement, software and system products","robots":{"index":"index","follow":"follow","max-snippet":"max-snippet:-1","max-image-preview":"max-image-preview:large","max-video-preview":"max-video-preview:-1"},"canonical":"https:\/\/www.baihs.com\/fr\/produit\/proline-promag-h-100-electromagnetic-flowmeter\/","og_locale":"fr_FR","og_type":"article","og_title":"Proline Promag H 100 electromagnetic flowmeter - Flow, level, liquid analysis, optical analysis, pressure, temperature measurement, software and system products","og_description":"Proline Promag H 100\u00a0electromagnetic flowmeter  The specialist for hygienic applications with an ultra-compact transmitter","og_url":"https:\/\/www.baihs.com\/fr\/produit\/proline-promag-h-100-electromagnetic-flowmeter\/","og_site_name":"Flow, level, liquid analysis, optical analysis, pressure, temperature measurement, software and system products","article_modified_time":"2025-08-07T08:18:47+00:00","og_image":[{"width":240,"height":321,"url":"https:\/\/www.baihs.com\/wp-content\/uploads\/2025\/08\/Proline-Promag-H-100-_-5H1B-with-Tri-Clamp-connections-for-the-food-and-beverages-and-life-sciences-industries-PP01.jpg","type":"image\/jpeg"}],"twitter_card":"summary_large_image","twitter_misc":{"Dur\u00e9e de lecture estim\u00e9e":"2 minutes"},"schema":{"@context":"https:\/\/schema.org","@graph":[{"@type":"WebPage","@id":"https:\/\/www.baihs.com\/product\/proline-promag-h-100-electromagnetic-flowmeter\/","url":"https:\/\/www.baihs.com\/product\/proline-promag-h-100-electromagnetic-flowmeter\/","name":"Proline Promag H 100 electromagnetic flowmeter - Flow, level, liquid analysis, optical analysis, pressure, temperature measurement, software and system products","isPartOf":{"@id":"https:\/\/www.baihs.com\/#website"},"primaryImageOfPage":{"@id":"https:\/\/www.baihs.com\/product\/proline-promag-h-100-electromagnetic-flowmeter\/#primaryimage"},"image":{"@id":"https:\/\/www.baihs.com\/product\/proline-promag-h-100-electromagnetic-flowmeter\/#primaryimage"},"thumbnailUrl":"https:\/\/www.baihs.com\/wp-content\/uploads\/2025\/08\/Proline-Promag-H-100-_-5H1B-with-Tri-Clamp-connections-for-the-food-and-beverages-and-life-sciences-industries-PP01.jpg","datePublished":"2025-08-07T08:17:54+00:00","dateModified":"2025-08-07T08:18:47+00:00","breadcrumb":{"@id":"https:\/\/www.baihs.com\/product\/proline-promag-h-100-electromagnetic-flowmeter\/#breadcrumb"},"inLanguage":"fr-FR","potentialAction":[{"@type":"ReadAction","target":["https:\/\/www.baihs.com\/product\/proline-promag-h-100-electromagnetic-flowmeter\/"]}]},{"@type":"ImageObject","inLanguage":"fr-FR","@id":"https:\/\/www.baihs.com\/product\/proline-promag-h-100-electromagnetic-flowmeter\/#primaryimage","url":"https:\/\/www.baihs.com\/wp-content\/uploads\/2025\/08\/Proline-Promag-H-100-_-5H1B-with-Tri-Clamp-connections-for-the-food-and-beverages-and-life-sciences-industries-PP01.jpg","contentUrl":"https:\/\/www.baihs.com\/wp-content\/uploads\/2025\/08\/Proline-Promag-H-100-_-5H1B-with-Tri-Clamp-connections-for-the-food-and-beverages-and-life-sciences-industries-PP01.jpg","width":240,"height":321},{"@type":"BreadcrumbList","@id":"https:\/\/www.baihs.com\/product\/proline-promag-h-100-electromagnetic-flowmeter\/#breadcrumb","itemListElement":[{"@type":"ListItem","position":1,"name":"\u9996\u9875","item":"https:\/\/www.baihs.com\/"},{"@type":"ListItem","position":2,"name":"Product","item":"https:\/\/www.baihs.com\/product\/"},{"@type":"ListItem","position":3,"name":"Proline Promag H 100 electromagnetic flowmeter"}]},{"@type":"WebSite","@id":"https:\/\/www.baihs.com\/#website","url":"https:\/\/www.baihs.com\/","name":"Endress+Hauser,PLC China supplier - Shenzhen Kolai Automation Technology Co., Ltd.","description":"People for Process Automation offer you solutions and products in flow, level, liquid analysis, optical analysis, pressure, temperature measurement, software and system products","publisher":{"@id":"https:\/\/www.baihs.com\/#organization"},"alternateName":"Endress+Hauser pH electrode,pressure transmitter,level meter,Allen Bradley,ABB,Siemens,Eaton,wika","potentialAction":[{"@type":"SearchAction","target":{"@type":"EntryPoint","urlTemplate":"https:\/\/www.baihs.com\/?s={search_term_string}"},"query-input":{"@type":"PropertyValueSpecification","valueRequired":true,"valueName":"search_term_string"}}],"inLanguage":"fr-FR"},{"@type":"Organization","@id":"https:\/\/www.baihs.com\/#organization","name":"CONLLY","url":"https:\/\/www.baihs.com\/","logo":{"@type":"ImageObject","inLanguage":"fr-FR","@id":"https:\/\/www.baihs.com\/#\/schema\/logo\/image\/","url":"https:\/\/www.baihs.com\/wp-content\/uploads\/2025\/04\/20250427194648.jpg","contentUrl":"https:\/\/www.baihs.com\/wp-content\/uploads\/2025\/04\/20250427194648.jpg","width":744,"height":157,"caption":"CONLLY"},"image":{"@id":"https:\/\/www.baihs.com\/#\/schema\/logo\/image\/"}}]}},"_links":{"self":[{"href":"https:\/\/www.baihs.com\/fr\/wp-json\/wp\/v2\/product\/5056","targetHints":{"allow":["GET"]}}],"collection":[{"href":"https:\/\/www.baihs.com\/fr\/wp-json\/wp\/v2\/product"}],"about":[{"href":"https:\/\/www.baihs.com\/fr\/wp-json\/wp\/v2\/types\/product"}],"wp:featuredmedia":[{"embeddable":true,"href":"https:\/\/www.baihs.com\/fr\/wp-json\/wp\/v2\/media\/5057"}],"wp:attachment":[{"href":"https:\/\/www.baihs.com\/fr\/wp-json\/wp\/v2\/media?parent=5056"}],"wp:term":[{"taxonomy":"product_cat","embeddable":true,"href":"https:\/\/www.baihs.com\/fr\/wp-json\/wp\/v2\/product_cat?post=5056"},{"taxonomy":"product_tag","embeddable":true,"href":"https:\/\/www.baihs.com\/fr\/wp-json\/wp\/v2\/product_tag?post=5056"},{"taxonomy":"product_brand","embeddable":true,"href":"https:\/\/www.baihs.com\/fr\/wp-json\/wp\/v2\/product_brand?post=5056"}],"curies":[{"name":"wp","href":"https:\/\/api.w.org\/{rel}","templated":true}]}}