{"id":5053,"date":"2025-08-07T08:01:33","date_gmt":"2025-08-07T08:01:33","guid":{"rendered":"https:\/\/www.baihs.com\/?post_type=product&#038;p=5053"},"modified":"2025-08-07T08:01:33","modified_gmt":"2025-08-07T08:01:33","slug":"proline-promag-p-300","status":"publish","type":"product","link":"https:\/\/www.baihs.com\/fr\/product\/proline-promag-p-300\/","title":{"rendered":"Proline Promag P 300"},"content":{"rendered":"<p>D\u00e9bitm\u00e8tre \u00e9lectromagn\u00e9tique Proline Promag P 300<\/p>\n<p>D\u00e9bitm\u00e8tre haute temp\u00e9rature pour applications de process avec un transmetteur compact et facilement accessible<\/p>\n<p>Les sp\u00e9cifications en un coup d'\u0153il<\/p>\n<p>&nbsp;<\/p>\n<p>Erreur de mesure maximale<\/p>\n<p>D\u00e9bit volum\u00e9trique (standard) : \u00b10,5 % en ordre de marche \u00b1 1 mm\/s (0,04 in\/s)<br \/>\nD\u00e9bit volum\u00e9trique (option) : \u00b10,2 % en ordre de marche \u00b12 mm\/s (0,08 in\/s), Flat Spec<\/p>\n<p>Plage de mesure<\/p>\n<p>4 dm\u00b3\/min \u00e0 9600 m\u00b3\/h (1 gal\/min \u00e0 44 000 gal\/min)<\/p>\n<p>&nbsp;<\/p>\n<p>Plage de temp\u00e9rature moyenne<\/p>\n<p>Mat\u00e9riau du rev\u00eatement PFA : -20 \u00e0 +150 \u00b0C (-4 \u00e0 +302 \u00b0F)<br \/>\nMat\u00e9riau du rev\u00eatement PFA haute temp\u00e9rature : -20 \u00e0 +180 \u00b0C (-4 \u00e0 +356 \u00b0F)<br \/>\nMat\u00e9riau du rev\u00eatement PTFE : -40 \u00e0 +130 \u00b0C (-40 \u00e0 +266 \u00b0F)<\/p>\n<p>&nbsp;<\/p>\n<p>Pression de traitement max.<\/p>\n<p>PN 40, Classe 300, 20K<\/p>\n<p>Mat\u00e9riaux en contact avec le sol<\/p>\n<p>Rev\u00eatement : PFA ; PTFE<br \/>\n\u00c9lectrodes : 1.4435 (F316L) ; alliage C22, 2.4602 (UNS N06022) ; tantale ; platine ; titane<\/p>\n<p><a href=\"https:\/\/www.endress.com\/en\/field-instruments-overview\/flow-measurement-product-overview\/electromagnetic-flowmeter-Promag-p300-5p3b?t.tabId=product-overview\">Voir toutes les sp\u00e9cifications<\/a><\/p>","protected":false},"excerpt":{"rendered":"<p>D\u00e9bitm\u00e8tre \u00e9lectromagn\u00e9tique Proline Promag P 300D\u00e9bitm\u00e8tre haute temp\u00e9rature pour applications process avec un transmetteur compact et facilement accessible<\/p>","protected":false},"featured_media":5054,"template":"","meta":[],"product_cat":[114,15],"product_tag":[],"product_brand":[],"class_list":["post-5053","product","type-product","status-publish","has-post-thumbnail","hentry","product_cat-flow-instruments","product_cat-endresshauser"],"yoast_head":"<!-- This site is optimized with the Yoast SEO plugin v24.9 - https:\/\/yoast.com\/wordpress\/plugins\/seo\/ -->\n<title>Proline Promag P 300 - Flow, level, liquid analysis, optical analysis, pressure, temperature measurement, software and system products<\/title>\n<meta name=\"description\" content=\"Proline Promag P 300electromagnetic flowmeter\" \/>\n<meta name=\"robots\" content=\"index, follow, max-snippet:-1, max-image-preview:large, max-video-preview:-1\" \/>\n<link rel=\"canonical\" href=\"https:\/\/www.baihs.com\/fr\/produit\/proline-promag-p-300\/\" \/>\n<meta property=\"og:locale\" content=\"fr_FR\" \/>\n<meta property=\"og:type\" content=\"article\" \/>\n<meta property=\"og:title\" content=\"Proline Promag P 300 - Flow, level, liquid analysis, optical analysis, pressure, temperature measurement, software and system products\" \/>\n<meta property=\"og:description\" content=\"Proline Promag P 300electromagnetic flowmeter\" \/>\n<meta property=\"og:url\" content=\"https:\/\/www.baihs.com\/fr\/produit\/proline-promag-p-300\/\" \/>\n<meta property=\"og:site_name\" content=\"Flow, level, liquid analysis, optical analysis, pressure, temperature measurement, software and system products\" \/>\n<meta property=\"og:image\" content=\"https:\/\/www.baihs.com\/wp-content\/uploads\/2025\/08\/Proline-Promag-P-300-5P3B-with-flange-connections-for-process-applications-PP01.jpg\" \/>\n\t<meta property=\"og:image:width\" content=\"240\" \/>\n\t<meta property=\"og:image:height\" content=\"321\" \/>\n\t<meta property=\"og:image:type\" content=\"image\/jpeg\" \/>\n<meta name=\"twitter:card\" content=\"summary_large_image\" \/>\n<meta name=\"twitter:label1\" content=\"Dur\u00e9e de lecture estim\u00e9e\" \/>\n\t<meta name=\"twitter:data1\" content=\"1 minute\" \/>\n<script type=\"application\/ld+json\" class=\"yoast-schema-graph\">{\"@context\":\"https:\/\/schema.org\",\"@graph\":[{\"@type\":\"WebPage\",\"@id\":\"https:\/\/www.baihs.com\/product\/proline-promag-p-300\/\",\"url\":\"https:\/\/www.baihs.com\/product\/proline-promag-p-300\/\",\"name\":\"Proline Promag P 300 - Flow, level, liquid analysis, optical analysis, pressure, temperature measurement, software and system products\",\"isPartOf\":{\"@id\":\"https:\/\/www.baihs.com\/#website\"},\"primaryImageOfPage\":{\"@id\":\"https:\/\/www.baihs.com\/product\/proline-promag-p-300\/#primaryimage\"},\"image\":{\"@id\":\"https:\/\/www.baihs.com\/product\/proline-promag-p-300\/#primaryimage\"},\"thumbnailUrl\":\"https:\/\/www.baihs.com\/wp-content\/uploads\/2025\/08\/Proline-Promag-P-300-5P3B-with-flange-connections-for-process-applications-PP01.jpg\",\"datePublished\":\"2025-08-07T08:01:33+00:00\",\"description\":\"Proline Promag P 300electromagnetic flowmeter\",\"breadcrumb\":{\"@id\":\"https:\/\/www.baihs.com\/product\/proline-promag-p-300\/#breadcrumb\"},\"inLanguage\":\"fr-FR\",\"potentialAction\":[{\"@type\":\"ReadAction\",\"target\":[\"https:\/\/www.baihs.com\/product\/proline-promag-p-300\/\"]}]},{\"@type\":\"ImageObject\",\"inLanguage\":\"fr-FR\",\"@id\":\"https:\/\/www.baihs.com\/product\/proline-promag-p-300\/#primaryimage\",\"url\":\"https:\/\/www.baihs.com\/wp-content\/uploads\/2025\/08\/Proline-Promag-P-300-5P3B-with-flange-connections-for-process-applications-PP01.jpg\",\"contentUrl\":\"https:\/\/www.baihs.com\/wp-content\/uploads\/2025\/08\/Proline-Promag-P-300-5P3B-with-flange-connections-for-process-applications-PP01.jpg\",\"width\":240,\"height\":321},{\"@type\":\"BreadcrumbList\",\"@id\":\"https:\/\/www.baihs.com\/product\/proline-promag-p-300\/#breadcrumb\",\"itemListElement\":[{\"@type\":\"ListItem\",\"position\":1,\"name\":\"\u9996\u9875\",\"item\":\"https:\/\/www.baihs.com\/\"},{\"@type\":\"ListItem\",\"position\":2,\"name\":\"Product\",\"item\":\"https:\/\/www.baihs.com\/product\/\"},{\"@type\":\"ListItem\",\"position\":3,\"name\":\"Proline Promag P 300\"}]},{\"@type\":\"WebSite\",\"@id\":\"https:\/\/www.baihs.com\/#website\",\"url\":\"https:\/\/www.baihs.com\/\",\"name\":\"Endress+Hauser,PLC China supplier - Shenzhen Kolai Automation Technology Co., Ltd.\",\"description\":\"People for Process Automation offer you solutions and products in flow, level, liquid analysis, optical analysis, pressure, temperature measurement, software and system products\",\"publisher\":{\"@id\":\"https:\/\/www.baihs.com\/#organization\"},\"alternateName\":\"Endress+Hauser pH electrode,pressure transmitter,level meter,Allen Bradley,ABB,Siemens,Eaton,wika\",\"potentialAction\":[{\"@type\":\"SearchAction\",\"target\":{\"@type\":\"EntryPoint\",\"urlTemplate\":\"https:\/\/www.baihs.com\/?s={search_term_string}\"},\"query-input\":{\"@type\":\"PropertyValueSpecification\",\"valueRequired\":true,\"valueName\":\"search_term_string\"}}],\"inLanguage\":\"fr-FR\"},{\"@type\":\"Organization\",\"@id\":\"https:\/\/www.baihs.com\/#organization\",\"name\":\"CONLLY\",\"url\":\"https:\/\/www.baihs.com\/\",\"logo\":{\"@type\":\"ImageObject\",\"inLanguage\":\"fr-FR\",\"@id\":\"https:\/\/www.baihs.com\/#\/schema\/logo\/image\/\",\"url\":\"https:\/\/www.baihs.com\/wp-content\/uploads\/2025\/04\/20250427194648.jpg\",\"contentUrl\":\"https:\/\/www.baihs.com\/wp-content\/uploads\/2025\/04\/20250427194648.jpg\",\"width\":744,\"height\":157,\"caption\":\"CONLLY\"},\"image\":{\"@id\":\"https:\/\/www.baihs.com\/#\/schema\/logo\/image\/\"}}]}<\/script>\n<!-- \/ Yoast SEO plugin. -->","yoast_head_json":{"title":"Proline Promag P 300 - Flow, level, liquid analysis, optical analysis, pressure, temperature measurement, software and system products","description":"Proline Promag P 300electromagnetic flowmeter","robots":{"index":"index","follow":"follow","max-snippet":"max-snippet:-1","max-image-preview":"max-image-preview:large","max-video-preview":"max-video-preview:-1"},"canonical":"https:\/\/www.baihs.com\/fr\/produit\/proline-promag-p-300\/","og_locale":"fr_FR","og_type":"article","og_title":"Proline Promag P 300 - Flow, level, liquid analysis, optical analysis, pressure, temperature measurement, software and system products","og_description":"Proline Promag P 300electromagnetic flowmeter","og_url":"https:\/\/www.baihs.com\/fr\/produit\/proline-promag-p-300\/","og_site_name":"Flow, level, liquid analysis, optical analysis, pressure, temperature measurement, software and system products","og_image":[{"width":240,"height":321,"url":"https:\/\/www.baihs.com\/wp-content\/uploads\/2025\/08\/Proline-Promag-P-300-5P3B-with-flange-connections-for-process-applications-PP01.jpg","type":"image\/jpeg"}],"twitter_card":"summary_large_image","twitter_misc":{"Dur\u00e9e de lecture estim\u00e9e":"1 minute"},"schema":{"@context":"https:\/\/schema.org","@graph":[{"@type":"WebPage","@id":"https:\/\/www.baihs.com\/product\/proline-promag-p-300\/","url":"https:\/\/www.baihs.com\/product\/proline-promag-p-300\/","name":"Proline Promag P 300 - Flow, level, liquid analysis, optical analysis, pressure, temperature measurement, software and system products","isPartOf":{"@id":"https:\/\/www.baihs.com\/#website"},"primaryImageOfPage":{"@id":"https:\/\/www.baihs.com\/product\/proline-promag-p-300\/#primaryimage"},"image":{"@id":"https:\/\/www.baihs.com\/product\/proline-promag-p-300\/#primaryimage"},"thumbnailUrl":"https:\/\/www.baihs.com\/wp-content\/uploads\/2025\/08\/Proline-Promag-P-300-5P3B-with-flange-connections-for-process-applications-PP01.jpg","datePublished":"2025-08-07T08:01:33+00:00","description":"Proline Promag P 300electromagnetic flowmeter","breadcrumb":{"@id":"https:\/\/www.baihs.com\/product\/proline-promag-p-300\/#breadcrumb"},"inLanguage":"fr-FR","potentialAction":[{"@type":"ReadAction","target":["https:\/\/www.baihs.com\/product\/proline-promag-p-300\/"]}]},{"@type":"ImageObject","inLanguage":"fr-FR","@id":"https:\/\/www.baihs.com\/product\/proline-promag-p-300\/#primaryimage","url":"https:\/\/www.baihs.com\/wp-content\/uploads\/2025\/08\/Proline-Promag-P-300-5P3B-with-flange-connections-for-process-applications-PP01.jpg","contentUrl":"https:\/\/www.baihs.com\/wp-content\/uploads\/2025\/08\/Proline-Promag-P-300-5P3B-with-flange-connections-for-process-applications-PP01.jpg","width":240,"height":321},{"@type":"BreadcrumbList","@id":"https:\/\/www.baihs.com\/product\/proline-promag-p-300\/#breadcrumb","itemListElement":[{"@type":"ListItem","position":1,"name":"\u9996\u9875","item":"https:\/\/www.baihs.com\/"},{"@type":"ListItem","position":2,"name":"Product","item":"https:\/\/www.baihs.com\/product\/"},{"@type":"ListItem","position":3,"name":"Proline Promag P 300"}]},{"@type":"WebSite","@id":"https:\/\/www.baihs.com\/#website","url":"https:\/\/www.baihs.com\/","name":"Endress+Hauser,PLC China supplier - Shenzhen Kolai Automation Technology Co., Ltd.","description":"People for Process Automation offer you solutions and products in flow, level, liquid analysis, optical analysis, pressure, temperature measurement, software and system products","publisher":{"@id":"https:\/\/www.baihs.com\/#organization"},"alternateName":"Endress+Hauser pH electrode,pressure transmitter,level meter,Allen Bradley,ABB,Siemens,Eaton,wika","potentialAction":[{"@type":"SearchAction","target":{"@type":"EntryPoint","urlTemplate":"https:\/\/www.baihs.com\/?s={search_term_string}"},"query-input":{"@type":"PropertyValueSpecification","valueRequired":true,"valueName":"search_term_string"}}],"inLanguage":"fr-FR"},{"@type":"Organization","@id":"https:\/\/www.baihs.com\/#organization","name":"CONLLY","url":"https:\/\/www.baihs.com\/","logo":{"@type":"ImageObject","inLanguage":"fr-FR","@id":"https:\/\/www.baihs.com\/#\/schema\/logo\/image\/","url":"https:\/\/www.baihs.com\/wp-content\/uploads\/2025\/04\/20250427194648.jpg","contentUrl":"https:\/\/www.baihs.com\/wp-content\/uploads\/2025\/04\/20250427194648.jpg","width":744,"height":157,"caption":"CONLLY"},"image":{"@id":"https:\/\/www.baihs.com\/#\/schema\/logo\/image\/"}}]}},"_links":{"self":[{"href":"https:\/\/www.baihs.com\/fr\/wp-json\/wp\/v2\/product\/5053","targetHints":{"allow":["GET"]}}],"collection":[{"href":"https:\/\/www.baihs.com\/fr\/wp-json\/wp\/v2\/product"}],"about":[{"href":"https:\/\/www.baihs.com\/fr\/wp-json\/wp\/v2\/types\/product"}],"wp:featuredmedia":[{"embeddable":true,"href":"https:\/\/www.baihs.com\/fr\/wp-json\/wp\/v2\/media\/5054"}],"wp:attachment":[{"href":"https:\/\/www.baihs.com\/fr\/wp-json\/wp\/v2\/media?parent=5053"}],"wp:term":[{"taxonomy":"product_cat","embeddable":true,"href":"https:\/\/www.baihs.com\/fr\/wp-json\/wp\/v2\/product_cat?post=5053"},{"taxonomy":"product_tag","embeddable":true,"href":"https:\/\/www.baihs.com\/fr\/wp-json\/wp\/v2\/product_tag?post=5053"},{"taxonomy":"product_brand","embeddable":true,"href":"https:\/\/www.baihs.com\/fr\/wp-json\/wp\/v2\/product_brand?post=5053"}],"curies":[{"name":"wp","href":"https:\/\/api.w.org\/{rel}","templated":true}]}}