{"id":5008,"date":"2025-04-29T06:57:01","date_gmt":"2025-04-29T06:57:01","guid":{"rendered":"https:\/\/www.baihs.com\/?post_type=product&#038;p=5008"},"modified":"2025-05-12T14:21:20","modified_gmt":"2025-05-12T14:21:20","slug":"digital-ph-sensor-memosens-cpf81e","status":"publish","type":"product","link":"https:\/\/www.baihs.com\/fr\/product\/digital-ph-sensor-memosens-cpf81e\/","title":{"rendered":"Capteur de pH num\u00e9rique Memosens CPF81E"},"content":{"rendered":"<p>Plage de mesure pH 0 \u00e0 14 Temp\u00e9rature de process Version LH : 0 \u00e0 110 \u00b0C (32 \u00e0 230 \u00b0F) Version NN : 0 \u00e0 80 \u00b0C (32 \u00e0 170 \u00b0F) Pression de process 1 \u00e0 10 bar abs \u00e0 80 \u00b0C (15 \u00e0 145 psi \u00e0 176 \u00b0F)<\/p>\n<p><strong>Domaine d'application Memosens<\/strong><br \/>\nLe CPF81E est la solution num\u00e9rique et robuste pour les environnements difficiles. Il mesure de mani\u00e8re fiable et pr\u00e9cise, m\u00eame dans des milieux abrasifs et \u00e0 des d\u00e9bits \u00e9lev\u00e9s. Gr\u00e2ce \u00e0 son assemblage int\u00e9gr\u00e9, l'\u00e9lectrode \u00e9conomise l'espace d'installation. Gr\u00e2ce \u00e0 la technologie num\u00e9rique Memosens 2.0, la CPF81E associe une int\u00e9grit\u00e9 maximale du processus \u00e0 une utilisation simple. Elle r\u00e9siste \u00e0 l'humidit\u00e9 et permet un \u00e9talonnage en laboratoire. Il offre un stockage \u00e9tendu des donn\u00e9es d'\u00e9talonnage et de traitement, ce qui constitue une base parfaite pour la maintenance pr\u00e9dictive.<\/p>\n<p>Memosens CPF81E est le capteur de pH robuste pour les proc\u00e9d\u00e9s des industries mini\u00e8res et le traitement des eaux industrielles et des eaux us\u00e9es. Il surveille : Flottation Lixiviation Neutralisation Entr\u00e9e et sortie Avec l'approbation CSA C\/US pour l'utilisation dans les zones dangereuses, zones 0, 1 et 2.<\/p>\n<p><strong>Avantages<\/strong><br \/>\nMemosens 2.0 offre un stockage \u00e9tendu des donn\u00e9es d'\u00e9talonnage et de processus, permettant une meilleure identification des tendances et fournissant une base p\u00e9renne pour la maintenance pr\u00e9dictive et les services IIoT am\u00e9lior\u00e9s. Stabilit\u00e9 \u00e0 long terme : La double jonction offre une meilleure protection contre les ions d'empoisonnement des \u00e9lectrodes tels que S2- ou CN-. Le bo\u00eetier polym\u00e8re robuste prot\u00e8ge contre les dommages m\u00e9caniques. La membrane plate en option rend le capteur adapt\u00e9 aux d\u00e9bits \u00e9lev\u00e9s et aux milieux abrasifs. La transmission de signaux inductifs sans contact garantit une s\u00e9curit\u00e9 maximale du processus. Le temps de fonctionnement maximal du proc\u00e9d\u00e9 et la dur\u00e9e de vie prolong\u00e9e du capteur r\u00e9duisent les co\u00fbts d'exploitation.<\/p>","protected":false},"excerpt":{"rendered":"<p>\u00c9lectrode compacte Memosens 2.0 pour les industries des eaux us\u00e9es, des mines, des min\u00e9raux et des m\u00e9taux<br \/>\nMod\u00e8le repr\u00e9sentatif CPF81E-1009\/0 CPF81E-AA5LAD<\/p>","protected":false},"featured_media":5011,"template":"","meta":[],"product_cat":[120,15],"product_tag":[],"product_brand":[],"class_list":["post-5008","product","type-product","status-publish","has-post-thumbnail","hentry","product_cat-water-quality-analyzers","product_cat-endresshauser"],"yoast_head":"<!-- This site is optimized with the Yoast SEO plugin v24.9 - https:\/\/yoast.com\/wordpress\/plugins\/seo\/ -->\n<title>Digital pH sensor Memosens CPF81E - Flow, level, liquid analysis, optical analysis, pressure, temperature measurement, software and system products<\/title>\n<meta name=\"description\" content=\"Memosens 2.0 compact electrode for wastewater, mining, minerals and metal industries\" \/>\n<meta name=\"robots\" content=\"index, follow, max-snippet:-1, max-image-preview:large, max-video-preview:-1\" \/>\n<link rel=\"canonical\" href=\"https:\/\/www.baihs.com\/fr\/produit\/digital-ph-sensor-memosens-cpf81e\/\" \/>\n<meta property=\"og:locale\" content=\"fr_FR\" \/>\n<meta property=\"og:type\" content=\"article\" \/>\n<meta property=\"og:title\" content=\"Digital pH sensor Memosens CPF81E - Flow, level, liquid analysis, optical analysis, pressure, temperature measurement, software and system products\" \/>\n<meta property=\"og:description\" content=\"Memosens 2.0 compact electrode for wastewater, mining, minerals and metal industries\" \/>\n<meta property=\"og:url\" content=\"https:\/\/www.baihs.com\/fr\/produit\/digital-ph-sensor-memosens-cpf81e\/\" \/>\n<meta property=\"og:site_name\" content=\"Flow, level, liquid analysis, optical analysis, pressure, temperature measurement, software and system products\" \/>\n<meta property=\"article:modified_time\" content=\"2025-05-12T14:21:20+00:00\" \/>\n<meta property=\"og:image\" content=\"https:\/\/www.baihs.com\/wp-content\/uploads\/2025\/04\/CPF81E-digital-pH-sensor-1.jpg\" \/>\n\t<meta property=\"og:image:width\" content=\"240\" \/>\n\t<meta property=\"og:image:height\" content=\"321\" \/>\n\t<meta property=\"og:image:type\" content=\"image\/jpeg\" \/>\n<meta name=\"twitter:card\" content=\"summary_large_image\" \/>\n<meta name=\"twitter:label1\" content=\"Dur\u00e9e de lecture estim\u00e9e\" \/>\n\t<meta name=\"twitter:data1\" content=\"2 minutes\" \/>\n<script type=\"application\/ld+json\" class=\"yoast-schema-graph\">{\"@context\":\"https:\/\/schema.org\",\"@graph\":[{\"@type\":\"WebPage\",\"@id\":\"https:\/\/www.baihs.com\/product\/digital-ph-sensor-memosens-cpf81e\/\",\"url\":\"https:\/\/www.baihs.com\/product\/digital-ph-sensor-memosens-cpf81e\/\",\"name\":\"Digital pH sensor Memosens CPF81E - Flow, level, liquid analysis, optical analysis, pressure, temperature measurement, software and system products\",\"isPartOf\":{\"@id\":\"https:\/\/www.baihs.com\/#website\"},\"primaryImageOfPage\":{\"@id\":\"https:\/\/www.baihs.com\/product\/digital-ph-sensor-memosens-cpf81e\/#primaryimage\"},\"image\":{\"@id\":\"https:\/\/www.baihs.com\/product\/digital-ph-sensor-memosens-cpf81e\/#primaryimage\"},\"thumbnailUrl\":\"https:\/\/www.baihs.com\/wp-content\/uploads\/2025\/04\/CPF81E-digital-pH-sensor-1.jpg\",\"datePublished\":\"2025-04-29T06:57:01+00:00\",\"dateModified\":\"2025-05-12T14:21:20+00:00\",\"description\":\"Memosens 2.0 compact electrode for wastewater, mining, minerals and metal industries\",\"breadcrumb\":{\"@id\":\"https:\/\/www.baihs.com\/product\/digital-ph-sensor-memosens-cpf81e\/#breadcrumb\"},\"inLanguage\":\"fr-FR\",\"potentialAction\":[{\"@type\":\"ReadAction\",\"target\":[\"https:\/\/www.baihs.com\/product\/digital-ph-sensor-memosens-cpf81e\/\"]}]},{\"@type\":\"ImageObject\",\"inLanguage\":\"fr-FR\",\"@id\":\"https:\/\/www.baihs.com\/product\/digital-ph-sensor-memosens-cpf81e\/#primaryimage\",\"url\":\"https:\/\/www.baihs.com\/wp-content\/uploads\/2025\/04\/CPF81E-digital-pH-sensor-1.jpg\",\"contentUrl\":\"https:\/\/www.baihs.com\/wp-content\/uploads\/2025\/04\/CPF81E-digital-pH-sensor-1.jpg\",\"width\":240,\"height\":321},{\"@type\":\"BreadcrumbList\",\"@id\":\"https:\/\/www.baihs.com\/product\/digital-ph-sensor-memosens-cpf81e\/#breadcrumb\",\"itemListElement\":[{\"@type\":\"ListItem\",\"position\":1,\"name\":\"\u9996\u9875\",\"item\":\"https:\/\/www.baihs.com\/\"},{\"@type\":\"ListItem\",\"position\":2,\"name\":\"Product\",\"item\":\"https:\/\/www.baihs.com\/product\/\"},{\"@type\":\"ListItem\",\"position\":3,\"name\":\"Digital pH sensor Memosens CPF81E\"}]},{\"@type\":\"WebSite\",\"@id\":\"https:\/\/www.baihs.com\/#website\",\"url\":\"https:\/\/www.baihs.com\/\",\"name\":\"Endress+Hauser,PLC China supplier - Shenzhen Kolai Automation Technology Co., Ltd.\",\"description\":\"People for Process Automation offer you solutions and products in flow, level, liquid analysis, optical analysis, pressure, temperature measurement, software and system products\",\"publisher\":{\"@id\":\"https:\/\/www.baihs.com\/#organization\"},\"alternateName\":\"Endress+Hauser pH electrode,pressure transmitter,level meter,Allen Bradley,ABB,Siemens,Eaton,wika\",\"potentialAction\":[{\"@type\":\"SearchAction\",\"target\":{\"@type\":\"EntryPoint\",\"urlTemplate\":\"https:\/\/www.baihs.com\/?s={search_term_string}\"},\"query-input\":{\"@type\":\"PropertyValueSpecification\",\"valueRequired\":true,\"valueName\":\"search_term_string\"}}],\"inLanguage\":\"fr-FR\"},{\"@type\":\"Organization\",\"@id\":\"https:\/\/www.baihs.com\/#organization\",\"name\":\"CONLLY\",\"url\":\"https:\/\/www.baihs.com\/\",\"logo\":{\"@type\":\"ImageObject\",\"inLanguage\":\"fr-FR\",\"@id\":\"https:\/\/www.baihs.com\/#\/schema\/logo\/image\/\",\"url\":\"https:\/\/www.baihs.com\/wp-content\/uploads\/2025\/04\/20250427194648.jpg\",\"contentUrl\":\"https:\/\/www.baihs.com\/wp-content\/uploads\/2025\/04\/20250427194648.jpg\",\"width\":744,\"height\":157,\"caption\":\"CONLLY\"},\"image\":{\"@id\":\"https:\/\/www.baihs.com\/#\/schema\/logo\/image\/\"}}]}<\/script>\n<!-- \/ Yoast SEO plugin. -->","yoast_head_json":{"title":"Digital pH sensor Memosens CPF81E - Flow, level, liquid analysis, optical analysis, pressure, temperature measurement, software and system products","description":"Memosens 2.0 compact electrode for wastewater, mining, minerals and metal industries","robots":{"index":"index","follow":"follow","max-snippet":"max-snippet:-1","max-image-preview":"max-image-preview:large","max-video-preview":"max-video-preview:-1"},"canonical":"https:\/\/www.baihs.com\/fr\/produit\/digital-ph-sensor-memosens-cpf81e\/","og_locale":"fr_FR","og_type":"article","og_title":"Digital pH sensor Memosens CPF81E - Flow, level, liquid analysis, optical analysis, pressure, temperature measurement, software and system products","og_description":"Memosens 2.0 compact electrode for wastewater, mining, minerals and metal industries","og_url":"https:\/\/www.baihs.com\/fr\/produit\/digital-ph-sensor-memosens-cpf81e\/","og_site_name":"Flow, level, liquid analysis, optical analysis, pressure, temperature measurement, software and system products","article_modified_time":"2025-05-12T14:21:20+00:00","og_image":[{"width":240,"height":321,"url":"https:\/\/www.baihs.com\/wp-content\/uploads\/2025\/04\/CPF81E-digital-pH-sensor-1.jpg","type":"image\/jpeg"}],"twitter_card":"summary_large_image","twitter_misc":{"Dur\u00e9e de lecture estim\u00e9e":"2 minutes"},"schema":{"@context":"https:\/\/schema.org","@graph":[{"@type":"WebPage","@id":"https:\/\/www.baihs.com\/product\/digital-ph-sensor-memosens-cpf81e\/","url":"https:\/\/www.baihs.com\/product\/digital-ph-sensor-memosens-cpf81e\/","name":"Digital pH sensor Memosens CPF81E - Flow, level, liquid analysis, optical analysis, pressure, temperature measurement, software and system products","isPartOf":{"@id":"https:\/\/www.baihs.com\/#website"},"primaryImageOfPage":{"@id":"https:\/\/www.baihs.com\/product\/digital-ph-sensor-memosens-cpf81e\/#primaryimage"},"image":{"@id":"https:\/\/www.baihs.com\/product\/digital-ph-sensor-memosens-cpf81e\/#primaryimage"},"thumbnailUrl":"https:\/\/www.baihs.com\/wp-content\/uploads\/2025\/04\/CPF81E-digital-pH-sensor-1.jpg","datePublished":"2025-04-29T06:57:01+00:00","dateModified":"2025-05-12T14:21:20+00:00","description":"Memosens 2.0 compact electrode for wastewater, mining, minerals and metal industries","breadcrumb":{"@id":"https:\/\/www.baihs.com\/product\/digital-ph-sensor-memosens-cpf81e\/#breadcrumb"},"inLanguage":"fr-FR","potentialAction":[{"@type":"ReadAction","target":["https:\/\/www.baihs.com\/product\/digital-ph-sensor-memosens-cpf81e\/"]}]},{"@type":"ImageObject","inLanguage":"fr-FR","@id":"https:\/\/www.baihs.com\/product\/digital-ph-sensor-memosens-cpf81e\/#primaryimage","url":"https:\/\/www.baihs.com\/wp-content\/uploads\/2025\/04\/CPF81E-digital-pH-sensor-1.jpg","contentUrl":"https:\/\/www.baihs.com\/wp-content\/uploads\/2025\/04\/CPF81E-digital-pH-sensor-1.jpg","width":240,"height":321},{"@type":"BreadcrumbList","@id":"https:\/\/www.baihs.com\/product\/digital-ph-sensor-memosens-cpf81e\/#breadcrumb","itemListElement":[{"@type":"ListItem","position":1,"name":"\u9996\u9875","item":"https:\/\/www.baihs.com\/"},{"@type":"ListItem","position":2,"name":"Product","item":"https:\/\/www.baihs.com\/product\/"},{"@type":"ListItem","position":3,"name":"Digital pH sensor Memosens CPF81E"}]},{"@type":"WebSite","@id":"https:\/\/www.baihs.com\/#website","url":"https:\/\/www.baihs.com\/","name":"Endress+Hauser,PLC China supplier - Shenzhen Kolai Automation Technology Co., Ltd.","description":"People for Process Automation offer you solutions and products in flow, level, liquid analysis, optical analysis, pressure, temperature measurement, software and system products","publisher":{"@id":"https:\/\/www.baihs.com\/#organization"},"alternateName":"Endress+Hauser pH electrode,pressure transmitter,level meter,Allen Bradley,ABB,Siemens,Eaton,wika","potentialAction":[{"@type":"SearchAction","target":{"@type":"EntryPoint","urlTemplate":"https:\/\/www.baihs.com\/?s={search_term_string}"},"query-input":{"@type":"PropertyValueSpecification","valueRequired":true,"valueName":"search_term_string"}}],"inLanguage":"fr-FR"},{"@type":"Organization","@id":"https:\/\/www.baihs.com\/#organization","name":"CONLLY","url":"https:\/\/www.baihs.com\/","logo":{"@type":"ImageObject","inLanguage":"fr-FR","@id":"https:\/\/www.baihs.com\/#\/schema\/logo\/image\/","url":"https:\/\/www.baihs.com\/wp-content\/uploads\/2025\/04\/20250427194648.jpg","contentUrl":"https:\/\/www.baihs.com\/wp-content\/uploads\/2025\/04\/20250427194648.jpg","width":744,"height":157,"caption":"CONLLY"},"image":{"@id":"https:\/\/www.baihs.com\/#\/schema\/logo\/image\/"}}]}},"_links":{"self":[{"href":"https:\/\/www.baihs.com\/fr\/wp-json\/wp\/v2\/product\/5008","targetHints":{"allow":["GET"]}}],"collection":[{"href":"https:\/\/www.baihs.com\/fr\/wp-json\/wp\/v2\/product"}],"about":[{"href":"https:\/\/www.baihs.com\/fr\/wp-json\/wp\/v2\/types\/product"}],"wp:featuredmedia":[{"embeddable":true,"href":"https:\/\/www.baihs.com\/fr\/wp-json\/wp\/v2\/media\/5011"}],"wp:attachment":[{"href":"https:\/\/www.baihs.com\/fr\/wp-json\/wp\/v2\/media?parent=5008"}],"wp:term":[{"taxonomy":"product_cat","embeddable":true,"href":"https:\/\/www.baihs.com\/fr\/wp-json\/wp\/v2\/product_cat?post=5008"},{"taxonomy":"product_tag","embeddable":true,"href":"https:\/\/www.baihs.com\/fr\/wp-json\/wp\/v2\/product_tag?post=5008"},{"taxonomy":"product_brand","embeddable":true,"href":"https:\/\/www.baihs.com\/fr\/wp-json\/wp\/v2\/product_brand?post=5008"}],"curies":[{"name":"wp","href":"https:\/\/api.w.org\/{rel}","templated":true}]}}