{"id":4845,"date":"2025-05-20T12:59:24","date_gmt":"2025-05-20T12:59:24","guid":{"rendered":"http:\/\/www.baihs.com\/?post_type=product&#038;p=4845"},"modified":"2025-05-20T12:59:24","modified_gmt":"2025-05-20T12:59:24","slug":"1-2-channel-transmitter-liquiline-cm442","status":"publish","type":"product","link":"https:\/\/www.baihs.com\/fr\/product\/1-2-channel-transmitter-liquiline-cm442\/","title":{"rendered":"Transmetteur 1\/2 canaux Liquiline CM442"},"content":{"rendered":"<h3 class=\"eh-headline-03 eh-p-b eh-m-t-xxlg\">Les sp\u00e9cifications en un coup d'\u0153il<img decoding=\"async\" src=\"https:\/\/www.eus.endress.com\/__image\/a\/9513581\/k\/3a72ba2a3401fa00ec930fb385e24473b1667d66\/ar\/4-3\/w\/648\/t\/jpg\/b\/ffffff\/n\/true\/fn\/Bundle_01_71481757_graphic.jpg\" alt=\"Overview of all bundle parts\" \/><\/h3>\n<ul class=\"eh-result-list eh-product-info-category--items\">\n<li class=\"eh-product-info-category--item eh-p-v\">\n<div class=\"eh-grid eh-grid--no-spacing\">\n<div class=\"eh-cell eh-cell--12-col\">\n<h4 class=\"eh-headline--04 eh-font-bold eh-p-b-2\">Entr\u00e9e<\/h4>\n<\/div>\n<div class=\"eh-cell eh-cell--12-col\">\n<p>1 \u00e0 2x entr\u00e9e num\u00e9rique Memosens<br \/>\n2 entr\u00e9es 0\/4 \u00e0 20mA en option<br \/>\n2 entr\u00e9es num\u00e9riques en option<\/p>\n<\/div>\n<\/div>\n<\/li>\n<li class=\"eh-product-info-category--item eh-p-v\">\n<div class=\"eh-grid eh-grid--no-spacing\">\n<div class=\"eh-cell eh-cell--12-col\">\n<h4 class=\"eh-headline--04 eh-font-bold eh-p-b-2\">Sortie \/ communication<\/h4>\n<\/div>\n<div class=\"eh-cell eh-cell--12-col\">\n<p>2 \u00e0 8 sorties de courant 0\/4 \u00e0 20 mA<br \/>\nRelais d'alarme, 2x relais, ProfibusDP, Modbus RS485, Modbus TCP, Ethernet<\/p>\n<\/div>\n<\/div>\n<\/li>\n<li class=\"eh-product-info-category--item eh-p-v\">\n<div class=\"eh-grid eh-grid--no-spacing\">\n<div class=\"eh-cell eh-cell--12-col\">\n<h4 class=\"eh-headline--04 eh-font-bold eh-p-b-2\">Protection contre les agressions<\/h4>\n<\/div>\n<div class=\"eh-cell eh-cell--12-col\">\n<p>IP66 \/ IP67<\/p>\n<h3 class=\"eh-headline-03 eh-p-b eh-m-t-xxlg\">Champ d'application<\/h3>\n<p class=\"eh-p-v\">Le <a href=\"https:\/\/www.conlly.com\/productinfo\/3135320.html\">Liquiline CM442<\/a> vous permet de connecter jusqu'\u00e0 2 capteurs Memosens de votre choix parmi plus de 12 param\u00e8tres de mesure. Il offre une reconnaissance automatique des capteurs, une utilisation facile et des pi\u00e8ces de rechange standardis\u00e9es avec tous les autres appareils de la plateforme Liquiline. Avec ses entr\u00e9es, sorties, contr\u00f4leurs et modules math\u00e9matiques, vous pouvez m\u00eame contr\u00f4ler des syst\u00e8mes de nettoyage ou des pompes doseuses. La technologie Heartbeat vous aide \u00e0 trouver l'\u00e9quilibre id\u00e9al entre la disponibilit\u00e9 des points de mesure et les co\u00fbts de maintenance.<\/p>\n<p class=\"eh-generic--text\">Liquiline CM442 convient \u00e0 toutes les industries et \u00e0 leurs utilit\u00e9s, comme par exemple :<\/p>\n<ul class=\"eh-list-01 eh-generic--list\">\n<li class=\"eh-list--item\">\n<p class=\"eh-generic--text\">Alimentation et boissons<\/p>\n<\/li>\n<li class=\"eh-list--item\">\n<p class=\"eh-generic--text\">Sciences de la vie<\/p>\n<\/li>\n<li class=\"eh-list--item\">\n<p class=\"eh-generic--text\">Puissance et \u00e9nergie<\/p>\n<\/li>\n<li class=\"eh-list--item\">\n<p class=\"eh-generic--text\">Eau et eaux us\u00e9es<\/p>\n<\/li>\n<li class=\"eh-list--item\">\n<p class=\"eh-generic--text\">Produits chimiques<\/p>\n<\/li>\n<li class=\"eh-list--item\">\n<p class=\"eh-generic--text\">Marine<\/p>\n<\/li>\n<\/ul>\n<p class=\"eh-generic--text\">Il est dot\u00e9 des protocoles et interfaces de communication suivants :<\/p>\n<ul class=\"eh-list-01 eh-generic--list\">\n<li class=\"eh-list--item\">\n<p class=\"eh-generic--text\">0\/4...20 mA<\/p>\n<\/li>\n<li class=\"eh-list--item\">\n<p class=\"eh-generic--text\">HART<\/p>\n<\/li>\n<li class=\"eh-list--item\">\n<p class=\"eh-generic--text\">PROFIBUS DP<\/p>\n<\/li>\n<li class=\"eh-list--item\">\n<p class=\"eh-generic--text\">Modbus RS485\/RTU<\/p>\n<\/li>\n<li class=\"eh-list--item\">\n<p class=\"eh-generic--text\">Modbus TCP<\/p>\n<\/li>\n<li class=\"eh-list--item\">\n<p class=\"eh-generic--text\">EtherNet\/IP<\/p>\n<\/li>\n<li class=\"eh-list--item\">\n<p class=\"eh-generic--text\">PROFINET<\/p>\n<\/li>\n<li class=\"eh-list--item\">\n<p class=\"eh-generic--text\">Serveur web<\/p>\n<\/li>\n<\/ul>\n<p class=\"eh-generic--text\">Le transmetteur peut \u00eatre compl\u00e9t\u00e9 par un module dont les agr\u00e9ments de protection contre les explosions, tels que IECEx, ATEX et CSA, permettent de connecter des capteurs install\u00e9s dans des zones dangereuses.<\/p>\n<\/div>\n<\/div>\n<\/li>\n<\/ul>","protected":false},"excerpt":{"rendered":"<p>Restez flexible avec le transmetteur Liquiline CM442 : sa conception modulaire vous permet d'\u00e9voluer facilement et d'ajouter des fonctionnalit\u00e9s suppl\u00e9mentaires \u00e0 tout moment (bus de terrain num\u00e9riques, nombre de canaux, relais, etc.)<\/p>","protected":false},"featured_media":5036,"template":"","meta":[],"product_cat":[120,15],"product_tag":[],"product_brand":[],"class_list":["post-4845","product","type-product","status-publish","has-post-thumbnail","hentry","product_cat-water-quality-analyzers","product_cat-endresshauser"],"yoast_head":"<!-- This site is optimized with the Yoast SEO plugin v24.9 - https:\/\/yoast.com\/wordpress\/plugins\/seo\/ -->\n<title>1-\/2-channel transmitter Liquiline CM442 - Flow, level, liquid analysis, optical analysis, pressure, temperature measurement, software and system products<\/title>\n<meta name=\"description\" content=\"1-\/2-channel transmitterLiquiline CM442Expandable multiparameter field device for all industries\" \/>\n<meta name=\"robots\" content=\"index, follow, max-snippet:-1, max-image-preview:large, max-video-preview:-1\" \/>\n<link rel=\"canonical\" href=\"https:\/\/www.baihs.com\/fr\/produit\/1-2-channel-transmitter-liquiline-cm442\/\" \/>\n<meta property=\"og:locale\" content=\"fr_FR\" \/>\n<meta property=\"og:type\" content=\"article\" \/>\n<meta property=\"og:title\" content=\"1-\/2-channel transmitter Liquiline CM442 - Flow, level, liquid analysis, optical analysis, pressure, temperature measurement, software and system products\" \/>\n<meta property=\"og:description\" content=\"1-\/2-channel transmitterLiquiline CM442Expandable multiparameter field device for all industries\" \/>\n<meta property=\"og:url\" content=\"https:\/\/www.baihs.com\/fr\/produit\/1-2-channel-transmitter-liquiline-cm442\/\" \/>\n<meta property=\"og:site_name\" content=\"Flow, level, liquid analysis, optical analysis, pressure, temperature measurement, software and system products\" \/>\n<meta property=\"og:image\" content=\"https:\/\/www.baihs.com\/wp-content\/uploads\/2025\/05\/CM44_pH.jpg\" \/>\n\t<meta property=\"og:image:width\" content=\"240\" \/>\n\t<meta property=\"og:image:height\" content=\"321\" \/>\n\t<meta property=\"og:image:type\" content=\"image\/jpeg\" \/>\n<meta name=\"twitter:card\" content=\"summary_large_image\" \/>\n<meta name=\"twitter:label1\" content=\"Dur\u00e9e de lecture estim\u00e9e\" \/>\n\t<meta name=\"twitter:data1\" content=\"2 minutes\" \/>\n<script type=\"application\/ld+json\" class=\"yoast-schema-graph\">{\"@context\":\"https:\/\/schema.org\",\"@graph\":[{\"@type\":\"WebPage\",\"@id\":\"https:\/\/www.baihs.com\/product\/1-2-channel-transmitter-liquiline-cm442\/\",\"url\":\"https:\/\/www.baihs.com\/product\/1-2-channel-transmitter-liquiline-cm442\/\",\"name\":\"1-\/2-channel transmitter Liquiline CM442 - Flow, level, liquid analysis, optical analysis, pressure, temperature measurement, software and system products\",\"isPartOf\":{\"@id\":\"https:\/\/www.baihs.com\/#website\"},\"primaryImageOfPage\":{\"@id\":\"https:\/\/www.baihs.com\/product\/1-2-channel-transmitter-liquiline-cm442\/#primaryimage\"},\"image\":{\"@id\":\"https:\/\/www.baihs.com\/product\/1-2-channel-transmitter-liquiline-cm442\/#primaryimage\"},\"thumbnailUrl\":\"https:\/\/www.baihs.com\/wp-content\/uploads\/2025\/05\/CM44_pH.jpg\",\"datePublished\":\"2025-05-20T12:59:24+00:00\",\"description\":\"1-\/2-channel transmitterLiquiline CM442Expandable multiparameter field device for all industries\",\"breadcrumb\":{\"@id\":\"https:\/\/www.baihs.com\/product\/1-2-channel-transmitter-liquiline-cm442\/#breadcrumb\"},\"inLanguage\":\"fr-FR\",\"potentialAction\":[{\"@type\":\"ReadAction\",\"target\":[\"https:\/\/www.baihs.com\/product\/1-2-channel-transmitter-liquiline-cm442\/\"]}]},{\"@type\":\"ImageObject\",\"inLanguage\":\"fr-FR\",\"@id\":\"https:\/\/www.baihs.com\/product\/1-2-channel-transmitter-liquiline-cm442\/#primaryimage\",\"url\":\"https:\/\/www.baihs.com\/wp-content\/uploads\/2025\/05\/CM44_pH.jpg\",\"contentUrl\":\"https:\/\/www.baihs.com\/wp-content\/uploads\/2025\/05\/CM44_pH.jpg\",\"width\":240,\"height\":321},{\"@type\":\"BreadcrumbList\",\"@id\":\"https:\/\/www.baihs.com\/product\/1-2-channel-transmitter-liquiline-cm442\/#breadcrumb\",\"itemListElement\":[{\"@type\":\"ListItem\",\"position\":1,\"name\":\"\u9996\u9875\",\"item\":\"https:\/\/www.baihs.com\/\"},{\"@type\":\"ListItem\",\"position\":2,\"name\":\"Product\",\"item\":\"https:\/\/www.baihs.com\/product\/\"},{\"@type\":\"ListItem\",\"position\":3,\"name\":\"1-\/2-channel transmitter Liquiline CM442\"}]},{\"@type\":\"WebSite\",\"@id\":\"https:\/\/www.baihs.com\/#website\",\"url\":\"https:\/\/www.baihs.com\/\",\"name\":\"Endress+Hauser,PLC China supplier - Shenzhen Kolai Automation Technology Co., Ltd.\",\"description\":\"People for Process Automation offer you solutions and products in flow, level, liquid analysis, optical analysis, pressure, temperature measurement, software and system products\",\"publisher\":{\"@id\":\"https:\/\/www.baihs.com\/#organization\"},\"alternateName\":\"Endress+Hauser pH electrode,pressure transmitter,level meter,Allen Bradley,ABB,Siemens,Eaton,wika\",\"potentialAction\":[{\"@type\":\"SearchAction\",\"target\":{\"@type\":\"EntryPoint\",\"urlTemplate\":\"https:\/\/www.baihs.com\/?s={search_term_string}\"},\"query-input\":{\"@type\":\"PropertyValueSpecification\",\"valueRequired\":true,\"valueName\":\"search_term_string\"}}],\"inLanguage\":\"fr-FR\"},{\"@type\":\"Organization\",\"@id\":\"https:\/\/www.baihs.com\/#organization\",\"name\":\"CONLLY\",\"url\":\"https:\/\/www.baihs.com\/\",\"logo\":{\"@type\":\"ImageObject\",\"inLanguage\":\"fr-FR\",\"@id\":\"https:\/\/www.baihs.com\/#\/schema\/logo\/image\/\",\"url\":\"https:\/\/www.baihs.com\/wp-content\/uploads\/2025\/04\/20250427194648.jpg\",\"contentUrl\":\"https:\/\/www.baihs.com\/wp-content\/uploads\/2025\/04\/20250427194648.jpg\",\"width\":744,\"height\":157,\"caption\":\"CONLLY\"},\"image\":{\"@id\":\"https:\/\/www.baihs.com\/#\/schema\/logo\/image\/\"}}]}<\/script>\n<!-- \/ Yoast SEO plugin. -->","yoast_head_json":{"title":"1-\/2-channel transmitter Liquiline CM442 - Flow, level, liquid analysis, optical analysis, pressure, temperature measurement, software and system products","description":"1-\/2-channel transmitterLiquiline CM442Expandable multiparameter field device for all industries","robots":{"index":"index","follow":"follow","max-snippet":"max-snippet:-1","max-image-preview":"max-image-preview:large","max-video-preview":"max-video-preview:-1"},"canonical":"https:\/\/www.baihs.com\/fr\/produit\/1-2-channel-transmitter-liquiline-cm442\/","og_locale":"fr_FR","og_type":"article","og_title":"1-\/2-channel transmitter Liquiline CM442 - Flow, level, liquid analysis, optical analysis, pressure, temperature measurement, software and system products","og_description":"1-\/2-channel transmitterLiquiline CM442Expandable multiparameter field device for all industries","og_url":"https:\/\/www.baihs.com\/fr\/produit\/1-2-channel-transmitter-liquiline-cm442\/","og_site_name":"Flow, level, liquid analysis, optical analysis, pressure, temperature measurement, software and system products","og_image":[{"width":240,"height":321,"url":"https:\/\/www.baihs.com\/wp-content\/uploads\/2025\/05\/CM44_pH.jpg","type":"image\/jpeg"}],"twitter_card":"summary_large_image","twitter_misc":{"Dur\u00e9e de lecture estim\u00e9e":"2 minutes"},"schema":{"@context":"https:\/\/schema.org","@graph":[{"@type":"WebPage","@id":"https:\/\/www.baihs.com\/product\/1-2-channel-transmitter-liquiline-cm442\/","url":"https:\/\/www.baihs.com\/product\/1-2-channel-transmitter-liquiline-cm442\/","name":"1-\/2-channel transmitter Liquiline CM442 - Flow, level, liquid analysis, optical analysis, pressure, temperature measurement, software and system products","isPartOf":{"@id":"https:\/\/www.baihs.com\/#website"},"primaryImageOfPage":{"@id":"https:\/\/www.baihs.com\/product\/1-2-channel-transmitter-liquiline-cm442\/#primaryimage"},"image":{"@id":"https:\/\/www.baihs.com\/product\/1-2-channel-transmitter-liquiline-cm442\/#primaryimage"},"thumbnailUrl":"https:\/\/www.baihs.com\/wp-content\/uploads\/2025\/05\/CM44_pH.jpg","datePublished":"2025-05-20T12:59:24+00:00","description":"1-\/2-channel transmitterLiquiline CM442Expandable multiparameter field device for all industries","breadcrumb":{"@id":"https:\/\/www.baihs.com\/product\/1-2-channel-transmitter-liquiline-cm442\/#breadcrumb"},"inLanguage":"fr-FR","potentialAction":[{"@type":"ReadAction","target":["https:\/\/www.baihs.com\/product\/1-2-channel-transmitter-liquiline-cm442\/"]}]},{"@type":"ImageObject","inLanguage":"fr-FR","@id":"https:\/\/www.baihs.com\/product\/1-2-channel-transmitter-liquiline-cm442\/#primaryimage","url":"https:\/\/www.baihs.com\/wp-content\/uploads\/2025\/05\/CM44_pH.jpg","contentUrl":"https:\/\/www.baihs.com\/wp-content\/uploads\/2025\/05\/CM44_pH.jpg","width":240,"height":321},{"@type":"BreadcrumbList","@id":"https:\/\/www.baihs.com\/product\/1-2-channel-transmitter-liquiline-cm442\/#breadcrumb","itemListElement":[{"@type":"ListItem","position":1,"name":"\u9996\u9875","item":"https:\/\/www.baihs.com\/"},{"@type":"ListItem","position":2,"name":"Product","item":"https:\/\/www.baihs.com\/product\/"},{"@type":"ListItem","position":3,"name":"1-\/2-channel transmitter Liquiline CM442"}]},{"@type":"WebSite","@id":"https:\/\/www.baihs.com\/#website","url":"https:\/\/www.baihs.com\/","name":"Endress+Hauser,PLC China supplier - Shenzhen Kolai Automation Technology Co., Ltd.","description":"People for Process Automation offer you solutions and products in flow, level, liquid analysis, optical analysis, pressure, temperature measurement, software and system products","publisher":{"@id":"https:\/\/www.baihs.com\/#organization"},"alternateName":"Endress+Hauser pH electrode,pressure transmitter,level meter,Allen Bradley,ABB,Siemens,Eaton,wika","potentialAction":[{"@type":"SearchAction","target":{"@type":"EntryPoint","urlTemplate":"https:\/\/www.baihs.com\/?s={search_term_string}"},"query-input":{"@type":"PropertyValueSpecification","valueRequired":true,"valueName":"search_term_string"}}],"inLanguage":"fr-FR"},{"@type":"Organization","@id":"https:\/\/www.baihs.com\/#organization","name":"CONLLY","url":"https:\/\/www.baihs.com\/","logo":{"@type":"ImageObject","inLanguage":"fr-FR","@id":"https:\/\/www.baihs.com\/#\/schema\/logo\/image\/","url":"https:\/\/www.baihs.com\/wp-content\/uploads\/2025\/04\/20250427194648.jpg","contentUrl":"https:\/\/www.baihs.com\/wp-content\/uploads\/2025\/04\/20250427194648.jpg","width":744,"height":157,"caption":"CONLLY"},"image":{"@id":"https:\/\/www.baihs.com\/#\/schema\/logo\/image\/"}}]}},"_links":{"self":[{"href":"https:\/\/www.baihs.com\/fr\/wp-json\/wp\/v2\/product\/4845","targetHints":{"allow":["GET"]}}],"collection":[{"href":"https:\/\/www.baihs.com\/fr\/wp-json\/wp\/v2\/product"}],"about":[{"href":"https:\/\/www.baihs.com\/fr\/wp-json\/wp\/v2\/types\/product"}],"wp:featuredmedia":[{"embeddable":true,"href":"https:\/\/www.baihs.com\/fr\/wp-json\/wp\/v2\/media\/5036"}],"wp:attachment":[{"href":"https:\/\/www.baihs.com\/fr\/wp-json\/wp\/v2\/media?parent=4845"}],"wp:term":[{"taxonomy":"product_cat","embeddable":true,"href":"https:\/\/www.baihs.com\/fr\/wp-json\/wp\/v2\/product_cat?post=4845"},{"taxonomy":"product_tag","embeddable":true,"href":"https:\/\/www.baihs.com\/fr\/wp-json\/wp\/v2\/product_tag?post=4845"},{"taxonomy":"product_brand","embeddable":true,"href":"https:\/\/www.baihs.com\/fr\/wp-json\/wp\/v2\/product_brand?post=4845"}],"curies":[{"name":"wp","href":"https:\/\/api.w.org\/{rel}","templated":true}]}}