{"id":4798,"date":"2025-04-23T07:45:17","date_gmt":"2025-04-23T07:45:17","guid":{"rendered":"http:\/\/www.baihs.com\/?post_type=product&#038;p=4798"},"modified":"2025-05-20T13:08:49","modified_gmt":"2025-05-20T13:08:49","slug":"cps11e-aa7baa2","status":"publish","type":"product","link":"https:\/\/www.baihs.com\/fr\/product\/cps11e-aa7baa2\/","title":{"rendered":"Capteur de pH num\u00e9rique Memosens CPS11E"},"content":{"rendered":"<ul>\n<li>\n<h3 class=\"eh-headline-03 eh-p-b eh-m-t-xxlg\">Champ d'application<\/h3>\n<p class=\"eh-p-v\">Le Memosens CPS11E est l'appareil num\u00e9rique polyvalent pour les proc\u00e9d\u00e9s stables. Il mesure de mani\u00e8re fiable, m\u00eame dans des plages de pH extr\u00eames ou dans des zones dangereuses. Gr\u00e2ce \u00e0 la technologie num\u00e9rique Memosens 2.0, le capteur de pH r\u00e9siste \u00e0 l'humidit\u00e9 et permet un \u00e9talonnage en laboratoire, ce qui accro\u00eet la s\u00e9curit\u00e9 des proc\u00e9d\u00e9s et simplifie les op\u00e9rations. Son stockage \u00e9tendu des donn\u00e9es d'\u00e9talonnage et de traitement constitue une base parfaite pour la maintenance pr\u00e9dictive. Con\u00e7u pour une longue dur\u00e9e de vie et une maintenance r\u00e9duite, le Memosens CPS11E vous offre le meilleur rapport qualit\u00e9\/prix.<\/p>\n<ul class=\"eh-list-01 eh-generic--list\">\n<li class=\"eh-list--item\">\n<p class=\"eh-generic--text\">Surveillance \u00e0 long terme et surveillance des limites des processus dans des conditions stables :<br \/>\n- Industrie chimique<br \/>\n- Industrie du papier et de la p\u00e2te \u00e0 papier<br \/>\n- Centrales \u00e9lectriques (par exemple, laveurs de gaz de combustion, eau d'alimentation des chaudi\u00e8res)<br \/>\n- Usines d'incin\u00e9ration<\/p>\n<\/li>\n<\/ul>\n<ul class=\"eh-list-01 eh-generic--list\">\n<li class=\"eh-list--item\">\n<p class=\"eh-generic--text\">Traitement de l'eau et des eaux us\u00e9es :<br \/>\n- Eau potable<br \/>\n- Eau de refroidissement<br \/>\n- Eau de puits<br \/>\n- Stations d'\u00e9puration des eaux us\u00e9es<\/p>\n<\/li>\n<\/ul>\n<p class=\"eh-generic--text\">Agr\u00e9ments ATEX, IECEx, CSA C\/US, NEPSI, Japan, INMETRO pour utilisation en zones dangereuses, zones 0, 1 et 2.<\/p>\n<\/li>\n<li>\n<h3 class=\"eh-headline-03 eh-p-b eh-m-t-xxlg\">Avantages<\/h3>\n<ul class=\"eh-list-01 eh-generic--list\">\n<li class=\"eh-list--item\">\n<p class=\"eh-generic--text\">Pr\u00eat pour l'IIoT : Memosens 2.0 offre un stockage \u00e9tendu des donn\u00e9es d'\u00e9talonnage et de processus, permettant une meilleure identification des tendances et fournissant une base p\u00e9renne pour la maintenance pr\u00e9dictive et les services IIoT am\u00e9lior\u00e9s.<\/p>\n<\/li>\n<li class=\"eh-list--item\">\n<p class=\"eh-generic--text\">Faibles co\u00fbts d'exploitation : L'\u00e9talonnage en laboratoire et le remplacement rapide du capteur dans le processus permettent de minimiser les temps d'arr\u00eat du processus et de prolonger la dur\u00e9e de vie du capteur.<\/p>\n<\/li>\n<li class=\"eh-list--item\">\n<p class=\"eh-generic--text\">\u00c9lectrode robuste, n\u00e9cessitant peu d'entretien : Un long chemin de diffusion du poison ou un pi\u00e8ge \u00e0 ions optimis\u00e9 emp\u00eachent l'empoisonnement de la r\u00e9f\u00e9rence de l'\u00e9lectrode. Une large jonction en PTFE anti-salissures prot\u00e8ge contre l'encrassement par le milieu.<\/p>\n<\/li>\n<li class=\"eh-list--item\">\n<p class=\"eh-generic--text\">Le verre process convient \u00e0 toute la gamme de pH et est stable \u00e0 la pression jusqu'\u00e0 17 bars (246,5 psi) absolus. Le verre F optionnel permet une application dans des milieux contenant de l'acide fluorhydrique tels que les bains de gravure dans la production de semi-conducteurs.<\/p>\n<\/li>\n<li class=\"eh-list--item\">\n<p class=\"eh-generic--text\">L'am\u00e9lioration du stockage des sels en option garantit la fiabilit\u00e9 des mesures dans les applications \u00e0 faible conductivit\u00e9 telles que l'eau d'alimentation des chaudi\u00e8res.<\/p>\n<\/li>\n<li class=\"eh-list--item\">\n<p class=\"eh-generic--text\">Int\u00e9grit\u00e9 maximale des processus gr\u00e2ce \u00e0 la transmission de signaux inductifs sans contact.<\/p>\n<\/li>\n<\/ul>\n<\/li>\n<\/ul>","protected":false},"excerpt":{"rendered":"<p>Liquiphant FTL41<br \/>\n\u9650\u4f4d\u5f00\u5173\u6ee1\u8db3\u57fa\u672c\u5e94\u7528\u573a\u5408\u7684\u4f7f\u7528\u8981\u6c42\uff0c\u964d\u4f4e\u4e86\u590d\u6742\u21aaLOHAN_6027<\/p>","protected":false},"featured_media":5039,"template":"","meta":[],"product_cat":[120,15],"product_tag":[],"product_brand":[],"class_list":["post-4798","product","type-product","status-publish","has-post-thumbnail","hentry","product_cat-water-quality-analyzers","product_cat-endresshauser"],"yoast_head":"<!-- This site is optimized with the Yoast SEO plugin v24.9 - https:\/\/yoast.com\/wordpress\/plugins\/seo\/ -->\n<title>Digital pH sensor Memosens CPS11E - Flow, level, liquid analysis, optical analysis, pressure, temperature measurement, software and system products<\/title>\n<meta name=\"description\" content=\"Digital pH sensorMemosens CPS11E Memosens 2.0 pH electrode for standard applications in process and water &amp; wastewater industries\" \/>\n<meta name=\"robots\" content=\"index, follow, max-snippet:-1, max-image-preview:large, max-video-preview:-1\" \/>\n<link rel=\"canonical\" href=\"https:\/\/www.baihs.com\/fr\/produit\/cps11e-aa7baa2\/\" \/>\n<meta property=\"og:locale\" content=\"fr_FR\" \/>\n<meta property=\"og:type\" content=\"article\" \/>\n<meta property=\"og:title\" content=\"Digital pH sensor Memosens CPS11E - Flow, level, liquid analysis, optical analysis, pressure, temperature measurement, software and system products\" \/>\n<meta property=\"og:description\" content=\"Digital pH sensorMemosens CPS11E Memosens 2.0 pH electrode for standard applications in process and water &amp; wastewater industries\" \/>\n<meta property=\"og:url\" content=\"https:\/\/www.baihs.com\/fr\/produit\/cps11e-aa7baa2\/\" \/>\n<meta property=\"og:site_name\" content=\"Flow, level, liquid analysis, optical analysis, pressure, temperature measurement, software and system products\" \/>\n<meta property=\"article:modified_time\" content=\"2025-05-20T13:08:49+00:00\" \/>\n<meta property=\"og:image\" content=\"https:\/\/www.baihs.com\/wp-content\/uploads\/2025\/04\/CPS11E-pH-sensor-Memosens-straight.jpg\" \/>\n\t<meta property=\"og:image:width\" content=\"240\" \/>\n\t<meta property=\"og:image:height\" content=\"321\" \/>\n\t<meta property=\"og:image:type\" content=\"image\/jpeg\" \/>\n<meta name=\"twitter:card\" content=\"summary_large_image\" \/>\n<meta name=\"twitter:label1\" content=\"Dur\u00e9e de lecture estim\u00e9e\" \/>\n\t<meta name=\"twitter:data1\" content=\"2 minutes\" \/>\n<script type=\"application\/ld+json\" class=\"yoast-schema-graph\">{\"@context\":\"https:\/\/schema.org\",\"@graph\":[{\"@type\":\"WebPage\",\"@id\":\"https:\/\/www.baihs.com\/product\/cps11e-aa7baa2\/\",\"url\":\"https:\/\/www.baihs.com\/product\/cps11e-aa7baa2\/\",\"name\":\"Digital pH sensor Memosens CPS11E - Flow, level, liquid analysis, optical analysis, pressure, temperature measurement, software and system products\",\"isPartOf\":{\"@id\":\"https:\/\/www.baihs.com\/#website\"},\"primaryImageOfPage\":{\"@id\":\"https:\/\/www.baihs.com\/product\/cps11e-aa7baa2\/#primaryimage\"},\"image\":{\"@id\":\"https:\/\/www.baihs.com\/product\/cps11e-aa7baa2\/#primaryimage\"},\"thumbnailUrl\":\"https:\/\/www.baihs.com\/wp-content\/uploads\/2025\/04\/CPS11E-pH-sensor-Memosens-straight.jpg\",\"datePublished\":\"2025-04-23T07:45:17+00:00\",\"dateModified\":\"2025-05-20T13:08:49+00:00\",\"description\":\"Digital pH sensorMemosens CPS11E Memosens 2.0 pH electrode for standard applications in process and water & wastewater industries\",\"breadcrumb\":{\"@id\":\"https:\/\/www.baihs.com\/product\/cps11e-aa7baa2\/#breadcrumb\"},\"inLanguage\":\"fr-FR\",\"potentialAction\":[{\"@type\":\"ReadAction\",\"target\":[\"https:\/\/www.baihs.com\/product\/cps11e-aa7baa2\/\"]}]},{\"@type\":\"ImageObject\",\"inLanguage\":\"fr-FR\",\"@id\":\"https:\/\/www.baihs.com\/product\/cps11e-aa7baa2\/#primaryimage\",\"url\":\"https:\/\/www.baihs.com\/wp-content\/uploads\/2025\/04\/CPS11E-pH-sensor-Memosens-straight.jpg\",\"contentUrl\":\"https:\/\/www.baihs.com\/wp-content\/uploads\/2025\/04\/CPS11E-pH-sensor-Memosens-straight.jpg\",\"width\":240,\"height\":321},{\"@type\":\"BreadcrumbList\",\"@id\":\"https:\/\/www.baihs.com\/product\/cps11e-aa7baa2\/#breadcrumb\",\"itemListElement\":[{\"@type\":\"ListItem\",\"position\":1,\"name\":\"\u9996\u9875\",\"item\":\"https:\/\/www.baihs.com\/\"},{\"@type\":\"ListItem\",\"position\":2,\"name\":\"Product\",\"item\":\"https:\/\/www.baihs.com\/product\/\"},{\"@type\":\"ListItem\",\"position\":3,\"name\":\"Digital pH sensor Memosens CPS11E\"}]},{\"@type\":\"WebSite\",\"@id\":\"https:\/\/www.baihs.com\/#website\",\"url\":\"https:\/\/www.baihs.com\/\",\"name\":\"Endress+Hauser,PLC China supplier - Shenzhen Kolai Automation Technology Co., Ltd.\",\"description\":\"People for Process Automation offer you solutions and products in flow, level, liquid analysis, optical analysis, pressure, temperature measurement, software and system products\",\"publisher\":{\"@id\":\"https:\/\/www.baihs.com\/#organization\"},\"alternateName\":\"Endress+Hauser pH electrode,pressure transmitter,level meter,Allen Bradley,ABB,Siemens,Eaton,wika\",\"potentialAction\":[{\"@type\":\"SearchAction\",\"target\":{\"@type\":\"EntryPoint\",\"urlTemplate\":\"https:\/\/www.baihs.com\/?s={search_term_string}\"},\"query-input\":{\"@type\":\"PropertyValueSpecification\",\"valueRequired\":true,\"valueName\":\"search_term_string\"}}],\"inLanguage\":\"fr-FR\"},{\"@type\":\"Organization\",\"@id\":\"https:\/\/www.baihs.com\/#organization\",\"name\":\"CONLLY\",\"url\":\"https:\/\/www.baihs.com\/\",\"logo\":{\"@type\":\"ImageObject\",\"inLanguage\":\"fr-FR\",\"@id\":\"https:\/\/www.baihs.com\/#\/schema\/logo\/image\/\",\"url\":\"https:\/\/www.baihs.com\/wp-content\/uploads\/2025\/04\/20250427194648.jpg\",\"contentUrl\":\"https:\/\/www.baihs.com\/wp-content\/uploads\/2025\/04\/20250427194648.jpg\",\"width\":744,\"height\":157,\"caption\":\"CONLLY\"},\"image\":{\"@id\":\"https:\/\/www.baihs.com\/#\/schema\/logo\/image\/\"}}]}<\/script>\n<!-- \/ Yoast SEO plugin. -->","yoast_head_json":{"title":"Digital pH sensor Memosens CPS11E - Flow, level, liquid analysis, optical analysis, pressure, temperature measurement, software and system products","description":"Digital pH sensorMemosens CPS11E Memosens 2.0 pH electrode for standard applications in process and water & wastewater industries","robots":{"index":"index","follow":"follow","max-snippet":"max-snippet:-1","max-image-preview":"max-image-preview:large","max-video-preview":"max-video-preview:-1"},"canonical":"https:\/\/www.baihs.com\/fr\/produit\/cps11e-aa7baa2\/","og_locale":"fr_FR","og_type":"article","og_title":"Digital pH sensor Memosens CPS11E - Flow, level, liquid analysis, optical analysis, pressure, temperature measurement, software and system products","og_description":"Digital pH sensorMemosens CPS11E Memosens 2.0 pH electrode for standard applications in process and water & wastewater industries","og_url":"https:\/\/www.baihs.com\/fr\/produit\/cps11e-aa7baa2\/","og_site_name":"Flow, level, liquid analysis, optical analysis, pressure, temperature measurement, software and system products","article_modified_time":"2025-05-20T13:08:49+00:00","og_image":[{"width":240,"height":321,"url":"https:\/\/www.baihs.com\/wp-content\/uploads\/2025\/04\/CPS11E-pH-sensor-Memosens-straight.jpg","type":"image\/jpeg"}],"twitter_card":"summary_large_image","twitter_misc":{"Dur\u00e9e de lecture estim\u00e9e":"2 minutes"},"schema":{"@context":"https:\/\/schema.org","@graph":[{"@type":"WebPage","@id":"https:\/\/www.baihs.com\/product\/cps11e-aa7baa2\/","url":"https:\/\/www.baihs.com\/product\/cps11e-aa7baa2\/","name":"Digital pH sensor Memosens CPS11E - Flow, level, liquid analysis, optical analysis, pressure, temperature measurement, software and system products","isPartOf":{"@id":"https:\/\/www.baihs.com\/#website"},"primaryImageOfPage":{"@id":"https:\/\/www.baihs.com\/product\/cps11e-aa7baa2\/#primaryimage"},"image":{"@id":"https:\/\/www.baihs.com\/product\/cps11e-aa7baa2\/#primaryimage"},"thumbnailUrl":"https:\/\/www.baihs.com\/wp-content\/uploads\/2025\/04\/CPS11E-pH-sensor-Memosens-straight.jpg","datePublished":"2025-04-23T07:45:17+00:00","dateModified":"2025-05-20T13:08:49+00:00","description":"Digital pH sensorMemosens CPS11E Memosens 2.0 pH electrode for standard applications in process and water & wastewater industries","breadcrumb":{"@id":"https:\/\/www.baihs.com\/product\/cps11e-aa7baa2\/#breadcrumb"},"inLanguage":"fr-FR","potentialAction":[{"@type":"ReadAction","target":["https:\/\/www.baihs.com\/product\/cps11e-aa7baa2\/"]}]},{"@type":"ImageObject","inLanguage":"fr-FR","@id":"https:\/\/www.baihs.com\/product\/cps11e-aa7baa2\/#primaryimage","url":"https:\/\/www.baihs.com\/wp-content\/uploads\/2025\/04\/CPS11E-pH-sensor-Memosens-straight.jpg","contentUrl":"https:\/\/www.baihs.com\/wp-content\/uploads\/2025\/04\/CPS11E-pH-sensor-Memosens-straight.jpg","width":240,"height":321},{"@type":"BreadcrumbList","@id":"https:\/\/www.baihs.com\/product\/cps11e-aa7baa2\/#breadcrumb","itemListElement":[{"@type":"ListItem","position":1,"name":"\u9996\u9875","item":"https:\/\/www.baihs.com\/"},{"@type":"ListItem","position":2,"name":"Product","item":"https:\/\/www.baihs.com\/product\/"},{"@type":"ListItem","position":3,"name":"Digital pH sensor Memosens CPS11E"}]},{"@type":"WebSite","@id":"https:\/\/www.baihs.com\/#website","url":"https:\/\/www.baihs.com\/","name":"Endress+Hauser,PLC China supplier - Shenzhen Kolai Automation Technology Co., Ltd.","description":"People for Process Automation offer you solutions and products in flow, level, liquid analysis, optical analysis, pressure, temperature measurement, software and system products","publisher":{"@id":"https:\/\/www.baihs.com\/#organization"},"alternateName":"Endress+Hauser pH electrode,pressure transmitter,level meter,Allen Bradley,ABB,Siemens,Eaton,wika","potentialAction":[{"@type":"SearchAction","target":{"@type":"EntryPoint","urlTemplate":"https:\/\/www.baihs.com\/?s={search_term_string}"},"query-input":{"@type":"PropertyValueSpecification","valueRequired":true,"valueName":"search_term_string"}}],"inLanguage":"fr-FR"},{"@type":"Organization","@id":"https:\/\/www.baihs.com\/#organization","name":"CONLLY","url":"https:\/\/www.baihs.com\/","logo":{"@type":"ImageObject","inLanguage":"fr-FR","@id":"https:\/\/www.baihs.com\/#\/schema\/logo\/image\/","url":"https:\/\/www.baihs.com\/wp-content\/uploads\/2025\/04\/20250427194648.jpg","contentUrl":"https:\/\/www.baihs.com\/wp-content\/uploads\/2025\/04\/20250427194648.jpg","width":744,"height":157,"caption":"CONLLY"},"image":{"@id":"https:\/\/www.baihs.com\/#\/schema\/logo\/image\/"}}]}},"_links":{"self":[{"href":"https:\/\/www.baihs.com\/fr\/wp-json\/wp\/v2\/product\/4798","targetHints":{"allow":["GET"]}}],"collection":[{"href":"https:\/\/www.baihs.com\/fr\/wp-json\/wp\/v2\/product"}],"about":[{"href":"https:\/\/www.baihs.com\/fr\/wp-json\/wp\/v2\/types\/product"}],"wp:featuredmedia":[{"embeddable":true,"href":"https:\/\/www.baihs.com\/fr\/wp-json\/wp\/v2\/media\/5039"}],"wp:attachment":[{"href":"https:\/\/www.baihs.com\/fr\/wp-json\/wp\/v2\/media?parent=4798"}],"wp:term":[{"taxonomy":"product_cat","embeddable":true,"href":"https:\/\/www.baihs.com\/fr\/wp-json\/wp\/v2\/product_cat?post=4798"},{"taxonomy":"product_tag","embeddable":true,"href":"https:\/\/www.baihs.com\/fr\/wp-json\/wp\/v2\/product_tag?post=4798"},{"taxonomy":"product_brand","embeddable":true,"href":"https:\/\/www.baihs.com\/fr\/wp-json\/wp\/v2\/product_brand?post=4798"}],"curies":[{"name":"wp","href":"https:\/\/api.w.org\/{rel}","templated":true}]}}