{"id":4794,"date":"2025-04-23T07:44:36","date_gmt":"2025-04-23T07:44:36","guid":{"rendered":"http:\/\/www.baihs.com\/?post_type=product&#038;p=4794"},"modified":"2025-05-20T13:12:22","modified_gmt":"2025-05-20T13:12:22","slug":"1-channel-transmitter-liquiline-cm42b","status":"publish","type":"product","link":"https:\/\/www.baihs.com\/fr\/product\/1-channel-transmitter-liquiline-cm42b\/","title":{"rendered":"Transmetteur \u00e0 1 canal Liquiline CM42B"},"content":{"rendered":"<h3 class=\"eh-headline-03 eh-p-b eh-m-t-xxlg\">Les sp\u00e9cifications en un coup d'\u0153il<\/h3>\n<ul class=\"eh-result-list eh-product-info-category--items\">\n<li class=\"eh-product-info-category--item eh-p-v\">\n<div class=\"eh-grid eh-grid--no-spacing\">\n<div class=\"eh-cell eh-cell--12-col\">\n<h4 class=\"eh-headline--04 eh-font-bold eh-p-b-2\">Entr\u00e9e<\/h4>\n<\/div>\n<div class=\"eh-cell eh-cell--12-col\">\n<p>Transmetteur \u00e0 un canal pour Memosens et analogique (pH, ORP, conductivit\u00e9)<\/p>\n<\/div>\n<\/div>\n<\/li>\n<li class=\"eh-product-info-category--item eh-p-v\">\n<div class=\"eh-grid eh-grid--no-spacing\">\n<div class=\"eh-cell eh-cell--12-col\">\n<h4 class=\"eh-headline--04 eh-font-bold eh-p-b-2\">Sortie \/ communication<\/h4>\n<\/div>\n<div class=\"eh-cell eh-cell--12-col\">\n<p>4 \u00e0 20 mA, HART (en option), deuxi\u00e8me sortie suppl\u00e9mentaire possible ; communication HART, \u00e9galement activable ult\u00e9rieurement<\/p>\n<\/div>\n<\/div>\n<\/li>\n<li class=\"eh-product-info-category--item eh-p-v\">\n<div class=\"eh-grid eh-grid--no-spacing\">\n<div class=\"eh-cell eh-cell--12-col\">\n<h4 class=\"eh-headline--04 eh-font-bold eh-p-b-2\">Protection contre les agressions<\/h4>\n<\/div>\n<div class=\"eh-cell eh-cell--12-col\">\n<p>Logement sur le terrain :<br \/>\nIP66\/67 (IEC 60529)<br \/>\nNEMA 4X (UL 50E)<br \/>\nBo\u00eetier pour rail DIN : IP20<\/p>\n<h3 class=\"eh-headline-03 eh-p-b eh-m-t-xxlg\">Champ d'application<\/h3>\n<p class=\"eh-p-v\">Liquiline CM42B fournit une mesure pr\u00e9cise et fiable du pH, du Redox, de la conductivit\u00e9 ou de l'oxyg\u00e8ne dans les applications de process exigeantes. Profitez de son fonctionnement et de sa configuration locale intuitive et utilisez son interface Bluetooth et l'application SmartBlue pour obtenir un aper\u00e7u d\u00e9taill\u00e9 des points de mesure sur vos appareils mobiles. La communication Bluetooth est s\u00e9curis\u00e9e par un concept unique. Vous n'avez pas \u00e0 vous soucier des intrus. Les diff\u00e9rentes versions de l'appareil permettent une adaptation flexible \u00e0 toutes les exigences d'installation.<\/p>\n<div class=\"eh-p-b-lg\"><\/div>\n<div class=\"eh-rich-content-content\" data-cs-pcueid=\"546Dve\">\n<p class=\"eh-generic--text\">Le transmetteur Liquiline CM42B convient aux applications exigeantes des industries suivantes<\/p>\n<ul class=\"eh-list-01 eh-generic--list\">\n<li class=\"eh-list--item\">\n<p class=\"eh-generic--text\">Chimique<\/p>\n<\/li>\n<li class=\"eh-list--item\">\n<p class=\"eh-generic--text\">Alimentation et boissons<\/p>\n<\/li>\n<li class=\"eh-list--item\">\n<p class=\"eh-generic--text\">Sciences de la vie<\/p>\n<\/li>\n<li class=\"eh-list--item\">\n<p class=\"eh-generic--text\">Puissance et \u00e9nergie<\/p>\n<\/li>\n<li class=\"eh-list--item\">\n<p class=\"eh-generic--text\">P\u00e9trole et gaz<\/p>\n<\/li>\n<li class=\"eh-list--item\">\n<p class=\"eh-generic--text\">Exploitation mini\u00e8re, min\u00e9raux et m\u00e9taux<\/p>\n<\/li>\n<\/ul>\n<p class=\"eh-generic--text\">Gr\u00e2ce \u00e0 ses agr\u00e9ments internationaux de protection contre les explosions, tels que IECEx, ATEX, C\/US IS Cl. I div 1 et CHN-Ex, le transmetteur est adapt\u00e9 aux zones dangereuses.<\/p>\n<h3 class=\"eh-headline-03 eh-p-b eh-m-t-xxlg\">Avantages<\/h3>\n<ul class=\"eh-list-01 eh-generic--list\">\n<li class=\"eh-list--item\" data-cs-pcueid=\"DETNnf\">\n<p class=\"eh-generic--text\"><strong>Confort d'utilisation et de configuration :<\/strong>\u00a0Gr\u00e2ce au concept d'utilisation intuitif, la mise en service et la configuration sur place sont simples et rapides. La connexion Bluetooth et l'application SmartBlue permettent d'avoir une vue d'ensemble du point de mesure sur votre smartphone ou votre tablette.<\/p>\n<\/li>\n<li class=\"eh-list--item\" data-cs-pcueid=\"U61Mty\">\n<p class=\"eh-generic--text\"><strong>Une s\u00e9curit\u00e9 unique<\/strong>: La connexion Bluetooth est dot\u00e9e d'un concept de s\u00e9curit\u00e9 unique qui emp\u00eache toute intrusion et permet une gestion sophistiqu\u00e9e des r\u00f4les du personnel d'exploitation. Vous b\u00e9n\u00e9ficiez d'une s\u00e9curit\u00e9 externe et interne.<\/p>\n<\/li>\n<li class=\"eh-list--item\" data-cs-pcueid=\"XgskJ2\">\n<p class=\"eh-generic--text\"><strong>Convient \u00e0 tous les environnements de traitement :<\/strong>\u00a0Le transmetteur est disponible en acier inoxydable, en plastique ou en version rail DIN. Il suffit de s\u00e9lectionner la version appropri\u00e9e pour l'int\u00e9grer dans un skid, l'utiliser dans des environnements hygi\u00e9niques ou l'appliquer dans des zones dangereuses.<\/p>\n<\/li>\n<li class=\"eh-list--item\" data-cs-pcueid=\"OAZVlM\">\n<p class=\"eh-generic--text\"><strong>Augmentation de la s\u00e9curit\u00e9 des processus et du temps de fonctionnement :<\/strong>\u00a0La technologie Memosens vous assure une transmission s\u00fbre et num\u00e9rique des donn\u00e9es et une grande disponibilit\u00e9 des valeurs mesur\u00e9es. Les capteurs pr\u00e9-calibr\u00e9s, pr\u00eats \u00e0 l'emploi, r\u00e9duisent les temps d'arr\u00eat du processus pour l'\u00e9talonnage.<\/p>\n<\/li>\n<li class=\"eh-list--item\" data-cs-pcueid=\"1Lm1Ip\">\n<p class=\"eh-generic--text\"><strong>Int\u00e9gration transparente du syst\u00e8me :<\/strong>\u00a0Le Liquiline CM42B offre une communication HART certifi\u00e9e HCF qui facilite et s\u00e9curise l'int\u00e9gration dans votre syst\u00e8me de contr\u00f4le des processus.<\/p>\n<\/li>\n<\/ul>\n<\/div>\n<\/div>\n<\/div>\n<\/li>\n<\/ul>","protected":false},"excerpt":{"rendered":"<p>Specs at a glance Input One channel transmitter for Memosens and analog (pH, ORP, conductivity) Output \/ communication 4 to 20 mA, HART (optional), additional second output possible; HART communication, also later activatable Ingress protection Field housing: IP66\/67 (IEC 60529) &hellip; <a href=\"https:\/\/www.baihs.com\/fr\/product\/1-channel-transmitter-liquiline-cm42b\/\">En savoir plus<\/a><\/p>","protected":false},"featured_media":5042,"template":"","meta":[],"product_cat":[120,15],"product_tag":[],"product_brand":[],"class_list":["post-4794","product","type-product","status-publish","has-post-thumbnail","hentry","product_cat-water-quality-analyzers","product_cat-endresshauser"],"yoast_head":"<!-- This site is optimized with the Yoast SEO plugin v24.9 - https:\/\/yoast.com\/wordpress\/plugins\/seo\/ -->\n<title>1-channel transmitter Liquiline CM42B - Flow, level, liquid analysis, optical analysis, pressure, temperature measurement, software and system products<\/title>\n<meta name=\"description\" content=\"Two-wire field device for hazardous and non-hazardous areas and hygienic applications in chemical, life sciences and food &amp; beverage industries\" \/>\n<meta name=\"robots\" content=\"index, follow, max-snippet:-1, max-image-preview:large, max-video-preview:-1\" \/>\n<link rel=\"canonical\" href=\"https:\/\/www.baihs.com\/fr\/produit\/1-channel-transmitter-liquiline-cm42b\/\" \/>\n<meta property=\"og:locale\" content=\"fr_FR\" \/>\n<meta property=\"og:type\" content=\"article\" \/>\n<meta property=\"og:title\" content=\"1-channel transmitter Liquiline CM42B - Flow, level, liquid analysis, optical analysis, pressure, temperature measurement, software and system products\" \/>\n<meta property=\"og:description\" content=\"Two-wire field device for hazardous and non-hazardous areas and hygienic applications in chemical, life sciences and food &amp; beverage industries\" \/>\n<meta property=\"og:url\" content=\"https:\/\/www.baihs.com\/fr\/produit\/1-channel-transmitter-liquiline-cm42b\/\" \/>\n<meta property=\"og:site_name\" content=\"Flow, level, liquid analysis, optical analysis, pressure, temperature measurement, software and system products\" \/>\n<meta property=\"article:modified_time\" content=\"2025-05-20T13:12:22+00:00\" \/>\n<meta property=\"og:image\" content=\"https:\/\/www.baihs.com\/wp-content\/uploads\/2025\/04\/CM42B-field-housing-plastic.jpg\" \/>\n\t<meta property=\"og:image:width\" content=\"240\" \/>\n\t<meta property=\"og:image:height\" content=\"321\" \/>\n\t<meta property=\"og:image:type\" content=\"image\/jpeg\" \/>\n<meta name=\"twitter:card\" content=\"summary_large_image\" \/>\n<meta name=\"twitter:label1\" content=\"Dur\u00e9e de lecture estim\u00e9e\" \/>\n\t<meta name=\"twitter:data1\" content=\"2 minutes\" \/>\n<script type=\"application\/ld+json\" class=\"yoast-schema-graph\">{\"@context\":\"https:\/\/schema.org\",\"@graph\":[{\"@type\":\"WebPage\",\"@id\":\"https:\/\/www.baihs.com\/product\/1-channel-transmitter-liquiline-cm42b\/\",\"url\":\"https:\/\/www.baihs.com\/product\/1-channel-transmitter-liquiline-cm42b\/\",\"name\":\"1-channel transmitter Liquiline CM42B - Flow, level, liquid analysis, optical analysis, pressure, temperature measurement, software and system products\",\"isPartOf\":{\"@id\":\"https:\/\/www.baihs.com\/#website\"},\"primaryImageOfPage\":{\"@id\":\"https:\/\/www.baihs.com\/product\/1-channel-transmitter-liquiline-cm42b\/#primaryimage\"},\"image\":{\"@id\":\"https:\/\/www.baihs.com\/product\/1-channel-transmitter-liquiline-cm42b\/#primaryimage\"},\"thumbnailUrl\":\"https:\/\/www.baihs.com\/wp-content\/uploads\/2025\/04\/CM42B-field-housing-plastic.jpg\",\"datePublished\":\"2025-04-23T07:44:36+00:00\",\"dateModified\":\"2025-05-20T13:12:22+00:00\",\"description\":\"Two-wire field device for hazardous and non-hazardous areas and hygienic applications in chemical, life sciences and food & beverage industries\",\"breadcrumb\":{\"@id\":\"https:\/\/www.baihs.com\/product\/1-channel-transmitter-liquiline-cm42b\/#breadcrumb\"},\"inLanguage\":\"fr-FR\",\"potentialAction\":[{\"@type\":\"ReadAction\",\"target\":[\"https:\/\/www.baihs.com\/product\/1-channel-transmitter-liquiline-cm42b\/\"]}]},{\"@type\":\"ImageObject\",\"inLanguage\":\"fr-FR\",\"@id\":\"https:\/\/www.baihs.com\/product\/1-channel-transmitter-liquiline-cm42b\/#primaryimage\",\"url\":\"https:\/\/www.baihs.com\/wp-content\/uploads\/2025\/04\/CM42B-field-housing-plastic.jpg\",\"contentUrl\":\"https:\/\/www.baihs.com\/wp-content\/uploads\/2025\/04\/CM42B-field-housing-plastic.jpg\",\"width\":240,\"height\":321},{\"@type\":\"BreadcrumbList\",\"@id\":\"https:\/\/www.baihs.com\/product\/1-channel-transmitter-liquiline-cm42b\/#breadcrumb\",\"itemListElement\":[{\"@type\":\"ListItem\",\"position\":1,\"name\":\"\u9996\u9875\",\"item\":\"https:\/\/www.baihs.com\/\"},{\"@type\":\"ListItem\",\"position\":2,\"name\":\"Product\",\"item\":\"https:\/\/www.baihs.com\/product\/\"},{\"@type\":\"ListItem\",\"position\":3,\"name\":\"1-channel transmitter Liquiline CM42B\"}]},{\"@type\":\"WebSite\",\"@id\":\"https:\/\/www.baihs.com\/#website\",\"url\":\"https:\/\/www.baihs.com\/\",\"name\":\"Endress+Hauser,PLC China supplier - Shenzhen Kolai Automation Technology Co., Ltd.\",\"description\":\"People for Process Automation offer you solutions and products in flow, level, liquid analysis, optical analysis, pressure, temperature measurement, software and system products\",\"publisher\":{\"@id\":\"https:\/\/www.baihs.com\/#organization\"},\"alternateName\":\"Endress+Hauser pH electrode,pressure transmitter,level meter,Allen Bradley,ABB,Siemens,Eaton,wika\",\"potentialAction\":[{\"@type\":\"SearchAction\",\"target\":{\"@type\":\"EntryPoint\",\"urlTemplate\":\"https:\/\/www.baihs.com\/?s={search_term_string}\"},\"query-input\":{\"@type\":\"PropertyValueSpecification\",\"valueRequired\":true,\"valueName\":\"search_term_string\"}}],\"inLanguage\":\"fr-FR\"},{\"@type\":\"Organization\",\"@id\":\"https:\/\/www.baihs.com\/#organization\",\"name\":\"CONLLY\",\"url\":\"https:\/\/www.baihs.com\/\",\"logo\":{\"@type\":\"ImageObject\",\"inLanguage\":\"fr-FR\",\"@id\":\"https:\/\/www.baihs.com\/#\/schema\/logo\/image\/\",\"url\":\"https:\/\/www.baihs.com\/wp-content\/uploads\/2025\/04\/20250427194648.jpg\",\"contentUrl\":\"https:\/\/www.baihs.com\/wp-content\/uploads\/2025\/04\/20250427194648.jpg\",\"width\":744,\"height\":157,\"caption\":\"CONLLY\"},\"image\":{\"@id\":\"https:\/\/www.baihs.com\/#\/schema\/logo\/image\/\"}}]}<\/script>\n<!-- \/ Yoast SEO plugin. -->","yoast_head_json":{"title":"1-channel transmitter Liquiline CM42B - Flow, level, liquid analysis, optical analysis, pressure, temperature measurement, software and system products","description":"Two-wire field device for hazardous and non-hazardous areas and hygienic applications in chemical, life sciences and food & beverage industries","robots":{"index":"index","follow":"follow","max-snippet":"max-snippet:-1","max-image-preview":"max-image-preview:large","max-video-preview":"max-video-preview:-1"},"canonical":"https:\/\/www.baihs.com\/fr\/produit\/1-channel-transmitter-liquiline-cm42b\/","og_locale":"fr_FR","og_type":"article","og_title":"1-channel transmitter Liquiline CM42B - Flow, level, liquid analysis, optical analysis, pressure, temperature measurement, software and system products","og_description":"Two-wire field device for hazardous and non-hazardous areas and hygienic applications in chemical, life sciences and food & beverage industries","og_url":"https:\/\/www.baihs.com\/fr\/produit\/1-channel-transmitter-liquiline-cm42b\/","og_site_name":"Flow, level, liquid analysis, optical analysis, pressure, temperature measurement, software and system products","article_modified_time":"2025-05-20T13:12:22+00:00","og_image":[{"width":240,"height":321,"url":"https:\/\/www.baihs.com\/wp-content\/uploads\/2025\/04\/CM42B-field-housing-plastic.jpg","type":"image\/jpeg"}],"twitter_card":"summary_large_image","twitter_misc":{"Dur\u00e9e de lecture estim\u00e9e":"2 minutes"},"schema":{"@context":"https:\/\/schema.org","@graph":[{"@type":"WebPage","@id":"https:\/\/www.baihs.com\/product\/1-channel-transmitter-liquiline-cm42b\/","url":"https:\/\/www.baihs.com\/product\/1-channel-transmitter-liquiline-cm42b\/","name":"1-channel transmitter Liquiline CM42B - Flow, level, liquid analysis, optical analysis, pressure, temperature measurement, software and system products","isPartOf":{"@id":"https:\/\/www.baihs.com\/#website"},"primaryImageOfPage":{"@id":"https:\/\/www.baihs.com\/product\/1-channel-transmitter-liquiline-cm42b\/#primaryimage"},"image":{"@id":"https:\/\/www.baihs.com\/product\/1-channel-transmitter-liquiline-cm42b\/#primaryimage"},"thumbnailUrl":"https:\/\/www.baihs.com\/wp-content\/uploads\/2025\/04\/CM42B-field-housing-plastic.jpg","datePublished":"2025-04-23T07:44:36+00:00","dateModified":"2025-05-20T13:12:22+00:00","description":"Two-wire field device for hazardous and non-hazardous areas and hygienic applications in chemical, life sciences and food & beverage industries","breadcrumb":{"@id":"https:\/\/www.baihs.com\/product\/1-channel-transmitter-liquiline-cm42b\/#breadcrumb"},"inLanguage":"fr-FR","potentialAction":[{"@type":"ReadAction","target":["https:\/\/www.baihs.com\/product\/1-channel-transmitter-liquiline-cm42b\/"]}]},{"@type":"ImageObject","inLanguage":"fr-FR","@id":"https:\/\/www.baihs.com\/product\/1-channel-transmitter-liquiline-cm42b\/#primaryimage","url":"https:\/\/www.baihs.com\/wp-content\/uploads\/2025\/04\/CM42B-field-housing-plastic.jpg","contentUrl":"https:\/\/www.baihs.com\/wp-content\/uploads\/2025\/04\/CM42B-field-housing-plastic.jpg","width":240,"height":321},{"@type":"BreadcrumbList","@id":"https:\/\/www.baihs.com\/product\/1-channel-transmitter-liquiline-cm42b\/#breadcrumb","itemListElement":[{"@type":"ListItem","position":1,"name":"\u9996\u9875","item":"https:\/\/www.baihs.com\/"},{"@type":"ListItem","position":2,"name":"Product","item":"https:\/\/www.baihs.com\/product\/"},{"@type":"ListItem","position":3,"name":"1-channel transmitter Liquiline CM42B"}]},{"@type":"WebSite","@id":"https:\/\/www.baihs.com\/#website","url":"https:\/\/www.baihs.com\/","name":"Endress+Hauser,PLC China supplier - Shenzhen Kolai Automation Technology Co., Ltd.","description":"People for Process Automation offer you solutions and products in flow, level, liquid analysis, optical analysis, pressure, temperature measurement, software and system products","publisher":{"@id":"https:\/\/www.baihs.com\/#organization"},"alternateName":"Endress+Hauser pH electrode,pressure transmitter,level meter,Allen Bradley,ABB,Siemens,Eaton,wika","potentialAction":[{"@type":"SearchAction","target":{"@type":"EntryPoint","urlTemplate":"https:\/\/www.baihs.com\/?s={search_term_string}"},"query-input":{"@type":"PropertyValueSpecification","valueRequired":true,"valueName":"search_term_string"}}],"inLanguage":"fr-FR"},{"@type":"Organization","@id":"https:\/\/www.baihs.com\/#organization","name":"CONLLY","url":"https:\/\/www.baihs.com\/","logo":{"@type":"ImageObject","inLanguage":"fr-FR","@id":"https:\/\/www.baihs.com\/#\/schema\/logo\/image\/","url":"https:\/\/www.baihs.com\/wp-content\/uploads\/2025\/04\/20250427194648.jpg","contentUrl":"https:\/\/www.baihs.com\/wp-content\/uploads\/2025\/04\/20250427194648.jpg","width":744,"height":157,"caption":"CONLLY"},"image":{"@id":"https:\/\/www.baihs.com\/#\/schema\/logo\/image\/"}}]}},"_links":{"self":[{"href":"https:\/\/www.baihs.com\/fr\/wp-json\/wp\/v2\/product\/4794","targetHints":{"allow":["GET"]}}],"collection":[{"href":"https:\/\/www.baihs.com\/fr\/wp-json\/wp\/v2\/product"}],"about":[{"href":"https:\/\/www.baihs.com\/fr\/wp-json\/wp\/v2\/types\/product"}],"wp:featuredmedia":[{"embeddable":true,"href":"https:\/\/www.baihs.com\/fr\/wp-json\/wp\/v2\/media\/5042"}],"wp:attachment":[{"href":"https:\/\/www.baihs.com\/fr\/wp-json\/wp\/v2\/media?parent=4794"}],"wp:term":[{"taxonomy":"product_cat","embeddable":true,"href":"https:\/\/www.baihs.com\/fr\/wp-json\/wp\/v2\/product_cat?post=4794"},{"taxonomy":"product_tag","embeddable":true,"href":"https:\/\/www.baihs.com\/fr\/wp-json\/wp\/v2\/product_tag?post=4794"},{"taxonomy":"product_brand","embeddable":true,"href":"https:\/\/www.baihs.com\/fr\/wp-json\/wp\/v2\/product_brand?post=4794"}],"curies":[{"name":"wp","href":"https:\/\/api.w.org\/{rel}","templated":true}]}}