{"id":4792,"date":"2025-04-23T07:44:00","date_gmt":"2025-04-23T07:44:00","guid":{"rendered":"http:\/\/www.baihs.com\/?post_type=product&#038;p=4792"},"modified":"2025-05-20T13:15:23","modified_gmt":"2025-05-20T13:15:23","slug":"flow-assembly-flowfit-cpa25","status":"publish","type":"product","link":"https:\/\/www.baihs.com\/fr\/product\/flow-assembly-flowfit-cpa25\/","title":{"rendered":"Assemblage de flux Flowfit CPA25"},"content":{"rendered":"<h3 class=\"eh-headline-03 eh-p-b eh-m-t-xxlg\">Les sp\u00e9cifications en un coup d'\u0153il<\/h3>\n<ul class=\"eh-result-list eh-product-info-category--items\">\n<li class=\"eh-product-info-category--item eh-p-v\">\n<div class=\"eh-grid eh-grid--no-spacing\">\n<div class=\"eh-cell eh-cell--12-col\">\n<h4 class=\"eh-headline--04 eh-font-bold eh-p-b-2\">Temp\u00e9rature du processus<\/h4>\n<\/div>\n<div class=\"eh-cell eh-cell--12-col\">\n<p>0 \u00e0 80\u00b0C<br \/>\n(32 \u00e0 176\u00b0F)<\/p>\n<\/div>\n<\/div>\n<\/li>\n<li class=\"eh-product-info-category--item eh-p-v\">\n<div class=\"eh-grid eh-grid--no-spacing\">\n<div class=\"eh-cell eh-cell--12-col\">\n<h4 class=\"eh-headline--04 eh-font-bold eh-p-b-2\">Pression de traitement<\/h4>\n<\/div>\n<div class=\"eh-cell eh-cell--12-col\">\n<p>max. 6 bar \u00e0 20\u00b0C<br \/>\n(87 psi \u00e0 68\u00b0F)<\/p>\n<h3 class=\"eh-headline-03 eh-p-b eh-m-t-xxlg\">Champ d'application<\/h3>\n<p class=\"eh-p-v\">L'ensemble Flowfit CPA25 est con\u00e7u pour la r\u00e9alisation de points de mesure dans le traitement de l'eau et des eaux us\u00e9es et dans les processus auxiliaires industriels. Il offre un espace pour trois capteurs et est capable de prolonger leur dur\u00e9e de vie en les maintenant humides m\u00eame lorsque le flux est interrompu. L'assemblage lui-m\u00eame est \u00e9galement durable gr\u00e2ce au polypropyl\u00e8ne r\u00e9sistant \u00e0 la corrosion. Avec Flowfit, vous obtenez le produit qui convient exactement \u00e0 vos applications standard.<\/p>\n<div class=\"eh-p-b-lg\">Le Flowfit CPA25 peut \u00eatre utilis\u00e9 dans de nombreuses applications dans les processus auxiliaires industriels ainsi que dans le traitement de l'eau et des eaux us\u00e9es. Il est destin\u00e9 \u00e0 \u00eatre utilis\u00e9 dans les applications suivantes, entre autres :<\/div>\n<div class=\"eh-rich-content-content\">\n<ul class=\"eh-list-01 eh-generic--list\">\n<li class=\"eh-list--item\">\n<p class=\"eh-generic--text\">Eau potable<\/p>\n<\/li>\n<li class=\"eh-list--item\">\n<p class=\"eh-generic--text\">Traitement de l'eau et des eaux us\u00e9es<\/p>\n<\/li>\n<li class=\"eh-list--item\">\n<p class=\"eh-generic--text\">Circuits de refroidissement de l'eau<\/p>\n<\/li>\n<li class=\"eh-list--item\">\n<p class=\"eh-generic--text\">Installations d'osmose<\/p>\n<\/li>\n<\/ul>\n<p class=\"eh-generic--text\">Il peut \u00eatre utilis\u00e9 pour des pressions allant jusqu'\u00e0 6 bars.<\/p>\n<h3 class=\"eh-headline-03 eh-p-b eh-m-t-xxlg\">Avantages<\/h3>\n<ul class=\"eh-list-01 eh-generic--list\">\n<li class=\"eh-list--item\">\n<p class=\"eh-generic--text\">Assemblage compact avec trois emplacements pour capteurs Pg 13.5.<\/p>\n<\/li>\n<li class=\"eh-list--item\">\n<p class=\"eh-generic--text\">G\u00e9om\u00e9trie d'\u00e9coulement sp\u00e9ciale permettant d'obtenir des r\u00e9sultats fiables et stables<br \/>\nles valeurs mesur\u00e9es par les capteurs install\u00e9s.<\/p>\n<\/li>\n<li class=\"eh-list--item\">\n<p class=\"eh-generic--text\">Profil de type siphon pour prot\u00e9ger les capteurs du dess\u00e8chement<br \/>\npendant l'arr\u00eat de l'usine.<\/p>\n<\/li>\n<li class=\"eh-list--item\">\n<p class=\"eh-generic--text\">Le couvercle de service facilite le nettoyage des capteurs et<br \/>\nl'assembl\u00e9e.<\/p>\n<\/li>\n<li class=\"eh-list--item\">\n<p class=\"eh-generic--text\">\u00c9talonnage des capteurs pour v\u00e9rifier leur fonctionnement<br \/>\ncorrectement peut se produire pendant l'installation.<\/p>\n<\/li>\n<\/ul>\n<\/div>\n<\/div>\n<\/div>\n<\/li>\n<\/ul>","protected":false},"excerpt":{"rendered":"<p>Caract\u00e9ristiques en un coup d'oeil Temp\u00e9rature de process 0 \u00e0 80\u00b0C (32 \u00e0 176\u00b0F) Pression de process max. 6 bar \u00e0 20\u00b0C (87 psi \u00e0 68\u00b0F) Domaine d'application L'ensemble Flowfit CPA25 est con\u00e7u pour la r\u00e9alisation de points de mesure dans ... <a href=\"https:\/\/www.baihs.com\/fr\/product\/flow-assembly-flowfit-cpa25\/\">En savoir plus<\/a><\/p>","protected":false},"featured_media":5046,"template":"","meta":[],"product_cat":[120,15],"product_tag":[],"product_brand":[],"class_list":["post-4792","product","type-product","status-publish","has-post-thumbnail","hentry","product_cat-water-quality-analyzers","product_cat-endresshauser"],"yoast_head":"<!-- This site is optimized with the Yoast SEO plugin v24.9 - https:\/\/yoast.com\/wordpress\/plugins\/seo\/ -->\n<title>Flow assembly Flowfit CPA25 - Flow, level, liquid analysis, optical analysis, pressure, temperature measurement, software and system products<\/title>\n<meta name=\"description\" content=\"Universal assembly for the water and wastewater industry and industrial auxiliary processes.\" \/>\n<meta name=\"robots\" content=\"index, follow, max-snippet:-1, max-image-preview:large, max-video-preview:-1\" \/>\n<link rel=\"canonical\" href=\"https:\/\/www.baihs.com\/fr\/produit\/flow-assembly-flowfit-cpa25\/\" \/>\n<meta property=\"og:locale\" content=\"fr_FR\" \/>\n<meta property=\"og:type\" content=\"article\" \/>\n<meta property=\"og:title\" content=\"Flow assembly Flowfit CPA25 - Flow, level, liquid analysis, optical analysis, pressure, temperature measurement, software and system products\" \/>\n<meta property=\"og:description\" content=\"Universal assembly for the water and wastewater industry and industrial auxiliary processes.\" \/>\n<meta property=\"og:url\" content=\"https:\/\/www.baihs.com\/fr\/produit\/flow-assembly-flowfit-cpa25\/\" \/>\n<meta property=\"og:site_name\" content=\"Flow, level, liquid analysis, optical analysis, pressure, temperature measurement, software and system products\" \/>\n<meta property=\"article:modified_time\" content=\"2025-05-20T13:15:23+00:00\" \/>\n<meta property=\"og:image\" content=\"https:\/\/www.baihs.com\/wp-content\/uploads\/2025\/04\/CPA25_s_Stack03_C_001_LowRes.jpg\" \/>\n\t<meta property=\"og:image:width\" content=\"240\" \/>\n\t<meta property=\"og:image:height\" content=\"321\" \/>\n\t<meta property=\"og:image:type\" content=\"image\/jpeg\" \/>\n<meta name=\"twitter:card\" content=\"summary_large_image\" \/>\n<meta name=\"twitter:label1\" content=\"Dur\u00e9e de lecture estim\u00e9e\" \/>\n\t<meta name=\"twitter:data1\" content=\"2 minutes\" \/>\n<script type=\"application\/ld+json\" class=\"yoast-schema-graph\">{\"@context\":\"https:\/\/schema.org\",\"@graph\":[{\"@type\":\"WebPage\",\"@id\":\"https:\/\/www.baihs.com\/product\/flow-assembly-flowfit-cpa25\/\",\"url\":\"https:\/\/www.baihs.com\/product\/flow-assembly-flowfit-cpa25\/\",\"name\":\"Flow assembly Flowfit CPA25 - Flow, level, liquid analysis, optical analysis, pressure, temperature measurement, software and system products\",\"isPartOf\":{\"@id\":\"https:\/\/www.baihs.com\/#website\"},\"primaryImageOfPage\":{\"@id\":\"https:\/\/www.baihs.com\/product\/flow-assembly-flowfit-cpa25\/#primaryimage\"},\"image\":{\"@id\":\"https:\/\/www.baihs.com\/product\/flow-assembly-flowfit-cpa25\/#primaryimage\"},\"thumbnailUrl\":\"https:\/\/www.baihs.com\/wp-content\/uploads\/2025\/04\/CPA25_s_Stack03_C_001_LowRes.jpg\",\"datePublished\":\"2025-04-23T07:44:00+00:00\",\"dateModified\":\"2025-05-20T13:15:23+00:00\",\"description\":\"Universal assembly for the water and wastewater industry and industrial auxiliary processes.\",\"breadcrumb\":{\"@id\":\"https:\/\/www.baihs.com\/product\/flow-assembly-flowfit-cpa25\/#breadcrumb\"},\"inLanguage\":\"fr-FR\",\"potentialAction\":[{\"@type\":\"ReadAction\",\"target\":[\"https:\/\/www.baihs.com\/product\/flow-assembly-flowfit-cpa25\/\"]}]},{\"@type\":\"ImageObject\",\"inLanguage\":\"fr-FR\",\"@id\":\"https:\/\/www.baihs.com\/product\/flow-assembly-flowfit-cpa25\/#primaryimage\",\"url\":\"https:\/\/www.baihs.com\/wp-content\/uploads\/2025\/04\/CPA25_s_Stack03_C_001_LowRes.jpg\",\"contentUrl\":\"https:\/\/www.baihs.com\/wp-content\/uploads\/2025\/04\/CPA25_s_Stack03_C_001_LowRes.jpg\",\"width\":240,\"height\":321},{\"@type\":\"BreadcrumbList\",\"@id\":\"https:\/\/www.baihs.com\/product\/flow-assembly-flowfit-cpa25\/#breadcrumb\",\"itemListElement\":[{\"@type\":\"ListItem\",\"position\":1,\"name\":\"\u9996\u9875\",\"item\":\"https:\/\/www.baihs.com\/\"},{\"@type\":\"ListItem\",\"position\":2,\"name\":\"Product\",\"item\":\"https:\/\/www.baihs.com\/product\/\"},{\"@type\":\"ListItem\",\"position\":3,\"name\":\"Flow assembly Flowfit CPA25\"}]},{\"@type\":\"WebSite\",\"@id\":\"https:\/\/www.baihs.com\/#website\",\"url\":\"https:\/\/www.baihs.com\/\",\"name\":\"Endress+Hauser,PLC China supplier - Shenzhen Kolai Automation Technology Co., Ltd.\",\"description\":\"People for Process Automation offer you solutions and products in flow, level, liquid analysis, optical analysis, pressure, temperature measurement, software and system products\",\"publisher\":{\"@id\":\"https:\/\/www.baihs.com\/#organization\"},\"alternateName\":\"Endress+Hauser pH electrode,pressure transmitter,level meter,Allen Bradley,ABB,Siemens,Eaton,wika\",\"potentialAction\":[{\"@type\":\"SearchAction\",\"target\":{\"@type\":\"EntryPoint\",\"urlTemplate\":\"https:\/\/www.baihs.com\/?s={search_term_string}\"},\"query-input\":{\"@type\":\"PropertyValueSpecification\",\"valueRequired\":true,\"valueName\":\"search_term_string\"}}],\"inLanguage\":\"fr-FR\"},{\"@type\":\"Organization\",\"@id\":\"https:\/\/www.baihs.com\/#organization\",\"name\":\"CONLLY\",\"url\":\"https:\/\/www.baihs.com\/\",\"logo\":{\"@type\":\"ImageObject\",\"inLanguage\":\"fr-FR\",\"@id\":\"https:\/\/www.baihs.com\/#\/schema\/logo\/image\/\",\"url\":\"https:\/\/www.baihs.com\/wp-content\/uploads\/2025\/04\/20250427194648.jpg\",\"contentUrl\":\"https:\/\/www.baihs.com\/wp-content\/uploads\/2025\/04\/20250427194648.jpg\",\"width\":744,\"height\":157,\"caption\":\"CONLLY\"},\"image\":{\"@id\":\"https:\/\/www.baihs.com\/#\/schema\/logo\/image\/\"}}]}<\/script>\n<!-- \/ Yoast SEO plugin. -->","yoast_head_json":{"title":"Flow assembly Flowfit CPA25 - Flow, level, liquid analysis, optical analysis, pressure, temperature measurement, software and system products","description":"Universal assembly for the water and wastewater industry and industrial auxiliary processes.","robots":{"index":"index","follow":"follow","max-snippet":"max-snippet:-1","max-image-preview":"max-image-preview:large","max-video-preview":"max-video-preview:-1"},"canonical":"https:\/\/www.baihs.com\/fr\/produit\/flow-assembly-flowfit-cpa25\/","og_locale":"fr_FR","og_type":"article","og_title":"Flow assembly Flowfit CPA25 - Flow, level, liquid analysis, optical analysis, pressure, temperature measurement, software and system products","og_description":"Universal assembly for the water and wastewater industry and industrial auxiliary processes.","og_url":"https:\/\/www.baihs.com\/fr\/produit\/flow-assembly-flowfit-cpa25\/","og_site_name":"Flow, level, liquid analysis, optical analysis, pressure, temperature measurement, software and system products","article_modified_time":"2025-05-20T13:15:23+00:00","og_image":[{"width":240,"height":321,"url":"https:\/\/www.baihs.com\/wp-content\/uploads\/2025\/04\/CPA25_s_Stack03_C_001_LowRes.jpg","type":"image\/jpeg"}],"twitter_card":"summary_large_image","twitter_misc":{"Dur\u00e9e de lecture estim\u00e9e":"2 minutes"},"schema":{"@context":"https:\/\/schema.org","@graph":[{"@type":"WebPage","@id":"https:\/\/www.baihs.com\/product\/flow-assembly-flowfit-cpa25\/","url":"https:\/\/www.baihs.com\/product\/flow-assembly-flowfit-cpa25\/","name":"Flow assembly Flowfit CPA25 - Flow, level, liquid analysis, optical analysis, pressure, temperature measurement, software and system products","isPartOf":{"@id":"https:\/\/www.baihs.com\/#website"},"primaryImageOfPage":{"@id":"https:\/\/www.baihs.com\/product\/flow-assembly-flowfit-cpa25\/#primaryimage"},"image":{"@id":"https:\/\/www.baihs.com\/product\/flow-assembly-flowfit-cpa25\/#primaryimage"},"thumbnailUrl":"https:\/\/www.baihs.com\/wp-content\/uploads\/2025\/04\/CPA25_s_Stack03_C_001_LowRes.jpg","datePublished":"2025-04-23T07:44:00+00:00","dateModified":"2025-05-20T13:15:23+00:00","description":"Universal assembly for the water and wastewater industry and industrial auxiliary processes.","breadcrumb":{"@id":"https:\/\/www.baihs.com\/product\/flow-assembly-flowfit-cpa25\/#breadcrumb"},"inLanguage":"fr-FR","potentialAction":[{"@type":"ReadAction","target":["https:\/\/www.baihs.com\/product\/flow-assembly-flowfit-cpa25\/"]}]},{"@type":"ImageObject","inLanguage":"fr-FR","@id":"https:\/\/www.baihs.com\/product\/flow-assembly-flowfit-cpa25\/#primaryimage","url":"https:\/\/www.baihs.com\/wp-content\/uploads\/2025\/04\/CPA25_s_Stack03_C_001_LowRes.jpg","contentUrl":"https:\/\/www.baihs.com\/wp-content\/uploads\/2025\/04\/CPA25_s_Stack03_C_001_LowRes.jpg","width":240,"height":321},{"@type":"BreadcrumbList","@id":"https:\/\/www.baihs.com\/product\/flow-assembly-flowfit-cpa25\/#breadcrumb","itemListElement":[{"@type":"ListItem","position":1,"name":"\u9996\u9875","item":"https:\/\/www.baihs.com\/"},{"@type":"ListItem","position":2,"name":"Product","item":"https:\/\/www.baihs.com\/product\/"},{"@type":"ListItem","position":3,"name":"Flow assembly Flowfit CPA25"}]},{"@type":"WebSite","@id":"https:\/\/www.baihs.com\/#website","url":"https:\/\/www.baihs.com\/","name":"Endress+Hauser,PLC China supplier - Shenzhen Kolai Automation Technology Co., Ltd.","description":"People for Process Automation offer you solutions and products in flow, level, liquid analysis, optical analysis, pressure, temperature measurement, software and system products","publisher":{"@id":"https:\/\/www.baihs.com\/#organization"},"alternateName":"Endress+Hauser pH electrode,pressure transmitter,level meter,Allen Bradley,ABB,Siemens,Eaton,wika","potentialAction":[{"@type":"SearchAction","target":{"@type":"EntryPoint","urlTemplate":"https:\/\/www.baihs.com\/?s={search_term_string}"},"query-input":{"@type":"PropertyValueSpecification","valueRequired":true,"valueName":"search_term_string"}}],"inLanguage":"fr-FR"},{"@type":"Organization","@id":"https:\/\/www.baihs.com\/#organization","name":"CONLLY","url":"https:\/\/www.baihs.com\/","logo":{"@type":"ImageObject","inLanguage":"fr-FR","@id":"https:\/\/www.baihs.com\/#\/schema\/logo\/image\/","url":"https:\/\/www.baihs.com\/wp-content\/uploads\/2025\/04\/20250427194648.jpg","contentUrl":"https:\/\/www.baihs.com\/wp-content\/uploads\/2025\/04\/20250427194648.jpg","width":744,"height":157,"caption":"CONLLY"},"image":{"@id":"https:\/\/www.baihs.com\/#\/schema\/logo\/image\/"}}]}},"_links":{"self":[{"href":"https:\/\/www.baihs.com\/fr\/wp-json\/wp\/v2\/product\/4792","targetHints":{"allow":["GET"]}}],"collection":[{"href":"https:\/\/www.baihs.com\/fr\/wp-json\/wp\/v2\/product"}],"about":[{"href":"https:\/\/www.baihs.com\/fr\/wp-json\/wp\/v2\/types\/product"}],"wp:featuredmedia":[{"embeddable":true,"href":"https:\/\/www.baihs.com\/fr\/wp-json\/wp\/v2\/media\/5046"}],"wp:attachment":[{"href":"https:\/\/www.baihs.com\/fr\/wp-json\/wp\/v2\/media?parent=4792"}],"wp:term":[{"taxonomy":"product_cat","embeddable":true,"href":"https:\/\/www.baihs.com\/fr\/wp-json\/wp\/v2\/product_cat?post=4792"},{"taxonomy":"product_tag","embeddable":true,"href":"https:\/\/www.baihs.com\/fr\/wp-json\/wp\/v2\/product_tag?post=4792"},{"taxonomy":"product_brand","embeddable":true,"href":"https:\/\/www.baihs.com\/fr\/wp-json\/wp\/v2\/product_brand?post=4792"}],"curies":[{"name":"wp","href":"https:\/\/api.w.org\/{rel}","templated":true}]}}