{"id":4789,"date":"2025-04-23T07:43:29","date_gmt":"2025-04-23T07:43:29","guid":{"rendered":"http:\/\/www.baihs.com\/?post_type=product&#038;p=4789"},"modified":"2025-05-20T13:18:58","modified_gmt":"2025-05-20T13:18:58","slug":"digital-ph-sensor-memosens-cps61e","status":"publish","type":"product","link":"https:\/\/www.baihs.com\/fr\/product\/digital-ph-sensor-memosens-cps61e\/","title":{"rendered":"Capteur de pH num\u00e9rique Memosens CPS61E"},"content":{"rendered":"<h3 class=\"eh-headline-03 eh-p-b eh-m-t-xxlg\">Les sp\u00e9cifications en un coup d'\u0153il<\/h3>\n<ul class=\"eh-result-list eh-product-info-category--items\">\n<li class=\"eh-product-info-category--item eh-p-v\">\n<div class=\"eh-grid eh-grid--no-spacing\">\n<div class=\"eh-cell eh-cell--12-col\">\n<h4 class=\"eh-headline--04 eh-font-bold eh-p-b-2\">Plage de mesure<\/h4>\n<\/div>\n<div class=\"eh-cell eh-cell--12-col\">\n<p>pH : 0 \u00e0 14<\/p>\n<\/div>\n<\/div>\n<\/li>\n<li class=\"eh-product-info-category--item eh-p-v\">\n<div class=\"eh-grid eh-grid--no-spacing\">\n<div class=\"eh-cell eh-cell--12-col\">\n<h4 class=\"eh-headline--04 eh-font-bold eh-p-b-2\">Temp\u00e9rature du processus<\/h4>\n<\/div>\n<div class=\"eh-cell eh-cell--12-col\">\n<p>Application N :<br \/>\n0 \u00e0 100 \u00b0C (32 \u00e0 212 \u00b0F)<br \/>\nJusqu'\u00e0 140 \u00b0C (284 \u00b0F) pour la st\u00e9rilisation<\/p>\n<\/div>\n<\/div>\n<\/li>\n<li class=\"eh-product-info-category--item eh-p-v\">\n<div class=\"eh-grid eh-grid--no-spacing\">\n<div class=\"eh-cell eh-cell--12-col\">\n<h4 class=\"eh-headline--04 eh-font-bold eh-p-b-2\">Pression de traitement<\/h4>\n<\/div>\n<div class=\"eh-cell eh-cell--12-col\">\n<p>Application M : 0,8 \u00e0 14 bar (11,6 \u00e0 203 psi) absolu<br \/>\nApplication N : 0,8 \u00e0 7 bar (11,6 \u00e0 101,5 psi) absolu<\/p>\n<h3 class=\"eh-headline-03 eh-p-b eh-m-t-xxlg\">Champ d'application<\/h3>\n<p class=\"eh-p-v\">Maintenez la valeur du pH dans la plage optimale et maximisez le rendement de vos produits avec le Memosens CPS61E. Sa conception robuste et sa stabilit\u00e9 \u00e0 long terme garantissent des valeurs mesur\u00e9es extr\u00eamement pr\u00e9cises et reproductibles, m\u00eame apr\u00e8s CIP\/SIP ou autoclavage. Le CPS61E est dot\u00e9 de la technologie num\u00e9rique Memosens 2.0, offrant un stockage \u00e9tendu des donn\u00e9es d'\u00e9talonnage et de processus pour une maintenance pr\u00e9dictive. Le capteur r\u00e9siste \u00e0 l'humidit\u00e9 et permet un \u00e9talonnage en laboratoire, am\u00e9liorant ainsi l'int\u00e9grit\u00e9 du processus et augmentant son temps de fonctionnement.<\/p>\n<div class=\"eh-p-b-lg\"><\/div>\n<div class=\"eh-rich-content-content\">\n<p class=\"eh-generic--text\">Memosens CPS61E mesure le pH en :<\/p>\n<ul class=\"eh-list-01 eh-generic--list\">\n<li class=\"eh-list--item\">\n<p class=\"eh-generic--text\">Industries biotechnologiques et pharmaceutiques<br \/>\n- Bior\u00e9acteurs\/fermenteurs : contr\u00f4le des proc\u00e9d\u00e9s de production d'enzymes<br \/>\n- Bior\u00e9acteurs\/fermenteurs : contr\u00f4le de la croissance des cultures<\/p>\n<\/li>\n<li class=\"eh-list--item\">\n<p class=\"eh-generic--text\">Alimentation et boissons<br \/>\n- Applications CIP\/SIP<\/p>\n<\/li>\n<\/ul>\n<p class=\"eh-generic--text\">Agr\u00e9ments ATEX, IECEx, CSA C\/US, NEPSI, Japan, INMETRO pour utilisation en zones dangereuses, zones 0, 1 et 2.<\/p>\n<p class=\"eh-generic--text\">Un certificat de conformit\u00e9 pharmaceutique avec le num\u00e9ro de s\u00e9rie du capteur sp\u00e9cifi\u00e9 est disponible.<\/p>\n<h3 class=\"eh-headline-03 eh-p-b eh-m-t-xxlg\">Avantages<\/h3>\n<ul class=\"eh-list-01 eh-generic--list\">\n<li class=\"eh-list--item\">\n<p class=\"eh-generic--text\">Memosens 2.0 offre un stockage \u00e9tendu des donn\u00e9es d'\u00e9talonnage et de processus, permettant une meilleure identification des tendances et fournissant une base \u00e0 l'\u00e9preuve du temps pour la maintenance pr\u00e9dictive et les services IIoT am\u00e9lior\u00e9s.<\/p>\n<\/li>\n<li class=\"eh-list--item\">\n<p class=\"eh-generic--text\">La pr\u00e9cision et la reproductibilit\u00e9 exceptionnelles du capteur vous aident \u00e0 maintenir la valeur du pH dans la plage optimale pour un rendement maximal du produit.<\/p>\n<\/li>\n<li class=\"eh-list--item\">\n<p class=\"eh-generic--text\">Une membrane en verre sp\u00e9ciale et un syst\u00e8me de r\u00e9f\u00e9rence permettent au capteur de r\u00e9sister au NEP\/SEP et \u00e0 l'autoclavage (jusqu'\u00e0 140\u00b0C\/284\u00b0F), offrant ainsi une stabilit\u00e9 maximale \u00e0 long terme.<\/p>\n<\/li>\n<li class=\"eh-list--item\">\n<p class=\"eh-generic--text\">Le capteur prot\u00e8ge la qualit\u00e9 de vos produits gr\u00e2ce \u00e0 sa biocompatibilit\u00e9 certifi\u00e9e selon la classe VI de l'USP, \u00e0 la conformit\u00e9 FDA des pi\u00e8ces en contact avec le produit, \u00e0 la conformit\u00e9 VO 1935\/2004, \u00e0 l'absence de cytotoxicit\u00e9, de bior\u00e9activit\u00e9 et de mat\u00e9riaux d'origine animale.<\/p>\n<\/li>\n<li class=\"eh-list--item\">\n<p class=\"eh-generic--text\">Rationalisez la maintenance du CPS61E gr\u00e2ce au logiciel Memobase Plus qui enregistre et documente automatiquement toutes les donn\u00e9es pertinentes relatives aux capteurs et aux processus.<\/p>\n<\/li>\n<li class=\"eh-list--item\">\n<p class=\"eh-generic--text\">S\u00e9curit\u00e9 maximale des processus gr\u00e2ce \u00e0 la transmission de signaux inductifs sans contact<\/p>\n<\/li>\n<li class=\"eh-list--item\">\n<p class=\"eh-generic--text\">R\u00e9duction des co\u00fbts d'exploitation gr\u00e2ce \u00e0 la minimisation des temps d'arr\u00eat du processus et \u00e0 l'allongement de la dur\u00e9e de vie des capteurs.<\/p>\n<\/li>\n<\/ul>\n<\/div>\n<\/div>\n<\/div>\n<\/li>\n<\/ul>","protected":false},"excerpt":{"rendered":"<p>La valeur du pH d'un liquide peut \u00eatre calcul\u00e9e \u00e0 l'aide du principe de mesure potentiom\u00e9trique. Cette vid\u00e9o montre de quoi il s'agit et comment fonctionne ce principe de mesure.<\/p>","protected":false},"featured_media":5049,"template":"","meta":[],"product_cat":[120,15],"product_tag":[],"product_brand":[],"class_list":["post-4789","product","type-product","status-publish","has-post-thumbnail","hentry","product_cat-water-quality-analyzers","product_cat-endresshauser"],"yoast_head":"<!-- This site is optimized with the Yoast SEO plugin v24.9 - https:\/\/yoast.com\/wordpress\/plugins\/seo\/ -->\n<title>Digital pH sensor Memosens CPS61E - Flow, level, liquid analysis, optical analysis, pressure, temperature measurement, software and system products<\/title>\n<meta name=\"description\" content=\"Memosens 2.0 glass sensor for the food &amp; beverage industry and for bioreactors in biotech industry\" \/>\n<meta name=\"robots\" content=\"index, follow, max-snippet:-1, max-image-preview:large, max-video-preview:-1\" \/>\n<link rel=\"canonical\" href=\"https:\/\/www.baihs.com\/fr\/produit\/digital-ph-sensor-memosens-cps61e\/\" \/>\n<meta property=\"og:locale\" content=\"fr_FR\" \/>\n<meta property=\"og:type\" content=\"article\" \/>\n<meta property=\"og:title\" content=\"Digital pH sensor Memosens CPS61E - Flow, level, liquid analysis, optical analysis, pressure, temperature measurement, software and system products\" \/>\n<meta property=\"og:description\" content=\"Memosens 2.0 glass sensor for the food &amp; beverage industry and for bioreactors in biotech industry\" \/>\n<meta property=\"og:url\" content=\"https:\/\/www.baihs.com\/fr\/produit\/digital-ph-sensor-memosens-cps61e\/\" \/>\n<meta property=\"og:site_name\" content=\"Flow, level, liquid analysis, optical analysis, pressure, temperature measurement, software and system products\" \/>\n<meta property=\"article:modified_time\" content=\"2025-05-20T13:18:58+00:00\" \/>\n<meta property=\"og:image\" content=\"https:\/\/www.baihs.com\/wp-content\/uploads\/2025\/04\/CPS61E-digital-ph-sensor.jpg\" \/>\n\t<meta property=\"og:image:width\" content=\"240\" \/>\n\t<meta property=\"og:image:height\" content=\"321\" \/>\n\t<meta property=\"og:image:type\" content=\"image\/jpeg\" \/>\n<meta name=\"twitter:card\" content=\"summary_large_image\" \/>\n<meta name=\"twitter:label1\" content=\"Dur\u00e9e de lecture estim\u00e9e\" \/>\n\t<meta name=\"twitter:data1\" content=\"2 minutes\" \/>\n<script type=\"application\/ld+json\" class=\"yoast-schema-graph\">{\"@context\":\"https:\/\/schema.org\",\"@graph\":[{\"@type\":\"WebPage\",\"@id\":\"https:\/\/www.baihs.com\/product\/digital-ph-sensor-memosens-cps61e\/\",\"url\":\"https:\/\/www.baihs.com\/product\/digital-ph-sensor-memosens-cps61e\/\",\"name\":\"Digital pH sensor Memosens CPS61E - Flow, level, liquid analysis, optical analysis, pressure, temperature measurement, software and system products\",\"isPartOf\":{\"@id\":\"https:\/\/www.baihs.com\/#website\"},\"primaryImageOfPage\":{\"@id\":\"https:\/\/www.baihs.com\/product\/digital-ph-sensor-memosens-cps61e\/#primaryimage\"},\"image\":{\"@id\":\"https:\/\/www.baihs.com\/product\/digital-ph-sensor-memosens-cps61e\/#primaryimage\"},\"thumbnailUrl\":\"https:\/\/www.baihs.com\/wp-content\/uploads\/2025\/04\/CPS61E-digital-ph-sensor.jpg\",\"datePublished\":\"2025-04-23T07:43:29+00:00\",\"dateModified\":\"2025-05-20T13:18:58+00:00\",\"description\":\"Memosens 2.0 glass sensor for the food & beverage industry and for bioreactors in biotech industry\",\"breadcrumb\":{\"@id\":\"https:\/\/www.baihs.com\/product\/digital-ph-sensor-memosens-cps61e\/#breadcrumb\"},\"inLanguage\":\"fr-FR\",\"potentialAction\":[{\"@type\":\"ReadAction\",\"target\":[\"https:\/\/www.baihs.com\/product\/digital-ph-sensor-memosens-cps61e\/\"]}]},{\"@type\":\"ImageObject\",\"inLanguage\":\"fr-FR\",\"@id\":\"https:\/\/www.baihs.com\/product\/digital-ph-sensor-memosens-cps61e\/#primaryimage\",\"url\":\"https:\/\/www.baihs.com\/wp-content\/uploads\/2025\/04\/CPS61E-digital-ph-sensor.jpg\",\"contentUrl\":\"https:\/\/www.baihs.com\/wp-content\/uploads\/2025\/04\/CPS61E-digital-ph-sensor.jpg\",\"width\":240,\"height\":321},{\"@type\":\"BreadcrumbList\",\"@id\":\"https:\/\/www.baihs.com\/product\/digital-ph-sensor-memosens-cps61e\/#breadcrumb\",\"itemListElement\":[{\"@type\":\"ListItem\",\"position\":1,\"name\":\"\u9996\u9875\",\"item\":\"https:\/\/www.baihs.com\/\"},{\"@type\":\"ListItem\",\"position\":2,\"name\":\"Product\",\"item\":\"https:\/\/www.baihs.com\/product\/\"},{\"@type\":\"ListItem\",\"position\":3,\"name\":\"Digital pH sensor Memosens CPS61E\"}]},{\"@type\":\"WebSite\",\"@id\":\"https:\/\/www.baihs.com\/#website\",\"url\":\"https:\/\/www.baihs.com\/\",\"name\":\"Endress+Hauser,PLC China supplier - Shenzhen Kolai Automation Technology Co., Ltd.\",\"description\":\"People for Process Automation offer you solutions and products in flow, level, liquid analysis, optical analysis, pressure, temperature measurement, software and system products\",\"publisher\":{\"@id\":\"https:\/\/www.baihs.com\/#organization\"},\"alternateName\":\"Endress+Hauser pH electrode,pressure transmitter,level meter,Allen Bradley,ABB,Siemens,Eaton,wika\",\"potentialAction\":[{\"@type\":\"SearchAction\",\"target\":{\"@type\":\"EntryPoint\",\"urlTemplate\":\"https:\/\/www.baihs.com\/?s={search_term_string}\"},\"query-input\":{\"@type\":\"PropertyValueSpecification\",\"valueRequired\":true,\"valueName\":\"search_term_string\"}}],\"inLanguage\":\"fr-FR\"},{\"@type\":\"Organization\",\"@id\":\"https:\/\/www.baihs.com\/#organization\",\"name\":\"CONLLY\",\"url\":\"https:\/\/www.baihs.com\/\",\"logo\":{\"@type\":\"ImageObject\",\"inLanguage\":\"fr-FR\",\"@id\":\"https:\/\/www.baihs.com\/#\/schema\/logo\/image\/\",\"url\":\"https:\/\/www.baihs.com\/wp-content\/uploads\/2025\/04\/20250427194648.jpg\",\"contentUrl\":\"https:\/\/www.baihs.com\/wp-content\/uploads\/2025\/04\/20250427194648.jpg\",\"width\":744,\"height\":157,\"caption\":\"CONLLY\"},\"image\":{\"@id\":\"https:\/\/www.baihs.com\/#\/schema\/logo\/image\/\"}}]}<\/script>\n<!-- \/ Yoast SEO plugin. -->","yoast_head_json":{"title":"Digital pH sensor Memosens CPS61E - Flow, level, liquid analysis, optical analysis, pressure, temperature measurement, software and system products","description":"Memosens 2.0 glass sensor for the food & beverage industry and for bioreactors in biotech industry","robots":{"index":"index","follow":"follow","max-snippet":"max-snippet:-1","max-image-preview":"max-image-preview:large","max-video-preview":"max-video-preview:-1"},"canonical":"https:\/\/www.baihs.com\/fr\/produit\/digital-ph-sensor-memosens-cps61e\/","og_locale":"fr_FR","og_type":"article","og_title":"Digital pH sensor Memosens CPS61E - Flow, level, liquid analysis, optical analysis, pressure, temperature measurement, software and system products","og_description":"Memosens 2.0 glass sensor for the food & beverage industry and for bioreactors in biotech industry","og_url":"https:\/\/www.baihs.com\/fr\/produit\/digital-ph-sensor-memosens-cps61e\/","og_site_name":"Flow, level, liquid analysis, optical analysis, pressure, temperature measurement, software and system products","article_modified_time":"2025-05-20T13:18:58+00:00","og_image":[{"width":240,"height":321,"url":"https:\/\/www.baihs.com\/wp-content\/uploads\/2025\/04\/CPS61E-digital-ph-sensor.jpg","type":"image\/jpeg"}],"twitter_card":"summary_large_image","twitter_misc":{"Dur\u00e9e de lecture estim\u00e9e":"2 minutes"},"schema":{"@context":"https:\/\/schema.org","@graph":[{"@type":"WebPage","@id":"https:\/\/www.baihs.com\/product\/digital-ph-sensor-memosens-cps61e\/","url":"https:\/\/www.baihs.com\/product\/digital-ph-sensor-memosens-cps61e\/","name":"Digital pH sensor Memosens CPS61E - Flow, level, liquid analysis, optical analysis, pressure, temperature measurement, software and system products","isPartOf":{"@id":"https:\/\/www.baihs.com\/#website"},"primaryImageOfPage":{"@id":"https:\/\/www.baihs.com\/product\/digital-ph-sensor-memosens-cps61e\/#primaryimage"},"image":{"@id":"https:\/\/www.baihs.com\/product\/digital-ph-sensor-memosens-cps61e\/#primaryimage"},"thumbnailUrl":"https:\/\/www.baihs.com\/wp-content\/uploads\/2025\/04\/CPS61E-digital-ph-sensor.jpg","datePublished":"2025-04-23T07:43:29+00:00","dateModified":"2025-05-20T13:18:58+00:00","description":"Memosens 2.0 glass sensor for the food & beverage industry and for bioreactors in biotech industry","breadcrumb":{"@id":"https:\/\/www.baihs.com\/product\/digital-ph-sensor-memosens-cps61e\/#breadcrumb"},"inLanguage":"fr-FR","potentialAction":[{"@type":"ReadAction","target":["https:\/\/www.baihs.com\/product\/digital-ph-sensor-memosens-cps61e\/"]}]},{"@type":"ImageObject","inLanguage":"fr-FR","@id":"https:\/\/www.baihs.com\/product\/digital-ph-sensor-memosens-cps61e\/#primaryimage","url":"https:\/\/www.baihs.com\/wp-content\/uploads\/2025\/04\/CPS61E-digital-ph-sensor.jpg","contentUrl":"https:\/\/www.baihs.com\/wp-content\/uploads\/2025\/04\/CPS61E-digital-ph-sensor.jpg","width":240,"height":321},{"@type":"BreadcrumbList","@id":"https:\/\/www.baihs.com\/product\/digital-ph-sensor-memosens-cps61e\/#breadcrumb","itemListElement":[{"@type":"ListItem","position":1,"name":"\u9996\u9875","item":"https:\/\/www.baihs.com\/"},{"@type":"ListItem","position":2,"name":"Product","item":"https:\/\/www.baihs.com\/product\/"},{"@type":"ListItem","position":3,"name":"Digital pH sensor Memosens CPS61E"}]},{"@type":"WebSite","@id":"https:\/\/www.baihs.com\/#website","url":"https:\/\/www.baihs.com\/","name":"Endress+Hauser,PLC China supplier - Shenzhen Kolai Automation Technology Co., Ltd.","description":"People for Process Automation offer you solutions and products in flow, level, liquid analysis, optical analysis, pressure, temperature measurement, software and system products","publisher":{"@id":"https:\/\/www.baihs.com\/#organization"},"alternateName":"Endress+Hauser pH electrode,pressure transmitter,level meter,Allen Bradley,ABB,Siemens,Eaton,wika","potentialAction":[{"@type":"SearchAction","target":{"@type":"EntryPoint","urlTemplate":"https:\/\/www.baihs.com\/?s={search_term_string}"},"query-input":{"@type":"PropertyValueSpecification","valueRequired":true,"valueName":"search_term_string"}}],"inLanguage":"fr-FR"},{"@type":"Organization","@id":"https:\/\/www.baihs.com\/#organization","name":"CONLLY","url":"https:\/\/www.baihs.com\/","logo":{"@type":"ImageObject","inLanguage":"fr-FR","@id":"https:\/\/www.baihs.com\/#\/schema\/logo\/image\/","url":"https:\/\/www.baihs.com\/wp-content\/uploads\/2025\/04\/20250427194648.jpg","contentUrl":"https:\/\/www.baihs.com\/wp-content\/uploads\/2025\/04\/20250427194648.jpg","width":744,"height":157,"caption":"CONLLY"},"image":{"@id":"https:\/\/www.baihs.com\/#\/schema\/logo\/image\/"}}]}},"_links":{"self":[{"href":"https:\/\/www.baihs.com\/fr\/wp-json\/wp\/v2\/product\/4789","targetHints":{"allow":["GET"]}}],"collection":[{"href":"https:\/\/www.baihs.com\/fr\/wp-json\/wp\/v2\/product"}],"about":[{"href":"https:\/\/www.baihs.com\/fr\/wp-json\/wp\/v2\/types\/product"}],"wp:featuredmedia":[{"embeddable":true,"href":"https:\/\/www.baihs.com\/fr\/wp-json\/wp\/v2\/media\/5049"}],"wp:attachment":[{"href":"https:\/\/www.baihs.com\/fr\/wp-json\/wp\/v2\/media?parent=4789"}],"wp:term":[{"taxonomy":"product_cat","embeddable":true,"href":"https:\/\/www.baihs.com\/fr\/wp-json\/wp\/v2\/product_cat?post=4789"},{"taxonomy":"product_tag","embeddable":true,"href":"https:\/\/www.baihs.com\/fr\/wp-json\/wp\/v2\/product_tag?post=4789"},{"taxonomy":"product_brand","embeddable":true,"href":"https:\/\/www.baihs.com\/fr\/wp-json\/wp\/v2\/product_brand?post=4789"}],"curies":[{"name":"wp","href":"https:\/\/api.w.org\/{rel}","templated":true}]}}