{"id":5056,"date":"2025-08-07T08:17:54","date_gmt":"2025-08-07T08:17:54","guid":{"rendered":"https:\/\/www.baihs.com\/?post_type=product&#038;p=5056"},"modified":"2025-08-07T08:18:47","modified_gmt":"2025-08-07T08:18:47","slug":"proline-promag-h-100-electromagnetic-flowmeter","status":"publish","type":"product","link":"https:\/\/www.baihs.com\/es\/product\/proline-promag-h-100-electromagnetic-flowmeter\/","title":{"rendered":"Caudal\u00edmetro electromagn\u00e9tico Proline Promag H 100"},"content":{"rendered":"<p>Especificaciones<\/p>\n<p>Error de medici\u00f3n m\u00e1x.<\/p>\n<p>Caudal (est\u00e1ndar): \u00b10,5 % o.r. \u00b1 1 mm\/s (0,04 in\/s)<br \/>\nCaudal (opci\u00f3n) \u00b10,2 % o.r. \u00b1 2 mm\/s (0,08 in\/s)<\/p>\n<p>&nbsp;<\/p>\n<p>Rango de medici\u00f3n<\/p>\n<p>0,06 dm\u00b3\/min a 600 m\u00b3\/h (0,015 a 2650 gal\/min)<\/p>\n<p>&nbsp;<\/p>\n<p>Temperatura media<\/p>\n<p>De -20 a +150 \u00b0C (de -4 a +302 \u00b0F)<\/p>\n<p>&nbsp;<\/p>\n<p>Presi\u00f3n m\u00e1x. de proceso<\/p>\n<p>PN 40, Clase 150, 20K<\/p>\n<p>&nbsp;<\/p>\n<p>Materiales mojados<\/p>\n<p>Liner: PFA<br \/>\nElectrodos: 1.4435 (316L); Aleaci\u00f3n C22, 2.4602 (UNS N06022); T\u00e1ntalo; Platino<br \/>\nConexiones a proceso: acero inoxidable, 1.4404 (F316L); PVDF; manguito adhesivo de PVC<br \/>\nJuntas: Junta t\u00f3rica (EPDM, FKM, Kalrez), junta moldeada as\u00e9ptica (EPDM, FKM, silicona)<br \/>\nAnillos de puesta a tierra: acero inoxidable, 1.4435 (316L); aleaci\u00f3n C22, 2.4602 (UNS N06022); t\u00e1ntalo.<\/p>\n<p>&nbsp;<\/p>\n<p>Beneficios<\/p>\n<p>Medici\u00f3n multivariable de caudal, temperatura y conductividad<\/p>\n<p>Concepto de instalaci\u00f3n flexible: numerosas conexiones de proceso higi\u00e9nicas<\/p>\n<p>Medici\u00f3n de caudal con ahorro de energ\u00eda: sin p\u00e9rdida de presi\u00f3n debido a la constricci\u00f3n de la secci\u00f3n transversal<\/p>\n<p>Transmisor compacto: funcionalidad completa en el m\u00ednimo espacio<\/p>\n<p>Funcionamiento local que ahorra tiempo sin software ni hardware adicionales: servidor web integrado<\/p>\n<p>Verificaci\u00f3n integrada - Tecnolog\u00eda Heartbeat<\/p>\n<p>Sin mantenimiento: sin piezas m\u00f3viles<\/p>\n<p>&nbsp;<\/p>\n<p>&nbsp;<\/p>\n<p>&nbsp;<\/p>","protected":false},"excerpt":{"rendered":"<p>Caudal\u00edmetro electromagn\u00e9tico Proline Promag H 100<\/p>\n<p>El especialista en aplicaciones higi\u00e9nicas con un transmisor ultracompacto<\/p>","protected":false},"featured_media":5057,"template":"","meta":[],"product_cat":[114,15],"product_tag":[],"product_brand":[],"class_list":["post-5056","product","type-product","status-publish","has-post-thumbnail","hentry","product_cat-flow-instruments","product_cat-endresshauser"],"yoast_head":"<!-- This site is optimized with the Yoast SEO plugin v24.9 - https:\/\/yoast.com\/wordpress\/plugins\/seo\/ -->\n<title>Proline Promag H 100 electromagnetic flowmeter - Flow, level, liquid analysis, optical analysis, pressure, temperature measurement, software and system products<\/title>\n<meta name=\"robots\" content=\"index, follow, max-snippet:-1, max-image-preview:large, max-video-preview:-1\" \/>\n<link rel=\"canonical\" href=\"https:\/\/www.baihs.com\/es\/producto\/proline-promag-h-100-electromagnetic-flowmeter\/\" \/>\n<meta property=\"og:locale\" content=\"es_ES\" \/>\n<meta property=\"og:type\" content=\"article\" \/>\n<meta property=\"og:title\" content=\"Proline Promag H 100 electromagnetic flowmeter - Flow, level, liquid analysis, optical analysis, pressure, temperature measurement, software and system products\" \/>\n<meta property=\"og:description\" content=\"Proline Promag H 100\u00a0electromagnetic flowmeter  The specialist for hygienic applications with an ultra-compact transmitter\" \/>\n<meta property=\"og:url\" content=\"https:\/\/www.baihs.com\/es\/producto\/proline-promag-h-100-electromagnetic-flowmeter\/\" \/>\n<meta property=\"og:site_name\" content=\"Flow, level, liquid analysis, optical analysis, pressure, temperature measurement, software and system products\" \/>\n<meta property=\"article:modified_time\" content=\"2025-08-07T08:18:47+00:00\" \/>\n<meta property=\"og:image\" content=\"https:\/\/www.baihs.com\/wp-content\/uploads\/2025\/08\/Proline-Promag-H-100-_-5H1B-with-Tri-Clamp-connections-for-the-food-and-beverages-and-life-sciences-industries-PP01.jpg\" \/>\n\t<meta property=\"og:image:width\" content=\"240\" \/>\n\t<meta property=\"og:image:height\" content=\"321\" \/>\n\t<meta property=\"og:image:type\" content=\"image\/jpeg\" \/>\n<meta name=\"twitter:card\" content=\"summary_large_image\" \/>\n<meta name=\"twitter:label1\" content=\"Tiempo de lectura\" \/>\n\t<meta name=\"twitter:data1\" content=\"2 minutos\" \/>\n<script type=\"application\/ld+json\" class=\"yoast-schema-graph\">{\"@context\":\"https:\/\/schema.org\",\"@graph\":[{\"@type\":\"WebPage\",\"@id\":\"https:\/\/www.baihs.com\/product\/proline-promag-h-100-electromagnetic-flowmeter\/\",\"url\":\"https:\/\/www.baihs.com\/product\/proline-promag-h-100-electromagnetic-flowmeter\/\",\"name\":\"Proline Promag H 100 electromagnetic flowmeter - Flow, level, liquid analysis, optical analysis, pressure, temperature measurement, software and system products\",\"isPartOf\":{\"@id\":\"https:\/\/www.baihs.com\/#website\"},\"primaryImageOfPage\":{\"@id\":\"https:\/\/www.baihs.com\/product\/proline-promag-h-100-electromagnetic-flowmeter\/#primaryimage\"},\"image\":{\"@id\":\"https:\/\/www.baihs.com\/product\/proline-promag-h-100-electromagnetic-flowmeter\/#primaryimage\"},\"thumbnailUrl\":\"https:\/\/www.baihs.com\/wp-content\/uploads\/2025\/08\/Proline-Promag-H-100-_-5H1B-with-Tri-Clamp-connections-for-the-food-and-beverages-and-life-sciences-industries-PP01.jpg\",\"datePublished\":\"2025-08-07T08:17:54+00:00\",\"dateModified\":\"2025-08-07T08:18:47+00:00\",\"breadcrumb\":{\"@id\":\"https:\/\/www.baihs.com\/product\/proline-promag-h-100-electromagnetic-flowmeter\/#breadcrumb\"},\"inLanguage\":\"es\",\"potentialAction\":[{\"@type\":\"ReadAction\",\"target\":[\"https:\/\/www.baihs.com\/product\/proline-promag-h-100-electromagnetic-flowmeter\/\"]}]},{\"@type\":\"ImageObject\",\"inLanguage\":\"es\",\"@id\":\"https:\/\/www.baihs.com\/product\/proline-promag-h-100-electromagnetic-flowmeter\/#primaryimage\",\"url\":\"https:\/\/www.baihs.com\/wp-content\/uploads\/2025\/08\/Proline-Promag-H-100-_-5H1B-with-Tri-Clamp-connections-for-the-food-and-beverages-and-life-sciences-industries-PP01.jpg\",\"contentUrl\":\"https:\/\/www.baihs.com\/wp-content\/uploads\/2025\/08\/Proline-Promag-H-100-_-5H1B-with-Tri-Clamp-connections-for-the-food-and-beverages-and-life-sciences-industries-PP01.jpg\",\"width\":240,\"height\":321},{\"@type\":\"BreadcrumbList\",\"@id\":\"https:\/\/www.baihs.com\/product\/proline-promag-h-100-electromagnetic-flowmeter\/#breadcrumb\",\"itemListElement\":[{\"@type\":\"ListItem\",\"position\":1,\"name\":\"\u9996\u9875\",\"item\":\"https:\/\/www.baihs.com\/\"},{\"@type\":\"ListItem\",\"position\":2,\"name\":\"Product\",\"item\":\"https:\/\/www.baihs.com\/product\/\"},{\"@type\":\"ListItem\",\"position\":3,\"name\":\"Proline Promag H 100 electromagnetic flowmeter\"}]},{\"@type\":\"WebSite\",\"@id\":\"https:\/\/www.baihs.com\/#website\",\"url\":\"https:\/\/www.baihs.com\/\",\"name\":\"Endress+Hauser,PLC China supplier - Shenzhen Kolai Automation Technology Co., Ltd.\",\"description\":\"People for Process Automation offer you solutions and products in flow, level, liquid analysis, optical analysis, pressure, temperature measurement, software and system products\",\"publisher\":{\"@id\":\"https:\/\/www.baihs.com\/#organization\"},\"alternateName\":\"Endress+Hauser pH electrode,pressure transmitter,level meter,Allen Bradley,ABB,Siemens,Eaton,wika\",\"potentialAction\":[{\"@type\":\"SearchAction\",\"target\":{\"@type\":\"EntryPoint\",\"urlTemplate\":\"https:\/\/www.baihs.com\/?s={search_term_string}\"},\"query-input\":{\"@type\":\"PropertyValueSpecification\",\"valueRequired\":true,\"valueName\":\"search_term_string\"}}],\"inLanguage\":\"es\"},{\"@type\":\"Organization\",\"@id\":\"https:\/\/www.baihs.com\/#organization\",\"name\":\"CONLLY\",\"url\":\"https:\/\/www.baihs.com\/\",\"logo\":{\"@type\":\"ImageObject\",\"inLanguage\":\"es\",\"@id\":\"https:\/\/www.baihs.com\/#\/schema\/logo\/image\/\",\"url\":\"https:\/\/www.baihs.com\/wp-content\/uploads\/2025\/04\/20250427194648.jpg\",\"contentUrl\":\"https:\/\/www.baihs.com\/wp-content\/uploads\/2025\/04\/20250427194648.jpg\",\"width\":744,\"height\":157,\"caption\":\"CONLLY\"},\"image\":{\"@id\":\"https:\/\/www.baihs.com\/#\/schema\/logo\/image\/\"}}]}<\/script>\n<!-- \/ Yoast SEO plugin. -->","yoast_head_json":{"title":"Proline Promag H 100 electromagnetic flowmeter - Flow, level, liquid analysis, optical analysis, pressure, temperature measurement, software and system products","robots":{"index":"index","follow":"follow","max-snippet":"max-snippet:-1","max-image-preview":"max-image-preview:large","max-video-preview":"max-video-preview:-1"},"canonical":"https:\/\/www.baihs.com\/es\/producto\/proline-promag-h-100-electromagnetic-flowmeter\/","og_locale":"es_ES","og_type":"article","og_title":"Proline Promag H 100 electromagnetic flowmeter - Flow, level, liquid analysis, optical analysis, pressure, temperature measurement, software and system products","og_description":"Proline Promag H 100\u00a0electromagnetic flowmeter  The specialist for hygienic applications with an ultra-compact transmitter","og_url":"https:\/\/www.baihs.com\/es\/producto\/proline-promag-h-100-electromagnetic-flowmeter\/","og_site_name":"Flow, level, liquid analysis, optical analysis, pressure, temperature measurement, software and system products","article_modified_time":"2025-08-07T08:18:47+00:00","og_image":[{"width":240,"height":321,"url":"https:\/\/www.baihs.com\/wp-content\/uploads\/2025\/08\/Proline-Promag-H-100-_-5H1B-with-Tri-Clamp-connections-for-the-food-and-beverages-and-life-sciences-industries-PP01.jpg","type":"image\/jpeg"}],"twitter_card":"summary_large_image","twitter_misc":{"Tiempo de lectura":"2 minutos"},"schema":{"@context":"https:\/\/schema.org","@graph":[{"@type":"WebPage","@id":"https:\/\/www.baihs.com\/product\/proline-promag-h-100-electromagnetic-flowmeter\/","url":"https:\/\/www.baihs.com\/product\/proline-promag-h-100-electromagnetic-flowmeter\/","name":"Proline Promag H 100 electromagnetic flowmeter - Flow, level, liquid analysis, optical analysis, pressure, temperature measurement, software and system products","isPartOf":{"@id":"https:\/\/www.baihs.com\/#website"},"primaryImageOfPage":{"@id":"https:\/\/www.baihs.com\/product\/proline-promag-h-100-electromagnetic-flowmeter\/#primaryimage"},"image":{"@id":"https:\/\/www.baihs.com\/product\/proline-promag-h-100-electromagnetic-flowmeter\/#primaryimage"},"thumbnailUrl":"https:\/\/www.baihs.com\/wp-content\/uploads\/2025\/08\/Proline-Promag-H-100-_-5H1B-with-Tri-Clamp-connections-for-the-food-and-beverages-and-life-sciences-industries-PP01.jpg","datePublished":"2025-08-07T08:17:54+00:00","dateModified":"2025-08-07T08:18:47+00:00","breadcrumb":{"@id":"https:\/\/www.baihs.com\/product\/proline-promag-h-100-electromagnetic-flowmeter\/#breadcrumb"},"inLanguage":"es","potentialAction":[{"@type":"ReadAction","target":["https:\/\/www.baihs.com\/product\/proline-promag-h-100-electromagnetic-flowmeter\/"]}]},{"@type":"ImageObject","inLanguage":"es","@id":"https:\/\/www.baihs.com\/product\/proline-promag-h-100-electromagnetic-flowmeter\/#primaryimage","url":"https:\/\/www.baihs.com\/wp-content\/uploads\/2025\/08\/Proline-Promag-H-100-_-5H1B-with-Tri-Clamp-connections-for-the-food-and-beverages-and-life-sciences-industries-PP01.jpg","contentUrl":"https:\/\/www.baihs.com\/wp-content\/uploads\/2025\/08\/Proline-Promag-H-100-_-5H1B-with-Tri-Clamp-connections-for-the-food-and-beverages-and-life-sciences-industries-PP01.jpg","width":240,"height":321},{"@type":"BreadcrumbList","@id":"https:\/\/www.baihs.com\/product\/proline-promag-h-100-electromagnetic-flowmeter\/#breadcrumb","itemListElement":[{"@type":"ListItem","position":1,"name":"\u9996\u9875","item":"https:\/\/www.baihs.com\/"},{"@type":"ListItem","position":2,"name":"Product","item":"https:\/\/www.baihs.com\/product\/"},{"@type":"ListItem","position":3,"name":"Proline Promag H 100 electromagnetic flowmeter"}]},{"@type":"WebSite","@id":"https:\/\/www.baihs.com\/#website","url":"https:\/\/www.baihs.com\/","name":"Endress+Hauser,PLC China supplier - Shenzhen Kolai Automation Technology Co., Ltd.","description":"People for Process Automation offer you solutions and products in flow, level, liquid analysis, optical analysis, pressure, temperature measurement, software and system products","publisher":{"@id":"https:\/\/www.baihs.com\/#organization"},"alternateName":"Endress+Hauser pH electrode,pressure transmitter,level meter,Allen Bradley,ABB,Siemens,Eaton,wika","potentialAction":[{"@type":"SearchAction","target":{"@type":"EntryPoint","urlTemplate":"https:\/\/www.baihs.com\/?s={search_term_string}"},"query-input":{"@type":"PropertyValueSpecification","valueRequired":true,"valueName":"search_term_string"}}],"inLanguage":"es"},{"@type":"Organization","@id":"https:\/\/www.baihs.com\/#organization","name":"CONLLY","url":"https:\/\/www.baihs.com\/","logo":{"@type":"ImageObject","inLanguage":"es","@id":"https:\/\/www.baihs.com\/#\/schema\/logo\/image\/","url":"https:\/\/www.baihs.com\/wp-content\/uploads\/2025\/04\/20250427194648.jpg","contentUrl":"https:\/\/www.baihs.com\/wp-content\/uploads\/2025\/04\/20250427194648.jpg","width":744,"height":157,"caption":"CONLLY"},"image":{"@id":"https:\/\/www.baihs.com\/#\/schema\/logo\/image\/"}}]}},"_links":{"self":[{"href":"https:\/\/www.baihs.com\/es\/wp-json\/wp\/v2\/product\/5056","targetHints":{"allow":["GET"]}}],"collection":[{"href":"https:\/\/www.baihs.com\/es\/wp-json\/wp\/v2\/product"}],"about":[{"href":"https:\/\/www.baihs.com\/es\/wp-json\/wp\/v2\/types\/product"}],"wp:featuredmedia":[{"embeddable":true,"href":"https:\/\/www.baihs.com\/es\/wp-json\/wp\/v2\/media\/5057"}],"wp:attachment":[{"href":"https:\/\/www.baihs.com\/es\/wp-json\/wp\/v2\/media?parent=5056"}],"wp:term":[{"taxonomy":"product_cat","embeddable":true,"href":"https:\/\/www.baihs.com\/es\/wp-json\/wp\/v2\/product_cat?post=5056"},{"taxonomy":"product_tag","embeddable":true,"href":"https:\/\/www.baihs.com\/es\/wp-json\/wp\/v2\/product_tag?post=5056"},{"taxonomy":"product_brand","embeddable":true,"href":"https:\/\/www.baihs.com\/es\/wp-json\/wp\/v2\/product_brand?post=5056"}],"curies":[{"name":"wp","href":"https:\/\/api.w.org\/{rel}","templated":true}]}}