{"id":5008,"date":"2025-04-29T06:57:01","date_gmt":"2025-04-29T06:57:01","guid":{"rendered":"https:\/\/www.baihs.com\/?post_type=product&#038;p=5008"},"modified":"2025-05-12T14:21:20","modified_gmt":"2025-05-12T14:21:20","slug":"digital-ph-sensor-memosens-cpf81e","status":"publish","type":"product","link":"https:\/\/www.baihs.com\/es\/product\/digital-ph-sensor-memosens-cpf81e\/","title":{"rendered":"Sensor digital de pH Memosens CPF81E"},"content":{"rendered":"<p>Rango de medici\u00f3n pH 0 a 14 Temperatura de proceso Versi\u00f3n LH: 0 a 110 \u00b0C (32 a 230 \u00b0F) Versi\u00f3n NN: 0 a 80 \u00b0C (32 a 170 \u00b0F) Presi\u00f3n de proceso 1 a 10 bar abs a 80 \u00b0C (15 a 145 psi a 176 \u00b0F)<\/p>\n<p><strong>Campo de aplicaci\u00f3n Memosens<\/strong><br \/>\nEl CPF81E es la soluci\u00f3n digital y robusta para entornos dif\u00edciles. Mide con fiabilidad y precisi\u00f3n incluso en medios abrasivos y con caudales elevados. Gracias a su montaje integrado, el electrodo ahorra espacio de instalaci\u00f3n. Gracias a la tecnolog\u00eda digital Memosens 2.0, el CPF81E combina la m\u00e1xima integridad del proceso con un funcionamiento sencillo. Resiste la humedad y permite la calibraci\u00f3n en laboratorio. Ofrece un almacenamiento ampliado de los datos de calibraci\u00f3n y proceso, lo que constituye la base perfecta para un mantenimiento predictivo.<\/p>\n<p>Memosens CPF81E es el sensor de pH robusto para procesos en industrias mineras y tratamiento de aguas industriales y residuales. Monitoriza: Flotaci\u00f3n Lixiviaci\u00f3n Neutralizaci\u00f3n Entrada y salida Con aprobaci\u00f3n CSA C\/US para uso en \u00e1reas peligrosas, zonas 0, 1 y 2.<\/p>\n<p><strong>Beneficios<\/strong><br \/>\nMemosens 2.0 ofrece almacenamiento ampliado de datos de calibraci\u00f3n y proceso, lo que permite una mejor identificaci\u00f3n de tendencias y proporciona una base preparada para el futuro para el mantenimiento predictivo y servicios IIoT mejorados. Estable durante mucho tiempo: La doble uni\u00f3n proporciona una mejor protecci\u00f3n contra los iones de envenenamiento del electrodo, como S2- o CN-. La robusta carcasa de pol\u00edmero protege contra da\u00f1os mec\u00e1nicos. La membrana plana opcional hace que el sensor sea adecuado para caudales elevados y medios abrasivos. La transmisi\u00f3n inductiva de se\u00f1ales sin contacto garantiza la m\u00e1xima seguridad del proceso. El m\u00e1ximo tiempo de funcionamiento del proceso y la mayor vida \u00fatil del sensor reducen los costes operativos.<\/p>","protected":false},"excerpt":{"rendered":"<p>Electrodo compacto Memosens 2.0 para aguas residuales, miner\u00eda, minerales e industrias metal\u00fargicas<br \/>\nModelo representativo CPF81E-1009\/0 CPF81E-AA5LAD<\/p>","protected":false},"featured_media":5011,"template":"","meta":[],"product_cat":[120,15],"product_tag":[],"product_brand":[],"class_list":["post-5008","product","type-product","status-publish","has-post-thumbnail","hentry","product_cat-water-quality-analyzers","product_cat-endresshauser"],"yoast_head":"<!-- This site is optimized with the Yoast SEO plugin v24.9 - https:\/\/yoast.com\/wordpress\/plugins\/seo\/ -->\n<title>Digital pH sensor Memosens CPF81E - Flow, level, liquid analysis, optical analysis, pressure, temperature measurement, software and system products<\/title>\n<meta name=\"description\" content=\"Memosens 2.0 compact electrode for wastewater, mining, minerals and metal industries\" \/>\n<meta name=\"robots\" content=\"index, follow, max-snippet:-1, max-image-preview:large, max-video-preview:-1\" \/>\n<link rel=\"canonical\" href=\"https:\/\/www.baihs.com\/es\/producto\/digital-ph-sensor-memosens-cpf81e\/\" \/>\n<meta property=\"og:locale\" content=\"es_ES\" \/>\n<meta property=\"og:type\" content=\"article\" \/>\n<meta property=\"og:title\" content=\"Digital pH sensor Memosens CPF81E - Flow, level, liquid analysis, optical analysis, pressure, temperature measurement, software and system products\" \/>\n<meta property=\"og:description\" content=\"Memosens 2.0 compact electrode for wastewater, mining, minerals and metal industries\" \/>\n<meta property=\"og:url\" content=\"https:\/\/www.baihs.com\/es\/producto\/digital-ph-sensor-memosens-cpf81e\/\" \/>\n<meta property=\"og:site_name\" content=\"Flow, level, liquid analysis, optical analysis, pressure, temperature measurement, software and system products\" \/>\n<meta property=\"article:modified_time\" content=\"2025-05-12T14:21:20+00:00\" \/>\n<meta property=\"og:image\" content=\"https:\/\/www.baihs.com\/wp-content\/uploads\/2025\/04\/CPF81E-digital-pH-sensor-1.jpg\" \/>\n\t<meta property=\"og:image:width\" content=\"240\" \/>\n\t<meta property=\"og:image:height\" content=\"321\" \/>\n\t<meta property=\"og:image:type\" content=\"image\/jpeg\" \/>\n<meta name=\"twitter:card\" content=\"summary_large_image\" \/>\n<meta name=\"twitter:label1\" content=\"Tiempo de lectura\" \/>\n\t<meta name=\"twitter:data1\" content=\"2 minutos\" \/>\n<script type=\"application\/ld+json\" class=\"yoast-schema-graph\">{\"@context\":\"https:\/\/schema.org\",\"@graph\":[{\"@type\":\"WebPage\",\"@id\":\"https:\/\/www.baihs.com\/product\/digital-ph-sensor-memosens-cpf81e\/\",\"url\":\"https:\/\/www.baihs.com\/product\/digital-ph-sensor-memosens-cpf81e\/\",\"name\":\"Digital pH sensor Memosens CPF81E - Flow, level, liquid analysis, optical analysis, pressure, temperature measurement, software and system products\",\"isPartOf\":{\"@id\":\"https:\/\/www.baihs.com\/#website\"},\"primaryImageOfPage\":{\"@id\":\"https:\/\/www.baihs.com\/product\/digital-ph-sensor-memosens-cpf81e\/#primaryimage\"},\"image\":{\"@id\":\"https:\/\/www.baihs.com\/product\/digital-ph-sensor-memosens-cpf81e\/#primaryimage\"},\"thumbnailUrl\":\"https:\/\/www.baihs.com\/wp-content\/uploads\/2025\/04\/CPF81E-digital-pH-sensor-1.jpg\",\"datePublished\":\"2025-04-29T06:57:01+00:00\",\"dateModified\":\"2025-05-12T14:21:20+00:00\",\"description\":\"Memosens 2.0 compact electrode for wastewater, mining, minerals and metal industries\",\"breadcrumb\":{\"@id\":\"https:\/\/www.baihs.com\/product\/digital-ph-sensor-memosens-cpf81e\/#breadcrumb\"},\"inLanguage\":\"es\",\"potentialAction\":[{\"@type\":\"ReadAction\",\"target\":[\"https:\/\/www.baihs.com\/product\/digital-ph-sensor-memosens-cpf81e\/\"]}]},{\"@type\":\"ImageObject\",\"inLanguage\":\"es\",\"@id\":\"https:\/\/www.baihs.com\/product\/digital-ph-sensor-memosens-cpf81e\/#primaryimage\",\"url\":\"https:\/\/www.baihs.com\/wp-content\/uploads\/2025\/04\/CPF81E-digital-pH-sensor-1.jpg\",\"contentUrl\":\"https:\/\/www.baihs.com\/wp-content\/uploads\/2025\/04\/CPF81E-digital-pH-sensor-1.jpg\",\"width\":240,\"height\":321},{\"@type\":\"BreadcrumbList\",\"@id\":\"https:\/\/www.baihs.com\/product\/digital-ph-sensor-memosens-cpf81e\/#breadcrumb\",\"itemListElement\":[{\"@type\":\"ListItem\",\"position\":1,\"name\":\"\u9996\u9875\",\"item\":\"https:\/\/www.baihs.com\/\"},{\"@type\":\"ListItem\",\"position\":2,\"name\":\"Product\",\"item\":\"https:\/\/www.baihs.com\/product\/\"},{\"@type\":\"ListItem\",\"position\":3,\"name\":\"Digital pH sensor Memosens CPF81E\"}]},{\"@type\":\"WebSite\",\"@id\":\"https:\/\/www.baihs.com\/#website\",\"url\":\"https:\/\/www.baihs.com\/\",\"name\":\"Endress+Hauser,PLC China supplier - Shenzhen Kolai Automation Technology Co., Ltd.\",\"description\":\"People for Process Automation offer you solutions and products in flow, level, liquid analysis, optical analysis, pressure, temperature measurement, software and system products\",\"publisher\":{\"@id\":\"https:\/\/www.baihs.com\/#organization\"},\"alternateName\":\"Endress+Hauser pH electrode,pressure transmitter,level meter,Allen Bradley,ABB,Siemens,Eaton,wika\",\"potentialAction\":[{\"@type\":\"SearchAction\",\"target\":{\"@type\":\"EntryPoint\",\"urlTemplate\":\"https:\/\/www.baihs.com\/?s={search_term_string}\"},\"query-input\":{\"@type\":\"PropertyValueSpecification\",\"valueRequired\":true,\"valueName\":\"search_term_string\"}}],\"inLanguage\":\"es\"},{\"@type\":\"Organization\",\"@id\":\"https:\/\/www.baihs.com\/#organization\",\"name\":\"CONLLY\",\"url\":\"https:\/\/www.baihs.com\/\",\"logo\":{\"@type\":\"ImageObject\",\"inLanguage\":\"es\",\"@id\":\"https:\/\/www.baihs.com\/#\/schema\/logo\/image\/\",\"url\":\"https:\/\/www.baihs.com\/wp-content\/uploads\/2025\/04\/20250427194648.jpg\",\"contentUrl\":\"https:\/\/www.baihs.com\/wp-content\/uploads\/2025\/04\/20250427194648.jpg\",\"width\":744,\"height\":157,\"caption\":\"CONLLY\"},\"image\":{\"@id\":\"https:\/\/www.baihs.com\/#\/schema\/logo\/image\/\"}}]}<\/script>\n<!-- \/ Yoast SEO plugin. -->","yoast_head_json":{"title":"Digital pH sensor Memosens CPF81E - Flow, level, liquid analysis, optical analysis, pressure, temperature measurement, software and system products","description":"Memosens 2.0 compact electrode for wastewater, mining, minerals and metal industries","robots":{"index":"index","follow":"follow","max-snippet":"max-snippet:-1","max-image-preview":"max-image-preview:large","max-video-preview":"max-video-preview:-1"},"canonical":"https:\/\/www.baihs.com\/es\/producto\/digital-ph-sensor-memosens-cpf81e\/","og_locale":"es_ES","og_type":"article","og_title":"Digital pH sensor Memosens CPF81E - Flow, level, liquid analysis, optical analysis, pressure, temperature measurement, software and system products","og_description":"Memosens 2.0 compact electrode for wastewater, mining, minerals and metal industries","og_url":"https:\/\/www.baihs.com\/es\/producto\/digital-ph-sensor-memosens-cpf81e\/","og_site_name":"Flow, level, liquid analysis, optical analysis, pressure, temperature measurement, software and system products","article_modified_time":"2025-05-12T14:21:20+00:00","og_image":[{"width":240,"height":321,"url":"https:\/\/www.baihs.com\/wp-content\/uploads\/2025\/04\/CPF81E-digital-pH-sensor-1.jpg","type":"image\/jpeg"}],"twitter_card":"summary_large_image","twitter_misc":{"Tiempo de lectura":"2 minutos"},"schema":{"@context":"https:\/\/schema.org","@graph":[{"@type":"WebPage","@id":"https:\/\/www.baihs.com\/product\/digital-ph-sensor-memosens-cpf81e\/","url":"https:\/\/www.baihs.com\/product\/digital-ph-sensor-memosens-cpf81e\/","name":"Digital pH sensor Memosens CPF81E - Flow, level, liquid analysis, optical analysis, pressure, temperature measurement, software and system products","isPartOf":{"@id":"https:\/\/www.baihs.com\/#website"},"primaryImageOfPage":{"@id":"https:\/\/www.baihs.com\/product\/digital-ph-sensor-memosens-cpf81e\/#primaryimage"},"image":{"@id":"https:\/\/www.baihs.com\/product\/digital-ph-sensor-memosens-cpf81e\/#primaryimage"},"thumbnailUrl":"https:\/\/www.baihs.com\/wp-content\/uploads\/2025\/04\/CPF81E-digital-pH-sensor-1.jpg","datePublished":"2025-04-29T06:57:01+00:00","dateModified":"2025-05-12T14:21:20+00:00","description":"Memosens 2.0 compact electrode for wastewater, mining, minerals and metal industries","breadcrumb":{"@id":"https:\/\/www.baihs.com\/product\/digital-ph-sensor-memosens-cpf81e\/#breadcrumb"},"inLanguage":"es","potentialAction":[{"@type":"ReadAction","target":["https:\/\/www.baihs.com\/product\/digital-ph-sensor-memosens-cpf81e\/"]}]},{"@type":"ImageObject","inLanguage":"es","@id":"https:\/\/www.baihs.com\/product\/digital-ph-sensor-memosens-cpf81e\/#primaryimage","url":"https:\/\/www.baihs.com\/wp-content\/uploads\/2025\/04\/CPF81E-digital-pH-sensor-1.jpg","contentUrl":"https:\/\/www.baihs.com\/wp-content\/uploads\/2025\/04\/CPF81E-digital-pH-sensor-1.jpg","width":240,"height":321},{"@type":"BreadcrumbList","@id":"https:\/\/www.baihs.com\/product\/digital-ph-sensor-memosens-cpf81e\/#breadcrumb","itemListElement":[{"@type":"ListItem","position":1,"name":"\u9996\u9875","item":"https:\/\/www.baihs.com\/"},{"@type":"ListItem","position":2,"name":"Product","item":"https:\/\/www.baihs.com\/product\/"},{"@type":"ListItem","position":3,"name":"Digital pH sensor Memosens CPF81E"}]},{"@type":"WebSite","@id":"https:\/\/www.baihs.com\/#website","url":"https:\/\/www.baihs.com\/","name":"Endress+Hauser,PLC China supplier - Shenzhen Kolai Automation Technology Co., Ltd.","description":"People for Process Automation offer you solutions and products in flow, level, liquid analysis, optical analysis, pressure, temperature measurement, software and system products","publisher":{"@id":"https:\/\/www.baihs.com\/#organization"},"alternateName":"Endress+Hauser pH electrode,pressure transmitter,level meter,Allen Bradley,ABB,Siemens,Eaton,wika","potentialAction":[{"@type":"SearchAction","target":{"@type":"EntryPoint","urlTemplate":"https:\/\/www.baihs.com\/?s={search_term_string}"},"query-input":{"@type":"PropertyValueSpecification","valueRequired":true,"valueName":"search_term_string"}}],"inLanguage":"es"},{"@type":"Organization","@id":"https:\/\/www.baihs.com\/#organization","name":"CONLLY","url":"https:\/\/www.baihs.com\/","logo":{"@type":"ImageObject","inLanguage":"es","@id":"https:\/\/www.baihs.com\/#\/schema\/logo\/image\/","url":"https:\/\/www.baihs.com\/wp-content\/uploads\/2025\/04\/20250427194648.jpg","contentUrl":"https:\/\/www.baihs.com\/wp-content\/uploads\/2025\/04\/20250427194648.jpg","width":744,"height":157,"caption":"CONLLY"},"image":{"@id":"https:\/\/www.baihs.com\/#\/schema\/logo\/image\/"}}]}},"_links":{"self":[{"href":"https:\/\/www.baihs.com\/es\/wp-json\/wp\/v2\/product\/5008","targetHints":{"allow":["GET"]}}],"collection":[{"href":"https:\/\/www.baihs.com\/es\/wp-json\/wp\/v2\/product"}],"about":[{"href":"https:\/\/www.baihs.com\/es\/wp-json\/wp\/v2\/types\/product"}],"wp:featuredmedia":[{"embeddable":true,"href":"https:\/\/www.baihs.com\/es\/wp-json\/wp\/v2\/media\/5011"}],"wp:attachment":[{"href":"https:\/\/www.baihs.com\/es\/wp-json\/wp\/v2\/media?parent=5008"}],"wp:term":[{"taxonomy":"product_cat","embeddable":true,"href":"https:\/\/www.baihs.com\/es\/wp-json\/wp\/v2\/product_cat?post=5008"},{"taxonomy":"product_tag","embeddable":true,"href":"https:\/\/www.baihs.com\/es\/wp-json\/wp\/v2\/product_tag?post=5008"},{"taxonomy":"product_brand","embeddable":true,"href":"https:\/\/www.baihs.com\/es\/wp-json\/wp\/v2\/product_brand?post=5008"}],"curies":[{"name":"wp","href":"https:\/\/api.w.org\/{rel}","templated":true}]}}