{"id":4985,"date":"2025-04-27T09:29:49","date_gmt":"2025-04-27T09:29:49","guid":{"rendered":"https:\/\/www.baihs.com\/?post_type=product&#038;p=4985"},"modified":"2025-04-29T06:32:41","modified_gmt":"2025-04-29T06:32:41","slug":"cpm223-mr0005","status":"publish","type":"product","link":"https:\/\/www.baihs.com\/es\/product\/cpm223-mr0005\/","title":{"rendered":"CPM223-MR0005"},"content":{"rendered":"<p>Liquisys CPM223 es un transmisor est\u00e1ndar de pH\/ORP para todos los sensores Memosens anal\u00f3gicos y digitales. Mejora su seguridad operativa gracias a las continuas comprobaciones de plausibilidad, proceso y sensor. Seleccione entre numerosos m\u00f3dulos de hardware y software, como rel\u00e9s o comunicaci\u00f3n por bus de campo, para adaptarlo exactamente a su tarea de medici\u00f3n. Esta modularidad tambi\u00e9n le permite actualizar el transmisor en cualquier momento. Un men\u00fa sencillo y la calibraci\u00f3n en dos puntos hacen que la configuraci\u00f3n y el funcionamiento sean r\u00e1pidos y sencillos.<\/p>\n<p class=\"eh-generic--text\">El transmisor Liquisys CPM223 funciona con todos los sensores de pH\/ORP de vidrio e ISFET en zonas no peligrosas, por ejemplo en estas industrias y sus servicios p\u00fablicos:<\/p>\n<ul class=\"eh-list-01 eh-generic--list\">\n<li class=\"eh-list--item\">\n<p class=\"eh-generic--text\">Productos qu\u00edmicos<\/p>\n<\/li>\n<li class=\"eh-list--item\">\n<p class=\"eh-generic--text\">Alimentaci\u00f3n y bebidas<\/p>\n<\/li>\n<li class=\"eh-list--item\">\n<p class=\"eh-generic--text\">Potencia y energ\u00eda<\/p>\n<\/li>\n<li class=\"eh-list--item\">\n<p class=\"eh-generic--text\">Agua y aguas residuales<\/p>\n<\/li>\n<li class=\"eh-list--item\">\n<p class=\"eh-generic--text\">Primarios y metal<\/p>\n<\/li>\n<\/ul>\n<p class=\"eh-generic--text\">Liquisys CPM223 dispone de los siguientes protocolos e interfaces:<\/p>\n<ul class=\"eh-list-01 eh-generic--list\">\n<li class=\"eh-list--item\">\n<p class=\"eh-generic--text\">0\/4...20 mA<\/p>\n<\/li>\n<li class=\"eh-list--item\">\n<p class=\"eh-generic--text\">HART<\/p>\n<\/li>\n<li class=\"eh-list--item\">\n<p class=\"eh-generic--text\">PROFIBUS DP<\/p>\n<\/li>\n<li class=\"eh-list--item\">\n<p class=\"eh-generic--text\">PROFIBUS PA<\/p>\n<\/li>\n<\/ul>","protected":false},"excerpt":{"rendered":"<ul class=\"eh-list-04 eh-m-t-m\">\n<li class=\"eh-list--item\">\n<div class=\"eh-product-finder--details-content--title\">\n<h5 class=\"eh-headline-05 eh-font-sans\">Entrada<\/h5>\n<\/div>\n<div class=\"eh-product-finder--details-content--body eh-p-t-2 eh-p-b eh-font-metrics--16-22\">\n<p>Emisor monocanal<\/p>\n<\/div>\n<\/li>\n<li class=\"eh-list--item\">\n<div class=\"eh-product-finder--details-content--title\">\n<h5 class=\"eh-headline-05 eh-font-sans\">Salida \/ comunicaci\u00f3n<\/h5>\n<\/div>\n<div class=\"eh-product-finder--details-content--body eh-p-t-2 eh-p-b eh-font-metrics--16-22\">\n<p>0\/4-20 mA, Hart, Profibus.<\/p>\n<\/div>\n<\/li>\n<li class=\"eh-list--item\">\n<div class=\"eh-product-finder--details-content--title\">\n<h5 class=\"eh-headline-05 eh-font-sans\">Protecci\u00f3n contra la penetraci\u00f3n<\/h5>\n<\/div>\n<div class=\"eh-product-finder--details-content--body eh-p-t-2 eh-p-b eh-font-metrics--16-22\">\n<p>IP54<\/p>\n<\/div>\n<\/li>\n<\/ul>","protected":false},"featured_media":4987,"template":"","meta":[],"product_cat":[120,15],"product_tag":[],"product_brand":[],"class_list":["post-4985","product","type-product","status-publish","has-post-thumbnail","hentry","product_cat-water-quality-analyzers","product_cat-endresshauser"],"yoast_head":"<!-- This site is optimized with the Yoast SEO plugin v24.9 - https:\/\/yoast.com\/wordpress\/plugins\/seo\/ -->\n<title>CPM223-MR0005 - Flow, level, liquid analysis, optical analysis, pressure, temperature measurement, software and system products<\/title>\n<meta name=\"robots\" content=\"index, follow, max-snippet:-1, max-image-preview:large, max-video-preview:-1\" \/>\n<link rel=\"canonical\" href=\"https:\/\/www.baihs.com\/es\/producto\/cpm223-mr0005\/\" \/>\n<meta property=\"og:locale\" content=\"es_ES\" \/>\n<meta property=\"og:type\" content=\"article\" \/>\n<meta property=\"og:title\" content=\"CPM223-MR0005 - Flow, level, liquid analysis, optical analysis, pressure, temperature measurement, software and system products\" \/>\n<meta property=\"og:description\" content=\"Input    One-channel-transmitter      Output \/ communication    0\/4-20 mA, Hart, Profibus.      Ingress protection    IP54\" \/>\n<meta property=\"og:url\" content=\"https:\/\/www.baihs.com\/es\/producto\/cpm223-mr0005\/\" \/>\n<meta property=\"og:site_name\" content=\"Flow, level, liquid analysis, optical analysis, pressure, temperature measurement, software and system products\" \/>\n<meta property=\"article:modified_time\" content=\"2025-04-29T06:32:41+00:00\" \/>\n<meta property=\"og:image\" content=\"https:\/\/www.baihs.com\/wp-content\/uploads\/2025\/04\/CPM223.jpg\" \/>\n\t<meta property=\"og:image:width\" content=\"240\" \/>\n\t<meta property=\"og:image:height\" content=\"321\" \/>\n\t<meta property=\"og:image:type\" content=\"image\/jpeg\" \/>\n<meta name=\"twitter:card\" content=\"summary_large_image\" \/>\n<meta name=\"twitter:label1\" content=\"Tiempo de lectura\" \/>\n\t<meta name=\"twitter:data1\" content=\"1 minuto\" \/>\n<script type=\"application\/ld+json\" class=\"yoast-schema-graph\">{\"@context\":\"https:\/\/schema.org\",\"@graph\":[{\"@type\":\"WebPage\",\"@id\":\"https:\/\/www.baihs.com\/product\/cpm223-mr0005\/\",\"url\":\"https:\/\/www.baihs.com\/product\/cpm223-mr0005\/\",\"name\":\"CPM223-MR0005 - Flow, level, liquid analysis, optical analysis, pressure, temperature measurement, software and system products\",\"isPartOf\":{\"@id\":\"https:\/\/www.baihs.com\/#website\"},\"primaryImageOfPage\":{\"@id\":\"https:\/\/www.baihs.com\/product\/cpm223-mr0005\/#primaryimage\"},\"image\":{\"@id\":\"https:\/\/www.baihs.com\/product\/cpm223-mr0005\/#primaryimage\"},\"thumbnailUrl\":\"https:\/\/www.baihs.com\/wp-content\/uploads\/2025\/04\/CPM223.jpg\",\"datePublished\":\"2025-04-27T09:29:49+00:00\",\"dateModified\":\"2025-04-29T06:32:41+00:00\",\"breadcrumb\":{\"@id\":\"https:\/\/www.baihs.com\/product\/cpm223-mr0005\/#breadcrumb\"},\"inLanguage\":\"es\",\"potentialAction\":[{\"@type\":\"ReadAction\",\"target\":[\"https:\/\/www.baihs.com\/product\/cpm223-mr0005\/\"]}]},{\"@type\":\"ImageObject\",\"inLanguage\":\"es\",\"@id\":\"https:\/\/www.baihs.com\/product\/cpm223-mr0005\/#primaryimage\",\"url\":\"https:\/\/www.baihs.com\/wp-content\/uploads\/2025\/04\/CPM223.jpg\",\"contentUrl\":\"https:\/\/www.baihs.com\/wp-content\/uploads\/2025\/04\/CPM223.jpg\",\"width\":240,\"height\":321},{\"@type\":\"BreadcrumbList\",\"@id\":\"https:\/\/www.baihs.com\/product\/cpm223-mr0005\/#breadcrumb\",\"itemListElement\":[{\"@type\":\"ListItem\",\"position\":1,\"name\":\"\u9996\u9875\",\"item\":\"https:\/\/www.baihs.com\/\"},{\"@type\":\"ListItem\",\"position\":2,\"name\":\"Product\",\"item\":\"https:\/\/www.baihs.com\/product\/\"},{\"@type\":\"ListItem\",\"position\":3,\"name\":\"CPM223-MR0005\"}]},{\"@type\":\"WebSite\",\"@id\":\"https:\/\/www.baihs.com\/#website\",\"url\":\"https:\/\/www.baihs.com\/\",\"name\":\"Endress+Hauser,PLC China supplier - Shenzhen Kolai Automation Technology Co., Ltd.\",\"description\":\"People for Process Automation offer you solutions and products in flow, level, liquid analysis, optical analysis, pressure, temperature measurement, software and system products\",\"publisher\":{\"@id\":\"https:\/\/www.baihs.com\/#organization\"},\"alternateName\":\"Endress+Hauser pH electrode,pressure transmitter,level meter,Allen Bradley,ABB,Siemens,Eaton,wika\",\"potentialAction\":[{\"@type\":\"SearchAction\",\"target\":{\"@type\":\"EntryPoint\",\"urlTemplate\":\"https:\/\/www.baihs.com\/?s={search_term_string}\"},\"query-input\":{\"@type\":\"PropertyValueSpecification\",\"valueRequired\":true,\"valueName\":\"search_term_string\"}}],\"inLanguage\":\"es\"},{\"@type\":\"Organization\",\"@id\":\"https:\/\/www.baihs.com\/#organization\",\"name\":\"CONLLY\",\"url\":\"https:\/\/www.baihs.com\/\",\"logo\":{\"@type\":\"ImageObject\",\"inLanguage\":\"es\",\"@id\":\"https:\/\/www.baihs.com\/#\/schema\/logo\/image\/\",\"url\":\"https:\/\/www.baihs.com\/wp-content\/uploads\/2025\/04\/20250427194648.jpg\",\"contentUrl\":\"https:\/\/www.baihs.com\/wp-content\/uploads\/2025\/04\/20250427194648.jpg\",\"width\":744,\"height\":157,\"caption\":\"CONLLY\"},\"image\":{\"@id\":\"https:\/\/www.baihs.com\/#\/schema\/logo\/image\/\"}}]}<\/script>\n<!-- \/ Yoast SEO plugin. -->","yoast_head_json":{"title":"CPM223-MR0005 - Flow, level, liquid analysis, optical analysis, pressure, temperature measurement, software and system products","robots":{"index":"index","follow":"follow","max-snippet":"max-snippet:-1","max-image-preview":"max-image-preview:large","max-video-preview":"max-video-preview:-1"},"canonical":"https:\/\/www.baihs.com\/es\/producto\/cpm223-mr0005\/","og_locale":"es_ES","og_type":"article","og_title":"CPM223-MR0005 - Flow, level, liquid analysis, optical analysis, pressure, temperature measurement, software and system products","og_description":"Input    One-channel-transmitter      Output \/ communication    0\/4-20 mA, Hart, Profibus.      Ingress protection    IP54","og_url":"https:\/\/www.baihs.com\/es\/producto\/cpm223-mr0005\/","og_site_name":"Flow, level, liquid analysis, optical analysis, pressure, temperature measurement, software and system products","article_modified_time":"2025-04-29T06:32:41+00:00","og_image":[{"width":240,"height":321,"url":"https:\/\/www.baihs.com\/wp-content\/uploads\/2025\/04\/CPM223.jpg","type":"image\/jpeg"}],"twitter_card":"summary_large_image","twitter_misc":{"Tiempo de lectura":"1 minuto"},"schema":{"@context":"https:\/\/schema.org","@graph":[{"@type":"WebPage","@id":"https:\/\/www.baihs.com\/product\/cpm223-mr0005\/","url":"https:\/\/www.baihs.com\/product\/cpm223-mr0005\/","name":"CPM223-MR0005 - Flow, level, liquid analysis, optical analysis, pressure, temperature measurement, software and system products","isPartOf":{"@id":"https:\/\/www.baihs.com\/#website"},"primaryImageOfPage":{"@id":"https:\/\/www.baihs.com\/product\/cpm223-mr0005\/#primaryimage"},"image":{"@id":"https:\/\/www.baihs.com\/product\/cpm223-mr0005\/#primaryimage"},"thumbnailUrl":"https:\/\/www.baihs.com\/wp-content\/uploads\/2025\/04\/CPM223.jpg","datePublished":"2025-04-27T09:29:49+00:00","dateModified":"2025-04-29T06:32:41+00:00","breadcrumb":{"@id":"https:\/\/www.baihs.com\/product\/cpm223-mr0005\/#breadcrumb"},"inLanguage":"es","potentialAction":[{"@type":"ReadAction","target":["https:\/\/www.baihs.com\/product\/cpm223-mr0005\/"]}]},{"@type":"ImageObject","inLanguage":"es","@id":"https:\/\/www.baihs.com\/product\/cpm223-mr0005\/#primaryimage","url":"https:\/\/www.baihs.com\/wp-content\/uploads\/2025\/04\/CPM223.jpg","contentUrl":"https:\/\/www.baihs.com\/wp-content\/uploads\/2025\/04\/CPM223.jpg","width":240,"height":321},{"@type":"BreadcrumbList","@id":"https:\/\/www.baihs.com\/product\/cpm223-mr0005\/#breadcrumb","itemListElement":[{"@type":"ListItem","position":1,"name":"\u9996\u9875","item":"https:\/\/www.baihs.com\/"},{"@type":"ListItem","position":2,"name":"Product","item":"https:\/\/www.baihs.com\/product\/"},{"@type":"ListItem","position":3,"name":"CPM223-MR0005"}]},{"@type":"WebSite","@id":"https:\/\/www.baihs.com\/#website","url":"https:\/\/www.baihs.com\/","name":"Endress+Hauser,PLC China supplier - Shenzhen Kolai Automation Technology Co., Ltd.","description":"People for Process Automation offer you solutions and products in flow, level, liquid analysis, optical analysis, pressure, temperature measurement, software and system products","publisher":{"@id":"https:\/\/www.baihs.com\/#organization"},"alternateName":"Endress+Hauser pH electrode,pressure transmitter,level meter,Allen Bradley,ABB,Siemens,Eaton,wika","potentialAction":[{"@type":"SearchAction","target":{"@type":"EntryPoint","urlTemplate":"https:\/\/www.baihs.com\/?s={search_term_string}"},"query-input":{"@type":"PropertyValueSpecification","valueRequired":true,"valueName":"search_term_string"}}],"inLanguage":"es"},{"@type":"Organization","@id":"https:\/\/www.baihs.com\/#organization","name":"CONLLY","url":"https:\/\/www.baihs.com\/","logo":{"@type":"ImageObject","inLanguage":"es","@id":"https:\/\/www.baihs.com\/#\/schema\/logo\/image\/","url":"https:\/\/www.baihs.com\/wp-content\/uploads\/2025\/04\/20250427194648.jpg","contentUrl":"https:\/\/www.baihs.com\/wp-content\/uploads\/2025\/04\/20250427194648.jpg","width":744,"height":157,"caption":"CONLLY"},"image":{"@id":"https:\/\/www.baihs.com\/#\/schema\/logo\/image\/"}}]}},"_links":{"self":[{"href":"https:\/\/www.baihs.com\/es\/wp-json\/wp\/v2\/product\/4985","targetHints":{"allow":["GET"]}}],"collection":[{"href":"https:\/\/www.baihs.com\/es\/wp-json\/wp\/v2\/product"}],"about":[{"href":"https:\/\/www.baihs.com\/es\/wp-json\/wp\/v2\/types\/product"}],"wp:featuredmedia":[{"embeddable":true,"href":"https:\/\/www.baihs.com\/es\/wp-json\/wp\/v2\/media\/4987"}],"wp:attachment":[{"href":"https:\/\/www.baihs.com\/es\/wp-json\/wp\/v2\/media?parent=4985"}],"wp:term":[{"taxonomy":"product_cat","embeddable":true,"href":"https:\/\/www.baihs.com\/es\/wp-json\/wp\/v2\/product_cat?post=4985"},{"taxonomy":"product_tag","embeddable":true,"href":"https:\/\/www.baihs.com\/es\/wp-json\/wp\/v2\/product_tag?post=4985"},{"taxonomy":"product_brand","embeddable":true,"href":"https:\/\/www.baihs.com\/es\/wp-json\/wp\/v2\/product_brand?post=4985"}],"curies":[{"name":"wp","href":"https:\/\/api.w.org\/{rel}","templated":true}]}}