{"id":4847,"date":"2025-04-23T14:07:12","date_gmt":"2025-04-23T14:07:12","guid":{"rendered":"http:\/\/www.baihs.com\/?post_type=product&#038;p=4847"},"modified":"2025-04-23T14:07:13","modified_gmt":"2025-04-23T14:07:13","slug":"micropilot-fmr43","status":"publish","type":"product","link":"https:\/\/www.baihs.com\/es\/product\/micropilot-fmr43\/","title":{"rendered":"Micropiloto FMR43"},"content":{"rendered":"<p>Micropilot FMR43 - sensor radar para procesos higi\u00e9nicos Sensor de alto rendimiento, especialmente compacto y perfecto para aplicaciones de nivel que cambian r\u00e1pidamente<\/p>","protected":false},"excerpt":{"rendered":"<p>\u00c1mbito de aplicaci\u00f3n<br \/>\nEl Micropilot FMR43 es un sensor radar de espacio libre para la medici\u00f3n continua de nivel sin contacto y forma parte de la L\u00ednea Compacta. Esta l\u00ednea de productos se ha desarrollado especialmente para aplicaciones higi\u00e9nicas y combina un dise\u00f1o compacto con un rendimiento completo. El dispositivo garantiza una medici\u00f3n fiable incluso en condiciones de proceso r\u00e1pidamente cambiantes o turbulentas. Adem\u00e1s de la probada tecnolog\u00eda de 80 GHz, una opci\u00f3n de frecuencia de 180 GHz garantiza el uso incluso en dep\u00f3sitos de proceso especialmente peque\u00f1os.<\/p>\n<p>Micropilot FMR43 es para aplicaciones de espacio libre de hasta 15 m (49 pies) y ofrece una opci\u00f3n adicional de sensor de 180 GHz para embarcaciones peque\u00f1as.<\/p>\n<p>El Micropilot FMR43 es adecuado para una amplia gama de aplicaciones higi\u00e9nicas:<\/p>\n<p>Aplicaciones de mezcla de medios viscosos y poco conductores<\/p>\n<p>Aplicaciones de llenado de medios viscosos<\/p>\n<p>Almacenamiento de fluidos de baja conductividad<\/p>\n<p>Medici\u00f3n de nivel en dep\u00f3sitos con densidad de medios variable<\/p>","protected":false},"featured_media":4849,"template":"","meta":[],"product_cat":[112],"product_tag":[],"product_brand":[],"class_list":["post-4847","product","type-product","status-publish","has-post-thumbnail","hentry","product_cat-pressure-instruments"],"yoast_head":"<!-- This site is optimized with the Yoast SEO plugin v24.9 - https:\/\/yoast.com\/wordpress\/plugins\/seo\/ -->\n<title>Micropilot FMR43 - Flow, level, liquid analysis, optical analysis, pressure, temperature measurement, software and system products<\/title>\n<meta name=\"robots\" content=\"index, follow, max-snippet:-1, max-image-preview:large, max-video-preview:-1\" \/>\n<link rel=\"canonical\" href=\"https:\/\/www.baihs.com\/es\/producto\/micropilot-fmr43\/\" \/>\n<meta property=\"og:locale\" content=\"es_ES\" \/>\n<meta property=\"og:type\" content=\"article\" \/>\n<meta property=\"og:title\" content=\"Micropilot FMR43 - Flow, level, liquid analysis, optical analysis, pressure, temperature measurement, software and system products\" \/>\n<meta property=\"og:description\" content=\"Field of application The Micropilot FMR43 is a free space radar sensor for continuous non-contact level measurement and part of the Compact Line. The product line is especially developed for hygienic applications and combines a compact design with full performance. The device ensures reliable measurement even under rapidly changing or turbulent process conditions. In addition to the proven 80 GHz technology, a 180 GHz frequency option ensures the use even in particularly small process tanks.  Micropilot FMR43 is for free space applications up to 15 m (49 ft) and offers an additional 180 GHz sensor option for small vessels.  The Micropilot FMR43 is suitable for a wide range of hygienic applications:  Mixing applications of viscous and low conductive media  Filling applications of viscous media  Storage of low conductive fluids  Level measurement in tanks with changing media density\" \/>\n<meta property=\"og:url\" content=\"https:\/\/www.baihs.com\/es\/producto\/micropilot-fmr43\/\" \/>\n<meta property=\"og:site_name\" content=\"Flow, level, liquid analysis, optical analysis, pressure, temperature measurement, software and system products\" \/>\n<meta property=\"article:modified_time\" content=\"2025-04-23T14:07:13+00:00\" \/>\n<meta property=\"og:image\" content=\"https:\/\/www.baihs.com\/wp-content\/uploads\/2025\/04\/Micropilot_FMR43_PP_07.jpg\" \/>\n\t<meta property=\"og:image:width\" content=\"240\" \/>\n\t<meta property=\"og:image:height\" content=\"321\" \/>\n\t<meta property=\"og:image:type\" content=\"image\/jpeg\" \/>\n<meta name=\"twitter:card\" content=\"summary_large_image\" \/>\n<script type=\"application\/ld+json\" class=\"yoast-schema-graph\">{\"@context\":\"https:\/\/schema.org\",\"@graph\":[{\"@type\":\"WebPage\",\"@id\":\"https:\/\/www.baihs.com\/product\/micropilot-fmr43\/\",\"url\":\"https:\/\/www.baihs.com\/product\/micropilot-fmr43\/\",\"name\":\"Micropilot FMR43 - Flow, level, liquid analysis, optical analysis, pressure, temperature measurement, software and system products\",\"isPartOf\":{\"@id\":\"https:\/\/www.baihs.com\/#website\"},\"primaryImageOfPage\":{\"@id\":\"https:\/\/www.baihs.com\/product\/micropilot-fmr43\/#primaryimage\"},\"image\":{\"@id\":\"https:\/\/www.baihs.com\/product\/micropilot-fmr43\/#primaryimage\"},\"thumbnailUrl\":\"https:\/\/www.baihs.com\/wp-content\/uploads\/2025\/04\/Micropilot_FMR43_PP_07.jpg\",\"datePublished\":\"2025-04-23T14:07:12+00:00\",\"dateModified\":\"2025-04-23T14:07:13+00:00\",\"breadcrumb\":{\"@id\":\"https:\/\/www.baihs.com\/product\/micropilot-fmr43\/#breadcrumb\"},\"inLanguage\":\"es\",\"potentialAction\":[{\"@type\":\"ReadAction\",\"target\":[\"https:\/\/www.baihs.com\/product\/micropilot-fmr43\/\"]}]},{\"@type\":\"ImageObject\",\"inLanguage\":\"es\",\"@id\":\"https:\/\/www.baihs.com\/product\/micropilot-fmr43\/#primaryimage\",\"url\":\"https:\/\/www.baihs.com\/wp-content\/uploads\/2025\/04\/Micropilot_FMR43_PP_07.jpg\",\"contentUrl\":\"https:\/\/www.baihs.com\/wp-content\/uploads\/2025\/04\/Micropilot_FMR43_PP_07.jpg\",\"width\":240,\"height\":321},{\"@type\":\"BreadcrumbList\",\"@id\":\"https:\/\/www.baihs.com\/product\/micropilot-fmr43\/#breadcrumb\",\"itemListElement\":[{\"@type\":\"ListItem\",\"position\":1,\"name\":\"\u9996\u9875\",\"item\":\"https:\/\/www.baihs.com\/\"},{\"@type\":\"ListItem\",\"position\":2,\"name\":\"Product\",\"item\":\"https:\/\/www.baihs.com\/product\/\"},{\"@type\":\"ListItem\",\"position\":3,\"name\":\"Micropilot FMR43\"}]},{\"@type\":\"WebSite\",\"@id\":\"https:\/\/www.baihs.com\/#website\",\"url\":\"https:\/\/www.baihs.com\/\",\"name\":\"Endress+Hauser,PLC China supplier - Shenzhen Kolai Automation Technology Co., Ltd.\",\"description\":\"People for Process Automation offer you solutions and products in flow, level, liquid analysis, optical analysis, pressure, temperature measurement, software and system products\",\"publisher\":{\"@id\":\"https:\/\/www.baihs.com\/#organization\"},\"alternateName\":\"Endress+Hauser pH electrode,pressure transmitter,level meter,Allen Bradley,ABB,Siemens,Eaton,wika\",\"potentialAction\":[{\"@type\":\"SearchAction\",\"target\":{\"@type\":\"EntryPoint\",\"urlTemplate\":\"https:\/\/www.baihs.com\/?s={search_term_string}\"},\"query-input\":{\"@type\":\"PropertyValueSpecification\",\"valueRequired\":true,\"valueName\":\"search_term_string\"}}],\"inLanguage\":\"es\"},{\"@type\":\"Organization\",\"@id\":\"https:\/\/www.baihs.com\/#organization\",\"name\":\"CONLLY\",\"url\":\"https:\/\/www.baihs.com\/\",\"logo\":{\"@type\":\"ImageObject\",\"inLanguage\":\"es\",\"@id\":\"https:\/\/www.baihs.com\/#\/schema\/logo\/image\/\",\"url\":\"https:\/\/www.baihs.com\/wp-content\/uploads\/2025\/04\/20250427194648.jpg\",\"contentUrl\":\"https:\/\/www.baihs.com\/wp-content\/uploads\/2025\/04\/20250427194648.jpg\",\"width\":744,\"height\":157,\"caption\":\"CONLLY\"},\"image\":{\"@id\":\"https:\/\/www.baihs.com\/#\/schema\/logo\/image\/\"}}]}<\/script>\n<!-- \/ Yoast SEO plugin. -->","yoast_head_json":{"title":"Micropilot FMR43 - Flow, level, liquid analysis, optical analysis, pressure, temperature measurement, software and system products","robots":{"index":"index","follow":"follow","max-snippet":"max-snippet:-1","max-image-preview":"max-image-preview:large","max-video-preview":"max-video-preview:-1"},"canonical":"https:\/\/www.baihs.com\/es\/producto\/micropilot-fmr43\/","og_locale":"es_ES","og_type":"article","og_title":"Micropilot FMR43 - Flow, level, liquid analysis, optical analysis, pressure, temperature measurement, software and system products","og_description":"Field of application The Micropilot FMR43 is a free space radar sensor for continuous non-contact level measurement and part of the Compact Line. The product line is especially developed for hygienic applications and combines a compact design with full performance. The device ensures reliable measurement even under rapidly changing or turbulent process conditions. In addition to the proven 80 GHz technology, a 180 GHz frequency option ensures the use even in particularly small process tanks.  Micropilot FMR43 is for free space applications up to 15 m (49 ft) and offers an additional 180 GHz sensor option for small vessels.  The Micropilot FMR43 is suitable for a wide range of hygienic applications:  Mixing applications of viscous and low conductive media  Filling applications of viscous media  Storage of low conductive fluids  Level measurement in tanks with changing media density","og_url":"https:\/\/www.baihs.com\/es\/producto\/micropilot-fmr43\/","og_site_name":"Flow, level, liquid analysis, optical analysis, pressure, temperature measurement, software and system products","article_modified_time":"2025-04-23T14:07:13+00:00","og_image":[{"width":240,"height":321,"url":"https:\/\/www.baihs.com\/wp-content\/uploads\/2025\/04\/Micropilot_FMR43_PP_07.jpg","type":"image\/jpeg"}],"twitter_card":"summary_large_image","schema":{"@context":"https:\/\/schema.org","@graph":[{"@type":"WebPage","@id":"https:\/\/www.baihs.com\/product\/micropilot-fmr43\/","url":"https:\/\/www.baihs.com\/product\/micropilot-fmr43\/","name":"Micropilot FMR43 - Flow, level, liquid analysis, optical analysis, pressure, temperature measurement, software and system products","isPartOf":{"@id":"https:\/\/www.baihs.com\/#website"},"primaryImageOfPage":{"@id":"https:\/\/www.baihs.com\/product\/micropilot-fmr43\/#primaryimage"},"image":{"@id":"https:\/\/www.baihs.com\/product\/micropilot-fmr43\/#primaryimage"},"thumbnailUrl":"https:\/\/www.baihs.com\/wp-content\/uploads\/2025\/04\/Micropilot_FMR43_PP_07.jpg","datePublished":"2025-04-23T14:07:12+00:00","dateModified":"2025-04-23T14:07:13+00:00","breadcrumb":{"@id":"https:\/\/www.baihs.com\/product\/micropilot-fmr43\/#breadcrumb"},"inLanguage":"es","potentialAction":[{"@type":"ReadAction","target":["https:\/\/www.baihs.com\/product\/micropilot-fmr43\/"]}]},{"@type":"ImageObject","inLanguage":"es","@id":"https:\/\/www.baihs.com\/product\/micropilot-fmr43\/#primaryimage","url":"https:\/\/www.baihs.com\/wp-content\/uploads\/2025\/04\/Micropilot_FMR43_PP_07.jpg","contentUrl":"https:\/\/www.baihs.com\/wp-content\/uploads\/2025\/04\/Micropilot_FMR43_PP_07.jpg","width":240,"height":321},{"@type":"BreadcrumbList","@id":"https:\/\/www.baihs.com\/product\/micropilot-fmr43\/#breadcrumb","itemListElement":[{"@type":"ListItem","position":1,"name":"\u9996\u9875","item":"https:\/\/www.baihs.com\/"},{"@type":"ListItem","position":2,"name":"Product","item":"https:\/\/www.baihs.com\/product\/"},{"@type":"ListItem","position":3,"name":"Micropilot FMR43"}]},{"@type":"WebSite","@id":"https:\/\/www.baihs.com\/#website","url":"https:\/\/www.baihs.com\/","name":"Endress+Hauser,PLC China supplier - Shenzhen Kolai Automation Technology Co., Ltd.","description":"People for Process Automation offer you solutions and products in flow, level, liquid analysis, optical analysis, pressure, temperature measurement, software and system products","publisher":{"@id":"https:\/\/www.baihs.com\/#organization"},"alternateName":"Endress+Hauser pH electrode,pressure transmitter,level meter,Allen Bradley,ABB,Siemens,Eaton,wika","potentialAction":[{"@type":"SearchAction","target":{"@type":"EntryPoint","urlTemplate":"https:\/\/www.baihs.com\/?s={search_term_string}"},"query-input":{"@type":"PropertyValueSpecification","valueRequired":true,"valueName":"search_term_string"}}],"inLanguage":"es"},{"@type":"Organization","@id":"https:\/\/www.baihs.com\/#organization","name":"CONLLY","url":"https:\/\/www.baihs.com\/","logo":{"@type":"ImageObject","inLanguage":"es","@id":"https:\/\/www.baihs.com\/#\/schema\/logo\/image\/","url":"https:\/\/www.baihs.com\/wp-content\/uploads\/2025\/04\/20250427194648.jpg","contentUrl":"https:\/\/www.baihs.com\/wp-content\/uploads\/2025\/04\/20250427194648.jpg","width":744,"height":157,"caption":"CONLLY"},"image":{"@id":"https:\/\/www.baihs.com\/#\/schema\/logo\/image\/"}}]}},"_links":{"self":[{"href":"https:\/\/www.baihs.com\/es\/wp-json\/wp\/v2\/product\/4847","targetHints":{"allow":["GET"]}}],"collection":[{"href":"https:\/\/www.baihs.com\/es\/wp-json\/wp\/v2\/product"}],"about":[{"href":"https:\/\/www.baihs.com\/es\/wp-json\/wp\/v2\/types\/product"}],"wp:featuredmedia":[{"embeddable":true,"href":"https:\/\/www.baihs.com\/es\/wp-json\/wp\/v2\/media\/4849"}],"wp:attachment":[{"href":"https:\/\/www.baihs.com\/es\/wp-json\/wp\/v2\/media?parent=4847"}],"wp:term":[{"taxonomy":"product_cat","embeddable":true,"href":"https:\/\/www.baihs.com\/es\/wp-json\/wp\/v2\/product_cat?post=4847"},{"taxonomy":"product_tag","embeddable":true,"href":"https:\/\/www.baihs.com\/es\/wp-json\/wp\/v2\/product_tag?post=4847"},{"taxonomy":"product_brand","embeddable":true,"href":"https:\/\/www.baihs.com\/es\/wp-json\/wp\/v2\/product_brand?post=4847"}],"curies":[{"name":"wp","href":"https:\/\/api.w.org\/{rel}","templated":true}]}}