{"id":4798,"date":"2025-04-23T07:45:17","date_gmt":"2025-04-23T07:45:17","guid":{"rendered":"http:\/\/www.baihs.com\/?post_type=product&#038;p=4798"},"modified":"2025-05-20T13:08:49","modified_gmt":"2025-05-20T13:08:49","slug":"cps11e-aa7baa2","status":"publish","type":"product","link":"https:\/\/www.baihs.com\/es\/product\/cps11e-aa7baa2\/","title":{"rendered":"Sensor digital de pH Memosens CPS11E"},"content":{"rendered":"<ul>\n<li>\n<h3 class=\"eh-headline-03 eh-p-b eh-m-t-xxlg\">\u00c1mbito de aplicaci\u00f3n<\/h3>\n<p class=\"eh-p-v\">Memosens CPS11E es el todoterreno digital para procesos estables. Mide de forma fiable incluso en rangos de pH extremos o en zonas peligrosas. Gracias a la tecnolog\u00eda digital Memosens 2.0, el sensor de pH resiste la humedad y permite la calibraci\u00f3n en laboratorio, lo que aumenta la seguridad del proceso y simplifica el funcionamiento. Su almacenamiento ampliado de datos de calibraci\u00f3n y proceso proporciona la base perfecta para un mantenimiento predictivo. Dise\u00f1ado para una larga vida \u00fatil y un bajo mantenimiento, el Memosens CPS11E le ofrece la mejor relaci\u00f3n calidad-precio.<\/p>\n<ul class=\"eh-list-01 eh-generic--list\">\n<li class=\"eh-list--item\">\n<p class=\"eh-generic--text\">Supervisi\u00f3n a largo plazo y supervisi\u00f3n de l\u00edmites de procesos con condiciones de proceso estables:<br \/>\n- Industria qu\u00edmica<br \/>\n- Industria papelera<br \/>\n- Centrales el\u00e9ctricas (por ejemplo, lavadores de gases de combusti\u00f3n, agua de alimentaci\u00f3n de calderas)<br \/>\n- Plantas incineradoras<\/p>\n<\/li>\n<\/ul>\n<ul class=\"eh-list-01 eh-generic--list\">\n<li class=\"eh-list--item\">\n<p class=\"eh-generic--text\">Tratamiento de aguas y aguas residuales:<br \/>\n- Agua potable<br \/>\n- Agua de refrigeraci\u00f3n<br \/>\n- Agua de pozo<br \/>\n- Depuradoras de aguas residuales<\/p>\n<\/li>\n<\/ul>\n<p class=\"eh-generic--text\">Con homologaciones ATEX, IECEx, CSA C\/US, NEPSI, Jap\u00f3n, INMETRO para uso en \u00e1reas peligrosas, zonas 0, 1 y 2.<\/p>\n<\/li>\n<li>\n<h3 class=\"eh-headline-03 eh-p-b eh-m-t-xxlg\">Beneficios<\/h3>\n<ul class=\"eh-list-01 eh-generic--list\">\n<li class=\"eh-list--item\">\n<p class=\"eh-generic--text\">Preparado para IIoT: Memosens 2.0 ofrece almacenamiento ampliado de datos de calibraci\u00f3n y proceso, lo que permite una mejor identificaci\u00f3n de tendencias y proporciona una base preparada para el futuro para el mantenimiento predictivo y servicios IIoT mejorados.<\/p>\n<\/li>\n<li class=\"eh-list--item\">\n<p class=\"eh-generic--text\">Bajos costes de explotaci\u00f3n: La calibraci\u00f3n en laboratorio y el cambio r\u00e1pido del sensor en el proceso permiten minimizar los tiempos de inactividad del proceso y prolongar la vida \u00fatil del sensor.<\/p>\n<\/li>\n<li class=\"eh-list--item\">\n<p class=\"eh-generic--text\">Electrodo robusto y de bajo mantenimiento: El largo camino de difusi\u00f3n del veneno o la trampa de iones optimizada evitan el envenenamiento de la referencia del electrodo. La amplia uni\u00f3n de PTFE repelente a la suciedad protege de la suciedad por el medio.<\/p>\n<\/li>\n<li class=\"eh-list--item\">\n<p class=\"eh-generic--text\">El vidrio de proceso es apto para toda la gama de pH y estable a presiones de hasta 17 bar (246,5 psi) absolutos. El vidrio F opcional permite su aplicaci\u00f3n en medios que contengan \u00e1cido fluorh\u00eddrico, como los ba\u00f1os de grabado en la producci\u00f3n de semiconductores.<\/p>\n<\/li>\n<li class=\"eh-list--item\">\n<p class=\"eh-generic--text\">El almacenamiento de sal opcional mejorado garantiza una medici\u00f3n fiable en aplicaciones de baja conductividad, como el agua de alimentaci\u00f3n de calderas.<\/p>\n<\/li>\n<li class=\"eh-list--item\">\n<p class=\"eh-generic--text\">M\u00e1xima integridad del proceso gracias a la transmisi\u00f3n inductiva de se\u00f1ales sin contacto.<\/p>\n<\/li>\n<\/ul>\n<\/li>\n<\/ul>","protected":false},"excerpt":{"rendered":"<p>Liquifante FTL41<br \/>\n\u9650\u4f4d\u5f00\u5173\u6ee1\u8db3\u57fa\u672c\u5e94\u7528\u573a\u5408\u7684\u4f7f\u7528\u8981\u6c42\uff0c\u964d\u4f4e\u4e86\u590d\u6742\u6027<\/p>","protected":false},"featured_media":5039,"template":"","meta":[],"product_cat":[120,15],"product_tag":[],"product_brand":[],"class_list":["post-4798","product","type-product","status-publish","has-post-thumbnail","hentry","product_cat-water-quality-analyzers","product_cat-endresshauser"],"yoast_head":"<!-- This site is optimized with the Yoast SEO plugin v24.9 - https:\/\/yoast.com\/wordpress\/plugins\/seo\/ -->\n<title>Digital pH sensor Memosens CPS11E - Flow, level, liquid analysis, optical analysis, pressure, temperature measurement, software and system products<\/title>\n<meta name=\"description\" content=\"Digital pH sensorMemosens CPS11E Memosens 2.0 pH electrode for standard applications in process and water &amp; wastewater industries\" \/>\n<meta name=\"robots\" content=\"index, follow, max-snippet:-1, max-image-preview:large, max-video-preview:-1\" \/>\n<link rel=\"canonical\" href=\"https:\/\/www.baihs.com\/es\/producto\/cps11e-aa7baa2\/\" \/>\n<meta property=\"og:locale\" content=\"es_ES\" \/>\n<meta property=\"og:type\" content=\"article\" \/>\n<meta property=\"og:title\" content=\"Digital pH sensor Memosens CPS11E - Flow, level, liquid analysis, optical analysis, pressure, temperature measurement, software and system products\" \/>\n<meta property=\"og:description\" content=\"Digital pH sensorMemosens CPS11E Memosens 2.0 pH electrode for standard applications in process and water &amp; wastewater industries\" \/>\n<meta property=\"og:url\" content=\"https:\/\/www.baihs.com\/es\/producto\/cps11e-aa7baa2\/\" \/>\n<meta property=\"og:site_name\" content=\"Flow, level, liquid analysis, optical analysis, pressure, temperature measurement, software and system products\" \/>\n<meta property=\"article:modified_time\" content=\"2025-05-20T13:08:49+00:00\" \/>\n<meta property=\"og:image\" content=\"https:\/\/www.baihs.com\/wp-content\/uploads\/2025\/04\/CPS11E-pH-sensor-Memosens-straight.jpg\" \/>\n\t<meta property=\"og:image:width\" content=\"240\" \/>\n\t<meta property=\"og:image:height\" content=\"321\" \/>\n\t<meta property=\"og:image:type\" content=\"image\/jpeg\" \/>\n<meta name=\"twitter:card\" content=\"summary_large_image\" \/>\n<meta name=\"twitter:label1\" content=\"Tiempo de lectura\" \/>\n\t<meta name=\"twitter:data1\" content=\"2 minutos\" \/>\n<script type=\"application\/ld+json\" class=\"yoast-schema-graph\">{\"@context\":\"https:\/\/schema.org\",\"@graph\":[{\"@type\":\"WebPage\",\"@id\":\"https:\/\/www.baihs.com\/product\/cps11e-aa7baa2\/\",\"url\":\"https:\/\/www.baihs.com\/product\/cps11e-aa7baa2\/\",\"name\":\"Digital pH sensor Memosens CPS11E - Flow, level, liquid analysis, optical analysis, pressure, temperature measurement, software and system products\",\"isPartOf\":{\"@id\":\"https:\/\/www.baihs.com\/#website\"},\"primaryImageOfPage\":{\"@id\":\"https:\/\/www.baihs.com\/product\/cps11e-aa7baa2\/#primaryimage\"},\"image\":{\"@id\":\"https:\/\/www.baihs.com\/product\/cps11e-aa7baa2\/#primaryimage\"},\"thumbnailUrl\":\"https:\/\/www.baihs.com\/wp-content\/uploads\/2025\/04\/CPS11E-pH-sensor-Memosens-straight.jpg\",\"datePublished\":\"2025-04-23T07:45:17+00:00\",\"dateModified\":\"2025-05-20T13:08:49+00:00\",\"description\":\"Digital pH sensorMemosens CPS11E Memosens 2.0 pH electrode for standard applications in process and water & wastewater industries\",\"breadcrumb\":{\"@id\":\"https:\/\/www.baihs.com\/product\/cps11e-aa7baa2\/#breadcrumb\"},\"inLanguage\":\"es\",\"potentialAction\":[{\"@type\":\"ReadAction\",\"target\":[\"https:\/\/www.baihs.com\/product\/cps11e-aa7baa2\/\"]}]},{\"@type\":\"ImageObject\",\"inLanguage\":\"es\",\"@id\":\"https:\/\/www.baihs.com\/product\/cps11e-aa7baa2\/#primaryimage\",\"url\":\"https:\/\/www.baihs.com\/wp-content\/uploads\/2025\/04\/CPS11E-pH-sensor-Memosens-straight.jpg\",\"contentUrl\":\"https:\/\/www.baihs.com\/wp-content\/uploads\/2025\/04\/CPS11E-pH-sensor-Memosens-straight.jpg\",\"width\":240,\"height\":321},{\"@type\":\"BreadcrumbList\",\"@id\":\"https:\/\/www.baihs.com\/product\/cps11e-aa7baa2\/#breadcrumb\",\"itemListElement\":[{\"@type\":\"ListItem\",\"position\":1,\"name\":\"\u9996\u9875\",\"item\":\"https:\/\/www.baihs.com\/\"},{\"@type\":\"ListItem\",\"position\":2,\"name\":\"Product\",\"item\":\"https:\/\/www.baihs.com\/product\/\"},{\"@type\":\"ListItem\",\"position\":3,\"name\":\"Digital pH sensor Memosens CPS11E\"}]},{\"@type\":\"WebSite\",\"@id\":\"https:\/\/www.baihs.com\/#website\",\"url\":\"https:\/\/www.baihs.com\/\",\"name\":\"Endress+Hauser,PLC China supplier - Shenzhen Kolai Automation Technology Co., Ltd.\",\"description\":\"People for Process Automation offer you solutions and products in flow, level, liquid analysis, optical analysis, pressure, temperature measurement, software and system products\",\"publisher\":{\"@id\":\"https:\/\/www.baihs.com\/#organization\"},\"alternateName\":\"Endress+Hauser pH electrode,pressure transmitter,level meter,Allen Bradley,ABB,Siemens,Eaton,wika\",\"potentialAction\":[{\"@type\":\"SearchAction\",\"target\":{\"@type\":\"EntryPoint\",\"urlTemplate\":\"https:\/\/www.baihs.com\/?s={search_term_string}\"},\"query-input\":{\"@type\":\"PropertyValueSpecification\",\"valueRequired\":true,\"valueName\":\"search_term_string\"}}],\"inLanguage\":\"es\"},{\"@type\":\"Organization\",\"@id\":\"https:\/\/www.baihs.com\/#organization\",\"name\":\"CONLLY\",\"url\":\"https:\/\/www.baihs.com\/\",\"logo\":{\"@type\":\"ImageObject\",\"inLanguage\":\"es\",\"@id\":\"https:\/\/www.baihs.com\/#\/schema\/logo\/image\/\",\"url\":\"https:\/\/www.baihs.com\/wp-content\/uploads\/2025\/04\/20250427194648.jpg\",\"contentUrl\":\"https:\/\/www.baihs.com\/wp-content\/uploads\/2025\/04\/20250427194648.jpg\",\"width\":744,\"height\":157,\"caption\":\"CONLLY\"},\"image\":{\"@id\":\"https:\/\/www.baihs.com\/#\/schema\/logo\/image\/\"}}]}<\/script>\n<!-- \/ Yoast SEO plugin. -->","yoast_head_json":{"title":"Digital pH sensor Memosens CPS11E - Flow, level, liquid analysis, optical analysis, pressure, temperature measurement, software and system products","description":"Digital pH sensorMemosens CPS11E Memosens 2.0 pH electrode for standard applications in process and water & wastewater industries","robots":{"index":"index","follow":"follow","max-snippet":"max-snippet:-1","max-image-preview":"max-image-preview:large","max-video-preview":"max-video-preview:-1"},"canonical":"https:\/\/www.baihs.com\/es\/producto\/cps11e-aa7baa2\/","og_locale":"es_ES","og_type":"article","og_title":"Digital pH sensor Memosens CPS11E - Flow, level, liquid analysis, optical analysis, pressure, temperature measurement, software and system products","og_description":"Digital pH sensorMemosens CPS11E Memosens 2.0 pH electrode for standard applications in process and water & wastewater industries","og_url":"https:\/\/www.baihs.com\/es\/producto\/cps11e-aa7baa2\/","og_site_name":"Flow, level, liquid analysis, optical analysis, pressure, temperature measurement, software and system products","article_modified_time":"2025-05-20T13:08:49+00:00","og_image":[{"width":240,"height":321,"url":"https:\/\/www.baihs.com\/wp-content\/uploads\/2025\/04\/CPS11E-pH-sensor-Memosens-straight.jpg","type":"image\/jpeg"}],"twitter_card":"summary_large_image","twitter_misc":{"Tiempo de lectura":"2 minutos"},"schema":{"@context":"https:\/\/schema.org","@graph":[{"@type":"WebPage","@id":"https:\/\/www.baihs.com\/product\/cps11e-aa7baa2\/","url":"https:\/\/www.baihs.com\/product\/cps11e-aa7baa2\/","name":"Digital pH sensor Memosens CPS11E - Flow, level, liquid analysis, optical analysis, pressure, temperature measurement, software and system products","isPartOf":{"@id":"https:\/\/www.baihs.com\/#website"},"primaryImageOfPage":{"@id":"https:\/\/www.baihs.com\/product\/cps11e-aa7baa2\/#primaryimage"},"image":{"@id":"https:\/\/www.baihs.com\/product\/cps11e-aa7baa2\/#primaryimage"},"thumbnailUrl":"https:\/\/www.baihs.com\/wp-content\/uploads\/2025\/04\/CPS11E-pH-sensor-Memosens-straight.jpg","datePublished":"2025-04-23T07:45:17+00:00","dateModified":"2025-05-20T13:08:49+00:00","description":"Digital pH sensorMemosens CPS11E Memosens 2.0 pH electrode for standard applications in process and water & wastewater industries","breadcrumb":{"@id":"https:\/\/www.baihs.com\/product\/cps11e-aa7baa2\/#breadcrumb"},"inLanguage":"es","potentialAction":[{"@type":"ReadAction","target":["https:\/\/www.baihs.com\/product\/cps11e-aa7baa2\/"]}]},{"@type":"ImageObject","inLanguage":"es","@id":"https:\/\/www.baihs.com\/product\/cps11e-aa7baa2\/#primaryimage","url":"https:\/\/www.baihs.com\/wp-content\/uploads\/2025\/04\/CPS11E-pH-sensor-Memosens-straight.jpg","contentUrl":"https:\/\/www.baihs.com\/wp-content\/uploads\/2025\/04\/CPS11E-pH-sensor-Memosens-straight.jpg","width":240,"height":321},{"@type":"BreadcrumbList","@id":"https:\/\/www.baihs.com\/product\/cps11e-aa7baa2\/#breadcrumb","itemListElement":[{"@type":"ListItem","position":1,"name":"\u9996\u9875","item":"https:\/\/www.baihs.com\/"},{"@type":"ListItem","position":2,"name":"Product","item":"https:\/\/www.baihs.com\/product\/"},{"@type":"ListItem","position":3,"name":"Digital pH sensor Memosens CPS11E"}]},{"@type":"WebSite","@id":"https:\/\/www.baihs.com\/#website","url":"https:\/\/www.baihs.com\/","name":"Endress+Hauser,PLC China supplier - Shenzhen Kolai Automation Technology Co., Ltd.","description":"People for Process Automation offer you solutions and products in flow, level, liquid analysis, optical analysis, pressure, temperature measurement, software and system products","publisher":{"@id":"https:\/\/www.baihs.com\/#organization"},"alternateName":"Endress+Hauser pH electrode,pressure transmitter,level meter,Allen Bradley,ABB,Siemens,Eaton,wika","potentialAction":[{"@type":"SearchAction","target":{"@type":"EntryPoint","urlTemplate":"https:\/\/www.baihs.com\/?s={search_term_string}"},"query-input":{"@type":"PropertyValueSpecification","valueRequired":true,"valueName":"search_term_string"}}],"inLanguage":"es"},{"@type":"Organization","@id":"https:\/\/www.baihs.com\/#organization","name":"CONLLY","url":"https:\/\/www.baihs.com\/","logo":{"@type":"ImageObject","inLanguage":"es","@id":"https:\/\/www.baihs.com\/#\/schema\/logo\/image\/","url":"https:\/\/www.baihs.com\/wp-content\/uploads\/2025\/04\/20250427194648.jpg","contentUrl":"https:\/\/www.baihs.com\/wp-content\/uploads\/2025\/04\/20250427194648.jpg","width":744,"height":157,"caption":"CONLLY"},"image":{"@id":"https:\/\/www.baihs.com\/#\/schema\/logo\/image\/"}}]}},"_links":{"self":[{"href":"https:\/\/www.baihs.com\/es\/wp-json\/wp\/v2\/product\/4798","targetHints":{"allow":["GET"]}}],"collection":[{"href":"https:\/\/www.baihs.com\/es\/wp-json\/wp\/v2\/product"}],"about":[{"href":"https:\/\/www.baihs.com\/es\/wp-json\/wp\/v2\/types\/product"}],"wp:featuredmedia":[{"embeddable":true,"href":"https:\/\/www.baihs.com\/es\/wp-json\/wp\/v2\/media\/5039"}],"wp:attachment":[{"href":"https:\/\/www.baihs.com\/es\/wp-json\/wp\/v2\/media?parent=4798"}],"wp:term":[{"taxonomy":"product_cat","embeddable":true,"href":"https:\/\/www.baihs.com\/es\/wp-json\/wp\/v2\/product_cat?post=4798"},{"taxonomy":"product_tag","embeddable":true,"href":"https:\/\/www.baihs.com\/es\/wp-json\/wp\/v2\/product_tag?post=4798"},{"taxonomy":"product_brand","embeddable":true,"href":"https:\/\/www.baihs.com\/es\/wp-json\/wp\/v2\/product_brand?post=4798"}],"curies":[{"name":"wp","href":"https:\/\/api.w.org\/{rel}","templated":true}]}}