{"id":4794,"date":"2025-04-23T07:44:36","date_gmt":"2025-04-23T07:44:36","guid":{"rendered":"http:\/\/www.baihs.com\/?post_type=product&#038;p=4794"},"modified":"2025-05-20T13:12:22","modified_gmt":"2025-05-20T13:12:22","slug":"1-channel-transmitter-liquiline-cm42b","status":"publish","type":"product","link":"https:\/\/www.baihs.com\/es\/product\/1-channel-transmitter-liquiline-cm42b\/","title":{"rendered":"Emisor de 1 canal Liquiline CM42B"},"content":{"rendered":"<h3 class=\"eh-headline-03 eh-p-b eh-m-t-xxlg\">Especificaciones<\/h3>\n<ul class=\"eh-result-list eh-product-info-category--items\">\n<li class=\"eh-product-info-category--item eh-p-v\">\n<div class=\"eh-grid eh-grid--no-spacing\">\n<div class=\"eh-cell eh-cell--12-col\">\n<h4 class=\"eh-headline--04 eh-font-bold eh-p-b-2\">Entrada<\/h4>\n<\/div>\n<div class=\"eh-cell eh-cell--12-col\">\n<p>Transmisor de un canal para Memosens y anal\u00f3gico (pH, ORP, conductividad)<\/p>\n<\/div>\n<\/div>\n<\/li>\n<li class=\"eh-product-info-category--item eh-p-v\">\n<div class=\"eh-grid eh-grid--no-spacing\">\n<div class=\"eh-cell eh-cell--12-col\">\n<h4 class=\"eh-headline--04 eh-font-bold eh-p-b-2\">Salida \/ comunicaci\u00f3n<\/h4>\n<\/div>\n<div class=\"eh-cell eh-cell--12-col\">\n<p>4 a 20 mA, HART (opcional), segunda salida adicional posible; comunicaci\u00f3n HART, tambi\u00e9n activable posteriormente<\/p>\n<\/div>\n<\/div>\n<\/li>\n<li class=\"eh-product-info-category--item eh-p-v\">\n<div class=\"eh-grid eh-grid--no-spacing\">\n<div class=\"eh-cell eh-cell--12-col\">\n<h4 class=\"eh-headline--04 eh-font-bold eh-p-b-2\">Protecci\u00f3n contra la penetraci\u00f3n<\/h4>\n<\/div>\n<div class=\"eh-cell eh-cell--12-col\">\n<p>Alojamiento en el campo:<br \/>\nIP66\/67 (IEC 60529)<br \/>\nNEMA 4X (UL 50E)<br \/>\nCarcasa de carril DIN: IP20<\/p>\n<h3 class=\"eh-headline-03 eh-p-b eh-m-t-xxlg\">\u00c1mbito de aplicaci\u00f3n<\/h3>\n<p class=\"eh-p-v\">Liquiline CM42B proporciona mediciones precisas y fiables de pH, redox, conductividad u ox\u00edgeno en aplicaciones de proceso exigentes. Benef\u00edciese de su intuitivo funcionamiento y configuraci\u00f3n local y utilice su interfaz Bluetooth y la aplicaci\u00f3n SmartBlue para obtener una visi\u00f3n detallada de los puntos de medici\u00f3n en sus dispositivos m\u00f3viles. La comunicaci\u00f3n Bluetooth est\u00e1 protegida por un concepto \u00fanico. No hay que preocuparse por los intrusos. Las diferentes versiones del dispositivo permiten una adaptaci\u00f3n flexible a todos los requisitos de instalaci\u00f3n.<\/p>\n<div class=\"eh-p-b-lg\"><\/div>\n<div class=\"eh-rich-content-content\" data-cs-pcueid=\"546Dve\">\n<p class=\"eh-generic--text\">El transmisor Liquiline CM42B es adecuado para aplicaciones de proceso exigentes en las siguientes industrias<\/p>\n<ul class=\"eh-list-01 eh-generic--list\">\n<li class=\"eh-list--item\">\n<p class=\"eh-generic--text\">Qu\u00edmica<\/p>\n<\/li>\n<li class=\"eh-list--item\">\n<p class=\"eh-generic--text\">Alimentaci\u00f3n y bebidas<\/p>\n<\/li>\n<li class=\"eh-list--item\">\n<p class=\"eh-generic--text\">Ciencias de la vida<\/p>\n<\/li>\n<li class=\"eh-list--item\">\n<p class=\"eh-generic--text\">Potencia y energ\u00eda<\/p>\n<\/li>\n<li class=\"eh-list--item\">\n<p class=\"eh-generic--text\">Petr\u00f3leo y gas<\/p>\n<\/li>\n<li class=\"eh-list--item\">\n<p class=\"eh-generic--text\">Miner\u00eda, minerales y metales<\/p>\n<\/li>\n<\/ul>\n<p class=\"eh-generic--text\">Con sus homologaciones internacionales de protecci\u00f3n contra explosiones, como IECEx, ATEX, C\/US IS Cl. I div 1 y CHN-Ex, el transmisor es apto para zonas peligrosas.<\/p>\n<h3 class=\"eh-headline-03 eh-p-b eh-m-t-xxlg\">Beneficios<\/h3>\n<ul class=\"eh-list-01 eh-generic--list\">\n<li class=\"eh-list--item\" data-cs-pcueid=\"DETNnf\">\n<p class=\"eh-generic--text\"><strong>Funcionamiento y configuraci\u00f3n c\u00f3modos:<\/strong>\u00a0El concepto de manejo intuitivo facilita y agiliza la puesta en marcha y la configuraci\u00f3n in situ. La conexi\u00f3n Bluetooth y la aplicaci\u00f3n SmartBlue ofrecen una visi\u00f3n general del punto de medici\u00f3n en su smartphone o tableta.<\/p>\n<\/li>\n<li class=\"eh-list--item\" data-cs-pcueid=\"U61Mty\">\n<p class=\"eh-generic--text\"><strong>Seguridad \u00fanica<\/strong>: La conexi\u00f3n Bluetooth presenta un concepto de seguridad \u00fanico que impide las intrusiones y permite una gesti\u00f3n sofisticada de las funciones del personal operativo. Benef\u00edciese de la seguridad externa e interna.<\/p>\n<\/li>\n<li class=\"eh-list--item\" data-cs-pcueid=\"XgskJ2\">\n<p class=\"eh-generic--text\"><strong>Adecuado para todos los entornos de proceso:<\/strong>\u00a0El transmisor est\u00e1 disponible en versi\u00f3n de acero inoxidable, pl\u00e1stico o carril DIN. Solo tiene que seleccionar la versi\u00f3n adecuada para integrarlo en un pat\u00edn, utilizarlo en entornos higi\u00e9nicos o aplicarlo en zonas peligrosas.<\/p>\n<\/li>\n<li class=\"eh-list--item\" data-cs-pcueid=\"OAZVlM\">\n<p class=\"eh-generic--text\"><strong>Aumento de la seguridad y el tiempo de actividad de los procesos:<\/strong>\u00a0La tecnolog\u00eda Memosens le proporciona una transmisi\u00f3n de datos digital y segura y una alta disponibilidad de los valores medidos. Plug &amp; Play de sensores precalibrados reduce el tiempo de inactividad del proceso para la calibraci\u00f3n.<\/p>\n<\/li>\n<li class=\"eh-list--item\" data-cs-pcueid=\"1Lm1Ip\">\n<p class=\"eh-generic--text\"><strong>Integraci\u00f3n perfecta del sistema:<\/strong>\u00a0Liquiline CM42B ofrece comunicaci\u00f3n HART con certificaci\u00f3n HCF, lo que hace que la integraci\u00f3n en su sistema de control de procesos sea f\u00e1cil y segura.<\/p>\n<\/li>\n<\/ul>\n<\/div>\n<\/div>\n<\/div>\n<\/li>\n<\/ul>","protected":false},"excerpt":{"rendered":"<p>Specs at a glance Input One channel transmitter for Memosens and analog (pH, ORP, conductivity) Output \/ communication 4 to 20 mA, HART (optional), additional second output possible; HART communication, also later activatable Ingress protection Field housing: IP66\/67 (IEC 60529) &hellip; <a href=\"https:\/\/www.baihs.com\/es\/product\/1-channel-transmitter-liquiline-cm42b\/\">Leer m\u00e1s<\/a><\/p>","protected":false},"featured_media":5042,"template":"","meta":[],"product_cat":[120,15],"product_tag":[],"product_brand":[],"class_list":["post-4794","product","type-product","status-publish","has-post-thumbnail","hentry","product_cat-water-quality-analyzers","product_cat-endresshauser"],"yoast_head":"<!-- This site is optimized with the Yoast SEO plugin v24.9 - https:\/\/yoast.com\/wordpress\/plugins\/seo\/ -->\n<title>1-channel transmitter Liquiline CM42B - Flow, level, liquid analysis, optical analysis, pressure, temperature measurement, software and system products<\/title>\n<meta name=\"description\" content=\"Two-wire field device for hazardous and non-hazardous areas and hygienic applications in chemical, life sciences and food &amp; beverage industries\" \/>\n<meta name=\"robots\" content=\"index, follow, max-snippet:-1, max-image-preview:large, max-video-preview:-1\" \/>\n<link rel=\"canonical\" href=\"https:\/\/www.baihs.com\/es\/producto\/1-channel-transmitter-liquiline-cm42b\/\" \/>\n<meta property=\"og:locale\" content=\"es_ES\" \/>\n<meta property=\"og:type\" content=\"article\" \/>\n<meta property=\"og:title\" content=\"1-channel transmitter Liquiline CM42B - Flow, level, liquid analysis, optical analysis, pressure, temperature measurement, software and system products\" \/>\n<meta property=\"og:description\" content=\"Two-wire field device for hazardous and non-hazardous areas and hygienic applications in chemical, life sciences and food &amp; beverage industries\" \/>\n<meta property=\"og:url\" content=\"https:\/\/www.baihs.com\/es\/producto\/1-channel-transmitter-liquiline-cm42b\/\" \/>\n<meta property=\"og:site_name\" content=\"Flow, level, liquid analysis, optical analysis, pressure, temperature measurement, software and system products\" \/>\n<meta property=\"article:modified_time\" content=\"2025-05-20T13:12:22+00:00\" \/>\n<meta property=\"og:image\" content=\"https:\/\/www.baihs.com\/wp-content\/uploads\/2025\/04\/CM42B-field-housing-plastic.jpg\" \/>\n\t<meta property=\"og:image:width\" content=\"240\" \/>\n\t<meta property=\"og:image:height\" content=\"321\" \/>\n\t<meta property=\"og:image:type\" content=\"image\/jpeg\" \/>\n<meta name=\"twitter:card\" content=\"summary_large_image\" \/>\n<meta name=\"twitter:label1\" content=\"Tiempo de lectura\" \/>\n\t<meta name=\"twitter:data1\" content=\"2 minutos\" \/>\n<script type=\"application\/ld+json\" class=\"yoast-schema-graph\">{\"@context\":\"https:\/\/schema.org\",\"@graph\":[{\"@type\":\"WebPage\",\"@id\":\"https:\/\/www.baihs.com\/product\/1-channel-transmitter-liquiline-cm42b\/\",\"url\":\"https:\/\/www.baihs.com\/product\/1-channel-transmitter-liquiline-cm42b\/\",\"name\":\"1-channel transmitter Liquiline CM42B - Flow, level, liquid analysis, optical analysis, pressure, temperature measurement, software and system products\",\"isPartOf\":{\"@id\":\"https:\/\/www.baihs.com\/#website\"},\"primaryImageOfPage\":{\"@id\":\"https:\/\/www.baihs.com\/product\/1-channel-transmitter-liquiline-cm42b\/#primaryimage\"},\"image\":{\"@id\":\"https:\/\/www.baihs.com\/product\/1-channel-transmitter-liquiline-cm42b\/#primaryimage\"},\"thumbnailUrl\":\"https:\/\/www.baihs.com\/wp-content\/uploads\/2025\/04\/CM42B-field-housing-plastic.jpg\",\"datePublished\":\"2025-04-23T07:44:36+00:00\",\"dateModified\":\"2025-05-20T13:12:22+00:00\",\"description\":\"Two-wire field device for hazardous and non-hazardous areas and hygienic applications in chemical, life sciences and food & beverage industries\",\"breadcrumb\":{\"@id\":\"https:\/\/www.baihs.com\/product\/1-channel-transmitter-liquiline-cm42b\/#breadcrumb\"},\"inLanguage\":\"es\",\"potentialAction\":[{\"@type\":\"ReadAction\",\"target\":[\"https:\/\/www.baihs.com\/product\/1-channel-transmitter-liquiline-cm42b\/\"]}]},{\"@type\":\"ImageObject\",\"inLanguage\":\"es\",\"@id\":\"https:\/\/www.baihs.com\/product\/1-channel-transmitter-liquiline-cm42b\/#primaryimage\",\"url\":\"https:\/\/www.baihs.com\/wp-content\/uploads\/2025\/04\/CM42B-field-housing-plastic.jpg\",\"contentUrl\":\"https:\/\/www.baihs.com\/wp-content\/uploads\/2025\/04\/CM42B-field-housing-plastic.jpg\",\"width\":240,\"height\":321},{\"@type\":\"BreadcrumbList\",\"@id\":\"https:\/\/www.baihs.com\/product\/1-channel-transmitter-liquiline-cm42b\/#breadcrumb\",\"itemListElement\":[{\"@type\":\"ListItem\",\"position\":1,\"name\":\"\u9996\u9875\",\"item\":\"https:\/\/www.baihs.com\/\"},{\"@type\":\"ListItem\",\"position\":2,\"name\":\"Product\",\"item\":\"https:\/\/www.baihs.com\/product\/\"},{\"@type\":\"ListItem\",\"position\":3,\"name\":\"1-channel transmitter Liquiline CM42B\"}]},{\"@type\":\"WebSite\",\"@id\":\"https:\/\/www.baihs.com\/#website\",\"url\":\"https:\/\/www.baihs.com\/\",\"name\":\"Endress+Hauser,PLC China supplier - Shenzhen Kolai Automation Technology Co., Ltd.\",\"description\":\"People for Process Automation offer you solutions and products in flow, level, liquid analysis, optical analysis, pressure, temperature measurement, software and system products\",\"publisher\":{\"@id\":\"https:\/\/www.baihs.com\/#organization\"},\"alternateName\":\"Endress+Hauser pH electrode,pressure transmitter,level meter,Allen Bradley,ABB,Siemens,Eaton,wika\",\"potentialAction\":[{\"@type\":\"SearchAction\",\"target\":{\"@type\":\"EntryPoint\",\"urlTemplate\":\"https:\/\/www.baihs.com\/?s={search_term_string}\"},\"query-input\":{\"@type\":\"PropertyValueSpecification\",\"valueRequired\":true,\"valueName\":\"search_term_string\"}}],\"inLanguage\":\"es\"},{\"@type\":\"Organization\",\"@id\":\"https:\/\/www.baihs.com\/#organization\",\"name\":\"CONLLY\",\"url\":\"https:\/\/www.baihs.com\/\",\"logo\":{\"@type\":\"ImageObject\",\"inLanguage\":\"es\",\"@id\":\"https:\/\/www.baihs.com\/#\/schema\/logo\/image\/\",\"url\":\"https:\/\/www.baihs.com\/wp-content\/uploads\/2025\/04\/20250427194648.jpg\",\"contentUrl\":\"https:\/\/www.baihs.com\/wp-content\/uploads\/2025\/04\/20250427194648.jpg\",\"width\":744,\"height\":157,\"caption\":\"CONLLY\"},\"image\":{\"@id\":\"https:\/\/www.baihs.com\/#\/schema\/logo\/image\/\"}}]}<\/script>\n<!-- \/ Yoast SEO plugin. -->","yoast_head_json":{"title":"1-channel transmitter Liquiline CM42B - Flow, level, liquid analysis, optical analysis, pressure, temperature measurement, software and system products","description":"Two-wire field device for hazardous and non-hazardous areas and hygienic applications in chemical, life sciences and food & beverage industries","robots":{"index":"index","follow":"follow","max-snippet":"max-snippet:-1","max-image-preview":"max-image-preview:large","max-video-preview":"max-video-preview:-1"},"canonical":"https:\/\/www.baihs.com\/es\/producto\/1-channel-transmitter-liquiline-cm42b\/","og_locale":"es_ES","og_type":"article","og_title":"1-channel transmitter Liquiline CM42B - Flow, level, liquid analysis, optical analysis, pressure, temperature measurement, software and system products","og_description":"Two-wire field device for hazardous and non-hazardous areas and hygienic applications in chemical, life sciences and food & beverage industries","og_url":"https:\/\/www.baihs.com\/es\/producto\/1-channel-transmitter-liquiline-cm42b\/","og_site_name":"Flow, level, liquid analysis, optical analysis, pressure, temperature measurement, software and system products","article_modified_time":"2025-05-20T13:12:22+00:00","og_image":[{"width":240,"height":321,"url":"https:\/\/www.baihs.com\/wp-content\/uploads\/2025\/04\/CM42B-field-housing-plastic.jpg","type":"image\/jpeg"}],"twitter_card":"summary_large_image","twitter_misc":{"Tiempo de lectura":"2 minutos"},"schema":{"@context":"https:\/\/schema.org","@graph":[{"@type":"WebPage","@id":"https:\/\/www.baihs.com\/product\/1-channel-transmitter-liquiline-cm42b\/","url":"https:\/\/www.baihs.com\/product\/1-channel-transmitter-liquiline-cm42b\/","name":"1-channel transmitter Liquiline CM42B - Flow, level, liquid analysis, optical analysis, pressure, temperature measurement, software and system products","isPartOf":{"@id":"https:\/\/www.baihs.com\/#website"},"primaryImageOfPage":{"@id":"https:\/\/www.baihs.com\/product\/1-channel-transmitter-liquiline-cm42b\/#primaryimage"},"image":{"@id":"https:\/\/www.baihs.com\/product\/1-channel-transmitter-liquiline-cm42b\/#primaryimage"},"thumbnailUrl":"https:\/\/www.baihs.com\/wp-content\/uploads\/2025\/04\/CM42B-field-housing-plastic.jpg","datePublished":"2025-04-23T07:44:36+00:00","dateModified":"2025-05-20T13:12:22+00:00","description":"Two-wire field device for hazardous and non-hazardous areas and hygienic applications in chemical, life sciences and food & beverage industries","breadcrumb":{"@id":"https:\/\/www.baihs.com\/product\/1-channel-transmitter-liquiline-cm42b\/#breadcrumb"},"inLanguage":"es","potentialAction":[{"@type":"ReadAction","target":["https:\/\/www.baihs.com\/product\/1-channel-transmitter-liquiline-cm42b\/"]}]},{"@type":"ImageObject","inLanguage":"es","@id":"https:\/\/www.baihs.com\/product\/1-channel-transmitter-liquiline-cm42b\/#primaryimage","url":"https:\/\/www.baihs.com\/wp-content\/uploads\/2025\/04\/CM42B-field-housing-plastic.jpg","contentUrl":"https:\/\/www.baihs.com\/wp-content\/uploads\/2025\/04\/CM42B-field-housing-plastic.jpg","width":240,"height":321},{"@type":"BreadcrumbList","@id":"https:\/\/www.baihs.com\/product\/1-channel-transmitter-liquiline-cm42b\/#breadcrumb","itemListElement":[{"@type":"ListItem","position":1,"name":"\u9996\u9875","item":"https:\/\/www.baihs.com\/"},{"@type":"ListItem","position":2,"name":"Product","item":"https:\/\/www.baihs.com\/product\/"},{"@type":"ListItem","position":3,"name":"1-channel transmitter Liquiline CM42B"}]},{"@type":"WebSite","@id":"https:\/\/www.baihs.com\/#website","url":"https:\/\/www.baihs.com\/","name":"Endress+Hauser,PLC China supplier - Shenzhen Kolai Automation Technology Co., Ltd.","description":"People for Process Automation offer you solutions and products in flow, level, liquid analysis, optical analysis, pressure, temperature measurement, software and system products","publisher":{"@id":"https:\/\/www.baihs.com\/#organization"},"alternateName":"Endress+Hauser pH electrode,pressure transmitter,level meter,Allen Bradley,ABB,Siemens,Eaton,wika","potentialAction":[{"@type":"SearchAction","target":{"@type":"EntryPoint","urlTemplate":"https:\/\/www.baihs.com\/?s={search_term_string}"},"query-input":{"@type":"PropertyValueSpecification","valueRequired":true,"valueName":"search_term_string"}}],"inLanguage":"es"},{"@type":"Organization","@id":"https:\/\/www.baihs.com\/#organization","name":"CONLLY","url":"https:\/\/www.baihs.com\/","logo":{"@type":"ImageObject","inLanguage":"es","@id":"https:\/\/www.baihs.com\/#\/schema\/logo\/image\/","url":"https:\/\/www.baihs.com\/wp-content\/uploads\/2025\/04\/20250427194648.jpg","contentUrl":"https:\/\/www.baihs.com\/wp-content\/uploads\/2025\/04\/20250427194648.jpg","width":744,"height":157,"caption":"CONLLY"},"image":{"@id":"https:\/\/www.baihs.com\/#\/schema\/logo\/image\/"}}]}},"_links":{"self":[{"href":"https:\/\/www.baihs.com\/es\/wp-json\/wp\/v2\/product\/4794","targetHints":{"allow":["GET"]}}],"collection":[{"href":"https:\/\/www.baihs.com\/es\/wp-json\/wp\/v2\/product"}],"about":[{"href":"https:\/\/www.baihs.com\/es\/wp-json\/wp\/v2\/types\/product"}],"wp:featuredmedia":[{"embeddable":true,"href":"https:\/\/www.baihs.com\/es\/wp-json\/wp\/v2\/media\/5042"}],"wp:attachment":[{"href":"https:\/\/www.baihs.com\/es\/wp-json\/wp\/v2\/media?parent=4794"}],"wp:term":[{"taxonomy":"product_cat","embeddable":true,"href":"https:\/\/www.baihs.com\/es\/wp-json\/wp\/v2\/product_cat?post=4794"},{"taxonomy":"product_tag","embeddable":true,"href":"https:\/\/www.baihs.com\/es\/wp-json\/wp\/v2\/product_tag?post=4794"},{"taxonomy":"product_brand","embeddable":true,"href":"https:\/\/www.baihs.com\/es\/wp-json\/wp\/v2\/product_brand?post=4794"}],"curies":[{"name":"wp","href":"https:\/\/api.w.org\/{rel}","templated":true}]}}