{"id":4792,"date":"2025-04-23T07:44:00","date_gmt":"2025-04-23T07:44:00","guid":{"rendered":"http:\/\/www.baihs.com\/?post_type=product&#038;p=4792"},"modified":"2025-05-20T13:15:23","modified_gmt":"2025-05-20T13:15:23","slug":"flow-assembly-flowfit-cpa25","status":"publish","type":"product","link":"https:\/\/www.baihs.com\/es\/product\/flow-assembly-flowfit-cpa25\/","title":{"rendered":"Conjunto de caudal Flowfit CPA25"},"content":{"rendered":"<h3 class=\"eh-headline-03 eh-p-b eh-m-t-xxlg\">Especificaciones<\/h3>\n<ul class=\"eh-result-list eh-product-info-category--items\">\n<li class=\"eh-product-info-category--item eh-p-v\">\n<div class=\"eh-grid eh-grid--no-spacing\">\n<div class=\"eh-cell eh-cell--12-col\">\n<h4 class=\"eh-headline--04 eh-font-bold eh-p-b-2\">Temperatura de proceso<\/h4>\n<\/div>\n<div class=\"eh-cell eh-cell--12-col\">\n<p>0 a 80\u00b0C<br \/>\n(32 a 176\u00b0F)<\/p>\n<\/div>\n<\/div>\n<\/li>\n<li class=\"eh-product-info-category--item eh-p-v\">\n<div class=\"eh-grid eh-grid--no-spacing\">\n<div class=\"eh-cell eh-cell--12-col\">\n<h4 class=\"eh-headline--04 eh-font-bold eh-p-b-2\">Presi\u00f3n de proceso<\/h4>\n<\/div>\n<div class=\"eh-cell eh-cell--12-col\">\n<p>m\u00e1x. 6 bar a 20\u00b0C<br \/>\n(87 psi a 68\u00b0F)<\/p>\n<h3 class=\"eh-headline-03 eh-p-b eh-m-t-xxlg\">\u00c1mbito de aplicaci\u00f3n<\/h3>\n<p class=\"eh-p-v\">El conjunto de caudal Flowfit CPA25 est\u00e1 dise\u00f1ado para la realizaci\u00f3n de puntos de medici\u00f3n en el tratamiento de aguas y aguas residuales y en procesos industriales auxiliares. Ofrece espacio para tres sensores y es capaz de prolongar su vida \u00fatil manteni\u00e9ndolos h\u00famedos incluso cuando se interrumpe el flujo. Adem\u00e1s, el propio conjunto es duradero gracias al polipropileno resistente a la corrosi\u00f3n. Con Flowfit obtendr\u00e1 el producto adecuado exactamente para sus aplicaciones est\u00e1ndar.<\/p>\n<div class=\"eh-p-b-lg\">Flowfit CPA25 puede utilizarse en numerosas aplicaciones en procesos auxiliares industriales, as\u00ed como en el tratamiento de aguas y aguas residuales. Est\u00e1 pensado para utilizarse, entre otras, en las siguientes aplicaciones:<\/div>\n<div class=\"eh-rich-content-content\">\n<ul class=\"eh-list-01 eh-generic--list\">\n<li class=\"eh-list--item\">\n<p class=\"eh-generic--text\">Agua potable<\/p>\n<\/li>\n<li class=\"eh-list--item\">\n<p class=\"eh-generic--text\">Tratamiento del agua y de las aguas residuales<\/p>\n<\/li>\n<li class=\"eh-list--item\">\n<p class=\"eh-generic--text\">Circuitos de refrigeraci\u00f3n por agua<\/p>\n<\/li>\n<li class=\"eh-list--item\">\n<p class=\"eh-generic--text\">Plantas de \u00f3smosis<\/p>\n<\/li>\n<\/ul>\n<p class=\"eh-generic--text\">Se puede utilizar con presiones de hasta 6 bares.<\/p>\n<h3 class=\"eh-headline-03 eh-p-b eh-m-t-xxlg\">Beneficios<\/h3>\n<ul class=\"eh-list-01 eh-generic--list\">\n<li class=\"eh-list--item\">\n<p class=\"eh-generic--text\">Conjunto compacto con tres ranuras para sensores Pg 13,5.<\/p>\n<\/li>\n<li class=\"eh-list--item\">\n<p class=\"eh-generic--text\">Geometr\u00eda de flujo especial para conseguir un<br \/>\nvalores medidos de los sensores instalados.<\/p>\n<\/li>\n<li class=\"eh-list--item\">\n<p class=\"eh-generic--text\">Perfil tipo sif\u00f3n para proteger los sensores de la desecaci\u00f3n<br \/>\ndurante la parada de la planta.<\/p>\n<\/li>\n<li class=\"eh-list--item\">\n<p class=\"eh-generic--text\">La cubierta de servicio facilita la limpieza de los sensores y<br \/>\nmontaje.<\/p>\n<\/li>\n<li class=\"eh-list--item\">\n<p class=\"eh-generic--text\">Calibraci\u00f3n de los sensores para comprobar su funcionamiento<br \/>\ncorrectamente puede tener lugar mientras est\u00e1 instalado.<\/p>\n<\/li>\n<\/ul>\n<\/div>\n<\/div>\n<\/div>\n<\/li>\n<\/ul>","protected":false},"excerpt":{"rendered":"<p>Specs at a glance Process temperature 0 to 80\u00b0C (32 to 176\u00b0F) Process pressure max. 6 bar at 20\u00b0C (87 psi at 68\u00b0F) Field of application The Flowfit CPA25 flow assembly is designed for the realization of measuring points in &hellip; <a href=\"https:\/\/www.baihs.com\/es\/product\/flow-assembly-flowfit-cpa25\/\">Leer m\u00e1s<\/a><\/p>","protected":false},"featured_media":5046,"template":"","meta":[],"product_cat":[120,15],"product_tag":[],"product_brand":[],"class_list":["post-4792","product","type-product","status-publish","has-post-thumbnail","hentry","product_cat-water-quality-analyzers","product_cat-endresshauser"],"yoast_head":"<!-- This site is optimized with the Yoast SEO plugin v24.9 - https:\/\/yoast.com\/wordpress\/plugins\/seo\/ -->\n<title>Flow assembly Flowfit CPA25 - Flow, level, liquid analysis, optical analysis, pressure, temperature measurement, software and system products<\/title>\n<meta name=\"description\" content=\"Universal assembly for the water and wastewater industry and industrial auxiliary processes.\" \/>\n<meta name=\"robots\" content=\"index, follow, max-snippet:-1, max-image-preview:large, max-video-preview:-1\" \/>\n<link rel=\"canonical\" href=\"https:\/\/www.baihs.com\/es\/producto\/flow-assembly-flowfit-cpa25\/\" \/>\n<meta property=\"og:locale\" content=\"es_ES\" \/>\n<meta property=\"og:type\" content=\"article\" \/>\n<meta property=\"og:title\" content=\"Flow assembly Flowfit CPA25 - Flow, level, liquid analysis, optical analysis, pressure, temperature measurement, software and system products\" \/>\n<meta property=\"og:description\" content=\"Universal assembly for the water and wastewater industry and industrial auxiliary processes.\" \/>\n<meta property=\"og:url\" content=\"https:\/\/www.baihs.com\/es\/producto\/flow-assembly-flowfit-cpa25\/\" \/>\n<meta property=\"og:site_name\" content=\"Flow, level, liquid analysis, optical analysis, pressure, temperature measurement, software and system products\" \/>\n<meta property=\"article:modified_time\" content=\"2025-05-20T13:15:23+00:00\" \/>\n<meta property=\"og:image\" content=\"https:\/\/www.baihs.com\/wp-content\/uploads\/2025\/04\/CPA25_s_Stack03_C_001_LowRes.jpg\" \/>\n\t<meta property=\"og:image:width\" content=\"240\" \/>\n\t<meta property=\"og:image:height\" content=\"321\" \/>\n\t<meta property=\"og:image:type\" content=\"image\/jpeg\" \/>\n<meta name=\"twitter:card\" content=\"summary_large_image\" \/>\n<meta name=\"twitter:label1\" content=\"Tiempo de lectura\" \/>\n\t<meta name=\"twitter:data1\" content=\"2 minutos\" \/>\n<script type=\"application\/ld+json\" class=\"yoast-schema-graph\">{\"@context\":\"https:\/\/schema.org\",\"@graph\":[{\"@type\":\"WebPage\",\"@id\":\"https:\/\/www.baihs.com\/product\/flow-assembly-flowfit-cpa25\/\",\"url\":\"https:\/\/www.baihs.com\/product\/flow-assembly-flowfit-cpa25\/\",\"name\":\"Flow assembly Flowfit CPA25 - Flow, level, liquid analysis, optical analysis, pressure, temperature measurement, software and system products\",\"isPartOf\":{\"@id\":\"https:\/\/www.baihs.com\/#website\"},\"primaryImageOfPage\":{\"@id\":\"https:\/\/www.baihs.com\/product\/flow-assembly-flowfit-cpa25\/#primaryimage\"},\"image\":{\"@id\":\"https:\/\/www.baihs.com\/product\/flow-assembly-flowfit-cpa25\/#primaryimage\"},\"thumbnailUrl\":\"https:\/\/www.baihs.com\/wp-content\/uploads\/2025\/04\/CPA25_s_Stack03_C_001_LowRes.jpg\",\"datePublished\":\"2025-04-23T07:44:00+00:00\",\"dateModified\":\"2025-05-20T13:15:23+00:00\",\"description\":\"Universal assembly for the water and wastewater industry and industrial auxiliary processes.\",\"breadcrumb\":{\"@id\":\"https:\/\/www.baihs.com\/product\/flow-assembly-flowfit-cpa25\/#breadcrumb\"},\"inLanguage\":\"es\",\"potentialAction\":[{\"@type\":\"ReadAction\",\"target\":[\"https:\/\/www.baihs.com\/product\/flow-assembly-flowfit-cpa25\/\"]}]},{\"@type\":\"ImageObject\",\"inLanguage\":\"es\",\"@id\":\"https:\/\/www.baihs.com\/product\/flow-assembly-flowfit-cpa25\/#primaryimage\",\"url\":\"https:\/\/www.baihs.com\/wp-content\/uploads\/2025\/04\/CPA25_s_Stack03_C_001_LowRes.jpg\",\"contentUrl\":\"https:\/\/www.baihs.com\/wp-content\/uploads\/2025\/04\/CPA25_s_Stack03_C_001_LowRes.jpg\",\"width\":240,\"height\":321},{\"@type\":\"BreadcrumbList\",\"@id\":\"https:\/\/www.baihs.com\/product\/flow-assembly-flowfit-cpa25\/#breadcrumb\",\"itemListElement\":[{\"@type\":\"ListItem\",\"position\":1,\"name\":\"\u9996\u9875\",\"item\":\"https:\/\/www.baihs.com\/\"},{\"@type\":\"ListItem\",\"position\":2,\"name\":\"Product\",\"item\":\"https:\/\/www.baihs.com\/product\/\"},{\"@type\":\"ListItem\",\"position\":3,\"name\":\"Flow assembly Flowfit CPA25\"}]},{\"@type\":\"WebSite\",\"@id\":\"https:\/\/www.baihs.com\/#website\",\"url\":\"https:\/\/www.baihs.com\/\",\"name\":\"Endress+Hauser,PLC China supplier - Shenzhen Kolai Automation Technology Co., Ltd.\",\"description\":\"People for Process Automation offer you solutions and products in flow, level, liquid analysis, optical analysis, pressure, temperature measurement, software and system products\",\"publisher\":{\"@id\":\"https:\/\/www.baihs.com\/#organization\"},\"alternateName\":\"Endress+Hauser pH electrode,pressure transmitter,level meter,Allen Bradley,ABB,Siemens,Eaton,wika\",\"potentialAction\":[{\"@type\":\"SearchAction\",\"target\":{\"@type\":\"EntryPoint\",\"urlTemplate\":\"https:\/\/www.baihs.com\/?s={search_term_string}\"},\"query-input\":{\"@type\":\"PropertyValueSpecification\",\"valueRequired\":true,\"valueName\":\"search_term_string\"}}],\"inLanguage\":\"es\"},{\"@type\":\"Organization\",\"@id\":\"https:\/\/www.baihs.com\/#organization\",\"name\":\"CONLLY\",\"url\":\"https:\/\/www.baihs.com\/\",\"logo\":{\"@type\":\"ImageObject\",\"inLanguage\":\"es\",\"@id\":\"https:\/\/www.baihs.com\/#\/schema\/logo\/image\/\",\"url\":\"https:\/\/www.baihs.com\/wp-content\/uploads\/2025\/04\/20250427194648.jpg\",\"contentUrl\":\"https:\/\/www.baihs.com\/wp-content\/uploads\/2025\/04\/20250427194648.jpg\",\"width\":744,\"height\":157,\"caption\":\"CONLLY\"},\"image\":{\"@id\":\"https:\/\/www.baihs.com\/#\/schema\/logo\/image\/\"}}]}<\/script>\n<!-- \/ Yoast SEO plugin. -->","yoast_head_json":{"title":"Flow assembly Flowfit CPA25 - Flow, level, liquid analysis, optical analysis, pressure, temperature measurement, software and system products","description":"Universal assembly for the water and wastewater industry and industrial auxiliary processes.","robots":{"index":"index","follow":"follow","max-snippet":"max-snippet:-1","max-image-preview":"max-image-preview:large","max-video-preview":"max-video-preview:-1"},"canonical":"https:\/\/www.baihs.com\/es\/producto\/flow-assembly-flowfit-cpa25\/","og_locale":"es_ES","og_type":"article","og_title":"Flow assembly Flowfit CPA25 - Flow, level, liquid analysis, optical analysis, pressure, temperature measurement, software and system products","og_description":"Universal assembly for the water and wastewater industry and industrial auxiliary processes.","og_url":"https:\/\/www.baihs.com\/es\/producto\/flow-assembly-flowfit-cpa25\/","og_site_name":"Flow, level, liquid analysis, optical analysis, pressure, temperature measurement, software and system products","article_modified_time":"2025-05-20T13:15:23+00:00","og_image":[{"width":240,"height":321,"url":"https:\/\/www.baihs.com\/wp-content\/uploads\/2025\/04\/CPA25_s_Stack03_C_001_LowRes.jpg","type":"image\/jpeg"}],"twitter_card":"summary_large_image","twitter_misc":{"Tiempo de lectura":"2 minutos"},"schema":{"@context":"https:\/\/schema.org","@graph":[{"@type":"WebPage","@id":"https:\/\/www.baihs.com\/product\/flow-assembly-flowfit-cpa25\/","url":"https:\/\/www.baihs.com\/product\/flow-assembly-flowfit-cpa25\/","name":"Flow assembly Flowfit CPA25 - Flow, level, liquid analysis, optical analysis, pressure, temperature measurement, software and system products","isPartOf":{"@id":"https:\/\/www.baihs.com\/#website"},"primaryImageOfPage":{"@id":"https:\/\/www.baihs.com\/product\/flow-assembly-flowfit-cpa25\/#primaryimage"},"image":{"@id":"https:\/\/www.baihs.com\/product\/flow-assembly-flowfit-cpa25\/#primaryimage"},"thumbnailUrl":"https:\/\/www.baihs.com\/wp-content\/uploads\/2025\/04\/CPA25_s_Stack03_C_001_LowRes.jpg","datePublished":"2025-04-23T07:44:00+00:00","dateModified":"2025-05-20T13:15:23+00:00","description":"Universal assembly for the water and wastewater industry and industrial auxiliary processes.","breadcrumb":{"@id":"https:\/\/www.baihs.com\/product\/flow-assembly-flowfit-cpa25\/#breadcrumb"},"inLanguage":"es","potentialAction":[{"@type":"ReadAction","target":["https:\/\/www.baihs.com\/product\/flow-assembly-flowfit-cpa25\/"]}]},{"@type":"ImageObject","inLanguage":"es","@id":"https:\/\/www.baihs.com\/product\/flow-assembly-flowfit-cpa25\/#primaryimage","url":"https:\/\/www.baihs.com\/wp-content\/uploads\/2025\/04\/CPA25_s_Stack03_C_001_LowRes.jpg","contentUrl":"https:\/\/www.baihs.com\/wp-content\/uploads\/2025\/04\/CPA25_s_Stack03_C_001_LowRes.jpg","width":240,"height":321},{"@type":"BreadcrumbList","@id":"https:\/\/www.baihs.com\/product\/flow-assembly-flowfit-cpa25\/#breadcrumb","itemListElement":[{"@type":"ListItem","position":1,"name":"\u9996\u9875","item":"https:\/\/www.baihs.com\/"},{"@type":"ListItem","position":2,"name":"Product","item":"https:\/\/www.baihs.com\/product\/"},{"@type":"ListItem","position":3,"name":"Flow assembly Flowfit CPA25"}]},{"@type":"WebSite","@id":"https:\/\/www.baihs.com\/#website","url":"https:\/\/www.baihs.com\/","name":"Endress+Hauser,PLC China supplier - Shenzhen Kolai Automation Technology Co., Ltd.","description":"People for Process Automation offer you solutions and products in flow, level, liquid analysis, optical analysis, pressure, temperature measurement, software and system products","publisher":{"@id":"https:\/\/www.baihs.com\/#organization"},"alternateName":"Endress+Hauser pH electrode,pressure transmitter,level meter,Allen Bradley,ABB,Siemens,Eaton,wika","potentialAction":[{"@type":"SearchAction","target":{"@type":"EntryPoint","urlTemplate":"https:\/\/www.baihs.com\/?s={search_term_string}"},"query-input":{"@type":"PropertyValueSpecification","valueRequired":true,"valueName":"search_term_string"}}],"inLanguage":"es"},{"@type":"Organization","@id":"https:\/\/www.baihs.com\/#organization","name":"CONLLY","url":"https:\/\/www.baihs.com\/","logo":{"@type":"ImageObject","inLanguage":"es","@id":"https:\/\/www.baihs.com\/#\/schema\/logo\/image\/","url":"https:\/\/www.baihs.com\/wp-content\/uploads\/2025\/04\/20250427194648.jpg","contentUrl":"https:\/\/www.baihs.com\/wp-content\/uploads\/2025\/04\/20250427194648.jpg","width":744,"height":157,"caption":"CONLLY"},"image":{"@id":"https:\/\/www.baihs.com\/#\/schema\/logo\/image\/"}}]}},"_links":{"self":[{"href":"https:\/\/www.baihs.com\/es\/wp-json\/wp\/v2\/product\/4792","targetHints":{"allow":["GET"]}}],"collection":[{"href":"https:\/\/www.baihs.com\/es\/wp-json\/wp\/v2\/product"}],"about":[{"href":"https:\/\/www.baihs.com\/es\/wp-json\/wp\/v2\/types\/product"}],"wp:featuredmedia":[{"embeddable":true,"href":"https:\/\/www.baihs.com\/es\/wp-json\/wp\/v2\/media\/5046"}],"wp:attachment":[{"href":"https:\/\/www.baihs.com\/es\/wp-json\/wp\/v2\/media?parent=4792"}],"wp:term":[{"taxonomy":"product_cat","embeddable":true,"href":"https:\/\/www.baihs.com\/es\/wp-json\/wp\/v2\/product_cat?post=4792"},{"taxonomy":"product_tag","embeddable":true,"href":"https:\/\/www.baihs.com\/es\/wp-json\/wp\/v2\/product_tag?post=4792"},{"taxonomy":"product_brand","embeddable":true,"href":"https:\/\/www.baihs.com\/es\/wp-json\/wp\/v2\/product_brand?post=4792"}],"curies":[{"name":"wp","href":"https:\/\/api.w.org\/{rel}","templated":true}]}}