{"id":4789,"date":"2025-04-23T07:43:29","date_gmt":"2025-04-23T07:43:29","guid":{"rendered":"http:\/\/www.baihs.com\/?post_type=product&#038;p=4789"},"modified":"2025-05-20T13:18:58","modified_gmt":"2025-05-20T13:18:58","slug":"digital-ph-sensor-memosens-cps61e","status":"publish","type":"product","link":"https:\/\/www.baihs.com\/es\/product\/digital-ph-sensor-memosens-cps61e\/","title":{"rendered":"Sensor digital de pH Memosens CPS61E"},"content":{"rendered":"<h3 class=\"eh-headline-03 eh-p-b eh-m-t-xxlg\">Especificaciones<\/h3>\n<ul class=\"eh-result-list eh-product-info-category--items\">\n<li class=\"eh-product-info-category--item eh-p-v\">\n<div class=\"eh-grid eh-grid--no-spacing\">\n<div class=\"eh-cell eh-cell--12-col\">\n<h4 class=\"eh-headline--04 eh-font-bold eh-p-b-2\">Rango de medici\u00f3n<\/h4>\n<\/div>\n<div class=\"eh-cell eh-cell--12-col\">\n<p>pH: de 0 a 14<\/p>\n<\/div>\n<\/div>\n<\/li>\n<li class=\"eh-product-info-category--item eh-p-v\">\n<div class=\"eh-grid eh-grid--no-spacing\">\n<div class=\"eh-cell eh-cell--12-col\">\n<h4 class=\"eh-headline--04 eh-font-bold eh-p-b-2\">Temperatura de proceso<\/h4>\n<\/div>\n<div class=\"eh-cell eh-cell--12-col\">\n<p>Solicitud N:<br \/>\n0 a 100 \u00b0C (32 a 212 \u00b0F)<br \/>\nHasta 140 \u00b0C (284 \u00b0F) para esterilizaci\u00f3n<\/p>\n<\/div>\n<\/div>\n<\/li>\n<li class=\"eh-product-info-category--item eh-p-v\">\n<div class=\"eh-grid eh-grid--no-spacing\">\n<div class=\"eh-cell eh-cell--12-col\">\n<h4 class=\"eh-headline--04 eh-font-bold eh-p-b-2\">Presi\u00f3n de proceso<\/h4>\n<\/div>\n<div class=\"eh-cell eh-cell--12-col\">\n<p>Aplicaci\u00f3n M: 0,8 a 14 bar (11,6 a 203 psi) absolutos<br \/>\nAplicaci\u00f3n N: 0,8 a 7 bar (11,6 a 101,5 psi) absolutos<\/p>\n<h3 class=\"eh-headline-03 eh-p-b eh-m-t-xxlg\">\u00c1mbito de aplicaci\u00f3n<\/h3>\n<p class=\"eh-p-v\">Mantenga el valor de pH en el rango \u00f3ptimo y maximice el rendimiento de su producto con el Memosens CPS61E. Su dise\u00f1o robusto y su estabilidad a largo plazo garantizan valores medidos extremadamente precisos y reproducibles incluso despu\u00e9s de CIP\/SIP o autoclave. El CPS61E incorpora la tecnolog\u00eda digital Memosens 2.0, que ofrece un almacenamiento ampliado de los datos de calibraci\u00f3n y proceso para un mantenimiento predictivo. El sensor resiste la humedad y permite la calibraci\u00f3n en laboratorio, lo que mejora la integridad del proceso y aumenta el tiempo de actividad del mismo.<\/p>\n<div class=\"eh-p-b-lg\"><\/div>\n<div class=\"eh-rich-content-content\">\n<p class=\"eh-generic--text\">Memosens CPS61E mide el pH en:<\/p>\n<ul class=\"eh-list-01 eh-generic--list\">\n<li class=\"eh-list--item\">\n<p class=\"eh-generic--text\">Industrias biotecnol\u00f3gica y farmac\u00e9utica<br \/>\n- Biorreactores\/fermentadores: control de procesos en la producci\u00f3n de enzimas<br \/>\n- Biorreactores\/fermentadores: control del crecimiento de los cultivos<\/p>\n<\/li>\n<li class=\"eh-list--item\">\n<p class=\"eh-generic--text\">Alimentaci\u00f3n y bebidas<br \/>\n- Aplicaciones CIP\/SIP<\/p>\n<\/li>\n<\/ul>\n<p class=\"eh-generic--text\">Con homologaciones ATEX, IECEx, CSA C\/US, NEPSI, Jap\u00f3n, INMETRO para uso en \u00e1reas peligrosas, zonas 0, 1 y 2.<\/p>\n<p class=\"eh-generic--text\">Existe un certificado farmac\u00e9utico de conformidad con el n\u00famero de serie del sensor especificado.<\/p>\n<h3 class=\"eh-headline-03 eh-p-b eh-m-t-xxlg\">Beneficios<\/h3>\n<ul class=\"eh-list-01 eh-generic--list\">\n<li class=\"eh-list--item\">\n<p class=\"eh-generic--text\">Memosens 2.0 ofrece almacenamiento ampliado de datos de calibraci\u00f3n y proceso, lo que permite una mejor identificaci\u00f3n de tendencias y proporciona una base preparada para el futuro para el mantenimiento predictivo y servicios IIoT mejorados.<\/p>\n<\/li>\n<li class=\"eh-list--item\">\n<p class=\"eh-generic--text\">La excepcional precisi\u00f3n y reproducibilidad del sensor le ayudan a mantener el valor de pH en el rango \u00f3ptimo para maximizar el rendimiento del producto.<\/p>\n<\/li>\n<li class=\"eh-list--item\">\n<p class=\"eh-generic--text\">Una membrana de vidrio especial y un sistema de referencia hacen que el sensor sea resistente a la limpieza CIP\/SIP y al autoclave (hasta 140\u00b0C\/284\u00b0F), ofreciendo la m\u00e1xima estabilidad a largo plazo.<\/p>\n<\/li>\n<li class=\"eh-list--item\">\n<p class=\"eh-generic--text\">El sensor protege la calidad de su producto gracias a su biocompatibilidad certificada seg\u00fan la USP clase VI, la conformidad de las piezas h\u00famedas con la FDA, la conformidad con la norma VO 1935\/2004, la ausencia de citotoxicidad, biorreactividad o materiales de origen animal.<\/p>\n<\/li>\n<li class=\"eh-list--item\">\n<p class=\"eh-generic--text\">Agilice el mantenimiento del CPS61E con el software Memobase Plus, que almacena y documenta autom\u00e1ticamente todos los datos relevantes de sensores y procesos.<\/p>\n<\/li>\n<li class=\"eh-list--item\">\n<p class=\"eh-generic--text\">M\u00e1xima seguridad de proceso gracias a la transmisi\u00f3n inductiva de se\u00f1ales sin contacto<\/p>\n<\/li>\n<li class=\"eh-list--item\">\n<p class=\"eh-generic--text\">Reducci\u00f3n de los costes de explotaci\u00f3n gracias a la minimizaci\u00f3n de los tiempos de inactividad del proceso y a la prolongaci\u00f3n de la vida \u00fatil del sensor.<\/p>\n<\/li>\n<\/ul>\n<\/div>\n<\/div>\n<\/div>\n<\/li>\n<\/ul>","protected":false},"excerpt":{"rendered":"<p>El valor de pH de un l\u00edquido puede calcularse utilizando el principio de medida potenciom\u00e9trico. Este v\u00eddeo muestra de qu\u00e9 se trata y c\u00f3mo funciona este principio de medici\u00f3n.<\/p>","protected":false},"featured_media":5049,"template":"","meta":[],"product_cat":[120,15],"product_tag":[],"product_brand":[],"class_list":["post-4789","product","type-product","status-publish","has-post-thumbnail","hentry","product_cat-water-quality-analyzers","product_cat-endresshauser"],"yoast_head":"<!-- This site is optimized with the Yoast SEO plugin v24.9 - https:\/\/yoast.com\/wordpress\/plugins\/seo\/ -->\n<title>Digital pH sensor Memosens CPS61E - Flow, level, liquid analysis, optical analysis, pressure, temperature measurement, software and system products<\/title>\n<meta name=\"description\" content=\"Memosens 2.0 glass sensor for the food &amp; beverage industry and for bioreactors in biotech industry\" \/>\n<meta name=\"robots\" content=\"index, follow, max-snippet:-1, max-image-preview:large, max-video-preview:-1\" \/>\n<link rel=\"canonical\" href=\"https:\/\/www.baihs.com\/es\/producto\/digital-ph-sensor-memosens-cps61e\/\" \/>\n<meta property=\"og:locale\" content=\"es_ES\" \/>\n<meta property=\"og:type\" content=\"article\" \/>\n<meta property=\"og:title\" content=\"Digital pH sensor Memosens CPS61E - Flow, level, liquid analysis, optical analysis, pressure, temperature measurement, software and system products\" \/>\n<meta property=\"og:description\" content=\"Memosens 2.0 glass sensor for the food &amp; beverage industry and for bioreactors in biotech industry\" \/>\n<meta property=\"og:url\" content=\"https:\/\/www.baihs.com\/es\/producto\/digital-ph-sensor-memosens-cps61e\/\" \/>\n<meta property=\"og:site_name\" content=\"Flow, level, liquid analysis, optical analysis, pressure, temperature measurement, software and system products\" \/>\n<meta property=\"article:modified_time\" content=\"2025-05-20T13:18:58+00:00\" \/>\n<meta property=\"og:image\" content=\"https:\/\/www.baihs.com\/wp-content\/uploads\/2025\/04\/CPS61E-digital-ph-sensor.jpg\" \/>\n\t<meta property=\"og:image:width\" content=\"240\" \/>\n\t<meta property=\"og:image:height\" content=\"321\" \/>\n\t<meta property=\"og:image:type\" content=\"image\/jpeg\" \/>\n<meta name=\"twitter:card\" content=\"summary_large_image\" \/>\n<meta name=\"twitter:label1\" content=\"Tiempo de lectura\" \/>\n\t<meta name=\"twitter:data1\" content=\"2 minutos\" \/>\n<script type=\"application\/ld+json\" class=\"yoast-schema-graph\">{\"@context\":\"https:\/\/schema.org\",\"@graph\":[{\"@type\":\"WebPage\",\"@id\":\"https:\/\/www.baihs.com\/product\/digital-ph-sensor-memosens-cps61e\/\",\"url\":\"https:\/\/www.baihs.com\/product\/digital-ph-sensor-memosens-cps61e\/\",\"name\":\"Digital pH sensor Memosens CPS61E - Flow, level, liquid analysis, optical analysis, pressure, temperature measurement, software and system products\",\"isPartOf\":{\"@id\":\"https:\/\/www.baihs.com\/#website\"},\"primaryImageOfPage\":{\"@id\":\"https:\/\/www.baihs.com\/product\/digital-ph-sensor-memosens-cps61e\/#primaryimage\"},\"image\":{\"@id\":\"https:\/\/www.baihs.com\/product\/digital-ph-sensor-memosens-cps61e\/#primaryimage\"},\"thumbnailUrl\":\"https:\/\/www.baihs.com\/wp-content\/uploads\/2025\/04\/CPS61E-digital-ph-sensor.jpg\",\"datePublished\":\"2025-04-23T07:43:29+00:00\",\"dateModified\":\"2025-05-20T13:18:58+00:00\",\"description\":\"Memosens 2.0 glass sensor for the food & beverage industry and for bioreactors in biotech industry\",\"breadcrumb\":{\"@id\":\"https:\/\/www.baihs.com\/product\/digital-ph-sensor-memosens-cps61e\/#breadcrumb\"},\"inLanguage\":\"es\",\"potentialAction\":[{\"@type\":\"ReadAction\",\"target\":[\"https:\/\/www.baihs.com\/product\/digital-ph-sensor-memosens-cps61e\/\"]}]},{\"@type\":\"ImageObject\",\"inLanguage\":\"es\",\"@id\":\"https:\/\/www.baihs.com\/product\/digital-ph-sensor-memosens-cps61e\/#primaryimage\",\"url\":\"https:\/\/www.baihs.com\/wp-content\/uploads\/2025\/04\/CPS61E-digital-ph-sensor.jpg\",\"contentUrl\":\"https:\/\/www.baihs.com\/wp-content\/uploads\/2025\/04\/CPS61E-digital-ph-sensor.jpg\",\"width\":240,\"height\":321},{\"@type\":\"BreadcrumbList\",\"@id\":\"https:\/\/www.baihs.com\/product\/digital-ph-sensor-memosens-cps61e\/#breadcrumb\",\"itemListElement\":[{\"@type\":\"ListItem\",\"position\":1,\"name\":\"\u9996\u9875\",\"item\":\"https:\/\/www.baihs.com\/\"},{\"@type\":\"ListItem\",\"position\":2,\"name\":\"Product\",\"item\":\"https:\/\/www.baihs.com\/product\/\"},{\"@type\":\"ListItem\",\"position\":3,\"name\":\"Digital pH sensor Memosens CPS61E\"}]},{\"@type\":\"WebSite\",\"@id\":\"https:\/\/www.baihs.com\/#website\",\"url\":\"https:\/\/www.baihs.com\/\",\"name\":\"Endress+Hauser,PLC China supplier - Shenzhen Kolai Automation Technology Co., Ltd.\",\"description\":\"People for Process Automation offer you solutions and products in flow, level, liquid analysis, optical analysis, pressure, temperature measurement, software and system products\",\"publisher\":{\"@id\":\"https:\/\/www.baihs.com\/#organization\"},\"alternateName\":\"Endress+Hauser pH electrode,pressure transmitter,level meter,Allen Bradley,ABB,Siemens,Eaton,wika\",\"potentialAction\":[{\"@type\":\"SearchAction\",\"target\":{\"@type\":\"EntryPoint\",\"urlTemplate\":\"https:\/\/www.baihs.com\/?s={search_term_string}\"},\"query-input\":{\"@type\":\"PropertyValueSpecification\",\"valueRequired\":true,\"valueName\":\"search_term_string\"}}],\"inLanguage\":\"es\"},{\"@type\":\"Organization\",\"@id\":\"https:\/\/www.baihs.com\/#organization\",\"name\":\"CONLLY\",\"url\":\"https:\/\/www.baihs.com\/\",\"logo\":{\"@type\":\"ImageObject\",\"inLanguage\":\"es\",\"@id\":\"https:\/\/www.baihs.com\/#\/schema\/logo\/image\/\",\"url\":\"https:\/\/www.baihs.com\/wp-content\/uploads\/2025\/04\/20250427194648.jpg\",\"contentUrl\":\"https:\/\/www.baihs.com\/wp-content\/uploads\/2025\/04\/20250427194648.jpg\",\"width\":744,\"height\":157,\"caption\":\"CONLLY\"},\"image\":{\"@id\":\"https:\/\/www.baihs.com\/#\/schema\/logo\/image\/\"}}]}<\/script>\n<!-- \/ Yoast SEO plugin. -->","yoast_head_json":{"title":"Digital pH sensor Memosens CPS61E - Flow, level, liquid analysis, optical analysis, pressure, temperature measurement, software and system products","description":"Memosens 2.0 glass sensor for the food & beverage industry and for bioreactors in biotech industry","robots":{"index":"index","follow":"follow","max-snippet":"max-snippet:-1","max-image-preview":"max-image-preview:large","max-video-preview":"max-video-preview:-1"},"canonical":"https:\/\/www.baihs.com\/es\/producto\/digital-ph-sensor-memosens-cps61e\/","og_locale":"es_ES","og_type":"article","og_title":"Digital pH sensor Memosens CPS61E - Flow, level, liquid analysis, optical analysis, pressure, temperature measurement, software and system products","og_description":"Memosens 2.0 glass sensor for the food & beverage industry and for bioreactors in biotech industry","og_url":"https:\/\/www.baihs.com\/es\/producto\/digital-ph-sensor-memosens-cps61e\/","og_site_name":"Flow, level, liquid analysis, optical analysis, pressure, temperature measurement, software and system products","article_modified_time":"2025-05-20T13:18:58+00:00","og_image":[{"width":240,"height":321,"url":"https:\/\/www.baihs.com\/wp-content\/uploads\/2025\/04\/CPS61E-digital-ph-sensor.jpg","type":"image\/jpeg"}],"twitter_card":"summary_large_image","twitter_misc":{"Tiempo de lectura":"2 minutos"},"schema":{"@context":"https:\/\/schema.org","@graph":[{"@type":"WebPage","@id":"https:\/\/www.baihs.com\/product\/digital-ph-sensor-memosens-cps61e\/","url":"https:\/\/www.baihs.com\/product\/digital-ph-sensor-memosens-cps61e\/","name":"Digital pH sensor Memosens CPS61E - Flow, level, liquid analysis, optical analysis, pressure, temperature measurement, software and system products","isPartOf":{"@id":"https:\/\/www.baihs.com\/#website"},"primaryImageOfPage":{"@id":"https:\/\/www.baihs.com\/product\/digital-ph-sensor-memosens-cps61e\/#primaryimage"},"image":{"@id":"https:\/\/www.baihs.com\/product\/digital-ph-sensor-memosens-cps61e\/#primaryimage"},"thumbnailUrl":"https:\/\/www.baihs.com\/wp-content\/uploads\/2025\/04\/CPS61E-digital-ph-sensor.jpg","datePublished":"2025-04-23T07:43:29+00:00","dateModified":"2025-05-20T13:18:58+00:00","description":"Memosens 2.0 glass sensor for the food & beverage industry and for bioreactors in biotech industry","breadcrumb":{"@id":"https:\/\/www.baihs.com\/product\/digital-ph-sensor-memosens-cps61e\/#breadcrumb"},"inLanguage":"es","potentialAction":[{"@type":"ReadAction","target":["https:\/\/www.baihs.com\/product\/digital-ph-sensor-memosens-cps61e\/"]}]},{"@type":"ImageObject","inLanguage":"es","@id":"https:\/\/www.baihs.com\/product\/digital-ph-sensor-memosens-cps61e\/#primaryimage","url":"https:\/\/www.baihs.com\/wp-content\/uploads\/2025\/04\/CPS61E-digital-ph-sensor.jpg","contentUrl":"https:\/\/www.baihs.com\/wp-content\/uploads\/2025\/04\/CPS61E-digital-ph-sensor.jpg","width":240,"height":321},{"@type":"BreadcrumbList","@id":"https:\/\/www.baihs.com\/product\/digital-ph-sensor-memosens-cps61e\/#breadcrumb","itemListElement":[{"@type":"ListItem","position":1,"name":"\u9996\u9875","item":"https:\/\/www.baihs.com\/"},{"@type":"ListItem","position":2,"name":"Product","item":"https:\/\/www.baihs.com\/product\/"},{"@type":"ListItem","position":3,"name":"Digital pH sensor Memosens CPS61E"}]},{"@type":"WebSite","@id":"https:\/\/www.baihs.com\/#website","url":"https:\/\/www.baihs.com\/","name":"Endress+Hauser,PLC China supplier - Shenzhen Kolai Automation Technology Co., Ltd.","description":"People for Process Automation offer you solutions and products in flow, level, liquid analysis, optical analysis, pressure, temperature measurement, software and system products","publisher":{"@id":"https:\/\/www.baihs.com\/#organization"},"alternateName":"Endress+Hauser pH electrode,pressure transmitter,level meter,Allen Bradley,ABB,Siemens,Eaton,wika","potentialAction":[{"@type":"SearchAction","target":{"@type":"EntryPoint","urlTemplate":"https:\/\/www.baihs.com\/?s={search_term_string}"},"query-input":{"@type":"PropertyValueSpecification","valueRequired":true,"valueName":"search_term_string"}}],"inLanguage":"es"},{"@type":"Organization","@id":"https:\/\/www.baihs.com\/#organization","name":"CONLLY","url":"https:\/\/www.baihs.com\/","logo":{"@type":"ImageObject","inLanguage":"es","@id":"https:\/\/www.baihs.com\/#\/schema\/logo\/image\/","url":"https:\/\/www.baihs.com\/wp-content\/uploads\/2025\/04\/20250427194648.jpg","contentUrl":"https:\/\/www.baihs.com\/wp-content\/uploads\/2025\/04\/20250427194648.jpg","width":744,"height":157,"caption":"CONLLY"},"image":{"@id":"https:\/\/www.baihs.com\/#\/schema\/logo\/image\/"}}]}},"_links":{"self":[{"href":"https:\/\/www.baihs.com\/es\/wp-json\/wp\/v2\/product\/4789","targetHints":{"allow":["GET"]}}],"collection":[{"href":"https:\/\/www.baihs.com\/es\/wp-json\/wp\/v2\/product"}],"about":[{"href":"https:\/\/www.baihs.com\/es\/wp-json\/wp\/v2\/types\/product"}],"wp:featuredmedia":[{"embeddable":true,"href":"https:\/\/www.baihs.com\/es\/wp-json\/wp\/v2\/media\/5049"}],"wp:attachment":[{"href":"https:\/\/www.baihs.com\/es\/wp-json\/wp\/v2\/media?parent=4789"}],"wp:term":[{"taxonomy":"product_cat","embeddable":true,"href":"https:\/\/www.baihs.com\/es\/wp-json\/wp\/v2\/product_cat?post=4789"},{"taxonomy":"product_tag","embeddable":true,"href":"https:\/\/www.baihs.com\/es\/wp-json\/wp\/v2\/product_tag?post=4789"},{"taxonomy":"product_brand","embeddable":true,"href":"https:\/\/www.baihs.com\/es\/wp-json\/wp\/v2\/product_brand?post=4789"}],"curies":[{"name":"wp","href":"https:\/\/api.w.org\/{rel}","templated":true}]}}