{"id":5059,"date":"2025-08-07T08:46:27","date_gmt":"2025-08-07T08:46:27","guid":{"rendered":"https:\/\/www.baihs.com\/?post_type=product&#038;p=5059"},"modified":"2025-08-07T08:46:27","modified_gmt":"2025-08-07T08:46:27","slug":"proline-promag-w-300","status":"publish","type":"product","link":"https:\/\/www.baihs.com\/de\/product\/proline-promag-w-300\/","title":{"rendered":"Proline Promag W 300"},"content":{"rendered":"<p>Specs im \u00dcberblick<\/p>\n<p>Max. Messfehler<\/p>\n<p>Volumenstrom (Standard): \u00b10,5 % o.r. \u00b1 1 mm\/s (0,04 in\/s)<br \/>\nVolumenstrom (Option): \u00b10,2 % o.r. \u00b1 2 mm\/s (0,08 in\/s), Flat Spec<\/p>\n<p>&nbsp;<\/p>\n<p>Messbereich<\/p>\n<p>0,5 m3\/h bis 263000 m3\/h (2,5gal\/min bis 1665 Mgal\/d)<\/p>\n<p>&nbsp;<\/p>\n<p>Mittlerer Temperaturbereich<\/p>\n<p>Auskleidungsmaterial Hartgummi: 0 bis +80 \u00b0C (+32 bis +176 \u00b0F)<br \/>\nMaterial der Auskleidung: Polyurethan: -20 bis +50 \u00b0C (-4 bis +122 \u00b0F)<br \/>\nAuskleidungsmaterial PTFE: -20 bis +90 \u00b0C (-4 bis +194 \u00b0F)<\/p>\n<p>&nbsp;<\/p>\n<p>Max. Prozessdruck<\/p>\n<p>PN 40, Klasse 300, 20K<\/p>\n<p>&nbsp;<\/p>\n<p>Benetzte Materialien<\/p>\n<p>Auskleidung: Polyurethan; Hartgummi, PTFE<br \/>\nElektroden: 1.4435 (316L); Legierung C22, 2.4602 (UNS N06022); Tantal<\/p>\n<p>&nbsp;<\/p>\n<p><a href=\"https:\/\/www.endress.com\/en\/field-instruments-overview\/flow-measurement-product-overview\/electromagnetic-flowmeter-promag-w300-5w3b?t.tabId=product-overview\">Alle Spezifikationen anzeigen<\/a><\/p>\n<p>Anwendungsbereich<\/p>\n<p>Das Premiumger\u00e4t f\u00fcr die Wasser- und Abwassermessung Promag W 300 wurde f\u00fcr den zuverl\u00e4ssigen Einsatz in explosionsgef\u00e4hrdeten Bereichen und unter rauen Bedingungen konzipiert. Sein kompakter Messumformer bietet hohe Flexibilit\u00e4t in Bezug auf Bedienung und Systemintegration: Zugang von einer Seite, Fernanzeige und verbesserte Anschlussm\u00f6glichkeiten. Die Heartbeat-Technologie erm\u00f6glicht zuverl\u00e4ssige Messungen und eine konforme Verifizierung.<\/p>\n<p>&nbsp;<\/p>\n<p>Das bidirektionale Messprinzip ist nahezu unabh\u00e4ngig von Druck, Dichte, Temperatur und Viskosit\u00e4t<\/p>\n<p>Speziell f\u00fcr die Messung von industriellem oder kommunalem Wasser und Abwasser<\/p>\n<p>Ger\u00e4teeigenschaften<\/p>\n<p>Internationale Trinkwasserzulassungen<\/p>\n<p>Schutzart IP68 (Geh\u00e4use Typ 6P)<\/p>\n<p>Zugelassen zum eichpflichtigen Verkehr nach MI-001\/OIML R49<\/p>\n<p>Kompaktes Geh\u00e4use mit zwei F\u00e4chern und bis zu 3 E\/As<\/p>\n<p>Hintergrundbeleuchtetes Display mit Touch-Bedienung und WLAN-Zugang<\/p>\n<p>Fernanzeige verf\u00fcgbar<\/p>","protected":false},"excerpt":{"rendered":"<ul>\n<li>Proline Promag W 300<br \/>\nMagnetisch-induktiver DurchflussmesserSpezialist f\u00fcr anspruchsvolle Wasser- und Abwasseranwendungen mit einem kompakten, leicht zug\u00e4nglichen Messumformer<\/li>\n<\/ul>","protected":false},"featured_media":5060,"template":"","meta":[],"product_cat":[114,15],"product_tag":[],"product_brand":[],"class_list":["post-5059","product","type-product","status-publish","has-post-thumbnail","hentry","product_cat-flow-instruments","product_cat-endresshauser"],"yoast_head":"<!-- This site is optimized with the Yoast SEO plugin v24.9 - https:\/\/yoast.com\/wordpress\/plugins\/seo\/ -->\n<title>Proline Promag W 300 - Flow, level, liquid analysis, optical analysis, pressure, temperature measurement, software and system products<\/title>\n<meta name=\"robots\" content=\"index, follow, max-snippet:-1, max-image-preview:large, max-video-preview:-1\" \/>\n<link rel=\"canonical\" href=\"https:\/\/www.baihs.com\/de\/produkt\/proline-promag-w-300\/\" \/>\n<meta property=\"og:locale\" content=\"de_DE\" \/>\n<meta property=\"og:type\" content=\"article\" \/>\n<meta property=\"og:title\" content=\"Proline Promag W 300 - Flow, level, liquid analysis, optical analysis, pressure, temperature measurement, software and system products\" \/>\n<meta property=\"og:description\" content=\"Proline Promag W 300 electromagnetic flowmeterSpecialist for demanding water and wastewater applications with a compact, easily accessible transmitter\" \/>\n<meta property=\"og:url\" content=\"https:\/\/www.baihs.com\/de\/produkt\/proline-promag-w-300\/\" \/>\n<meta property=\"og:site_name\" content=\"Flow, level, liquid analysis, optical analysis, pressure, temperature measurement, software and system products\" \/>\n<meta property=\"og:image\" content=\"https:\/\/www.baihs.com\/wp-content\/uploads\/2025\/08\/Proline-Promag-W-300-5W3B-with-flange-connections-for-the-water-wastewater-industry-PP01.jpg\" \/>\n\t<meta property=\"og:image:width\" content=\"240\" \/>\n\t<meta property=\"og:image:height\" content=\"321\" \/>\n\t<meta property=\"og:image:type\" content=\"image\/jpeg\" \/>\n<meta name=\"twitter:card\" content=\"summary_large_image\" \/>\n<meta name=\"twitter:label1\" content=\"Gesch\u00e4tzte Lesezeit\" \/>\n\t<meta name=\"twitter:data1\" content=\"2\u00a0Minuten\" \/>\n<script type=\"application\/ld+json\" class=\"yoast-schema-graph\">{\"@context\":\"https:\/\/schema.org\",\"@graph\":[{\"@type\":\"WebPage\",\"@id\":\"https:\/\/www.baihs.com\/product\/proline-promag-w-300\/\",\"url\":\"https:\/\/www.baihs.com\/product\/proline-promag-w-300\/\",\"name\":\"Proline Promag W 300 - Flow, level, liquid analysis, optical analysis, pressure, temperature measurement, software and system products\",\"isPartOf\":{\"@id\":\"https:\/\/www.baihs.com\/#website\"},\"primaryImageOfPage\":{\"@id\":\"https:\/\/www.baihs.com\/product\/proline-promag-w-300\/#primaryimage\"},\"image\":{\"@id\":\"https:\/\/www.baihs.com\/product\/proline-promag-w-300\/#primaryimage\"},\"thumbnailUrl\":\"https:\/\/www.baihs.com\/wp-content\/uploads\/2025\/08\/Proline-Promag-W-300-5W3B-with-flange-connections-for-the-water-wastewater-industry-PP01.jpg\",\"datePublished\":\"2025-08-07T08:46:27+00:00\",\"breadcrumb\":{\"@id\":\"https:\/\/www.baihs.com\/product\/proline-promag-w-300\/#breadcrumb\"},\"inLanguage\":\"de\",\"potentialAction\":[{\"@type\":\"ReadAction\",\"target\":[\"https:\/\/www.baihs.com\/product\/proline-promag-w-300\/\"]}]},{\"@type\":\"ImageObject\",\"inLanguage\":\"de\",\"@id\":\"https:\/\/www.baihs.com\/product\/proline-promag-w-300\/#primaryimage\",\"url\":\"https:\/\/www.baihs.com\/wp-content\/uploads\/2025\/08\/Proline-Promag-W-300-5W3B-with-flange-connections-for-the-water-wastewater-industry-PP01.jpg\",\"contentUrl\":\"https:\/\/www.baihs.com\/wp-content\/uploads\/2025\/08\/Proline-Promag-W-300-5W3B-with-flange-connections-for-the-water-wastewater-industry-PP01.jpg\",\"width\":240,\"height\":321},{\"@type\":\"BreadcrumbList\",\"@id\":\"https:\/\/www.baihs.com\/product\/proline-promag-w-300\/#breadcrumb\",\"itemListElement\":[{\"@type\":\"ListItem\",\"position\":1,\"name\":\"\u9996\u9875\",\"item\":\"https:\/\/www.baihs.com\/\"},{\"@type\":\"ListItem\",\"position\":2,\"name\":\"Product\",\"item\":\"https:\/\/www.baihs.com\/product\/\"},{\"@type\":\"ListItem\",\"position\":3,\"name\":\"Proline Promag W 300\"}]},{\"@type\":\"WebSite\",\"@id\":\"https:\/\/www.baihs.com\/#website\",\"url\":\"https:\/\/www.baihs.com\/\",\"name\":\"Endress+Hauser,PLC China supplier - Shenzhen Kolai Automation Technology Co., Ltd.\",\"description\":\"People for Process Automation offer you solutions and products in flow, level, liquid analysis, optical analysis, pressure, temperature measurement, software and system products\",\"publisher\":{\"@id\":\"https:\/\/www.baihs.com\/#organization\"},\"alternateName\":\"Endress+Hauser pH electrode,pressure transmitter,level meter,Allen Bradley,ABB,Siemens,Eaton,wika\",\"potentialAction\":[{\"@type\":\"SearchAction\",\"target\":{\"@type\":\"EntryPoint\",\"urlTemplate\":\"https:\/\/www.baihs.com\/?s={search_term_string}\"},\"query-input\":{\"@type\":\"PropertyValueSpecification\",\"valueRequired\":true,\"valueName\":\"search_term_string\"}}],\"inLanguage\":\"de\"},{\"@type\":\"Organization\",\"@id\":\"https:\/\/www.baihs.com\/#organization\",\"name\":\"CONLLY\",\"url\":\"https:\/\/www.baihs.com\/\",\"logo\":{\"@type\":\"ImageObject\",\"inLanguage\":\"de\",\"@id\":\"https:\/\/www.baihs.com\/#\/schema\/logo\/image\/\",\"url\":\"https:\/\/www.baihs.com\/wp-content\/uploads\/2025\/04\/20250427194648.jpg\",\"contentUrl\":\"https:\/\/www.baihs.com\/wp-content\/uploads\/2025\/04\/20250427194648.jpg\",\"width\":744,\"height\":157,\"caption\":\"CONLLY\"},\"image\":{\"@id\":\"https:\/\/www.baihs.com\/#\/schema\/logo\/image\/\"}}]}<\/script>\n<!-- \/ Yoast SEO plugin. -->","yoast_head_json":{"title":"Proline Promag W 300 - Flow, level, liquid analysis, optical analysis, pressure, temperature measurement, software and system products","robots":{"index":"index","follow":"follow","max-snippet":"max-snippet:-1","max-image-preview":"max-image-preview:large","max-video-preview":"max-video-preview:-1"},"canonical":"https:\/\/www.baihs.com\/de\/produkt\/proline-promag-w-300\/","og_locale":"de_DE","og_type":"article","og_title":"Proline Promag W 300 - Flow, level, liquid analysis, optical analysis, pressure, temperature measurement, software and system products","og_description":"Proline Promag W 300 electromagnetic flowmeterSpecialist for demanding water and wastewater applications with a compact, easily accessible transmitter","og_url":"https:\/\/www.baihs.com\/de\/produkt\/proline-promag-w-300\/","og_site_name":"Flow, level, liquid analysis, optical analysis, pressure, temperature measurement, software and system products","og_image":[{"width":240,"height":321,"url":"https:\/\/www.baihs.com\/wp-content\/uploads\/2025\/08\/Proline-Promag-W-300-5W3B-with-flange-connections-for-the-water-wastewater-industry-PP01.jpg","type":"image\/jpeg"}],"twitter_card":"summary_large_image","twitter_misc":{"Gesch\u00e4tzte Lesezeit":"2\u00a0Minuten"},"schema":{"@context":"https:\/\/schema.org","@graph":[{"@type":"WebPage","@id":"https:\/\/www.baihs.com\/product\/proline-promag-w-300\/","url":"https:\/\/www.baihs.com\/product\/proline-promag-w-300\/","name":"Proline Promag W 300 - Flow, level, liquid analysis, optical analysis, pressure, temperature measurement, software and system products","isPartOf":{"@id":"https:\/\/www.baihs.com\/#website"},"primaryImageOfPage":{"@id":"https:\/\/www.baihs.com\/product\/proline-promag-w-300\/#primaryimage"},"image":{"@id":"https:\/\/www.baihs.com\/product\/proline-promag-w-300\/#primaryimage"},"thumbnailUrl":"https:\/\/www.baihs.com\/wp-content\/uploads\/2025\/08\/Proline-Promag-W-300-5W3B-with-flange-connections-for-the-water-wastewater-industry-PP01.jpg","datePublished":"2025-08-07T08:46:27+00:00","breadcrumb":{"@id":"https:\/\/www.baihs.com\/product\/proline-promag-w-300\/#breadcrumb"},"inLanguage":"de","potentialAction":[{"@type":"ReadAction","target":["https:\/\/www.baihs.com\/product\/proline-promag-w-300\/"]}]},{"@type":"ImageObject","inLanguage":"de","@id":"https:\/\/www.baihs.com\/product\/proline-promag-w-300\/#primaryimage","url":"https:\/\/www.baihs.com\/wp-content\/uploads\/2025\/08\/Proline-Promag-W-300-5W3B-with-flange-connections-for-the-water-wastewater-industry-PP01.jpg","contentUrl":"https:\/\/www.baihs.com\/wp-content\/uploads\/2025\/08\/Proline-Promag-W-300-5W3B-with-flange-connections-for-the-water-wastewater-industry-PP01.jpg","width":240,"height":321},{"@type":"BreadcrumbList","@id":"https:\/\/www.baihs.com\/product\/proline-promag-w-300\/#breadcrumb","itemListElement":[{"@type":"ListItem","position":1,"name":"\u9996\u9875","item":"https:\/\/www.baihs.com\/"},{"@type":"ListItem","position":2,"name":"Product","item":"https:\/\/www.baihs.com\/product\/"},{"@type":"ListItem","position":3,"name":"Proline Promag W 300"}]},{"@type":"WebSite","@id":"https:\/\/www.baihs.com\/#website","url":"https:\/\/www.baihs.com\/","name":"Endress+Hauser,PLC China supplier - Shenzhen Kolai Automation Technology Co., Ltd.","description":"People for Process Automation offer you solutions and products in flow, level, liquid analysis, optical analysis, pressure, temperature measurement, software and system products","publisher":{"@id":"https:\/\/www.baihs.com\/#organization"},"alternateName":"Endress+Hauser pH electrode,pressure transmitter,level meter,Allen Bradley,ABB,Siemens,Eaton,wika","potentialAction":[{"@type":"SearchAction","target":{"@type":"EntryPoint","urlTemplate":"https:\/\/www.baihs.com\/?s={search_term_string}"},"query-input":{"@type":"PropertyValueSpecification","valueRequired":true,"valueName":"search_term_string"}}],"inLanguage":"de"},{"@type":"Organization","@id":"https:\/\/www.baihs.com\/#organization","name":"CONLLY","url":"https:\/\/www.baihs.com\/","logo":{"@type":"ImageObject","inLanguage":"de","@id":"https:\/\/www.baihs.com\/#\/schema\/logo\/image\/","url":"https:\/\/www.baihs.com\/wp-content\/uploads\/2025\/04\/20250427194648.jpg","contentUrl":"https:\/\/www.baihs.com\/wp-content\/uploads\/2025\/04\/20250427194648.jpg","width":744,"height":157,"caption":"CONLLY"},"image":{"@id":"https:\/\/www.baihs.com\/#\/schema\/logo\/image\/"}}]}},"_links":{"self":[{"href":"https:\/\/www.baihs.com\/de\/wp-json\/wp\/v2\/product\/5059","targetHints":{"allow":["GET"]}}],"collection":[{"href":"https:\/\/www.baihs.com\/de\/wp-json\/wp\/v2\/product"}],"about":[{"href":"https:\/\/www.baihs.com\/de\/wp-json\/wp\/v2\/types\/product"}],"wp:featuredmedia":[{"embeddable":true,"href":"https:\/\/www.baihs.com\/de\/wp-json\/wp\/v2\/media\/5060"}],"wp:attachment":[{"href":"https:\/\/www.baihs.com\/de\/wp-json\/wp\/v2\/media?parent=5059"}],"wp:term":[{"taxonomy":"product_cat","embeddable":true,"href":"https:\/\/www.baihs.com\/de\/wp-json\/wp\/v2\/product_cat?post=5059"},{"taxonomy":"product_tag","embeddable":true,"href":"https:\/\/www.baihs.com\/de\/wp-json\/wp\/v2\/product_tag?post=5059"},{"taxonomy":"product_brand","embeddable":true,"href":"https:\/\/www.baihs.com\/de\/wp-json\/wp\/v2\/product_brand?post=5059"}],"curies":[{"name":"wp","href":"https:\/\/api.w.org\/{rel}","templated":true}]}}