{"id":4985,"date":"2025-04-27T09:29:49","date_gmt":"2025-04-27T09:29:49","guid":{"rendered":"https:\/\/www.baihs.com\/?post_type=product&#038;p=4985"},"modified":"2025-04-29T06:32:41","modified_gmt":"2025-04-29T06:32:41","slug":"cpm223-mr0005","status":"publish","type":"product","link":"https:\/\/www.baihs.com\/de\/product\/cpm223-mr0005\/","title":{"rendered":"CPM223-MR0005"},"content":{"rendered":"<p>Liquisys CPM223 ist ein Standard-pH\/ORP-Messumformer f\u00fcr alle analogen und digitalen Memosens-Sensoren. Er verbessert Ihre Betriebssicherheit durch kontinuierliche Plausibilit\u00e4ts-, Prozess- und Sensorkontrollen. W\u00e4hlen Sie aus zahlreichen Hard- und Softwaremodulen, wie z.B. Relais oder Feldbuskommunikation, um ihn exakt an Ihre Messaufgabe anzupassen. Diese Modularit\u00e4t erlaubt es Ihnen auch, den Messumformer jederzeit aufzur\u00fcsten. Ein einfaches Men\u00fc und die Zwei-Punkt-Kalibrierung machen die Konfiguration und Bedienung schnell und einfach.<\/p>\n<p class=\"eh-generic--text\">Der Messumformer Liquisys CPM223 arbeitet mit allen pH\/Redox-Glas- und ISFET-Sensoren in nicht-explosionsgef\u00e4hrdeten Bereichen, z. B. in diesen Industrien und deren Versorgungsunternehmen:<\/p>\n<ul class=\"eh-list-01 eh-generic--list\">\n<li class=\"eh-list--item\">\n<p class=\"eh-generic--text\">Chemikalien<\/p>\n<\/li>\n<li class=\"eh-list--item\">\n<p class=\"eh-generic--text\">Lebensmittel und Getr\u00e4nke<\/p>\n<\/li>\n<li class=\"eh-list--item\">\n<p class=\"eh-generic--text\">Strom und Energie<\/p>\n<\/li>\n<li class=\"eh-list--item\">\n<p class=\"eh-generic--text\">Wasser\/Abwasser<\/p>\n<\/li>\n<li class=\"eh-list--item\">\n<p class=\"eh-generic--text\">Grundstoffe und Metall<\/p>\n<\/li>\n<\/ul>\n<p class=\"eh-generic--text\">Das Liquisys CPM223 verf\u00fcgt \u00fcber die folgenden Protokolle und Schnittstellen:<\/p>\n<ul class=\"eh-list-01 eh-generic--list\">\n<li class=\"eh-list--item\">\n<p class=\"eh-generic--text\">0\/4...20 mA<\/p>\n<\/li>\n<li class=\"eh-list--item\">\n<p class=\"eh-generic--text\">HART<\/p>\n<\/li>\n<li class=\"eh-list--item\">\n<p class=\"eh-generic--text\">PROFIBUS DP<\/p>\n<\/li>\n<li class=\"eh-list--item\">\n<p class=\"eh-generic--text\">PROFIBUS PA<\/p>\n<\/li>\n<\/ul>","protected":false},"excerpt":{"rendered":"<ul class=\"eh-list-04 eh-m-t-m\">\n<li class=\"eh-list--item\">\n<div class=\"eh-product-finder--details-content--title\">\n<h5 class=\"eh-headline-05 eh-font-sans\">Eingabe<\/h5>\n<\/div>\n<div class=\"eh-product-finder--details-content--body eh-p-t-2 eh-p-b eh-font-metrics--16-22\">\n<p>Ein-Kanal-Sender<\/p>\n<\/div>\n<\/li>\n<li class=\"eh-list--item\">\n<div class=\"eh-product-finder--details-content--title\">\n<h5 class=\"eh-headline-05 eh-font-sans\">Ausgabe \/ Kommunikation<\/h5>\n<\/div>\n<div class=\"eh-product-finder--details-content--body eh-p-t-2 eh-p-b eh-font-metrics--16-22\">\n<p>0\/4-20 mA, Hart, Profibus.<\/p>\n<\/div>\n<\/li>\n<li class=\"eh-list--item\">\n<div class=\"eh-product-finder--details-content--title\">\n<h5 class=\"eh-headline-05 eh-font-sans\">Schutz gegen Eindringen<\/h5>\n<\/div>\n<div class=\"eh-product-finder--details-content--body eh-p-t-2 eh-p-b eh-font-metrics--16-22\">\n<p>IP54<\/p>\n<\/div>\n<\/li>\n<\/ul>","protected":false},"featured_media":4987,"template":"","meta":[],"product_cat":[120,15],"product_tag":[],"product_brand":[],"class_list":["post-4985","product","type-product","status-publish","has-post-thumbnail","hentry","product_cat-water-quality-analyzers","product_cat-endresshauser"],"yoast_head":"<!-- This site is optimized with the Yoast SEO plugin v24.9 - https:\/\/yoast.com\/wordpress\/plugins\/seo\/ -->\n<title>CPM223-MR0005 - Flow, level, liquid analysis, optical analysis, pressure, temperature measurement, software and system products<\/title>\n<meta name=\"robots\" content=\"index, follow, max-snippet:-1, max-image-preview:large, max-video-preview:-1\" \/>\n<link rel=\"canonical\" href=\"https:\/\/www.baihs.com\/de\/produkt\/cpm223-mr0005\/\" \/>\n<meta property=\"og:locale\" content=\"de_DE\" \/>\n<meta property=\"og:type\" content=\"article\" \/>\n<meta property=\"og:title\" content=\"CPM223-MR0005 - Flow, level, liquid analysis, optical analysis, pressure, temperature measurement, software and system products\" \/>\n<meta property=\"og:description\" content=\"Input    One-channel-transmitter      Output \/ communication    0\/4-20 mA, Hart, Profibus.      Ingress protection    IP54\" \/>\n<meta property=\"og:url\" content=\"https:\/\/www.baihs.com\/de\/produkt\/cpm223-mr0005\/\" \/>\n<meta property=\"og:site_name\" content=\"Flow, level, liquid analysis, optical analysis, pressure, temperature measurement, software and system products\" \/>\n<meta property=\"article:modified_time\" content=\"2025-04-29T06:32:41+00:00\" \/>\n<meta property=\"og:image\" content=\"https:\/\/www.baihs.com\/wp-content\/uploads\/2025\/04\/CPM223.jpg\" \/>\n\t<meta property=\"og:image:width\" content=\"240\" \/>\n\t<meta property=\"og:image:height\" content=\"321\" \/>\n\t<meta property=\"og:image:type\" content=\"image\/jpeg\" \/>\n<meta name=\"twitter:card\" content=\"summary_large_image\" \/>\n<meta name=\"twitter:label1\" content=\"Gesch\u00e4tzte Lesezeit\" \/>\n\t<meta name=\"twitter:data1\" content=\"1\u00a0Minute\" \/>\n<script type=\"application\/ld+json\" class=\"yoast-schema-graph\">{\"@context\":\"https:\/\/schema.org\",\"@graph\":[{\"@type\":\"WebPage\",\"@id\":\"https:\/\/www.baihs.com\/product\/cpm223-mr0005\/\",\"url\":\"https:\/\/www.baihs.com\/product\/cpm223-mr0005\/\",\"name\":\"CPM223-MR0005 - Flow, level, liquid analysis, optical analysis, pressure, temperature measurement, software and system products\",\"isPartOf\":{\"@id\":\"https:\/\/www.baihs.com\/#website\"},\"primaryImageOfPage\":{\"@id\":\"https:\/\/www.baihs.com\/product\/cpm223-mr0005\/#primaryimage\"},\"image\":{\"@id\":\"https:\/\/www.baihs.com\/product\/cpm223-mr0005\/#primaryimage\"},\"thumbnailUrl\":\"https:\/\/www.baihs.com\/wp-content\/uploads\/2025\/04\/CPM223.jpg\",\"datePublished\":\"2025-04-27T09:29:49+00:00\",\"dateModified\":\"2025-04-29T06:32:41+00:00\",\"breadcrumb\":{\"@id\":\"https:\/\/www.baihs.com\/product\/cpm223-mr0005\/#breadcrumb\"},\"inLanguage\":\"de\",\"potentialAction\":[{\"@type\":\"ReadAction\",\"target\":[\"https:\/\/www.baihs.com\/product\/cpm223-mr0005\/\"]}]},{\"@type\":\"ImageObject\",\"inLanguage\":\"de\",\"@id\":\"https:\/\/www.baihs.com\/product\/cpm223-mr0005\/#primaryimage\",\"url\":\"https:\/\/www.baihs.com\/wp-content\/uploads\/2025\/04\/CPM223.jpg\",\"contentUrl\":\"https:\/\/www.baihs.com\/wp-content\/uploads\/2025\/04\/CPM223.jpg\",\"width\":240,\"height\":321},{\"@type\":\"BreadcrumbList\",\"@id\":\"https:\/\/www.baihs.com\/product\/cpm223-mr0005\/#breadcrumb\",\"itemListElement\":[{\"@type\":\"ListItem\",\"position\":1,\"name\":\"\u9996\u9875\",\"item\":\"https:\/\/www.baihs.com\/\"},{\"@type\":\"ListItem\",\"position\":2,\"name\":\"Product\",\"item\":\"https:\/\/www.baihs.com\/product\/\"},{\"@type\":\"ListItem\",\"position\":3,\"name\":\"CPM223-MR0005\"}]},{\"@type\":\"WebSite\",\"@id\":\"https:\/\/www.baihs.com\/#website\",\"url\":\"https:\/\/www.baihs.com\/\",\"name\":\"Endress+Hauser,PLC China supplier - Shenzhen Kolai Automation Technology Co., Ltd.\",\"description\":\"People for Process Automation offer you solutions and products in flow, level, liquid analysis, optical analysis, pressure, temperature measurement, software and system products\",\"publisher\":{\"@id\":\"https:\/\/www.baihs.com\/#organization\"},\"alternateName\":\"Endress+Hauser pH electrode,pressure transmitter,level meter,Allen Bradley,ABB,Siemens,Eaton,wika\",\"potentialAction\":[{\"@type\":\"SearchAction\",\"target\":{\"@type\":\"EntryPoint\",\"urlTemplate\":\"https:\/\/www.baihs.com\/?s={search_term_string}\"},\"query-input\":{\"@type\":\"PropertyValueSpecification\",\"valueRequired\":true,\"valueName\":\"search_term_string\"}}],\"inLanguage\":\"de\"},{\"@type\":\"Organization\",\"@id\":\"https:\/\/www.baihs.com\/#organization\",\"name\":\"CONLLY\",\"url\":\"https:\/\/www.baihs.com\/\",\"logo\":{\"@type\":\"ImageObject\",\"inLanguage\":\"de\",\"@id\":\"https:\/\/www.baihs.com\/#\/schema\/logo\/image\/\",\"url\":\"https:\/\/www.baihs.com\/wp-content\/uploads\/2025\/04\/20250427194648.jpg\",\"contentUrl\":\"https:\/\/www.baihs.com\/wp-content\/uploads\/2025\/04\/20250427194648.jpg\",\"width\":744,\"height\":157,\"caption\":\"CONLLY\"},\"image\":{\"@id\":\"https:\/\/www.baihs.com\/#\/schema\/logo\/image\/\"}}]}<\/script>\n<!-- \/ Yoast SEO plugin. -->","yoast_head_json":{"title":"CPM223-MR0005 - Flow, level, liquid analysis, optical analysis, pressure, temperature measurement, software and system products","robots":{"index":"index","follow":"follow","max-snippet":"max-snippet:-1","max-image-preview":"max-image-preview:large","max-video-preview":"max-video-preview:-1"},"canonical":"https:\/\/www.baihs.com\/de\/produkt\/cpm223-mr0005\/","og_locale":"de_DE","og_type":"article","og_title":"CPM223-MR0005 - Flow, level, liquid analysis, optical analysis, pressure, temperature measurement, software and system products","og_description":"Input    One-channel-transmitter      Output \/ communication    0\/4-20 mA, Hart, Profibus.      Ingress protection    IP54","og_url":"https:\/\/www.baihs.com\/de\/produkt\/cpm223-mr0005\/","og_site_name":"Flow, level, liquid analysis, optical analysis, pressure, temperature measurement, software and system products","article_modified_time":"2025-04-29T06:32:41+00:00","og_image":[{"width":240,"height":321,"url":"https:\/\/www.baihs.com\/wp-content\/uploads\/2025\/04\/CPM223.jpg","type":"image\/jpeg"}],"twitter_card":"summary_large_image","twitter_misc":{"Gesch\u00e4tzte Lesezeit":"1\u00a0Minute"},"schema":{"@context":"https:\/\/schema.org","@graph":[{"@type":"WebPage","@id":"https:\/\/www.baihs.com\/product\/cpm223-mr0005\/","url":"https:\/\/www.baihs.com\/product\/cpm223-mr0005\/","name":"CPM223-MR0005 - Flow, level, liquid analysis, optical analysis, pressure, temperature measurement, software and system products","isPartOf":{"@id":"https:\/\/www.baihs.com\/#website"},"primaryImageOfPage":{"@id":"https:\/\/www.baihs.com\/product\/cpm223-mr0005\/#primaryimage"},"image":{"@id":"https:\/\/www.baihs.com\/product\/cpm223-mr0005\/#primaryimage"},"thumbnailUrl":"https:\/\/www.baihs.com\/wp-content\/uploads\/2025\/04\/CPM223.jpg","datePublished":"2025-04-27T09:29:49+00:00","dateModified":"2025-04-29T06:32:41+00:00","breadcrumb":{"@id":"https:\/\/www.baihs.com\/product\/cpm223-mr0005\/#breadcrumb"},"inLanguage":"de","potentialAction":[{"@type":"ReadAction","target":["https:\/\/www.baihs.com\/product\/cpm223-mr0005\/"]}]},{"@type":"ImageObject","inLanguage":"de","@id":"https:\/\/www.baihs.com\/product\/cpm223-mr0005\/#primaryimage","url":"https:\/\/www.baihs.com\/wp-content\/uploads\/2025\/04\/CPM223.jpg","contentUrl":"https:\/\/www.baihs.com\/wp-content\/uploads\/2025\/04\/CPM223.jpg","width":240,"height":321},{"@type":"BreadcrumbList","@id":"https:\/\/www.baihs.com\/product\/cpm223-mr0005\/#breadcrumb","itemListElement":[{"@type":"ListItem","position":1,"name":"\u9996\u9875","item":"https:\/\/www.baihs.com\/"},{"@type":"ListItem","position":2,"name":"Product","item":"https:\/\/www.baihs.com\/product\/"},{"@type":"ListItem","position":3,"name":"CPM223-MR0005"}]},{"@type":"WebSite","@id":"https:\/\/www.baihs.com\/#website","url":"https:\/\/www.baihs.com\/","name":"Endress+Hauser,PLC China supplier - Shenzhen Kolai Automation Technology Co., Ltd.","description":"People for Process Automation offer you solutions and products in flow, level, liquid analysis, optical analysis, pressure, temperature measurement, software and system products","publisher":{"@id":"https:\/\/www.baihs.com\/#organization"},"alternateName":"Endress+Hauser pH electrode,pressure transmitter,level meter,Allen Bradley,ABB,Siemens,Eaton,wika","potentialAction":[{"@type":"SearchAction","target":{"@type":"EntryPoint","urlTemplate":"https:\/\/www.baihs.com\/?s={search_term_string}"},"query-input":{"@type":"PropertyValueSpecification","valueRequired":true,"valueName":"search_term_string"}}],"inLanguage":"de"},{"@type":"Organization","@id":"https:\/\/www.baihs.com\/#organization","name":"CONLLY","url":"https:\/\/www.baihs.com\/","logo":{"@type":"ImageObject","inLanguage":"de","@id":"https:\/\/www.baihs.com\/#\/schema\/logo\/image\/","url":"https:\/\/www.baihs.com\/wp-content\/uploads\/2025\/04\/20250427194648.jpg","contentUrl":"https:\/\/www.baihs.com\/wp-content\/uploads\/2025\/04\/20250427194648.jpg","width":744,"height":157,"caption":"CONLLY"},"image":{"@id":"https:\/\/www.baihs.com\/#\/schema\/logo\/image\/"}}]}},"_links":{"self":[{"href":"https:\/\/www.baihs.com\/de\/wp-json\/wp\/v2\/product\/4985","targetHints":{"allow":["GET"]}}],"collection":[{"href":"https:\/\/www.baihs.com\/de\/wp-json\/wp\/v2\/product"}],"about":[{"href":"https:\/\/www.baihs.com\/de\/wp-json\/wp\/v2\/types\/product"}],"wp:featuredmedia":[{"embeddable":true,"href":"https:\/\/www.baihs.com\/de\/wp-json\/wp\/v2\/media\/4987"}],"wp:attachment":[{"href":"https:\/\/www.baihs.com\/de\/wp-json\/wp\/v2\/media?parent=4985"}],"wp:term":[{"taxonomy":"product_cat","embeddable":true,"href":"https:\/\/www.baihs.com\/de\/wp-json\/wp\/v2\/product_cat?post=4985"},{"taxonomy":"product_tag","embeddable":true,"href":"https:\/\/www.baihs.com\/de\/wp-json\/wp\/v2\/product_tag?post=4985"},{"taxonomy":"product_brand","embeddable":true,"href":"https:\/\/www.baihs.com\/de\/wp-json\/wp\/v2\/product_brand?post=4985"}],"curies":[{"name":"wp","href":"https:\/\/api.w.org\/{rel}","templated":true}]}}