{"id":4969,"date":"2025-05-20T13:04:59","date_gmt":"2025-05-20T13:04:59","guid":{"rendered":"https:\/\/www.baihs.com\/?post_type=product&#038;p=4969"},"modified":"2025-05-20T13:04:59","modified_gmt":"2025-05-20T13:04:59","slug":"4-channel-transmitter-liquiline-cm444","status":"publish","type":"product","link":"https:\/\/www.baihs.com\/de\/product\/4-channel-transmitter-liquiline-cm444\/","title":{"rendered":"4-Kanal-Sender Liquiline CM444"},"content":{"rendered":"<h3 class=\"eh-headline-03 eh-p-b eh-m-t-xxlg\">Specs im \u00dcberblick<\/h3>\n<ul class=\"eh-result-list eh-product-info-category--items\">\n<li class=\"eh-product-info-category--item eh-p-v\">\n<div class=\"eh-grid eh-grid--no-spacing\">\n<div class=\"eh-cell eh-cell--12-col\">\n<h4 class=\"eh-headline--04 eh-font-bold eh-p-b-2\">Eingabe<\/h4>\n<\/div>\n<div class=\"eh-cell eh-cell--12-col\">\n<p>1 bis 4x Memosens Digitaleingang<br \/>\n2x 0\/4 bis 20mA Eingang optional<br \/>\n2 bis 4x Digitaleingang optional<\/p>\n<\/div>\n<\/div>\n<\/li>\n<li class=\"eh-product-info-category--item eh-p-v\">\n<div class=\"eh-grid eh-grid--no-spacing\">\n<div class=\"eh-cell eh-cell--12-col\">\n<h4 class=\"eh-headline--04 eh-font-bold eh-p-b-2\">Ausgabe \/ Kommunikation<\/h4>\n<\/div>\n<div class=\"eh-cell eh-cell--12-col\">\n<p>2 bis 8x 0\/4 bis 20 mA Stromausg\u00e4nge, Alarmrelais,<br \/>\n4x Relais, ProfibusDP, Modbus RS485, Modbus TCP, Ethernet<\/p>\n<\/div>\n<\/div>\n<\/li>\n<li class=\"eh-product-info-category--item eh-p-v\">\n<div class=\"eh-grid eh-grid--no-spacing\">\n<div class=\"eh-cell eh-cell--12-col\">\n<h4 class=\"eh-headline--04 eh-font-bold eh-p-b-2\">Schutz gegen Eindringen<\/h4>\n<\/div>\n<div class=\"eh-cell eh-cell--12-col\">\n<p>IP66 \/ IP 67<\/p>\n<p class=\"eh-generic--text\">Liquiline CM444 eignet sich f\u00fcr alle Industriezweige und deren Hilfsmittel, wie z. B.:<\/p>\n<ul class=\"eh-list-01 eh-generic--list\">\n<li class=\"eh-list--item\">\n<p class=\"eh-generic--text\">Lebensmittel und Getr\u00e4nke<\/p>\n<\/li>\n<li class=\"eh-list--item\">\n<p class=\"eh-generic--text\">Biowissenschaften<\/p>\n<\/li>\n<li class=\"eh-list--item\">\n<p class=\"eh-generic--text\">Strom und Energie<\/p>\n<\/li>\n<li class=\"eh-list--item\">\n<p class=\"eh-generic--text\">Wasser\/Abwasser<\/p>\n<\/li>\n<li class=\"eh-list--item\">\n<p class=\"eh-generic--text\">Chemikalien<\/p>\n<\/li>\n<li class=\"eh-list--item\">\n<p class=\"eh-generic--text\">Marine<\/p>\n<\/li>\n<\/ul>\n<p class=\"eh-generic--text\">Es verf\u00fcgt \u00fcber die folgenden Kommunikationsprotokolle und Schnittstellen:<\/p>\n<ul class=\"eh-list-01 eh-generic--list\">\n<li class=\"eh-list--item\">\n<p class=\"eh-generic--text\">0\/4...20 mA<\/p>\n<\/li>\n<li class=\"eh-list--item\">\n<p class=\"eh-generic--text\">HART<\/p>\n<\/li>\n<li class=\"eh-list--item\">\n<p class=\"eh-generic--text\">PROFIBUS DP<\/p>\n<\/li>\n<li class=\"eh-list--item\">\n<p class=\"eh-generic--text\">Modbus RS485\/RTU<\/p>\n<\/li>\n<li class=\"eh-list--item\">\n<p class=\"eh-generic--text\">Modbus TCP<\/p>\n<\/li>\n<li class=\"eh-list--item\">\n<p class=\"eh-generic--text\">EtherNet\/IP<\/p>\n<\/li>\n<li class=\"eh-list--item\">\n<p class=\"eh-generic--text\">PROFINET<\/p>\n<\/li>\n<li class=\"eh-list--item\">\n<p class=\"eh-generic--text\">Webserver<\/p>\n<\/li>\n<\/ul>\n<p class=\"eh-generic--text\">Der Messumformer kann mit einem Modul erweitert werden, dessen Explosionsschutz-Zulassungen, wie IECEx, ATEX und CSA, den Anschluss von Sensoren in explosionsgef\u00e4hrdeten Bereichen erm\u00f6glichen.<\/p>\n<p>Modularer 4-Draht-Controller<br \/>\nMehrkanalig: 1 bis 4 digitale Kan\u00e4le f\u00fcr Memosens-Protokoll<br \/>\nMultiparameter: pH, Redox, ISFET, Leitf\u00e4higkeit induktiv und konduktiv, gel\u00f6ster Sauerstoff, Nitrat und Tr\u00fcbung<br \/>\n4 Sensoren in beliebiger Kombination anschlie\u00dfbar<br \/>\nFunktionalit\u00e4t jederzeit modular erweiterbar<br \/>\nPlug and Play f\u00fcr Module und Sensoren<\/p>\n<\/div>\n<\/div>\n<\/li>\n<\/ul>","protected":false},"excerpt":{"rendered":"<p>Liquiline CM444 ist ein hochmoderner Messumformer f\u00fcr pH, ORP, Leitf\u00e4higkeit, Sauerstoff, Chlor, Tr\u00fcbung, Schlammspiegel, SAC, Nitrat und viele andere Parameter.<\/p>","protected":false},"featured_media":5036,"template":"","meta":[],"product_cat":[120,15],"product_tag":[],"product_brand":[],"class_list":["post-4969","product","type-product","status-publish","has-post-thumbnail","hentry","product_cat-water-quality-analyzers","product_cat-endresshauser"],"yoast_head":"<!-- This site is optimized with the Yoast SEO plugin v24.9 - https:\/\/yoast.com\/wordpress\/plugins\/seo\/ -->\n<title>4-channel transmitter Liquiline CM444 - Flow, level, liquid analysis, optical analysis, pressure, temperature measurement, software and system products<\/title>\n<meta name=\"description\" content=\"Liquiline CM444 is a state-of-the-art transmitter for pH, ORP, conductivity, oxygen, chlorine, turbidity, sludge level, SAC, nitrate and many other parameters.\" \/>\n<meta name=\"robots\" content=\"index, follow, max-snippet:-1, max-image-preview:large, max-video-preview:-1\" \/>\n<link rel=\"canonical\" href=\"https:\/\/www.baihs.com\/de\/produkt\/4-channel-transmitter-liquiline-cm444\/\" \/>\n<meta property=\"og:locale\" content=\"de_DE\" \/>\n<meta property=\"og:type\" content=\"article\" \/>\n<meta property=\"og:title\" content=\"4-channel transmitter Liquiline CM444 - Flow, level, liquid analysis, optical analysis, pressure, temperature measurement, software and system products\" \/>\n<meta property=\"og:description\" content=\"Liquiline CM444 is a state-of-the-art transmitter for pH, ORP, conductivity, oxygen, chlorine, turbidity, sludge level, SAC, nitrate and many other parameters.\" \/>\n<meta property=\"og:url\" content=\"https:\/\/www.baihs.com\/de\/produkt\/4-channel-transmitter-liquiline-cm444\/\" \/>\n<meta property=\"og:site_name\" content=\"Flow, level, liquid analysis, optical analysis, pressure, temperature measurement, software and system products\" \/>\n<meta property=\"og:image\" content=\"https:\/\/www.baihs.com\/wp-content\/uploads\/2025\/05\/CM44_pH.jpg\" \/>\n\t<meta property=\"og:image:width\" content=\"240\" \/>\n\t<meta property=\"og:image:height\" content=\"321\" \/>\n\t<meta property=\"og:image:type\" content=\"image\/jpeg\" \/>\n<meta name=\"twitter:card\" content=\"summary_large_image\" \/>\n<meta name=\"twitter:label1\" content=\"Gesch\u00e4tzte Lesezeit\" \/>\n\t<meta name=\"twitter:data1\" content=\"1\u00a0Minute\" \/>\n<script type=\"application\/ld+json\" class=\"yoast-schema-graph\">{\"@context\":\"https:\/\/schema.org\",\"@graph\":[{\"@type\":\"WebPage\",\"@id\":\"https:\/\/www.baihs.com\/product\/4-channel-transmitter-liquiline-cm444\/\",\"url\":\"https:\/\/www.baihs.com\/product\/4-channel-transmitter-liquiline-cm444\/\",\"name\":\"4-channel transmitter Liquiline CM444 - Flow, level, liquid analysis, optical analysis, pressure, temperature measurement, software and system products\",\"isPartOf\":{\"@id\":\"https:\/\/www.baihs.com\/#website\"},\"primaryImageOfPage\":{\"@id\":\"https:\/\/www.baihs.com\/product\/4-channel-transmitter-liquiline-cm444\/#primaryimage\"},\"image\":{\"@id\":\"https:\/\/www.baihs.com\/product\/4-channel-transmitter-liquiline-cm444\/#primaryimage\"},\"thumbnailUrl\":\"https:\/\/www.baihs.com\/wp-content\/uploads\/2025\/05\/CM44_pH.jpg\",\"datePublished\":\"2025-05-20T13:04:59+00:00\",\"description\":\"Liquiline CM444 is a state-of-the-art transmitter for pH, ORP, conductivity, oxygen, chlorine, turbidity, sludge level, SAC, nitrate and many other parameters.\",\"breadcrumb\":{\"@id\":\"https:\/\/www.baihs.com\/product\/4-channel-transmitter-liquiline-cm444\/#breadcrumb\"},\"inLanguage\":\"de\",\"potentialAction\":[{\"@type\":\"ReadAction\",\"target\":[\"https:\/\/www.baihs.com\/product\/4-channel-transmitter-liquiline-cm444\/\"]}]},{\"@type\":\"ImageObject\",\"inLanguage\":\"de\",\"@id\":\"https:\/\/www.baihs.com\/product\/4-channel-transmitter-liquiline-cm444\/#primaryimage\",\"url\":\"https:\/\/www.baihs.com\/wp-content\/uploads\/2025\/05\/CM44_pH.jpg\",\"contentUrl\":\"https:\/\/www.baihs.com\/wp-content\/uploads\/2025\/05\/CM44_pH.jpg\",\"width\":240,\"height\":321},{\"@type\":\"BreadcrumbList\",\"@id\":\"https:\/\/www.baihs.com\/product\/4-channel-transmitter-liquiline-cm444\/#breadcrumb\",\"itemListElement\":[{\"@type\":\"ListItem\",\"position\":1,\"name\":\"\u9996\u9875\",\"item\":\"https:\/\/www.baihs.com\/\"},{\"@type\":\"ListItem\",\"position\":2,\"name\":\"Product\",\"item\":\"https:\/\/www.baihs.com\/product\/\"},{\"@type\":\"ListItem\",\"position\":3,\"name\":\"4-channel transmitter Liquiline CM444\"}]},{\"@type\":\"WebSite\",\"@id\":\"https:\/\/www.baihs.com\/#website\",\"url\":\"https:\/\/www.baihs.com\/\",\"name\":\"Endress+Hauser,PLC China supplier - Shenzhen Kolai Automation Technology Co., Ltd.\",\"description\":\"People for Process Automation offer you solutions and products in flow, level, liquid analysis, optical analysis, pressure, temperature measurement, software and system products\",\"publisher\":{\"@id\":\"https:\/\/www.baihs.com\/#organization\"},\"alternateName\":\"Endress+Hauser pH electrode,pressure transmitter,level meter,Allen Bradley,ABB,Siemens,Eaton,wika\",\"potentialAction\":[{\"@type\":\"SearchAction\",\"target\":{\"@type\":\"EntryPoint\",\"urlTemplate\":\"https:\/\/www.baihs.com\/?s={search_term_string}\"},\"query-input\":{\"@type\":\"PropertyValueSpecification\",\"valueRequired\":true,\"valueName\":\"search_term_string\"}}],\"inLanguage\":\"de\"},{\"@type\":\"Organization\",\"@id\":\"https:\/\/www.baihs.com\/#organization\",\"name\":\"CONLLY\",\"url\":\"https:\/\/www.baihs.com\/\",\"logo\":{\"@type\":\"ImageObject\",\"inLanguage\":\"de\",\"@id\":\"https:\/\/www.baihs.com\/#\/schema\/logo\/image\/\",\"url\":\"https:\/\/www.baihs.com\/wp-content\/uploads\/2025\/04\/20250427194648.jpg\",\"contentUrl\":\"https:\/\/www.baihs.com\/wp-content\/uploads\/2025\/04\/20250427194648.jpg\",\"width\":744,\"height\":157,\"caption\":\"CONLLY\"},\"image\":{\"@id\":\"https:\/\/www.baihs.com\/#\/schema\/logo\/image\/\"}}]}<\/script>\n<!-- \/ Yoast SEO plugin. -->","yoast_head_json":{"title":"4-channel transmitter Liquiline CM444 - Flow, level, liquid analysis, optical analysis, pressure, temperature measurement, software and system products","description":"Liquiline CM444 is a state-of-the-art transmitter for pH, ORP, conductivity, oxygen, chlorine, turbidity, sludge level, SAC, nitrate and many other parameters.","robots":{"index":"index","follow":"follow","max-snippet":"max-snippet:-1","max-image-preview":"max-image-preview:large","max-video-preview":"max-video-preview:-1"},"canonical":"https:\/\/www.baihs.com\/de\/produkt\/4-channel-transmitter-liquiline-cm444\/","og_locale":"de_DE","og_type":"article","og_title":"4-channel transmitter Liquiline CM444 - Flow, level, liquid analysis, optical analysis, pressure, temperature measurement, software and system products","og_description":"Liquiline CM444 is a state-of-the-art transmitter for pH, ORP, conductivity, oxygen, chlorine, turbidity, sludge level, SAC, nitrate and many other parameters.","og_url":"https:\/\/www.baihs.com\/de\/produkt\/4-channel-transmitter-liquiline-cm444\/","og_site_name":"Flow, level, liquid analysis, optical analysis, pressure, temperature measurement, software and system products","og_image":[{"width":240,"height":321,"url":"https:\/\/www.baihs.com\/wp-content\/uploads\/2025\/05\/CM44_pH.jpg","type":"image\/jpeg"}],"twitter_card":"summary_large_image","twitter_misc":{"Gesch\u00e4tzte Lesezeit":"1\u00a0Minute"},"schema":{"@context":"https:\/\/schema.org","@graph":[{"@type":"WebPage","@id":"https:\/\/www.baihs.com\/product\/4-channel-transmitter-liquiline-cm444\/","url":"https:\/\/www.baihs.com\/product\/4-channel-transmitter-liquiline-cm444\/","name":"4-channel transmitter Liquiline CM444 - Flow, level, liquid analysis, optical analysis, pressure, temperature measurement, software and system products","isPartOf":{"@id":"https:\/\/www.baihs.com\/#website"},"primaryImageOfPage":{"@id":"https:\/\/www.baihs.com\/product\/4-channel-transmitter-liquiline-cm444\/#primaryimage"},"image":{"@id":"https:\/\/www.baihs.com\/product\/4-channel-transmitter-liquiline-cm444\/#primaryimage"},"thumbnailUrl":"https:\/\/www.baihs.com\/wp-content\/uploads\/2025\/05\/CM44_pH.jpg","datePublished":"2025-05-20T13:04:59+00:00","description":"Liquiline CM444 is a state-of-the-art transmitter for pH, ORP, conductivity, oxygen, chlorine, turbidity, sludge level, SAC, nitrate and many other parameters.","breadcrumb":{"@id":"https:\/\/www.baihs.com\/product\/4-channel-transmitter-liquiline-cm444\/#breadcrumb"},"inLanguage":"de","potentialAction":[{"@type":"ReadAction","target":["https:\/\/www.baihs.com\/product\/4-channel-transmitter-liquiline-cm444\/"]}]},{"@type":"ImageObject","inLanguage":"de","@id":"https:\/\/www.baihs.com\/product\/4-channel-transmitter-liquiline-cm444\/#primaryimage","url":"https:\/\/www.baihs.com\/wp-content\/uploads\/2025\/05\/CM44_pH.jpg","contentUrl":"https:\/\/www.baihs.com\/wp-content\/uploads\/2025\/05\/CM44_pH.jpg","width":240,"height":321},{"@type":"BreadcrumbList","@id":"https:\/\/www.baihs.com\/product\/4-channel-transmitter-liquiline-cm444\/#breadcrumb","itemListElement":[{"@type":"ListItem","position":1,"name":"\u9996\u9875","item":"https:\/\/www.baihs.com\/"},{"@type":"ListItem","position":2,"name":"Product","item":"https:\/\/www.baihs.com\/product\/"},{"@type":"ListItem","position":3,"name":"4-channel transmitter Liquiline CM444"}]},{"@type":"WebSite","@id":"https:\/\/www.baihs.com\/#website","url":"https:\/\/www.baihs.com\/","name":"Endress+Hauser,PLC China supplier - Shenzhen Kolai Automation Technology Co., Ltd.","description":"People for Process Automation offer you solutions and products in flow, level, liquid analysis, optical analysis, pressure, temperature measurement, software and system products","publisher":{"@id":"https:\/\/www.baihs.com\/#organization"},"alternateName":"Endress+Hauser pH electrode,pressure transmitter,level meter,Allen Bradley,ABB,Siemens,Eaton,wika","potentialAction":[{"@type":"SearchAction","target":{"@type":"EntryPoint","urlTemplate":"https:\/\/www.baihs.com\/?s={search_term_string}"},"query-input":{"@type":"PropertyValueSpecification","valueRequired":true,"valueName":"search_term_string"}}],"inLanguage":"de"},{"@type":"Organization","@id":"https:\/\/www.baihs.com\/#organization","name":"CONLLY","url":"https:\/\/www.baihs.com\/","logo":{"@type":"ImageObject","inLanguage":"de","@id":"https:\/\/www.baihs.com\/#\/schema\/logo\/image\/","url":"https:\/\/www.baihs.com\/wp-content\/uploads\/2025\/04\/20250427194648.jpg","contentUrl":"https:\/\/www.baihs.com\/wp-content\/uploads\/2025\/04\/20250427194648.jpg","width":744,"height":157,"caption":"CONLLY"},"image":{"@id":"https:\/\/www.baihs.com\/#\/schema\/logo\/image\/"}}]}},"_links":{"self":[{"href":"https:\/\/www.baihs.com\/de\/wp-json\/wp\/v2\/product\/4969","targetHints":{"allow":["GET"]}}],"collection":[{"href":"https:\/\/www.baihs.com\/de\/wp-json\/wp\/v2\/product"}],"about":[{"href":"https:\/\/www.baihs.com\/de\/wp-json\/wp\/v2\/types\/product"}],"wp:featuredmedia":[{"embeddable":true,"href":"https:\/\/www.baihs.com\/de\/wp-json\/wp\/v2\/media\/5036"}],"wp:attachment":[{"href":"https:\/\/www.baihs.com\/de\/wp-json\/wp\/v2\/media?parent=4969"}],"wp:term":[{"taxonomy":"product_cat","embeddable":true,"href":"https:\/\/www.baihs.com\/de\/wp-json\/wp\/v2\/product_cat?post=4969"},{"taxonomy":"product_tag","embeddable":true,"href":"https:\/\/www.baihs.com\/de\/wp-json\/wp\/v2\/product_tag?post=4969"},{"taxonomy":"product_brand","embeddable":true,"href":"https:\/\/www.baihs.com\/de\/wp-json\/wp\/v2\/product_brand?post=4969"}],"curies":[{"name":"wp","href":"https:\/\/api.w.org\/{rel}","templated":true}]}}