{"id":4845,"date":"2025-05-20T12:59:24","date_gmt":"2025-05-20T12:59:24","guid":{"rendered":"http:\/\/www.baihs.com\/?post_type=product&#038;p=4845"},"modified":"2025-05-20T12:59:24","modified_gmt":"2025-05-20T12:59:24","slug":"1-2-channel-transmitter-liquiline-cm442","status":"publish","type":"product","link":"https:\/\/www.baihs.com\/de\/product\/1-2-channel-transmitter-liquiline-cm442\/","title":{"rendered":"1\/2-Kanal-Sender Liquiline CM442"},"content":{"rendered":"<h3 class=\"eh-headline-03 eh-p-b eh-m-t-xxlg\">Specs im \u00dcberblick<img decoding=\"async\" src=\"https:\/\/www.eus.endress.com\/__image\/a\/9513581\/k\/3a72ba2a3401fa00ec930fb385e24473b1667d66\/ar\/4-3\/w\/648\/t\/jpg\/b\/ffffff\/n\/true\/fn\/Bundle_01_71481757_graphic.jpg\" alt=\"Overview of all bundle parts\" \/><\/h3>\n<ul class=\"eh-result-list eh-product-info-category--items\">\n<li class=\"eh-product-info-category--item eh-p-v\">\n<div class=\"eh-grid eh-grid--no-spacing\">\n<div class=\"eh-cell eh-cell--12-col\">\n<h4 class=\"eh-headline--04 eh-font-bold eh-p-b-2\">Eingabe<\/h4>\n<\/div>\n<div class=\"eh-cell eh-cell--12-col\">\n<p>1 bis 2x Memosens digitaler Eingang<br \/>\n2x 0\/4 bis 20mA Eingang optional<br \/>\n2x Digitaleingang optional<\/p>\n<\/div>\n<\/div>\n<\/li>\n<li class=\"eh-product-info-category--item eh-p-v\">\n<div class=\"eh-grid eh-grid--no-spacing\">\n<div class=\"eh-cell eh-cell--12-col\">\n<h4 class=\"eh-headline--04 eh-font-bold eh-p-b-2\">Ausgabe \/ Kommunikation<\/h4>\n<\/div>\n<div class=\"eh-cell eh-cell--12-col\">\n<p>2 bis 8x 0\/4 bis 20 mA Stromausg\u00e4nge<br \/>\nAlarmrelais, 2x Relais, ProfibusDP, Modbus RS485, Modbus TCP, Ethernet<\/p>\n<\/div>\n<\/div>\n<\/li>\n<li class=\"eh-product-info-category--item eh-p-v\">\n<div class=\"eh-grid eh-grid--no-spacing\">\n<div class=\"eh-cell eh-cell--12-col\">\n<h4 class=\"eh-headline--04 eh-font-bold eh-p-b-2\">Schutz gegen Eindringen<\/h4>\n<\/div>\n<div class=\"eh-cell eh-cell--12-col\">\n<p>IP66 \/ IP67<\/p>\n<h3 class=\"eh-headline-03 eh-p-b eh-m-t-xxlg\">Anwendungsbereich<\/h3>\n<p class=\"eh-p-v\">Die <a href=\"https:\/\/www.conlly.com\/productinfo\/3135320.html\">Liquiline CM442<\/a> Transmitter erm\u00f6glicht Ihnen den Anschluss von bis zu 2 Memosens-Sensoren Ihrer Wahl aus \u00fcber 12 Messparametern. Er bietet automatische Sensorerkennung, einfache Bedienung und standardisierte Ersatzteile mit allen anderen Ger\u00e4ten der Liquiline-Plattform. Mit seinen Eing\u00e4ngen, Ausg\u00e4ngen, Reglern und Mathematikmodulen k\u00f6nnen Sie sogar Reinigungssysteme oder Dosierpumpen steuern. Heartbeat Technology hilft Ihnen, die ideale Balance zwischen Messstellenverf\u00fcgbarkeit und Wartungskosten zu finden.<\/p>\n<p class=\"eh-generic--text\">Liquiline CM442 eignet sich f\u00fcr alle Industriezweige und deren Hilfsmittel, wie z. B.:<\/p>\n<ul class=\"eh-list-01 eh-generic--list\">\n<li class=\"eh-list--item\">\n<p class=\"eh-generic--text\">Lebensmittel und Getr\u00e4nke<\/p>\n<\/li>\n<li class=\"eh-list--item\">\n<p class=\"eh-generic--text\">Biowissenschaften<\/p>\n<\/li>\n<li class=\"eh-list--item\">\n<p class=\"eh-generic--text\">Strom und Energie<\/p>\n<\/li>\n<li class=\"eh-list--item\">\n<p class=\"eh-generic--text\">Wasser\/Abwasser<\/p>\n<\/li>\n<li class=\"eh-list--item\">\n<p class=\"eh-generic--text\">Chemikalien<\/p>\n<\/li>\n<li class=\"eh-list--item\">\n<p class=\"eh-generic--text\">Marine<\/p>\n<\/li>\n<\/ul>\n<p class=\"eh-generic--text\">Es verf\u00fcgt \u00fcber die folgenden Kommunikationsprotokolle und Schnittstellen:<\/p>\n<ul class=\"eh-list-01 eh-generic--list\">\n<li class=\"eh-list--item\">\n<p class=\"eh-generic--text\">0\/4...20 mA<\/p>\n<\/li>\n<li class=\"eh-list--item\">\n<p class=\"eh-generic--text\">HART<\/p>\n<\/li>\n<li class=\"eh-list--item\">\n<p class=\"eh-generic--text\">PROFIBUS DP<\/p>\n<\/li>\n<li class=\"eh-list--item\">\n<p class=\"eh-generic--text\">Modbus RS485\/RTU<\/p>\n<\/li>\n<li class=\"eh-list--item\">\n<p class=\"eh-generic--text\">Modbus TCP<\/p>\n<\/li>\n<li class=\"eh-list--item\">\n<p class=\"eh-generic--text\">EtherNet\/IP<\/p>\n<\/li>\n<li class=\"eh-list--item\">\n<p class=\"eh-generic--text\">PROFINET<\/p>\n<\/li>\n<li class=\"eh-list--item\">\n<p class=\"eh-generic--text\">Webserver<\/p>\n<\/li>\n<\/ul>\n<p class=\"eh-generic--text\">Der Messumformer kann mit einem Modul erweitert werden, dessen Explosionsschutz-Zulassungen, wie IECEx, ATEX und CSA, den Anschluss von Sensoren in explosionsgef\u00e4hrdeten Bereichen erm\u00f6glichen.<\/p>\n<\/div>\n<\/div>\n<\/li>\n<\/ul>","protected":false},"excerpt":{"rendered":"<p>Bleiben Sie flexibel mit dem Messumformer Liquiline CM442: Dank seines modularen Aufbaus k\u00f6nnen Sie ihn jederzeit problemlos aufr\u00fcsten und zus\u00e4tzliche Funktionen hinzuf\u00fcgen (digitale Feldbusse, Anzahl der Kan\u00e4le, Relais usw.).<\/p>","protected":false},"featured_media":5036,"template":"","meta":[],"product_cat":[120,15],"product_tag":[],"product_brand":[],"class_list":["post-4845","product","type-product","status-publish","has-post-thumbnail","hentry","product_cat-water-quality-analyzers","product_cat-endresshauser"],"yoast_head":"<!-- This site is optimized with the Yoast SEO plugin v24.9 - https:\/\/yoast.com\/wordpress\/plugins\/seo\/ -->\n<title>1-\/2-channel transmitter Liquiline CM442 - Flow, level, liquid analysis, optical analysis, pressure, temperature measurement, software and system products<\/title>\n<meta name=\"description\" content=\"1-\/2-channel transmitterLiquiline CM442Expandable multiparameter field device for all industries\" \/>\n<meta name=\"robots\" content=\"index, follow, max-snippet:-1, max-image-preview:large, max-video-preview:-1\" \/>\n<link rel=\"canonical\" href=\"https:\/\/www.baihs.com\/de\/produkt\/1-2-channel-transmitter-liquiline-cm442\/\" \/>\n<meta property=\"og:locale\" content=\"de_DE\" \/>\n<meta property=\"og:type\" content=\"article\" \/>\n<meta property=\"og:title\" content=\"1-\/2-channel transmitter Liquiline CM442 - Flow, level, liquid analysis, optical analysis, pressure, temperature measurement, software and system products\" \/>\n<meta property=\"og:description\" content=\"1-\/2-channel transmitterLiquiline CM442Expandable multiparameter field device for all industries\" \/>\n<meta property=\"og:url\" content=\"https:\/\/www.baihs.com\/de\/produkt\/1-2-channel-transmitter-liquiline-cm442\/\" \/>\n<meta property=\"og:site_name\" content=\"Flow, level, liquid analysis, optical analysis, pressure, temperature measurement, software and system products\" \/>\n<meta property=\"og:image\" content=\"https:\/\/www.baihs.com\/wp-content\/uploads\/2025\/05\/CM44_pH.jpg\" \/>\n\t<meta property=\"og:image:width\" content=\"240\" \/>\n\t<meta property=\"og:image:height\" content=\"321\" \/>\n\t<meta property=\"og:image:type\" content=\"image\/jpeg\" \/>\n<meta name=\"twitter:card\" content=\"summary_large_image\" \/>\n<meta name=\"twitter:label1\" content=\"Gesch\u00e4tzte Lesezeit\" \/>\n\t<meta name=\"twitter:data1\" content=\"2\u00a0Minuten\" \/>\n<script type=\"application\/ld+json\" class=\"yoast-schema-graph\">{\"@context\":\"https:\/\/schema.org\",\"@graph\":[{\"@type\":\"WebPage\",\"@id\":\"https:\/\/www.baihs.com\/product\/1-2-channel-transmitter-liquiline-cm442\/\",\"url\":\"https:\/\/www.baihs.com\/product\/1-2-channel-transmitter-liquiline-cm442\/\",\"name\":\"1-\/2-channel transmitter Liquiline CM442 - Flow, level, liquid analysis, optical analysis, pressure, temperature measurement, software and system products\",\"isPartOf\":{\"@id\":\"https:\/\/www.baihs.com\/#website\"},\"primaryImageOfPage\":{\"@id\":\"https:\/\/www.baihs.com\/product\/1-2-channel-transmitter-liquiline-cm442\/#primaryimage\"},\"image\":{\"@id\":\"https:\/\/www.baihs.com\/product\/1-2-channel-transmitter-liquiline-cm442\/#primaryimage\"},\"thumbnailUrl\":\"https:\/\/www.baihs.com\/wp-content\/uploads\/2025\/05\/CM44_pH.jpg\",\"datePublished\":\"2025-05-20T12:59:24+00:00\",\"description\":\"1-\/2-channel transmitterLiquiline CM442Expandable multiparameter field device for all industries\",\"breadcrumb\":{\"@id\":\"https:\/\/www.baihs.com\/product\/1-2-channel-transmitter-liquiline-cm442\/#breadcrumb\"},\"inLanguage\":\"de\",\"potentialAction\":[{\"@type\":\"ReadAction\",\"target\":[\"https:\/\/www.baihs.com\/product\/1-2-channel-transmitter-liquiline-cm442\/\"]}]},{\"@type\":\"ImageObject\",\"inLanguage\":\"de\",\"@id\":\"https:\/\/www.baihs.com\/product\/1-2-channel-transmitter-liquiline-cm442\/#primaryimage\",\"url\":\"https:\/\/www.baihs.com\/wp-content\/uploads\/2025\/05\/CM44_pH.jpg\",\"contentUrl\":\"https:\/\/www.baihs.com\/wp-content\/uploads\/2025\/05\/CM44_pH.jpg\",\"width\":240,\"height\":321},{\"@type\":\"BreadcrumbList\",\"@id\":\"https:\/\/www.baihs.com\/product\/1-2-channel-transmitter-liquiline-cm442\/#breadcrumb\",\"itemListElement\":[{\"@type\":\"ListItem\",\"position\":1,\"name\":\"\u9996\u9875\",\"item\":\"https:\/\/www.baihs.com\/\"},{\"@type\":\"ListItem\",\"position\":2,\"name\":\"Product\",\"item\":\"https:\/\/www.baihs.com\/product\/\"},{\"@type\":\"ListItem\",\"position\":3,\"name\":\"1-\/2-channel transmitter Liquiline CM442\"}]},{\"@type\":\"WebSite\",\"@id\":\"https:\/\/www.baihs.com\/#website\",\"url\":\"https:\/\/www.baihs.com\/\",\"name\":\"Endress+Hauser,PLC China supplier - Shenzhen Kolai Automation Technology Co., Ltd.\",\"description\":\"People for Process Automation offer you solutions and products in flow, level, liquid analysis, optical analysis, pressure, temperature measurement, software and system products\",\"publisher\":{\"@id\":\"https:\/\/www.baihs.com\/#organization\"},\"alternateName\":\"Endress+Hauser pH electrode,pressure transmitter,level meter,Allen Bradley,ABB,Siemens,Eaton,wika\",\"potentialAction\":[{\"@type\":\"SearchAction\",\"target\":{\"@type\":\"EntryPoint\",\"urlTemplate\":\"https:\/\/www.baihs.com\/?s={search_term_string}\"},\"query-input\":{\"@type\":\"PropertyValueSpecification\",\"valueRequired\":true,\"valueName\":\"search_term_string\"}}],\"inLanguage\":\"de\"},{\"@type\":\"Organization\",\"@id\":\"https:\/\/www.baihs.com\/#organization\",\"name\":\"CONLLY\",\"url\":\"https:\/\/www.baihs.com\/\",\"logo\":{\"@type\":\"ImageObject\",\"inLanguage\":\"de\",\"@id\":\"https:\/\/www.baihs.com\/#\/schema\/logo\/image\/\",\"url\":\"https:\/\/www.baihs.com\/wp-content\/uploads\/2025\/04\/20250427194648.jpg\",\"contentUrl\":\"https:\/\/www.baihs.com\/wp-content\/uploads\/2025\/04\/20250427194648.jpg\",\"width\":744,\"height\":157,\"caption\":\"CONLLY\"},\"image\":{\"@id\":\"https:\/\/www.baihs.com\/#\/schema\/logo\/image\/\"}}]}<\/script>\n<!-- \/ Yoast SEO plugin. -->","yoast_head_json":{"title":"1-\/2-channel transmitter Liquiline CM442 - Flow, level, liquid analysis, optical analysis, pressure, temperature measurement, software and system products","description":"1-\/2-channel transmitterLiquiline CM442Expandable multiparameter field device for all industries","robots":{"index":"index","follow":"follow","max-snippet":"max-snippet:-1","max-image-preview":"max-image-preview:large","max-video-preview":"max-video-preview:-1"},"canonical":"https:\/\/www.baihs.com\/de\/produkt\/1-2-channel-transmitter-liquiline-cm442\/","og_locale":"de_DE","og_type":"article","og_title":"1-\/2-channel transmitter Liquiline CM442 - Flow, level, liquid analysis, optical analysis, pressure, temperature measurement, software and system products","og_description":"1-\/2-channel transmitterLiquiline CM442Expandable multiparameter field device for all industries","og_url":"https:\/\/www.baihs.com\/de\/produkt\/1-2-channel-transmitter-liquiline-cm442\/","og_site_name":"Flow, level, liquid analysis, optical analysis, pressure, temperature measurement, software and system products","og_image":[{"width":240,"height":321,"url":"https:\/\/www.baihs.com\/wp-content\/uploads\/2025\/05\/CM44_pH.jpg","type":"image\/jpeg"}],"twitter_card":"summary_large_image","twitter_misc":{"Gesch\u00e4tzte Lesezeit":"2\u00a0Minuten"},"schema":{"@context":"https:\/\/schema.org","@graph":[{"@type":"WebPage","@id":"https:\/\/www.baihs.com\/product\/1-2-channel-transmitter-liquiline-cm442\/","url":"https:\/\/www.baihs.com\/product\/1-2-channel-transmitter-liquiline-cm442\/","name":"1-\/2-channel transmitter Liquiline CM442 - Flow, level, liquid analysis, optical analysis, pressure, temperature measurement, software and system products","isPartOf":{"@id":"https:\/\/www.baihs.com\/#website"},"primaryImageOfPage":{"@id":"https:\/\/www.baihs.com\/product\/1-2-channel-transmitter-liquiline-cm442\/#primaryimage"},"image":{"@id":"https:\/\/www.baihs.com\/product\/1-2-channel-transmitter-liquiline-cm442\/#primaryimage"},"thumbnailUrl":"https:\/\/www.baihs.com\/wp-content\/uploads\/2025\/05\/CM44_pH.jpg","datePublished":"2025-05-20T12:59:24+00:00","description":"1-\/2-channel transmitterLiquiline CM442Expandable multiparameter field device for all industries","breadcrumb":{"@id":"https:\/\/www.baihs.com\/product\/1-2-channel-transmitter-liquiline-cm442\/#breadcrumb"},"inLanguage":"de","potentialAction":[{"@type":"ReadAction","target":["https:\/\/www.baihs.com\/product\/1-2-channel-transmitter-liquiline-cm442\/"]}]},{"@type":"ImageObject","inLanguage":"de","@id":"https:\/\/www.baihs.com\/product\/1-2-channel-transmitter-liquiline-cm442\/#primaryimage","url":"https:\/\/www.baihs.com\/wp-content\/uploads\/2025\/05\/CM44_pH.jpg","contentUrl":"https:\/\/www.baihs.com\/wp-content\/uploads\/2025\/05\/CM44_pH.jpg","width":240,"height":321},{"@type":"BreadcrumbList","@id":"https:\/\/www.baihs.com\/product\/1-2-channel-transmitter-liquiline-cm442\/#breadcrumb","itemListElement":[{"@type":"ListItem","position":1,"name":"\u9996\u9875","item":"https:\/\/www.baihs.com\/"},{"@type":"ListItem","position":2,"name":"Product","item":"https:\/\/www.baihs.com\/product\/"},{"@type":"ListItem","position":3,"name":"1-\/2-channel transmitter Liquiline CM442"}]},{"@type":"WebSite","@id":"https:\/\/www.baihs.com\/#website","url":"https:\/\/www.baihs.com\/","name":"Endress+Hauser,PLC China supplier - Shenzhen Kolai Automation Technology Co., Ltd.","description":"People for Process Automation offer you solutions and products in flow, level, liquid analysis, optical analysis, pressure, temperature measurement, software and system products","publisher":{"@id":"https:\/\/www.baihs.com\/#organization"},"alternateName":"Endress+Hauser pH electrode,pressure transmitter,level meter,Allen Bradley,ABB,Siemens,Eaton,wika","potentialAction":[{"@type":"SearchAction","target":{"@type":"EntryPoint","urlTemplate":"https:\/\/www.baihs.com\/?s={search_term_string}"},"query-input":{"@type":"PropertyValueSpecification","valueRequired":true,"valueName":"search_term_string"}}],"inLanguage":"de"},{"@type":"Organization","@id":"https:\/\/www.baihs.com\/#organization","name":"CONLLY","url":"https:\/\/www.baihs.com\/","logo":{"@type":"ImageObject","inLanguage":"de","@id":"https:\/\/www.baihs.com\/#\/schema\/logo\/image\/","url":"https:\/\/www.baihs.com\/wp-content\/uploads\/2025\/04\/20250427194648.jpg","contentUrl":"https:\/\/www.baihs.com\/wp-content\/uploads\/2025\/04\/20250427194648.jpg","width":744,"height":157,"caption":"CONLLY"},"image":{"@id":"https:\/\/www.baihs.com\/#\/schema\/logo\/image\/"}}]}},"_links":{"self":[{"href":"https:\/\/www.baihs.com\/de\/wp-json\/wp\/v2\/product\/4845","targetHints":{"allow":["GET"]}}],"collection":[{"href":"https:\/\/www.baihs.com\/de\/wp-json\/wp\/v2\/product"}],"about":[{"href":"https:\/\/www.baihs.com\/de\/wp-json\/wp\/v2\/types\/product"}],"wp:featuredmedia":[{"embeddable":true,"href":"https:\/\/www.baihs.com\/de\/wp-json\/wp\/v2\/media\/5036"}],"wp:attachment":[{"href":"https:\/\/www.baihs.com\/de\/wp-json\/wp\/v2\/media?parent=4845"}],"wp:term":[{"taxonomy":"product_cat","embeddable":true,"href":"https:\/\/www.baihs.com\/de\/wp-json\/wp\/v2\/product_cat?post=4845"},{"taxonomy":"product_tag","embeddable":true,"href":"https:\/\/www.baihs.com\/de\/wp-json\/wp\/v2\/product_tag?post=4845"},{"taxonomy":"product_brand","embeddable":true,"href":"https:\/\/www.baihs.com\/de\/wp-json\/wp\/v2\/product_brand?post=4845"}],"curies":[{"name":"wp","href":"https:\/\/api.w.org\/{rel}","templated":true}]}}