{"id":4798,"date":"2025-04-23T07:45:17","date_gmt":"2025-04-23T07:45:17","guid":{"rendered":"http:\/\/www.baihs.com\/?post_type=product&#038;p=4798"},"modified":"2025-05-20T13:08:49","modified_gmt":"2025-05-20T13:08:49","slug":"cps11e-aa7baa2","status":"publish","type":"product","link":"https:\/\/www.baihs.com\/de\/product\/cps11e-aa7baa2\/","title":{"rendered":"Digitaler pH-Sensor Memosens CPS11E"},"content":{"rendered":"<ul>\n<li>\n<h3 class=\"eh-headline-03 eh-p-b eh-m-t-xxlg\">Anwendungsbereich<\/h3>\n<p class=\"eh-p-v\">Memosens CPS11E ist das digitale Multitalent f\u00fcr stabile Prozesse. Er misst zuverl\u00e4ssig auch in extremen pH-Bereichen oder in explosionsgef\u00e4hrdeten Bereichen. Dank der Memosens 2.0-Digitaltechnologie ist der pH-Sensor feuchtigkeitsresistent und erm\u00f6glicht eine Laborkalibrierung, was die Prozesssicherheit erh\u00f6ht und die Bedienung vereinfacht. Seine erweiterte Speicherung von Kalibrier- und Prozessdaten bietet die perfekte Grundlage f\u00fcr eine vorausschauende Wartung. Der Memosens CPS11E ist auf eine lange Lebensdauer und geringen Wartungsaufwand ausgelegt und bietet Ihnen ein optimales Preis-Leistungs-Verh\u00e4ltnis.<\/p>\n<ul class=\"eh-list-01 eh-generic--list\">\n<li class=\"eh-list--item\">\n<p class=\"eh-generic--text\">Langzeit\u00fcberwachung und Grenzwert\u00fcberwachung von Prozessen mit stabilen Prozessbedingungen:<br \/>\n- Chemische Industrie<br \/>\n- Zellstoff- und Papierindustrie<br \/>\n- Kraftwerke (z. B. Rauchgasw\u00e4scher, Kesselspeisewasser)<br \/>\n- Verbrennungsanlagen<\/p>\n<\/li>\n<\/ul>\n<ul class=\"eh-list-01 eh-generic--list\">\n<li class=\"eh-list--item\">\n<p class=\"eh-generic--text\">Wasser- und Abwasseraufbereitung:<br \/>\n- Trinkwasser<br \/>\n- K\u00fchlwasser<br \/>\n- Brunnenwasser<br \/>\n- Kl\u00e4ranlagen<\/p>\n<\/li>\n<\/ul>\n<p class=\"eh-generic--text\">Mit ATEX-, IECEx-, CSA C\/US-, NEPSI-, Japan- und INMETRO-Zulassungen f\u00fcr den Einsatz in explosionsgef\u00e4hrdeten Bereichen, Zonen 0, 1 und 2.<\/p>\n<\/li>\n<li>\n<h3 class=\"eh-headline-03 eh-p-b eh-m-t-xxlg\">Vorteile<\/h3>\n<ul class=\"eh-list-01 eh-generic--list\">\n<li class=\"eh-list--item\">\n<p class=\"eh-generic--text\">IIoT-f\u00e4hig: Memosens 2.0 bietet eine erweiterte Speicherung von Kalibrier- und Prozessdaten, erm\u00f6glicht eine bessere Trenderkennung und bietet eine zukunftssichere Basis f\u00fcr vorausschauende Wartung und erweiterte IIoT-Dienste.<\/p>\n<\/li>\n<li class=\"eh-list--item\">\n<p class=\"eh-generic--text\">Niedrige Betriebskosten: Die Laborkalibrierung und der schnelle Sensortausch im Prozess f\u00fchren zu minimalen Prozessausfallzeiten und einer l\u00e4ngeren Sensorlebensdauer.<\/p>\n<\/li>\n<li class=\"eh-list--item\">\n<p class=\"eh-generic--text\">Robuste, wartungsarme Elektrode: Langer Giftdiffusionsweg oder optimierte Ionenfalle verhindern Vergiftung der Referenzelektrode. Gro\u00dfe, schmutzabweisende PTFE-\u00dcbergangsstelle sch\u00fctzt vor Verschmutzung durch das Medium.<\/p>\n<\/li>\n<li class=\"eh-list--item\">\n<p class=\"eh-generic--text\">Prozessglas ist f\u00fcr den gesamten pH-Bereich geeignet und druckstabil bis zu 17 bar absolut. Optionales F-Glas erm\u00f6glicht den Einsatz in flusss\u00e4urehaltigen Medien wie \u00c4tzb\u00e4dern in der Halbleiterproduktion.<\/p>\n<\/li>\n<li class=\"eh-list--item\">\n<p class=\"eh-generic--text\">Ein verbesserter optionaler Salzspeicher sorgt f\u00fcr zuverl\u00e4ssige Messungen bei Anwendungen mit niedriger Leitf\u00e4higkeit, wie z. B. Kesselspeisewasser.<\/p>\n<\/li>\n<li class=\"eh-list--item\">\n<p class=\"eh-generic--text\">Maximale Prozessintegrit\u00e4t durch ber\u00fchrungslose, induktive Signal\u00fcbertragung.<\/p>\n<\/li>\n<\/ul>\n<\/li>\n<\/ul>","protected":false},"excerpt":{"rendered":"<p>Verfl\u00fcssigungsmittel FTL41<br \/>\n\u9650\u4f4d\u5f00\u5173\u6ee1\u8db3\u57fa\u672c\u5e94\u7528\u573a\u5408\u7684\u4f7f\u7528\u8981\u6c42\uff0c\u964d\u4f4e\u4e86\u590d\u6742\u6027<\/p>","protected":false},"featured_media":5039,"template":"","meta":[],"product_cat":[120,15],"product_tag":[],"product_brand":[],"class_list":["post-4798","product","type-product","status-publish","has-post-thumbnail","hentry","product_cat-water-quality-analyzers","product_cat-endresshauser"],"yoast_head":"<!-- This site is optimized with the Yoast SEO plugin v24.9 - https:\/\/yoast.com\/wordpress\/plugins\/seo\/ -->\n<title>Digital pH sensor Memosens CPS11E - Flow, level, liquid analysis, optical analysis, pressure, temperature measurement, software and system products<\/title>\n<meta name=\"description\" content=\"Digital pH sensorMemosens CPS11E Memosens 2.0 pH electrode for standard applications in process and water &amp; wastewater industries\" \/>\n<meta name=\"robots\" content=\"index, follow, max-snippet:-1, max-image-preview:large, max-video-preview:-1\" \/>\n<link rel=\"canonical\" href=\"https:\/\/www.baihs.com\/de\/produkt\/cps11e-aa7baa2\/\" \/>\n<meta property=\"og:locale\" content=\"de_DE\" \/>\n<meta property=\"og:type\" content=\"article\" \/>\n<meta property=\"og:title\" content=\"Digital pH sensor Memosens CPS11E - Flow, level, liquid analysis, optical analysis, pressure, temperature measurement, software and system products\" \/>\n<meta property=\"og:description\" content=\"Digital pH sensorMemosens CPS11E Memosens 2.0 pH electrode for standard applications in process and water &amp; wastewater industries\" \/>\n<meta property=\"og:url\" content=\"https:\/\/www.baihs.com\/de\/produkt\/cps11e-aa7baa2\/\" \/>\n<meta property=\"og:site_name\" content=\"Flow, level, liquid analysis, optical analysis, pressure, temperature measurement, software and system products\" \/>\n<meta property=\"article:modified_time\" content=\"2025-05-20T13:08:49+00:00\" \/>\n<meta property=\"og:image\" content=\"https:\/\/www.baihs.com\/wp-content\/uploads\/2025\/04\/CPS11E-pH-sensor-Memosens-straight.jpg\" \/>\n\t<meta property=\"og:image:width\" content=\"240\" \/>\n\t<meta property=\"og:image:height\" content=\"321\" \/>\n\t<meta property=\"og:image:type\" content=\"image\/jpeg\" \/>\n<meta name=\"twitter:card\" content=\"summary_large_image\" \/>\n<meta name=\"twitter:label1\" content=\"Gesch\u00e4tzte Lesezeit\" \/>\n\t<meta name=\"twitter:data1\" content=\"2\u00a0Minuten\" \/>\n<script type=\"application\/ld+json\" class=\"yoast-schema-graph\">{\"@context\":\"https:\/\/schema.org\",\"@graph\":[{\"@type\":\"WebPage\",\"@id\":\"https:\/\/www.baihs.com\/product\/cps11e-aa7baa2\/\",\"url\":\"https:\/\/www.baihs.com\/product\/cps11e-aa7baa2\/\",\"name\":\"Digital pH sensor Memosens CPS11E - Flow, level, liquid analysis, optical analysis, pressure, temperature measurement, software and system products\",\"isPartOf\":{\"@id\":\"https:\/\/www.baihs.com\/#website\"},\"primaryImageOfPage\":{\"@id\":\"https:\/\/www.baihs.com\/product\/cps11e-aa7baa2\/#primaryimage\"},\"image\":{\"@id\":\"https:\/\/www.baihs.com\/product\/cps11e-aa7baa2\/#primaryimage\"},\"thumbnailUrl\":\"https:\/\/www.baihs.com\/wp-content\/uploads\/2025\/04\/CPS11E-pH-sensor-Memosens-straight.jpg\",\"datePublished\":\"2025-04-23T07:45:17+00:00\",\"dateModified\":\"2025-05-20T13:08:49+00:00\",\"description\":\"Digital pH sensorMemosens CPS11E Memosens 2.0 pH electrode for standard applications in process and water & wastewater industries\",\"breadcrumb\":{\"@id\":\"https:\/\/www.baihs.com\/product\/cps11e-aa7baa2\/#breadcrumb\"},\"inLanguage\":\"de\",\"potentialAction\":[{\"@type\":\"ReadAction\",\"target\":[\"https:\/\/www.baihs.com\/product\/cps11e-aa7baa2\/\"]}]},{\"@type\":\"ImageObject\",\"inLanguage\":\"de\",\"@id\":\"https:\/\/www.baihs.com\/product\/cps11e-aa7baa2\/#primaryimage\",\"url\":\"https:\/\/www.baihs.com\/wp-content\/uploads\/2025\/04\/CPS11E-pH-sensor-Memosens-straight.jpg\",\"contentUrl\":\"https:\/\/www.baihs.com\/wp-content\/uploads\/2025\/04\/CPS11E-pH-sensor-Memosens-straight.jpg\",\"width\":240,\"height\":321},{\"@type\":\"BreadcrumbList\",\"@id\":\"https:\/\/www.baihs.com\/product\/cps11e-aa7baa2\/#breadcrumb\",\"itemListElement\":[{\"@type\":\"ListItem\",\"position\":1,\"name\":\"\u9996\u9875\",\"item\":\"https:\/\/www.baihs.com\/\"},{\"@type\":\"ListItem\",\"position\":2,\"name\":\"Product\",\"item\":\"https:\/\/www.baihs.com\/product\/\"},{\"@type\":\"ListItem\",\"position\":3,\"name\":\"Digital pH sensor Memosens CPS11E\"}]},{\"@type\":\"WebSite\",\"@id\":\"https:\/\/www.baihs.com\/#website\",\"url\":\"https:\/\/www.baihs.com\/\",\"name\":\"Endress+Hauser,PLC China supplier - Shenzhen Kolai Automation Technology Co., Ltd.\",\"description\":\"People for Process Automation offer you solutions and products in flow, level, liquid analysis, optical analysis, pressure, temperature measurement, software and system products\",\"publisher\":{\"@id\":\"https:\/\/www.baihs.com\/#organization\"},\"alternateName\":\"Endress+Hauser pH electrode,pressure transmitter,level meter,Allen Bradley,ABB,Siemens,Eaton,wika\",\"potentialAction\":[{\"@type\":\"SearchAction\",\"target\":{\"@type\":\"EntryPoint\",\"urlTemplate\":\"https:\/\/www.baihs.com\/?s={search_term_string}\"},\"query-input\":{\"@type\":\"PropertyValueSpecification\",\"valueRequired\":true,\"valueName\":\"search_term_string\"}}],\"inLanguage\":\"de\"},{\"@type\":\"Organization\",\"@id\":\"https:\/\/www.baihs.com\/#organization\",\"name\":\"CONLLY\",\"url\":\"https:\/\/www.baihs.com\/\",\"logo\":{\"@type\":\"ImageObject\",\"inLanguage\":\"de\",\"@id\":\"https:\/\/www.baihs.com\/#\/schema\/logo\/image\/\",\"url\":\"https:\/\/www.baihs.com\/wp-content\/uploads\/2025\/04\/20250427194648.jpg\",\"contentUrl\":\"https:\/\/www.baihs.com\/wp-content\/uploads\/2025\/04\/20250427194648.jpg\",\"width\":744,\"height\":157,\"caption\":\"CONLLY\"},\"image\":{\"@id\":\"https:\/\/www.baihs.com\/#\/schema\/logo\/image\/\"}}]}<\/script>\n<!-- \/ Yoast SEO plugin. -->","yoast_head_json":{"title":"Digital pH sensor Memosens CPS11E - Flow, level, liquid analysis, optical analysis, pressure, temperature measurement, software and system products","description":"Digital pH sensorMemosens CPS11E Memosens 2.0 pH electrode for standard applications in process and water & wastewater industries","robots":{"index":"index","follow":"follow","max-snippet":"max-snippet:-1","max-image-preview":"max-image-preview:large","max-video-preview":"max-video-preview:-1"},"canonical":"https:\/\/www.baihs.com\/de\/produkt\/cps11e-aa7baa2\/","og_locale":"de_DE","og_type":"article","og_title":"Digital pH sensor Memosens CPS11E - Flow, level, liquid analysis, optical analysis, pressure, temperature measurement, software and system products","og_description":"Digital pH sensorMemosens CPS11E Memosens 2.0 pH electrode for standard applications in process and water & wastewater industries","og_url":"https:\/\/www.baihs.com\/de\/produkt\/cps11e-aa7baa2\/","og_site_name":"Flow, level, liquid analysis, optical analysis, pressure, temperature measurement, software and system products","article_modified_time":"2025-05-20T13:08:49+00:00","og_image":[{"width":240,"height":321,"url":"https:\/\/www.baihs.com\/wp-content\/uploads\/2025\/04\/CPS11E-pH-sensor-Memosens-straight.jpg","type":"image\/jpeg"}],"twitter_card":"summary_large_image","twitter_misc":{"Gesch\u00e4tzte Lesezeit":"2\u00a0Minuten"},"schema":{"@context":"https:\/\/schema.org","@graph":[{"@type":"WebPage","@id":"https:\/\/www.baihs.com\/product\/cps11e-aa7baa2\/","url":"https:\/\/www.baihs.com\/product\/cps11e-aa7baa2\/","name":"Digital pH sensor Memosens CPS11E - Flow, level, liquid analysis, optical analysis, pressure, temperature measurement, software and system products","isPartOf":{"@id":"https:\/\/www.baihs.com\/#website"},"primaryImageOfPage":{"@id":"https:\/\/www.baihs.com\/product\/cps11e-aa7baa2\/#primaryimage"},"image":{"@id":"https:\/\/www.baihs.com\/product\/cps11e-aa7baa2\/#primaryimage"},"thumbnailUrl":"https:\/\/www.baihs.com\/wp-content\/uploads\/2025\/04\/CPS11E-pH-sensor-Memosens-straight.jpg","datePublished":"2025-04-23T07:45:17+00:00","dateModified":"2025-05-20T13:08:49+00:00","description":"Digital pH sensorMemosens CPS11E Memosens 2.0 pH electrode for standard applications in process and water & wastewater industries","breadcrumb":{"@id":"https:\/\/www.baihs.com\/product\/cps11e-aa7baa2\/#breadcrumb"},"inLanguage":"de","potentialAction":[{"@type":"ReadAction","target":["https:\/\/www.baihs.com\/product\/cps11e-aa7baa2\/"]}]},{"@type":"ImageObject","inLanguage":"de","@id":"https:\/\/www.baihs.com\/product\/cps11e-aa7baa2\/#primaryimage","url":"https:\/\/www.baihs.com\/wp-content\/uploads\/2025\/04\/CPS11E-pH-sensor-Memosens-straight.jpg","contentUrl":"https:\/\/www.baihs.com\/wp-content\/uploads\/2025\/04\/CPS11E-pH-sensor-Memosens-straight.jpg","width":240,"height":321},{"@type":"BreadcrumbList","@id":"https:\/\/www.baihs.com\/product\/cps11e-aa7baa2\/#breadcrumb","itemListElement":[{"@type":"ListItem","position":1,"name":"\u9996\u9875","item":"https:\/\/www.baihs.com\/"},{"@type":"ListItem","position":2,"name":"Product","item":"https:\/\/www.baihs.com\/product\/"},{"@type":"ListItem","position":3,"name":"Digital pH sensor Memosens CPS11E"}]},{"@type":"WebSite","@id":"https:\/\/www.baihs.com\/#website","url":"https:\/\/www.baihs.com\/","name":"Endress+Hauser,PLC China supplier - Shenzhen Kolai Automation Technology Co., Ltd.","description":"People for Process Automation offer you solutions and products in flow, level, liquid analysis, optical analysis, pressure, temperature measurement, software and system products","publisher":{"@id":"https:\/\/www.baihs.com\/#organization"},"alternateName":"Endress+Hauser pH electrode,pressure transmitter,level meter,Allen Bradley,ABB,Siemens,Eaton,wika","potentialAction":[{"@type":"SearchAction","target":{"@type":"EntryPoint","urlTemplate":"https:\/\/www.baihs.com\/?s={search_term_string}"},"query-input":{"@type":"PropertyValueSpecification","valueRequired":true,"valueName":"search_term_string"}}],"inLanguage":"de"},{"@type":"Organization","@id":"https:\/\/www.baihs.com\/#organization","name":"CONLLY","url":"https:\/\/www.baihs.com\/","logo":{"@type":"ImageObject","inLanguage":"de","@id":"https:\/\/www.baihs.com\/#\/schema\/logo\/image\/","url":"https:\/\/www.baihs.com\/wp-content\/uploads\/2025\/04\/20250427194648.jpg","contentUrl":"https:\/\/www.baihs.com\/wp-content\/uploads\/2025\/04\/20250427194648.jpg","width":744,"height":157,"caption":"CONLLY"},"image":{"@id":"https:\/\/www.baihs.com\/#\/schema\/logo\/image\/"}}]}},"_links":{"self":[{"href":"https:\/\/www.baihs.com\/de\/wp-json\/wp\/v2\/product\/4798","targetHints":{"allow":["GET"]}}],"collection":[{"href":"https:\/\/www.baihs.com\/de\/wp-json\/wp\/v2\/product"}],"about":[{"href":"https:\/\/www.baihs.com\/de\/wp-json\/wp\/v2\/types\/product"}],"wp:featuredmedia":[{"embeddable":true,"href":"https:\/\/www.baihs.com\/de\/wp-json\/wp\/v2\/media\/5039"}],"wp:attachment":[{"href":"https:\/\/www.baihs.com\/de\/wp-json\/wp\/v2\/media?parent=4798"}],"wp:term":[{"taxonomy":"product_cat","embeddable":true,"href":"https:\/\/www.baihs.com\/de\/wp-json\/wp\/v2\/product_cat?post=4798"},{"taxonomy":"product_tag","embeddable":true,"href":"https:\/\/www.baihs.com\/de\/wp-json\/wp\/v2\/product_tag?post=4798"},{"taxonomy":"product_brand","embeddable":true,"href":"https:\/\/www.baihs.com\/de\/wp-json\/wp\/v2\/product_brand?post=4798"}],"curies":[{"name":"wp","href":"https:\/\/api.w.org\/{rel}","templated":true}]}}