{"id":4794,"date":"2025-04-23T07:44:36","date_gmt":"2025-04-23T07:44:36","guid":{"rendered":"http:\/\/www.baihs.com\/?post_type=product&#038;p=4794"},"modified":"2025-05-20T13:12:22","modified_gmt":"2025-05-20T13:12:22","slug":"1-channel-transmitter-liquiline-cm42b","status":"publish","type":"product","link":"https:\/\/www.baihs.com\/de\/product\/1-channel-transmitter-liquiline-cm42b\/","title":{"rendered":"1-Kanal-Sender Liquiline CM42B"},"content":{"rendered":"<h3 class=\"eh-headline-03 eh-p-b eh-m-t-xxlg\">Specs im \u00dcberblick<\/h3>\n<ul class=\"eh-result-list eh-product-info-category--items\">\n<li class=\"eh-product-info-category--item eh-p-v\">\n<div class=\"eh-grid eh-grid--no-spacing\">\n<div class=\"eh-cell eh-cell--12-col\">\n<h4 class=\"eh-headline--04 eh-font-bold eh-p-b-2\">Eingabe<\/h4>\n<\/div>\n<div class=\"eh-cell eh-cell--12-col\">\n<p>Einkanal-Messumformer f\u00fcr Memosens und Analog (pH, ORP, Leitf\u00e4higkeit)<\/p>\n<\/div>\n<\/div>\n<\/li>\n<li class=\"eh-product-info-category--item eh-p-v\">\n<div class=\"eh-grid eh-grid--no-spacing\">\n<div class=\"eh-cell eh-cell--12-col\">\n<h4 class=\"eh-headline--04 eh-font-bold eh-p-b-2\">Ausgabe \/ Kommunikation<\/h4>\n<\/div>\n<div class=\"eh-cell eh-cell--12-col\">\n<p>4 bis 20 mA, HART (optional), zus\u00e4tzlicher zweiter Ausgang m\u00f6glich; HART-Kommunikation, auch nachtr\u00e4glich aktivierbar<\/p>\n<\/div>\n<\/div>\n<\/li>\n<li class=\"eh-product-info-category--item eh-p-v\">\n<div class=\"eh-grid eh-grid--no-spacing\">\n<div class=\"eh-cell eh-cell--12-col\">\n<h4 class=\"eh-headline--04 eh-font-bold eh-p-b-2\">Schutz gegen Eindringen<\/h4>\n<\/div>\n<div class=\"eh-cell eh-cell--12-col\">\n<p>Feldgeh\u00e4use:<br \/>\nIP66\/67 (IEC 60529)<br \/>\nNEMA 4X (UL 50E)<br \/>\nDIN-Schienen-Geh\u00e4use: IP20<\/p>\n<h3 class=\"eh-headline-03 eh-p-b eh-m-t-xxlg\">Anwendungsbereich<\/h3>\n<p class=\"eh-p-v\">Das Liquiline CM42B bietet pr\u00e4zise und zuverl\u00e4ssige Messungen von pH, ORP, Leitf\u00e4higkeit oder Sauerstoff in anspruchsvollen Prozessanwendungen. Profitieren Sie von der intuitiven lokalen Bedienung und Konfiguration und nutzen Sie die Bluetooth-Schnittstelle und die SmartBlue-App, um eine detaillierte Messstellen\u00fcbersicht auf Ihren mobilen Ger\u00e4ten zu erhalten. Die Bluetooth-Kommunikation ist durch ein einzigartiges Konzept gesichert. Sie brauchen keine Angst vor Eindringlingen zu haben. Verschiedene Ger\u00e4tevarianten erm\u00f6glichen eine flexible Anpassung an alle Installationsanforderungen.<\/p>\n<div class=\"eh-p-b-lg\"><\/div>\n<div class=\"eh-rich-content-content\" data-cs-pcueid=\"546Dve\">\n<p class=\"eh-generic--text\">Der Liquiline CM42B Messumformer eignet sich f\u00fcr anspruchsvolle Prozessanwendungen in den folgenden Branchen<\/p>\n<ul class=\"eh-list-01 eh-generic--list\">\n<li class=\"eh-list--item\">\n<p class=\"eh-generic--text\">Chemisch<\/p>\n<\/li>\n<li class=\"eh-list--item\">\n<p class=\"eh-generic--text\">Essen &amp; Trinken<\/p>\n<\/li>\n<li class=\"eh-list--item\">\n<p class=\"eh-generic--text\">Biowissenschaften<\/p>\n<\/li>\n<li class=\"eh-list--item\">\n<p class=\"eh-generic--text\">Strom und Energie<\/p>\n<\/li>\n<li class=\"eh-list--item\">\n<p class=\"eh-generic--text\">\u00d6l und Gas<\/p>\n<\/li>\n<li class=\"eh-list--item\">\n<p class=\"eh-generic--text\">Bergbau, Mineralien und Metalle<\/p>\n<\/li>\n<\/ul>\n<p class=\"eh-generic--text\">Mit seinen internationalen Explosionsschutz-Zulassungen, wie IECEx, ATEX, C\/US IS Cl. I div 1 und CHN-Ex ist der Messumformer f\u00fcr explosionsgef\u00e4hrdete Bereiche geeignet.<\/p>\n<h3 class=\"eh-headline-03 eh-p-b eh-m-t-xxlg\">Vorteile<\/h3>\n<ul class=\"eh-list-01 eh-generic--list\">\n<li class=\"eh-list--item\" data-cs-pcueid=\"DETNnf\">\n<p class=\"eh-generic--text\"><strong>Komfortable Bedienung und Konfiguration:<\/strong>\u00a0Das intuitive Bedienkonzept macht die Inbetriebnahme und Konfiguration vor Ort einfach und schnell. Die Bluetooth-Verbindung und die SmartBlue App bieten einen \u00dcberblick \u00fcber die Messstelle auf Ihrem Smartphone oder Tablet.<\/p>\n<\/li>\n<li class=\"eh-list--item\" data-cs-pcueid=\"U61Mty\">\n<p class=\"eh-generic--text\"><strong>Einzigartige Sicherheit<\/strong>: Die Bluetooth-Verbindung verf\u00fcgt \u00fcber ein einzigartiges Sicherheitskonzept, das ein Eindringen verhindert und ein ausgekl\u00fcgeltes Rollenmanagement des Bedienpersonals erm\u00f6glicht. Sie profitieren von externer und interner Sicherheit.<\/p>\n<\/li>\n<li class=\"eh-list--item\" data-cs-pcueid=\"XgskJ2\">\n<p class=\"eh-generic--text\"><strong>Geeignet f\u00fcr alle Prozessumgebungen:<\/strong>\u00a0Der Messumformer ist als Edelstahl-, Kunststoff- oder DIN-Schienenversion erh\u00e4ltlich. W\u00e4hlen Sie einfach die passende Version, um ihn in ein Skid zu integrieren, ihn in hygienischen Umgebungen zu verwenden oder ihn in explosionsgef\u00e4hrdeten Bereichen einzusetzen.<\/p>\n<\/li>\n<li class=\"eh-list--item\" data-cs-pcueid=\"OAZVlM\">\n<p class=\"eh-generic--text\"><strong>Erh\u00f6hte Prozesssicherheit und Betriebszeit:<\/strong>\u00a0Die Memosens-Technologie bietet Ihnen eine sichere, digitale Daten\u00fcbertragung und eine hohe Verf\u00fcgbarkeit der Messwerte. Plug &amp; Play von vorkalibrierten Sensoren reduziert die Prozessstillstandszeit f\u00fcr die Kalibrierung.<\/p>\n<\/li>\n<li class=\"eh-list--item\" data-cs-pcueid=\"1Lm1Ip\">\n<p class=\"eh-generic--text\"><strong>Nahtlose Systemintegration:<\/strong>\u00a0Das Liquiline CM42B bietet HCF-zertifizierte HART-Kommunikation, die die Integration in Ihr Prozessleitsystem einfach und sicher macht.<\/p>\n<\/li>\n<\/ul>\n<\/div>\n<\/div>\n<\/div>\n<\/li>\n<\/ul>","protected":false},"excerpt":{"rendered":"<p>Specs at a glance Input One channel transmitter for Memosens and analog (pH, ORP, conductivity) Output \/ communication 4 to 20 mA, HART (optional), additional second output possible; HART communication, also later activatable Ingress protection Field housing: IP66\/67 (IEC 60529) &hellip; <a href=\"https:\/\/www.baihs.com\/de\/product\/1-channel-transmitter-liquiline-cm42b\/\">Lesen Sie mehr<\/a><\/p>","protected":false},"featured_media":5042,"template":"","meta":[],"product_cat":[120,15],"product_tag":[],"product_brand":[],"class_list":["post-4794","product","type-product","status-publish","has-post-thumbnail","hentry","product_cat-water-quality-analyzers","product_cat-endresshauser"],"yoast_head":"<!-- This site is optimized with the Yoast SEO plugin v24.9 - https:\/\/yoast.com\/wordpress\/plugins\/seo\/ -->\n<title>1-channel transmitter Liquiline CM42B - Flow, level, liquid analysis, optical analysis, pressure, temperature measurement, software and system products<\/title>\n<meta name=\"description\" content=\"Two-wire field device for hazardous and non-hazardous areas and hygienic applications in chemical, life sciences and food &amp; beverage industries\" \/>\n<meta name=\"robots\" content=\"index, follow, max-snippet:-1, max-image-preview:large, max-video-preview:-1\" \/>\n<link rel=\"canonical\" href=\"https:\/\/www.baihs.com\/de\/produkt\/1-channel-transmitter-liquiline-cm42b\/\" \/>\n<meta property=\"og:locale\" content=\"de_DE\" \/>\n<meta property=\"og:type\" content=\"article\" \/>\n<meta property=\"og:title\" content=\"1-channel transmitter Liquiline CM42B - Flow, level, liquid analysis, optical analysis, pressure, temperature measurement, software and system products\" \/>\n<meta property=\"og:description\" content=\"Two-wire field device for hazardous and non-hazardous areas and hygienic applications in chemical, life sciences and food &amp; beverage industries\" \/>\n<meta property=\"og:url\" content=\"https:\/\/www.baihs.com\/de\/produkt\/1-channel-transmitter-liquiline-cm42b\/\" \/>\n<meta property=\"og:site_name\" content=\"Flow, level, liquid analysis, optical analysis, pressure, temperature measurement, software and system products\" \/>\n<meta property=\"article:modified_time\" content=\"2025-05-20T13:12:22+00:00\" \/>\n<meta property=\"og:image\" content=\"https:\/\/www.baihs.com\/wp-content\/uploads\/2025\/04\/CM42B-field-housing-plastic.jpg\" \/>\n\t<meta property=\"og:image:width\" content=\"240\" \/>\n\t<meta property=\"og:image:height\" content=\"321\" \/>\n\t<meta property=\"og:image:type\" content=\"image\/jpeg\" \/>\n<meta name=\"twitter:card\" content=\"summary_large_image\" \/>\n<meta name=\"twitter:label1\" content=\"Gesch\u00e4tzte Lesezeit\" \/>\n\t<meta name=\"twitter:data1\" content=\"2\u00a0Minuten\" \/>\n<script type=\"application\/ld+json\" class=\"yoast-schema-graph\">{\"@context\":\"https:\/\/schema.org\",\"@graph\":[{\"@type\":\"WebPage\",\"@id\":\"https:\/\/www.baihs.com\/product\/1-channel-transmitter-liquiline-cm42b\/\",\"url\":\"https:\/\/www.baihs.com\/product\/1-channel-transmitter-liquiline-cm42b\/\",\"name\":\"1-channel transmitter Liquiline CM42B - Flow, level, liquid analysis, optical analysis, pressure, temperature measurement, software and system products\",\"isPartOf\":{\"@id\":\"https:\/\/www.baihs.com\/#website\"},\"primaryImageOfPage\":{\"@id\":\"https:\/\/www.baihs.com\/product\/1-channel-transmitter-liquiline-cm42b\/#primaryimage\"},\"image\":{\"@id\":\"https:\/\/www.baihs.com\/product\/1-channel-transmitter-liquiline-cm42b\/#primaryimage\"},\"thumbnailUrl\":\"https:\/\/www.baihs.com\/wp-content\/uploads\/2025\/04\/CM42B-field-housing-plastic.jpg\",\"datePublished\":\"2025-04-23T07:44:36+00:00\",\"dateModified\":\"2025-05-20T13:12:22+00:00\",\"description\":\"Two-wire field device for hazardous and non-hazardous areas and hygienic applications in chemical, life sciences and food & beverage industries\",\"breadcrumb\":{\"@id\":\"https:\/\/www.baihs.com\/product\/1-channel-transmitter-liquiline-cm42b\/#breadcrumb\"},\"inLanguage\":\"de\",\"potentialAction\":[{\"@type\":\"ReadAction\",\"target\":[\"https:\/\/www.baihs.com\/product\/1-channel-transmitter-liquiline-cm42b\/\"]}]},{\"@type\":\"ImageObject\",\"inLanguage\":\"de\",\"@id\":\"https:\/\/www.baihs.com\/product\/1-channel-transmitter-liquiline-cm42b\/#primaryimage\",\"url\":\"https:\/\/www.baihs.com\/wp-content\/uploads\/2025\/04\/CM42B-field-housing-plastic.jpg\",\"contentUrl\":\"https:\/\/www.baihs.com\/wp-content\/uploads\/2025\/04\/CM42B-field-housing-plastic.jpg\",\"width\":240,\"height\":321},{\"@type\":\"BreadcrumbList\",\"@id\":\"https:\/\/www.baihs.com\/product\/1-channel-transmitter-liquiline-cm42b\/#breadcrumb\",\"itemListElement\":[{\"@type\":\"ListItem\",\"position\":1,\"name\":\"\u9996\u9875\",\"item\":\"https:\/\/www.baihs.com\/\"},{\"@type\":\"ListItem\",\"position\":2,\"name\":\"Product\",\"item\":\"https:\/\/www.baihs.com\/product\/\"},{\"@type\":\"ListItem\",\"position\":3,\"name\":\"1-channel transmitter Liquiline CM42B\"}]},{\"@type\":\"WebSite\",\"@id\":\"https:\/\/www.baihs.com\/#website\",\"url\":\"https:\/\/www.baihs.com\/\",\"name\":\"Endress+Hauser,PLC China supplier - Shenzhen Kolai Automation Technology Co., Ltd.\",\"description\":\"People for Process Automation offer you solutions and products in flow, level, liquid analysis, optical analysis, pressure, temperature measurement, software and system products\",\"publisher\":{\"@id\":\"https:\/\/www.baihs.com\/#organization\"},\"alternateName\":\"Endress+Hauser pH electrode,pressure transmitter,level meter,Allen Bradley,ABB,Siemens,Eaton,wika\",\"potentialAction\":[{\"@type\":\"SearchAction\",\"target\":{\"@type\":\"EntryPoint\",\"urlTemplate\":\"https:\/\/www.baihs.com\/?s={search_term_string}\"},\"query-input\":{\"@type\":\"PropertyValueSpecification\",\"valueRequired\":true,\"valueName\":\"search_term_string\"}}],\"inLanguage\":\"de\"},{\"@type\":\"Organization\",\"@id\":\"https:\/\/www.baihs.com\/#organization\",\"name\":\"CONLLY\",\"url\":\"https:\/\/www.baihs.com\/\",\"logo\":{\"@type\":\"ImageObject\",\"inLanguage\":\"de\",\"@id\":\"https:\/\/www.baihs.com\/#\/schema\/logo\/image\/\",\"url\":\"https:\/\/www.baihs.com\/wp-content\/uploads\/2025\/04\/20250427194648.jpg\",\"contentUrl\":\"https:\/\/www.baihs.com\/wp-content\/uploads\/2025\/04\/20250427194648.jpg\",\"width\":744,\"height\":157,\"caption\":\"CONLLY\"},\"image\":{\"@id\":\"https:\/\/www.baihs.com\/#\/schema\/logo\/image\/\"}}]}<\/script>\n<!-- \/ Yoast SEO plugin. -->","yoast_head_json":{"title":"1-channel transmitter Liquiline CM42B - Flow, level, liquid analysis, optical analysis, pressure, temperature measurement, software and system products","description":"Two-wire field device for hazardous and non-hazardous areas and hygienic applications in chemical, life sciences and food & beverage industries","robots":{"index":"index","follow":"follow","max-snippet":"max-snippet:-1","max-image-preview":"max-image-preview:large","max-video-preview":"max-video-preview:-1"},"canonical":"https:\/\/www.baihs.com\/de\/produkt\/1-channel-transmitter-liquiline-cm42b\/","og_locale":"de_DE","og_type":"article","og_title":"1-channel transmitter Liquiline CM42B - Flow, level, liquid analysis, optical analysis, pressure, temperature measurement, software and system products","og_description":"Two-wire field device for hazardous and non-hazardous areas and hygienic applications in chemical, life sciences and food & beverage industries","og_url":"https:\/\/www.baihs.com\/de\/produkt\/1-channel-transmitter-liquiline-cm42b\/","og_site_name":"Flow, level, liquid analysis, optical analysis, pressure, temperature measurement, software and system products","article_modified_time":"2025-05-20T13:12:22+00:00","og_image":[{"width":240,"height":321,"url":"https:\/\/www.baihs.com\/wp-content\/uploads\/2025\/04\/CM42B-field-housing-plastic.jpg","type":"image\/jpeg"}],"twitter_card":"summary_large_image","twitter_misc":{"Gesch\u00e4tzte Lesezeit":"2\u00a0Minuten"},"schema":{"@context":"https:\/\/schema.org","@graph":[{"@type":"WebPage","@id":"https:\/\/www.baihs.com\/product\/1-channel-transmitter-liquiline-cm42b\/","url":"https:\/\/www.baihs.com\/product\/1-channel-transmitter-liquiline-cm42b\/","name":"1-channel transmitter Liquiline CM42B - Flow, level, liquid analysis, optical analysis, pressure, temperature measurement, software and system products","isPartOf":{"@id":"https:\/\/www.baihs.com\/#website"},"primaryImageOfPage":{"@id":"https:\/\/www.baihs.com\/product\/1-channel-transmitter-liquiline-cm42b\/#primaryimage"},"image":{"@id":"https:\/\/www.baihs.com\/product\/1-channel-transmitter-liquiline-cm42b\/#primaryimage"},"thumbnailUrl":"https:\/\/www.baihs.com\/wp-content\/uploads\/2025\/04\/CM42B-field-housing-plastic.jpg","datePublished":"2025-04-23T07:44:36+00:00","dateModified":"2025-05-20T13:12:22+00:00","description":"Two-wire field device for hazardous and non-hazardous areas and hygienic applications in chemical, life sciences and food & beverage industries","breadcrumb":{"@id":"https:\/\/www.baihs.com\/product\/1-channel-transmitter-liquiline-cm42b\/#breadcrumb"},"inLanguage":"de","potentialAction":[{"@type":"ReadAction","target":["https:\/\/www.baihs.com\/product\/1-channel-transmitter-liquiline-cm42b\/"]}]},{"@type":"ImageObject","inLanguage":"de","@id":"https:\/\/www.baihs.com\/product\/1-channel-transmitter-liquiline-cm42b\/#primaryimage","url":"https:\/\/www.baihs.com\/wp-content\/uploads\/2025\/04\/CM42B-field-housing-plastic.jpg","contentUrl":"https:\/\/www.baihs.com\/wp-content\/uploads\/2025\/04\/CM42B-field-housing-plastic.jpg","width":240,"height":321},{"@type":"BreadcrumbList","@id":"https:\/\/www.baihs.com\/product\/1-channel-transmitter-liquiline-cm42b\/#breadcrumb","itemListElement":[{"@type":"ListItem","position":1,"name":"\u9996\u9875","item":"https:\/\/www.baihs.com\/"},{"@type":"ListItem","position":2,"name":"Product","item":"https:\/\/www.baihs.com\/product\/"},{"@type":"ListItem","position":3,"name":"1-channel transmitter Liquiline CM42B"}]},{"@type":"WebSite","@id":"https:\/\/www.baihs.com\/#website","url":"https:\/\/www.baihs.com\/","name":"Endress+Hauser,PLC China supplier - Shenzhen Kolai Automation Technology Co., Ltd.","description":"People for Process Automation offer you solutions and products in flow, level, liquid analysis, optical analysis, pressure, temperature measurement, software and system products","publisher":{"@id":"https:\/\/www.baihs.com\/#organization"},"alternateName":"Endress+Hauser pH electrode,pressure transmitter,level meter,Allen Bradley,ABB,Siemens,Eaton,wika","potentialAction":[{"@type":"SearchAction","target":{"@type":"EntryPoint","urlTemplate":"https:\/\/www.baihs.com\/?s={search_term_string}"},"query-input":{"@type":"PropertyValueSpecification","valueRequired":true,"valueName":"search_term_string"}}],"inLanguage":"de"},{"@type":"Organization","@id":"https:\/\/www.baihs.com\/#organization","name":"CONLLY","url":"https:\/\/www.baihs.com\/","logo":{"@type":"ImageObject","inLanguage":"de","@id":"https:\/\/www.baihs.com\/#\/schema\/logo\/image\/","url":"https:\/\/www.baihs.com\/wp-content\/uploads\/2025\/04\/20250427194648.jpg","contentUrl":"https:\/\/www.baihs.com\/wp-content\/uploads\/2025\/04\/20250427194648.jpg","width":744,"height":157,"caption":"CONLLY"},"image":{"@id":"https:\/\/www.baihs.com\/#\/schema\/logo\/image\/"}}]}},"_links":{"self":[{"href":"https:\/\/www.baihs.com\/de\/wp-json\/wp\/v2\/product\/4794","targetHints":{"allow":["GET"]}}],"collection":[{"href":"https:\/\/www.baihs.com\/de\/wp-json\/wp\/v2\/product"}],"about":[{"href":"https:\/\/www.baihs.com\/de\/wp-json\/wp\/v2\/types\/product"}],"wp:featuredmedia":[{"embeddable":true,"href":"https:\/\/www.baihs.com\/de\/wp-json\/wp\/v2\/media\/5042"}],"wp:attachment":[{"href":"https:\/\/www.baihs.com\/de\/wp-json\/wp\/v2\/media?parent=4794"}],"wp:term":[{"taxonomy":"product_cat","embeddable":true,"href":"https:\/\/www.baihs.com\/de\/wp-json\/wp\/v2\/product_cat?post=4794"},{"taxonomy":"product_tag","embeddable":true,"href":"https:\/\/www.baihs.com\/de\/wp-json\/wp\/v2\/product_tag?post=4794"},{"taxonomy":"product_brand","embeddable":true,"href":"https:\/\/www.baihs.com\/de\/wp-json\/wp\/v2\/product_brand?post=4794"}],"curies":[{"name":"wp","href":"https:\/\/api.w.org\/{rel}","templated":true}]}}