{"id":4789,"date":"2025-04-23T07:43:29","date_gmt":"2025-04-23T07:43:29","guid":{"rendered":"http:\/\/www.baihs.com\/?post_type=product&#038;p=4789"},"modified":"2025-05-20T13:18:58","modified_gmt":"2025-05-20T13:18:58","slug":"digital-ph-sensor-memosens-cps61e","status":"publish","type":"product","link":"https:\/\/www.baihs.com\/de\/product\/digital-ph-sensor-memosens-cps61e\/","title":{"rendered":"Digitaler pH-Sensor Memosens CPS61E"},"content":{"rendered":"<h3 class=\"eh-headline-03 eh-p-b eh-m-t-xxlg\">Specs im \u00dcberblick<\/h3>\n<ul class=\"eh-result-list eh-product-info-category--items\">\n<li class=\"eh-product-info-category--item eh-p-v\">\n<div class=\"eh-grid eh-grid--no-spacing\">\n<div class=\"eh-cell eh-cell--12-col\">\n<h4 class=\"eh-headline--04 eh-font-bold eh-p-b-2\">Messbereich<\/h4>\n<\/div>\n<div class=\"eh-cell eh-cell--12-col\">\n<p>pH-Wert: 0 bis 14<\/p>\n<\/div>\n<\/div>\n<\/li>\n<li class=\"eh-product-info-category--item eh-p-v\">\n<div class=\"eh-grid eh-grid--no-spacing\">\n<div class=\"eh-cell eh-cell--12-col\">\n<h4 class=\"eh-headline--04 eh-font-bold eh-p-b-2\">Prozess-Temperatur<\/h4>\n<\/div>\n<div class=\"eh-cell eh-cell--12-col\">\n<p>Anwendung N:<br \/>\n0 bis 100 \u00b0C (32 bis 212 \u00b0F)<br \/>\nBis zu 140 \u00b0C (284 \u00b0F) f\u00fcr die Sterilisation<\/p>\n<\/div>\n<\/div>\n<\/li>\n<li class=\"eh-product-info-category--item eh-p-v\">\n<div class=\"eh-grid eh-grid--no-spacing\">\n<div class=\"eh-cell eh-cell--12-col\">\n<h4 class=\"eh-headline--04 eh-font-bold eh-p-b-2\">Prozessdruck<\/h4>\n<\/div>\n<div class=\"eh-cell eh-cell--12-col\">\n<p>Anwendung M: 0,8 bis 14 bar (11,6 bis 203 psi) absolut<br \/>\nAnwendung N: 0,8 bis 7 bar (11,6 bis 101,5 psi) absolut<\/p>\n<h3 class=\"eh-headline-03 eh-p-b eh-m-t-xxlg\">Anwendungsbereich<\/h3>\n<p class=\"eh-p-v\">Halten Sie den pH-Wert im optimalen Bereich und maximieren Sie Ihre Produktausbeute mit dem Memosens CPS61E. Sein robustes Design und seine Langzeitstabilit\u00e4t gew\u00e4hrleisten extrem genaue und reproduzierbare Messwerte, selbst nach CIP\/SIP oder Autoklavieren. Der CPS61E verf\u00fcgt \u00fcber die Memosens 2.0 Digitaltechnologie, die eine erweiterte Speicherung von Kalibrier- und Prozessdaten f\u00fcr eine vorausschauende Wartung erm\u00f6glicht. Der Sensor ist feuchtigkeitsbest\u00e4ndig und erm\u00f6glicht eine Laborkalibrierung, was die Prozessintegrit\u00e4t verbessert und die Betriebszeit des Prozesses erh\u00f6ht.<\/p>\n<div class=\"eh-p-b-lg\"><\/div>\n<div class=\"eh-rich-content-content\">\n<p class=\"eh-generic--text\">Memosens CPS61E misst den pH-Wert in:<\/p>\n<ul class=\"eh-list-01 eh-generic--list\">\n<li class=\"eh-list--item\">\n<p class=\"eh-generic--text\">Biotech- und Pharmaindustrie<br \/>\n- Bioreaktoren\/Fermenter: Prozesskontrolle in der Enzymproduktion<br \/>\n- Bioreaktoren\/Fermenter: Kontrolle des Kulturwachstums<\/p>\n<\/li>\n<li class=\"eh-list--item\">\n<p class=\"eh-generic--text\">Essen &amp; Trinken<br \/>\n- CIP\/SIP-Anwendungen<\/p>\n<\/li>\n<\/ul>\n<p class=\"eh-generic--text\">Mit ATEX-, IECEx-, CSA C\/US-, NEPSI-, Japan- und INMETRO-Zulassungen f\u00fcr den Einsatz in explosionsgef\u00e4hrdeten Bereichen, Zonen 0, 1 und 2.<\/p>\n<p class=\"eh-generic--text\">Ein pharmazeutisches Konformit\u00e4tszertifikat mit Angabe der Sensor-Seriennummer ist erh\u00e4ltlich.<\/p>\n<h3 class=\"eh-headline-03 eh-p-b eh-m-t-xxlg\">Vorteile<\/h3>\n<ul class=\"eh-list-01 eh-generic--list\">\n<li class=\"eh-list--item\">\n<p class=\"eh-generic--text\">Memosens 2.0 bietet eine erweiterte Speicherung von Kalibrier- und Prozessdaten, erm\u00f6glicht eine bessere Trenderkennung und bietet eine zukunftssichere Basis f\u00fcr vorausschauende Wartung und erweiterte IIoT-Dienste.<\/p>\n<\/li>\n<li class=\"eh-list--item\">\n<p class=\"eh-generic--text\">Die au\u00dfergew\u00f6hnliche Genauigkeit und Reproduzierbarkeit des Sensors helfen Ihnen, den pH-Wert im optimalen Bereich zu halten, um eine maximale Produktausbeute zu erzielen.<\/p>\n<\/li>\n<li class=\"eh-list--item\">\n<p class=\"eh-generic--text\">Eine spezielle Glasmembran und ein Referenzsystem machen den Sensor CIP\/SIP- und autoklavierbest\u00e4ndig (bis zu 140\u00b0C\/284\u00b0F) und bieten maximale Langzeitstabilit\u00e4t.<\/p>\n<\/li>\n<li class=\"eh-list--item\">\n<p class=\"eh-generic--text\">Der Sensor sch\u00fctzt Ihre Produktqualit\u00e4t durch seine zertifizierte Biokompatibilit\u00e4t nach USP Klasse VI, FDA-Konformit\u00e4t der benetzten Teile, VO 1935\/2004-Konformit\u00e4t, keine Zytotoxizit\u00e4t, Bioreaktivit\u00e4t oder Materialien auf Tierbasis.<\/p>\n<\/li>\n<li class=\"eh-list--item\">\n<p class=\"eh-generic--text\">Optimieren Sie die Wartung des CPS61E mit der Software Memobase Plus, die alle relevanten Sensor- und Prozessdaten automatisch speichert und dokumentiert.<\/p>\n<\/li>\n<li class=\"eh-list--item\">\n<p class=\"eh-generic--text\">Maximale Prozesssicherheit durch ber\u00fchrungslose, induktive Signal\u00fcbertragung<\/p>\n<\/li>\n<li class=\"eh-list--item\">\n<p class=\"eh-generic--text\">Geringere Betriebskosten dank minimierter Prozessausfallzeiten und verl\u00e4ngerter Sensorlebensdauer.<\/p>\n<\/li>\n<\/ul>\n<\/div>\n<\/div>\n<\/div>\n<\/li>\n<\/ul>","protected":false},"excerpt":{"rendered":"<p>Der pH-Wert einer Fl\u00fcssigkeit kann mit Hilfe des potentiometrischen Messprinzips berechnet werden. Dieses Video zeigt, was es damit auf sich hat und wie dieses Messprinzip funktioniert.<\/p>","protected":false},"featured_media":5049,"template":"","meta":[],"product_cat":[120,15],"product_tag":[],"product_brand":[],"class_list":["post-4789","product","type-product","status-publish","has-post-thumbnail","hentry","product_cat-water-quality-analyzers","product_cat-endresshauser"],"yoast_head":"<!-- This site is optimized with the Yoast SEO plugin v24.9 - https:\/\/yoast.com\/wordpress\/plugins\/seo\/ -->\n<title>Digital pH sensor Memosens CPS61E - Flow, level, liquid analysis, optical analysis, pressure, temperature measurement, software and system products<\/title>\n<meta name=\"description\" content=\"Memosens 2.0 glass sensor for the food &amp; beverage industry and for bioreactors in biotech industry\" \/>\n<meta name=\"robots\" content=\"index, follow, max-snippet:-1, max-image-preview:large, max-video-preview:-1\" \/>\n<link rel=\"canonical\" href=\"https:\/\/www.baihs.com\/de\/produkt\/digital-ph-sensor-memosens-cps61e\/\" \/>\n<meta property=\"og:locale\" content=\"de_DE\" \/>\n<meta property=\"og:type\" content=\"article\" \/>\n<meta property=\"og:title\" content=\"Digital pH sensor Memosens CPS61E - Flow, level, liquid analysis, optical analysis, pressure, temperature measurement, software and system products\" \/>\n<meta property=\"og:description\" content=\"Memosens 2.0 glass sensor for the food &amp; beverage industry and for bioreactors in biotech industry\" \/>\n<meta property=\"og:url\" content=\"https:\/\/www.baihs.com\/de\/produkt\/digital-ph-sensor-memosens-cps61e\/\" \/>\n<meta property=\"og:site_name\" content=\"Flow, level, liquid analysis, optical analysis, pressure, temperature measurement, software and system products\" \/>\n<meta property=\"article:modified_time\" content=\"2025-05-20T13:18:58+00:00\" \/>\n<meta property=\"og:image\" content=\"https:\/\/www.baihs.com\/wp-content\/uploads\/2025\/04\/CPS61E-digital-ph-sensor.jpg\" \/>\n\t<meta property=\"og:image:width\" content=\"240\" \/>\n\t<meta property=\"og:image:height\" content=\"321\" \/>\n\t<meta property=\"og:image:type\" content=\"image\/jpeg\" \/>\n<meta name=\"twitter:card\" content=\"summary_large_image\" \/>\n<meta name=\"twitter:label1\" content=\"Gesch\u00e4tzte Lesezeit\" \/>\n\t<meta name=\"twitter:data1\" content=\"2\u00a0Minuten\" \/>\n<script type=\"application\/ld+json\" class=\"yoast-schema-graph\">{\"@context\":\"https:\/\/schema.org\",\"@graph\":[{\"@type\":\"WebPage\",\"@id\":\"https:\/\/www.baihs.com\/product\/digital-ph-sensor-memosens-cps61e\/\",\"url\":\"https:\/\/www.baihs.com\/product\/digital-ph-sensor-memosens-cps61e\/\",\"name\":\"Digital pH sensor Memosens CPS61E - Flow, level, liquid analysis, optical analysis, pressure, temperature measurement, software and system products\",\"isPartOf\":{\"@id\":\"https:\/\/www.baihs.com\/#website\"},\"primaryImageOfPage\":{\"@id\":\"https:\/\/www.baihs.com\/product\/digital-ph-sensor-memosens-cps61e\/#primaryimage\"},\"image\":{\"@id\":\"https:\/\/www.baihs.com\/product\/digital-ph-sensor-memosens-cps61e\/#primaryimage\"},\"thumbnailUrl\":\"https:\/\/www.baihs.com\/wp-content\/uploads\/2025\/04\/CPS61E-digital-ph-sensor.jpg\",\"datePublished\":\"2025-04-23T07:43:29+00:00\",\"dateModified\":\"2025-05-20T13:18:58+00:00\",\"description\":\"Memosens 2.0 glass sensor for the food & beverage industry and for bioreactors in biotech industry\",\"breadcrumb\":{\"@id\":\"https:\/\/www.baihs.com\/product\/digital-ph-sensor-memosens-cps61e\/#breadcrumb\"},\"inLanguage\":\"de\",\"potentialAction\":[{\"@type\":\"ReadAction\",\"target\":[\"https:\/\/www.baihs.com\/product\/digital-ph-sensor-memosens-cps61e\/\"]}]},{\"@type\":\"ImageObject\",\"inLanguage\":\"de\",\"@id\":\"https:\/\/www.baihs.com\/product\/digital-ph-sensor-memosens-cps61e\/#primaryimage\",\"url\":\"https:\/\/www.baihs.com\/wp-content\/uploads\/2025\/04\/CPS61E-digital-ph-sensor.jpg\",\"contentUrl\":\"https:\/\/www.baihs.com\/wp-content\/uploads\/2025\/04\/CPS61E-digital-ph-sensor.jpg\",\"width\":240,\"height\":321},{\"@type\":\"BreadcrumbList\",\"@id\":\"https:\/\/www.baihs.com\/product\/digital-ph-sensor-memosens-cps61e\/#breadcrumb\",\"itemListElement\":[{\"@type\":\"ListItem\",\"position\":1,\"name\":\"\u9996\u9875\",\"item\":\"https:\/\/www.baihs.com\/\"},{\"@type\":\"ListItem\",\"position\":2,\"name\":\"Product\",\"item\":\"https:\/\/www.baihs.com\/product\/\"},{\"@type\":\"ListItem\",\"position\":3,\"name\":\"Digital pH sensor Memosens CPS61E\"}]},{\"@type\":\"WebSite\",\"@id\":\"https:\/\/www.baihs.com\/#website\",\"url\":\"https:\/\/www.baihs.com\/\",\"name\":\"Endress+Hauser,PLC China supplier - Shenzhen Kolai Automation Technology Co., Ltd.\",\"description\":\"People for Process Automation offer you solutions and products in flow, level, liquid analysis, optical analysis, pressure, temperature measurement, software and system products\",\"publisher\":{\"@id\":\"https:\/\/www.baihs.com\/#organization\"},\"alternateName\":\"Endress+Hauser pH electrode,pressure transmitter,level meter,Allen Bradley,ABB,Siemens,Eaton,wika\",\"potentialAction\":[{\"@type\":\"SearchAction\",\"target\":{\"@type\":\"EntryPoint\",\"urlTemplate\":\"https:\/\/www.baihs.com\/?s={search_term_string}\"},\"query-input\":{\"@type\":\"PropertyValueSpecification\",\"valueRequired\":true,\"valueName\":\"search_term_string\"}}],\"inLanguage\":\"de\"},{\"@type\":\"Organization\",\"@id\":\"https:\/\/www.baihs.com\/#organization\",\"name\":\"CONLLY\",\"url\":\"https:\/\/www.baihs.com\/\",\"logo\":{\"@type\":\"ImageObject\",\"inLanguage\":\"de\",\"@id\":\"https:\/\/www.baihs.com\/#\/schema\/logo\/image\/\",\"url\":\"https:\/\/www.baihs.com\/wp-content\/uploads\/2025\/04\/20250427194648.jpg\",\"contentUrl\":\"https:\/\/www.baihs.com\/wp-content\/uploads\/2025\/04\/20250427194648.jpg\",\"width\":744,\"height\":157,\"caption\":\"CONLLY\"},\"image\":{\"@id\":\"https:\/\/www.baihs.com\/#\/schema\/logo\/image\/\"}}]}<\/script>\n<!-- \/ Yoast SEO plugin. -->","yoast_head_json":{"title":"Digital pH sensor Memosens CPS61E - Flow, level, liquid analysis, optical analysis, pressure, temperature measurement, software and system products","description":"Memosens 2.0 glass sensor for the food & beverage industry and for bioreactors in biotech industry","robots":{"index":"index","follow":"follow","max-snippet":"max-snippet:-1","max-image-preview":"max-image-preview:large","max-video-preview":"max-video-preview:-1"},"canonical":"https:\/\/www.baihs.com\/de\/produkt\/digital-ph-sensor-memosens-cps61e\/","og_locale":"de_DE","og_type":"article","og_title":"Digital pH sensor Memosens CPS61E - Flow, level, liquid analysis, optical analysis, pressure, temperature measurement, software and system products","og_description":"Memosens 2.0 glass sensor for the food & beverage industry and for bioreactors in biotech industry","og_url":"https:\/\/www.baihs.com\/de\/produkt\/digital-ph-sensor-memosens-cps61e\/","og_site_name":"Flow, level, liquid analysis, optical analysis, pressure, temperature measurement, software and system products","article_modified_time":"2025-05-20T13:18:58+00:00","og_image":[{"width":240,"height":321,"url":"https:\/\/www.baihs.com\/wp-content\/uploads\/2025\/04\/CPS61E-digital-ph-sensor.jpg","type":"image\/jpeg"}],"twitter_card":"summary_large_image","twitter_misc":{"Gesch\u00e4tzte Lesezeit":"2\u00a0Minuten"},"schema":{"@context":"https:\/\/schema.org","@graph":[{"@type":"WebPage","@id":"https:\/\/www.baihs.com\/product\/digital-ph-sensor-memosens-cps61e\/","url":"https:\/\/www.baihs.com\/product\/digital-ph-sensor-memosens-cps61e\/","name":"Digital pH sensor Memosens CPS61E - Flow, level, liquid analysis, optical analysis, pressure, temperature measurement, software and system products","isPartOf":{"@id":"https:\/\/www.baihs.com\/#website"},"primaryImageOfPage":{"@id":"https:\/\/www.baihs.com\/product\/digital-ph-sensor-memosens-cps61e\/#primaryimage"},"image":{"@id":"https:\/\/www.baihs.com\/product\/digital-ph-sensor-memosens-cps61e\/#primaryimage"},"thumbnailUrl":"https:\/\/www.baihs.com\/wp-content\/uploads\/2025\/04\/CPS61E-digital-ph-sensor.jpg","datePublished":"2025-04-23T07:43:29+00:00","dateModified":"2025-05-20T13:18:58+00:00","description":"Memosens 2.0 glass sensor for the food & beverage industry and for bioreactors in biotech industry","breadcrumb":{"@id":"https:\/\/www.baihs.com\/product\/digital-ph-sensor-memosens-cps61e\/#breadcrumb"},"inLanguage":"de","potentialAction":[{"@type":"ReadAction","target":["https:\/\/www.baihs.com\/product\/digital-ph-sensor-memosens-cps61e\/"]}]},{"@type":"ImageObject","inLanguage":"de","@id":"https:\/\/www.baihs.com\/product\/digital-ph-sensor-memosens-cps61e\/#primaryimage","url":"https:\/\/www.baihs.com\/wp-content\/uploads\/2025\/04\/CPS61E-digital-ph-sensor.jpg","contentUrl":"https:\/\/www.baihs.com\/wp-content\/uploads\/2025\/04\/CPS61E-digital-ph-sensor.jpg","width":240,"height":321},{"@type":"BreadcrumbList","@id":"https:\/\/www.baihs.com\/product\/digital-ph-sensor-memosens-cps61e\/#breadcrumb","itemListElement":[{"@type":"ListItem","position":1,"name":"\u9996\u9875","item":"https:\/\/www.baihs.com\/"},{"@type":"ListItem","position":2,"name":"Product","item":"https:\/\/www.baihs.com\/product\/"},{"@type":"ListItem","position":3,"name":"Digital pH sensor Memosens CPS61E"}]},{"@type":"WebSite","@id":"https:\/\/www.baihs.com\/#website","url":"https:\/\/www.baihs.com\/","name":"Endress+Hauser,PLC China supplier - Shenzhen Kolai Automation Technology Co., Ltd.","description":"People for Process Automation offer you solutions and products in flow, level, liquid analysis, optical analysis, pressure, temperature measurement, software and system products","publisher":{"@id":"https:\/\/www.baihs.com\/#organization"},"alternateName":"Endress+Hauser pH electrode,pressure transmitter,level meter,Allen Bradley,ABB,Siemens,Eaton,wika","potentialAction":[{"@type":"SearchAction","target":{"@type":"EntryPoint","urlTemplate":"https:\/\/www.baihs.com\/?s={search_term_string}"},"query-input":{"@type":"PropertyValueSpecification","valueRequired":true,"valueName":"search_term_string"}}],"inLanguage":"de"},{"@type":"Organization","@id":"https:\/\/www.baihs.com\/#organization","name":"CONLLY","url":"https:\/\/www.baihs.com\/","logo":{"@type":"ImageObject","inLanguage":"de","@id":"https:\/\/www.baihs.com\/#\/schema\/logo\/image\/","url":"https:\/\/www.baihs.com\/wp-content\/uploads\/2025\/04\/20250427194648.jpg","contentUrl":"https:\/\/www.baihs.com\/wp-content\/uploads\/2025\/04\/20250427194648.jpg","width":744,"height":157,"caption":"CONLLY"},"image":{"@id":"https:\/\/www.baihs.com\/#\/schema\/logo\/image\/"}}]}},"_links":{"self":[{"href":"https:\/\/www.baihs.com\/de\/wp-json\/wp\/v2\/product\/4789","targetHints":{"allow":["GET"]}}],"collection":[{"href":"https:\/\/www.baihs.com\/de\/wp-json\/wp\/v2\/product"}],"about":[{"href":"https:\/\/www.baihs.com\/de\/wp-json\/wp\/v2\/types\/product"}],"wp:featuredmedia":[{"embeddable":true,"href":"https:\/\/www.baihs.com\/de\/wp-json\/wp\/v2\/media\/5049"}],"wp:attachment":[{"href":"https:\/\/www.baihs.com\/de\/wp-json\/wp\/v2\/media?parent=4789"}],"wp:term":[{"taxonomy":"product_cat","embeddable":true,"href":"https:\/\/www.baihs.com\/de\/wp-json\/wp\/v2\/product_cat?post=4789"},{"taxonomy":"product_tag","embeddable":true,"href":"https:\/\/www.baihs.com\/de\/wp-json\/wp\/v2\/product_tag?post=4789"},{"taxonomy":"product_brand","embeddable":true,"href":"https:\/\/www.baihs.com\/de\/wp-json\/wp\/v2\/product_brand?post=4789"}],"curies":[{"name":"wp","href":"https:\/\/api.w.org\/{rel}","templated":true}]}}